{"id":2405,"date":"2024-11-04T02:44:36","date_gmt":"2024-11-04T02:44:36","guid":{"rendered":"https:\/\/sinkwithfaucet.com\/?post_type=product&#038;p=2405"},"modified":"2024-11-04T02:45:56","modified_gmt":"2024-11-04T02:45:56","slug":"above-counter-sink-8151sdo","status":"publish","type":"product","link":"https:\/\/sinkwithfaucet.com\/ro\/above-counter-sink-8151sdo\/","title":{"rendered":"Chiuveta de deasupra blatului 8151SDO"},"content":{"rendered":"<h2 data-sourcepos=\"1:1-1:51\">Chiuvete deasupra blatului: O alegere elegant\u0103 \u0219i modern\u0103<\/h2>\n<p data-sourcepos=\"3:1-3:194\"><strong>Chiuvete deasupra blatului<\/strong>, cunoscute \u0219i sub denumirea de chiuvete vas, sunt o alegere popular\u0103 at\u00e2t pentru baie, c\u00e2t \u0219i pentru designul buc\u0103t\u0103riei. Acestea stau deasupra blatului, cre\u00e2nd un punct focal unic \u0219i atr\u0103g\u0103tor.<\/p>\n<p data-sourcepos=\"5:1-5:40\"><strong>Caracteristici principale ale chiuvetelor de deasupra blatului:<\/strong><\/p>\n<ul data-sourcepos=\"7:1-11:0\">\n<li data-sourcepos=\"7:1-7:88\"><strong>Design elegant:<\/strong> Disponibile \u00eentr-o gam\u0103 larg\u0103 de stiluri, de la clasic la contemporan.<\/li>\n<li data-sourcepos=\"8:1-8:78\"><strong>Instalare u\u0219oar\u0103:<\/strong> Simplu de instalat pe blatul existent.<\/li>\n<li data-sourcepos=\"9:1-9:72\"><strong>Varietate de materiale:<\/strong> Alege\u021bi din ceramic\u0103, sticl\u0103, piatr\u0103 sau metal.<\/li>\n<li data-sourcepos=\"10:1-11:0\"><strong>Personalizare:<\/strong> Poate fi personalizat pentru a se potrivi nevoilor \u0219i preferin\u021belor dvs. specifice.<\/li>\n<\/ul>\n<p data-sourcepos=\"12:1-12:55\"><strong>Considera\u021bii la alegerea unui chiuveta de deasupra blatului:<\/strong><\/p>\n<ul data-sourcepos=\"14:1-18:0\">\n<li data-sourcepos=\"14:1-14:144\"><strong>Dimensiune \u0219i form\u0103:<\/strong> Lua\u021bi \u00een considerare dimensiunea \u0219i forma chiuvetei pentru a v\u0103 asigura c\u0103 se potrive\u0219te blatului dvs. \u0219i completeaz\u0103 designul b\u0103ii sau buc\u0103t\u0103riei.<\/li>\n<li data-sourcepos=\"15:1-15:82\"><strong>Material:<\/strong> Alege\u021bi un material durabil \u0219i u\u0219or de cur\u0103\u021bat care s\u0103 se potriveasc\u0103 stilului dvs.<\/li>\n<li data-sourcepos=\"16:1-16:87\"><strong>Robinet:<\/strong> Selecta\u021bi un robinet care este compatibil cu \u00een\u0103l\u021bimea \u0219i stilul chiuvetei.<\/li>\n<li data-sourcepos=\"17:1-18:0\"><strong>Instalare:<\/strong> Asigura\u021bi-v\u0103 c\u0103 instalarea este corect\u0103 pentru a preveni deteriorarea apei \u0219i pentru a asigura o func\u021bionalitate optim\u0103.<\/li>\n<\/ul>\n<p data-sourcepos=\"19:1-19:143\"><strong>Lu\u00e2nd \u00een considerare cu aten\u021bie ace\u0219ti factori, pute\u021bi alege chiuveta de deasupra blatului perfect\u0103 pentru a ridica stilul \u0219i func\u021bionalitatea spa\u021biului dvs.<\/strong><\/p>","protected":false},"excerpt":{"rendered":"<p>Dimensiuni generale : 810*510*220 mm<\/p>\n<p>Dimensiune bol : 400*400 mm<\/p>\n<p>Dimensiunea t\u0103ieturii : 785*485 mm<\/p>\n<p>Col\u021b Radian : R10<\/p>","protected":false},"featured_media":2406,"template":"","meta":[],"product_brand":[],"product_cat":[53],"product_tag":[],"class_list":{"0":"post-2405","1":"product","2":"type-product","3":"status-publish","4":"has-post-thumbnail","6":"product_cat-topmount-sink-1","8":"first","9":"instock","10":"shipping-taxable","11":"product-type-simple"},"_links":{"self":[{"href":"https:\/\/sinkwithfaucet.com\/ro\/wp-json\/wp\/v2\/product\/2405","targetHints":{"allow":["GET"]}}],"collection":[{"href":"https:\/\/sinkwithfaucet.com\/ro\/wp-json\/wp\/v2\/product"}],"about":[{"href":"https:\/\/sinkwithfaucet.com\/ro\/wp-json\/wp\/v2\/types\/product"}],"wp:featuredmedia":[{"embeddable":true,"href":"https:\/\/sinkwithfaucet.com\/ro\/wp-json\/wp\/v2\/media\/2406"}],"wp:attachment":[{"href":"https:\/\/sinkwithfaucet.com\/ro\/wp-json\/wp\/v2\/media?parent=2405"}],"wp:term":[{"taxonomy":"product_brand","embeddable":true,"href":"https:\/\/sinkwithfaucet.com\/ro\/wp-json\/wp\/v2\/product_brand?post=2405"},{"taxonomy":"product_cat","embeddable":true,"href":"https:\/\/sinkwithfaucet.com\/ro\/wp-json\/wp\/v2\/product_cat?post=2405"},{"taxonomy":"product_tag","embeddable":true,"href":"https:\/\/sinkwithfaucet.com\/ro\/wp-json\/wp\/v2\/product_tag?post=2405"}],"curies":[{"name":"wp","href":"https:\/\/api.w.org\/{rel}","templated":true}]}}