{"id":2403,"date":"2024-11-04T02:39:18","date_gmt":"2024-11-04T02:39:18","guid":{"rendered":"https:\/\/sinkwithfaucet.com\/?post_type=product&#038;p=2403"},"modified":"2024-11-04T02:39:18","modified_gmt":"2024-11-04T02:39:18","slug":"black-stainless-steel-kitchen-sink-7843","status":"publish","type":"product","link":"https:\/\/sinkwithfaucet.com\/ro\/black-stainless-steel-kitchen-sink-7843\/","title":{"rendered":"Chiuveta de buc\u0103t\u0103rie neagr\u0103 din o\u021bel inoxidabil 7843"},"content":{"rendered":"<h2 data-sourcepos=\"1:1-1:57\">Chiuvete de buc\u0103t\u0103rie negre din o\u021bel inoxidabil: O alegere modern\u0103 \u0219i elegant\u0103<\/h2>\n<p data-sourcepos=\"3:1-3:231\">Chiuvetele de buc\u0103t\u0103rie din o\u021bel inoxidabil negru au devenit din ce \u00een ce mai populare \u00een ultimii ani, oferind o alternativ\u0103 elegant\u0103 \u0219i modern\u0103 la o\u021belul inoxidabil tradi\u021bional. Acest finisaj unic adaug\u0103 o not\u0103 de sofisticare \u0219i elegan\u021b\u0103 oric\u0103rei buc\u0103t\u0103rii.<\/p>\n<p data-sourcepos=\"5:1-5:48\"><strong>Caracteristici principale ale chiuvetelor negre din o\u021bel inoxidabil:<\/strong><\/p>\n<ul data-sourcepos=\"7:1-11:0\">\n<li data-sourcepos=\"7:1-7:93\"><strong>Estetica modern\u0103:<\/strong> Finisajul \u00eentunecat \u0219i elegant creeaz\u0103 un aspect contemporan \u0219i sofisticat.<\/li>\n<li data-sourcepos=\"8:1-8:92\"><strong>Durabilitate:<\/strong> Fabricat din o\u021bel inoxidabil de \u00eenalt\u0103 calitate, asigur\u00e2nd o performan\u021b\u0103 de lung\u0103 durat\u0103.<\/li>\n<li data-sourcepos=\"9:1-9:113\"><strong>Rezisten\u021b\u0103 la amprente:<\/strong> Acoperirile speciale ajut\u0103 la minimizarea amprentelor \u0219i a petelor, facilit\u00e2nd cur\u0103\u021barea.<\/li>\n<li data-sourcepos=\"10:1-11:0\"><strong>Varietate de stiluri:<\/strong> Sunt disponibile \u00een diferite stiluri, inclusiv chiuvete cu montaj sub mas\u0103, cu montaj superior \u0219i chiuvete de ferm\u0103.<\/li>\n<\/ul>\n<p data-sourcepos=\"12:1-12:62\"><strong>Considera\u021bii la alegerea unui chiuvet\u0103 neagr\u0103 din o\u021bel inoxidabil:<\/strong><\/p>\n<ul data-sourcepos=\"14:1-18:0\">\n<li data-sourcepos=\"14:1-14:120\"><strong>Finisaj:<\/strong> Alege\u021bi un finisaj care completeaz\u0103 stilul general al buc\u0103t\u0103riei dvs., cum ar fi negru mat sau o\u021bel negru periat.<\/li>\n<li data-sourcepos=\"15:1-15:75\"><strong>Dimensiune:<\/strong> Selecta\u021bi o dimensiune care se potrive\u0219te nevoilor dvs. specifice \u0219i aspectului buc\u0103t\u0103riei.<\/li>\n<li data-sourcepos=\"16:1-16:91\"><strong>Instalare:<\/strong> Lua\u021bi \u00een considerare metoda de instalare, dac\u0103 este vorba despre o montare sub mas\u0103 sau deasupra.<\/li>\n<li data-sourcepos=\"17:1-18:0\"><strong>\u00centre\u021binere:<\/strong> De\u0219i o\u021belul inoxidabil negru este durabil, cur\u0103\u021barea regulat\u0103 este esen\u021bial\u0103 pentru men\u021binerea aspectului s\u0103u.<\/li>\n<\/ul>\n<p data-sourcepos=\"19:1-19:149\">Lu\u00e2nd \u00een considerare cu aten\u021bie ace\u0219ti factori, pute\u021bi alege chiuveta din o\u021bel inoxidabil negru perfect\u0103 pentru a ridica stilul \u0219i func\u021bionalitatea buc\u0103t\u0103riei dvs.<\/p>","protected":false},"excerpt":{"rendered":"<p>Dimensiuni generale : 780*430*220 mm<\/p>\n<p>Dimensiune bol : 740*381 mm<\/p>\n<p>Dimensiunea t\u0103ieturii : 740*381 mm<\/p>\n<p>Col\u021b Radian : R10<\/p>","protected":false},"featured_media":2404,"template":"","meta":[],"product_brand":[],"product_cat":[52],"product_tag":[],"class_list":{"0":"post-2403","1":"product","2":"type-product","3":"status-publish","4":"has-post-thumbnail","6":"product_cat-undermount-sink-1","8":"first","9":"instock","10":"shipping-taxable","11":"product-type-simple"},"_links":{"self":[{"href":"https:\/\/sinkwithfaucet.com\/ro\/wp-json\/wp\/v2\/product\/2403","targetHints":{"allow":["GET"]}}],"collection":[{"href":"https:\/\/sinkwithfaucet.com\/ro\/wp-json\/wp\/v2\/product"}],"about":[{"href":"https:\/\/sinkwithfaucet.com\/ro\/wp-json\/wp\/v2\/types\/product"}],"wp:featuredmedia":[{"embeddable":true,"href":"https:\/\/sinkwithfaucet.com\/ro\/wp-json\/wp\/v2\/media\/2404"}],"wp:attachment":[{"href":"https:\/\/sinkwithfaucet.com\/ro\/wp-json\/wp\/v2\/media?parent=2403"}],"wp:term":[{"taxonomy":"product_brand","embeddable":true,"href":"https:\/\/sinkwithfaucet.com\/ro\/wp-json\/wp\/v2\/product_brand?post=2403"},{"taxonomy":"product_cat","embeddable":true,"href":"https:\/\/sinkwithfaucet.com\/ro\/wp-json\/wp\/v2\/product_cat?post=2403"},{"taxonomy":"product_tag","embeddable":true,"href":"https:\/\/sinkwithfaucet.com\/ro\/wp-json\/wp\/v2\/product_tag?post=2403"}],"curies":[{"name":"wp","href":"https:\/\/api.w.org\/{rel}","templated":true}]}}