{"id":2398,"date":"2024-11-04T02:02:40","date_gmt":"2024-11-04T02:02:40","guid":{"rendered":"https:\/\/sinkwithfaucet.com\/?post_type=product&#038;p=2398"},"modified":"2024-11-04T02:11:06","modified_gmt":"2024-11-04T02:11:06","slug":"ultimate-kitchen-sink-2519st","status":"publish","type":"product","link":"https:\/\/sinkwithfaucet.com\/ro\/ultimate-kitchen-sink-2519st\/","title":{"rendered":"Chiuveta de buc\u0103t\u0103rie Ultimate 2519ST"},"content":{"rendered":"<h2 data-sourcepos=\"1:1-1:58\">Chiuveta de buc\u0103t\u0103rie suprem\u0103: Un amestec de form\u0103 \u0219i func\u021bie<\/h2>\n<p data-sourcepos=\"3:1-3:219\">Cea mai bun\u0103 chiuvet\u0103 de buc\u0103t\u0103rie este mai mult dec\u00e2t un loc \u00een care se spal\u0103 vasele; este o pies\u0103 central\u0103 func\u021bional\u0103 \u0219i elegant\u0103 care v\u0103 poate \u00eembun\u0103t\u0103\u021bi experien\u021ba \u00een buc\u0103t\u0103rie. Iat\u0103 c\u00e2teva caracteristici cheie pe care trebuie s\u0103 le c\u0103uta\u021bi la chiuveta de buc\u0103t\u0103rie perfect\u0103:<\/p>\n<h3 data-sourcepos=\"5:1-5:13\">Material:<\/h3>\n<ul data-sourcepos=\"7:1-10:0\">\n<li data-sourcepos=\"7:1-7:97\"><strong>O\u021bel inoxidabil:<\/strong> O alegere clasic\u0103, cunoscut\u0103 pentru durabilitatea, igiena \u0219i estetica sa modern\u0103.<\/li>\n<li data-sourcepos=\"8:1-8:94\"><strong>Fonta:<\/strong> Ofer\u0103 un aspect rustic \u0219i vintage, adesea asociat cu buc\u0103t\u0103riile \u00een stil farmhouse.<\/li>\n<li data-sourcepos=\"9:1-10:0\"><strong>Compozit:<\/strong> Un amestec de materiale precum granitul sau cuar\u021bul, oferind o op\u021biune elegant\u0103 \u0219i durabil\u0103.<\/li>\n<\/ul>\n<h3 data-sourcepos=\"11:1-11:21\">Stil \u0219i design:<\/h3>\n<ul data-sourcepos=\"13:1-19:0\">\n<li data-sourcepos=\"13:1-13:81\"><strong>Sub montaj:<\/strong> Elegant \u0219i modern, oferind un aspect f\u0103r\u0103 cusur cu blatul.<\/li>\n<li data-sourcepos=\"14:1-14:75\"><strong>Top-Mount:<\/strong> Tradi\u021bional \u0219i u\u0219or de instalat, oferind un aspect clasic.<\/li>\n<li data-sourcepos=\"15:1-15:93\"><strong>Ferm\u0103:<\/strong> Mare, ad\u00e2nc\u0103 \u0219i adesea cu \u0219or\u021b frontal, oferind un design rustic \u0219i func\u021bional.<\/li>\n<li data-sourcepos=\"16:1-16:70\"><strong>Bol unic:<\/strong> Simplu \u0219i eficient, perfect pentru buc\u0103t\u0103riile mici.<\/li>\n<li data-sourcepos=\"17:1-17:71\"><strong>Bol dublu:<\/strong> Versatil \u0219i func\u021bional, permi\u021b\u00e2nd multitasking.<\/li>\n<li data-sourcepos=\"18:1-19:0\"><strong>Triple Bowl:<\/strong> Ideal pentru gospod\u0103riile mari sau pentru cei care g\u0103tesc \u0219i se distreaz\u0103 frecvent.<\/li>\n<\/ul>\n<h3 data-sourcepos=\"20:1-20:24\">Caracteristici suplimentare:<\/h3>\n<ul data-sourcepos=\"22:1-26:0\">\n<li data-sourcepos=\"22:1-22:64\"><strong>Plac\u0103 de scurgere:<\/strong> Ofer\u0103 un spa\u021biu convenabil pentru uscarea vaselor.<\/li>\n<li data-sourcepos=\"23:1-23:86\"><strong>Plac\u0103 de t\u0103iat:<\/strong> O plac\u0103 de t\u0103iere integrat\u0103 economise\u0219te spa\u021biu pe blat \u0219i reduce murd\u0103ria.<\/li>\n<li data-sourcepos=\"24:1-24:87\"><strong>Colator:<\/strong> O strecur\u0103toare \u00eencorporat\u0103 face ca prepararea \u0219i cur\u0103\u021barea alimentelor s\u0103 fie mai eficiente.<\/li>\n<li data-sourcepos=\"25:1-26:0\"><strong>Dispenser de s\u0103pun:<\/strong> O modalitate convenabil\u0103 de distribuire a s\u0103punului, elimin\u00e2nd necesitatea unui vas separat pentru s\u0103pun.<\/li>\n<\/ul>\n<p data-sourcepos=\"27:1-27:76\"><strong>Atunci c\u00e2nd alege\u021bi cea mai bun\u0103 chiuvet\u0103 de buc\u0103t\u0103rie, lua\u021bi \u00een considerare urm\u0103torii factori:<\/strong><\/p>\n<ul data-sourcepos=\"29:1-34:0\">\n<li data-sourcepos=\"29:1-29:70\"><strong>Dimensiune:<\/strong> Asigura\u021bi-v\u0103 c\u0103 chiuveta se potrive\u0219te cu aspectul buc\u0103t\u0103riei dvs. \u0219i cu nevoile dvs.<\/li>\n<li data-sourcepos=\"30:1-30:61\"><strong>Ad\u00e2ncime:<\/strong> O chiuvet\u0103 mai ad\u00e2nc\u0103 este ideal\u0103 pentru oale \u0219i crati\u021be mai mari.<\/li>\n<li data-sourcepos=\"31:1-31:105\"><strong>Finisaj:<\/strong> Alege\u021bi un finisaj care completeaz\u0103 stilul buc\u0103t\u0103riei dvs., cum ar fi periat, lustruit sau satinat.<\/li>\n<li data-sourcepos=\"32:1-32:109\"><strong>Instalare:<\/strong> Lua\u021bi \u00een considerare metoda de instalare, fie c\u0103 este vorba de montarea sub mas\u0103, montarea deasupra sau stilul fermei.<\/li>\n<li data-sourcepos=\"33:1-34:0\"><strong>Buget:<\/strong> Stabili\u021bi un buget \u0219i cerceta\u021bi op\u021biunile care se \u00eencadreaz\u0103 \u00een gama dvs. de pre\u021buri.<\/li>\n<\/ul>\n<p data-sourcepos=\"35:1-35:152\">Lu\u00e2nd \u00een considerare cu aten\u021bie ace\u0219ti factori, pute\u021bi selecta chiuveta de buc\u0103t\u0103rie perfect\u0103, care va \u00eembun\u0103t\u0103\u021bi at\u00e2t func\u021bionalitatea, c\u00e2t \u0219i estetica buc\u0103t\u0103riei dumneavoastr\u0103.<\/p>","protected":false},"excerpt":{"rendered":"<table style=\"border-collapse: collapse; width: 501.02pt;\" border=\"0\" width=\"668\" cellspacing=\"0\" cellpadding=\"0\">\n<tbody>\n<tr style=\"height: 25.00pt;\">\n<td class=\"et2\" style=\"height: 25pt; width: 54pt; text-align: center;\" width=\"72\" height=\"33\"><strong>Model<\/strong><\/td>\n<td class=\"et2\" style=\"width: 112.5pt; text-align: center;\" width=\"150\"><strong>Dimensiune total\u0103 (mm)<\/strong><\/td>\n<td class=\"et2\" style=\"width: 122.25pt; text-align: center;\" width=\"163\"><strong>Dimensiunea bolului (mm)<\/strong><\/td>\n<td class=\"et2\" style=\"width: 121.5pt; text-align: center;\" width=\"162\"><strong>Dimensiunea t\u0103ieturii (mm)<\/strong><\/td>\n<td class=\"et2\" style=\"width: 90.75pt; text-align: center;\" width=\"121\"><strong>Col\u021b Radian<\/strong><\/td>\n<\/tr>\n<tr style=\"height: 30.00pt;\">\n<td class=\"et3\" style=\"height: 30pt; text-align: center;\" height=\"40\">2519ST<\/td>\n<td class=\"et4\" style=\"width: 112.5pt; text-align: center;\" width=\"150\">25*19*10<br \/>\n635*483*254<\/td>\n<td class=\"et3\" style=\"text-align: center;\">585*397<\/td>\n<td class=\"et3\" style=\"text-align: center;\">585*433<\/td>\n<td class=\"et5\" style=\"text-align: center;\">R0+R10<\/td>\n<\/tr>\n<tr style=\"height: 30.00pt;\">\n<td class=\"et3\" style=\"height: 30pt; text-align: center;\" height=\"40\">2719ST<\/td>\n<td class=\"et4\" style=\"width: 112.5pt; text-align: center;\" width=\"150\">27*19*10<br \/>\n686*483*254<\/td>\n<td class=\"et3\" style=\"text-align: center;\">636*397<\/td>\n<td class=\"et3\" style=\"text-align: center;\">636*433<\/td>\n<td class=\"et5\" style=\"text-align: center;\">R0+R10<\/td>\n<\/tr>\n<tr style=\"height: 30.00pt;\">\n<td class=\"et3\" style=\"height: 30pt; text-align: center;\" height=\"40\">3019ST<\/td>\n<td class=\"et4\" style=\"width: 112.5pt; text-align: center;\" width=\"150\">30*19*10<br \/>\n762*483*254<\/td>\n<td class=\"et3\" style=\"text-align: center;\">712*397<\/td>\n<td class=\"et3\" style=\"text-align: center;\">712*433<\/td>\n<td class=\"et5\" style=\"text-align: center;\">R0+R10<\/td>\n<\/tr>\n<tr style=\"height: 30.00pt;\">\n<td class=\"et3\" style=\"height: 30pt; text-align: center;\" height=\"40\">3319ST<\/td>\n<td class=\"et4\" style=\"width: 112.5pt; text-align: center;\" width=\"150\">33*19*10<br \/>\n838*483*254<\/td>\n<td class=\"et3\" style=\"text-align: center;\">788*397<\/td>\n<td class=\"et3\" style=\"text-align: center;\">788*433<\/td>\n<td class=\"et5\" style=\"text-align: center;\">R0+R10<\/td>\n<\/tr>\n<\/tbody>\n<\/table>","protected":false},"featured_media":2399,"template":"","meta":[],"product_brand":[],"product_cat":[52],"product_tag":[],"class_list":{"0":"post-2398","1":"product","2":"type-product","3":"status-publish","4":"has-post-thumbnail","6":"product_cat-undermount-sink-1","8":"first","9":"instock","10":"shipping-taxable","11":"product-type-simple"},"_links":{"self":[{"href":"https:\/\/sinkwithfaucet.com\/ro\/wp-json\/wp\/v2\/product\/2398","targetHints":{"allow":["GET"]}}],"collection":[{"href":"https:\/\/sinkwithfaucet.com\/ro\/wp-json\/wp\/v2\/product"}],"about":[{"href":"https:\/\/sinkwithfaucet.com\/ro\/wp-json\/wp\/v2\/types\/product"}],"wp:featuredmedia":[{"embeddable":true,"href":"https:\/\/sinkwithfaucet.com\/ro\/wp-json\/wp\/v2\/media\/2399"}],"wp:attachment":[{"href":"https:\/\/sinkwithfaucet.com\/ro\/wp-json\/wp\/v2\/media?parent=2398"}],"wp:term":[{"taxonomy":"product_brand","embeddable":true,"href":"https:\/\/sinkwithfaucet.com\/ro\/wp-json\/wp\/v2\/product_brand?post=2398"},{"taxonomy":"product_cat","embeddable":true,"href":"https:\/\/sinkwithfaucet.com\/ro\/wp-json\/wp\/v2\/product_cat?post=2398"},{"taxonomy":"product_tag","embeddable":true,"href":"https:\/\/sinkwithfaucet.com\/ro\/wp-json\/wp\/v2\/product_tag?post=2398"}],"curies":[{"name":"wp","href":"https:\/\/api.w.org\/{rel}","templated":true}]}}