{"id":2394,"date":"2024-11-04T01:54:04","date_gmt":"2024-11-04T01:54:04","guid":{"rendered":"https:\/\/sinkwithfaucet.com\/?post_type=product&#038;p=2394"},"modified":"2024-11-04T01:55:37","modified_gmt":"2024-11-04T01:55:37","slug":"undermount-bar-sink-1144ddu","status":"publish","type":"product","link":"https:\/\/sinkwithfaucet.com\/ro\/undermount-bar-sink-1144ddu\/","title":{"rendered":"Chiuvet\u0103 de bar sub suport 1144DDU"},"content":{"rendered":"<h2 data-sourcepos=\"1:1-1:50\">Chiuvete de bar sub mas\u0103: O alegere elegant\u0103 \u0219i modern\u0103<\/h2>\n<p data-sourcepos=\"3:1-3:193\"><strong>Chiuvete de bar sub mas\u0103<\/strong> sunt o alegere popular\u0103 pentru barurile de acas\u0103, barurile umede \u0219i zonele de buc\u0103t\u0103rie mai mici. Acestea sunt concepute pentru a fi instalate sub blat, cre\u00e2nd un aspect perfect \u0219i modern.<\/p>\n<p data-sourcepos=\"5:1-5:41\"><strong>Caracteristici principale:<\/strong><\/p>\n<ul data-sourcepos=\"7:1-11:0\">\n<li data-sourcepos=\"7:1-7:92\"><strong>Design elegant:<\/strong> Instalarea sub mas\u0103 ofer\u0103 o estetic\u0103 curat\u0103 \u0219i contemporan\u0103.<\/li>\n<li data-sourcepos=\"8:1-8:119\"><strong>U\u0219or de cur\u0103\u021bat:<\/strong> Integrarea perfect\u0103 cu blatul elimin\u0103 golurile \u00een care se pot acumula murd\u0103ria \u0219i resturile.<\/li>\n<li data-sourcepos=\"9:1-9:58\"><strong>Economie de spa\u021biu:<\/strong> Dimensiune compact\u0103 ideal\u0103 pentru spa\u021bii mici.<\/li>\n<li data-sourcepos=\"10:1-11:0\"><strong>Durabilitate:<\/strong> Fabricat de obicei din o\u021bel inoxidabil de \u00eenalt\u0103 calitate, asigur\u00e2nd o performan\u021b\u0103 de lung\u0103 durat\u0103.<\/li>\n<\/ul>\n<p data-sourcepos=\"12:1-12:56\"><strong>Lua\u021bi \u00een considerare atunci c\u00e2nd alege\u021bi un chiuvet\u0103 de bar sub montaj:<\/strong><\/p>\n<ul data-sourcepos=\"14:1-18:0\">\n<li data-sourcepos=\"14:1-14:66\"><strong>Dimensiune:<\/strong> Alege\u021bi o dimensiune care se potrive\u0219te spa\u021biului \u0219i nevoilor dvs. specifice.<\/li>\n<li data-sourcepos=\"15:1-15:109\"><strong>Ad\u00e2ncime:<\/strong> Lua\u021bi \u00een considerare ad\u00e2ncimea chiuvetei pentru diverse sarcini, cum ar fi sp\u0103larea paharelor sau prepararea b\u0103uturilor.<\/li>\n<li data-sourcepos=\"16:1-16:92\"><strong>Material:<\/strong> O\u021belul inoxidabil este o alegere popular\u0103 pentru durabilitatea \u0219i \u00eentre\u021binerea sa u\u0219oar\u0103.<\/li>\n<li data-sourcepos=\"17:1-18:0\"><strong>G\u0103uri pentru robinet:<\/strong> Asigura\u021bi-v\u0103 c\u0103 chiuveta are num\u0103rul corespunz\u0103tor de orificii pentru robinete pentru configura\u021bia dorit\u0103.<\/li>\n<\/ul>\n<p data-sourcepos=\"19:1-20:30\">Lu\u00e2nd \u00een considerare cu aten\u021bie ace\u0219ti factori, pute\u021bi selecta chiuveta de bar perfect\u0103 pentru a v\u0103 completa buc\u0103t\u0103ria sau zona de bar.<\/p>","protected":false},"excerpt":{"rendered":"<p>Dimensiune total\u0103 \uff1a 1150*440*220 mm<\/p>\n<p>Dimensiunea bolului \uff1a400*400\/300*400 mm<\/p>\n<p>Dimensiunea t\u0103ieturii \uff1a1110*400 mm<\/p>\n<p>Col\u021b Radian \uff1aR10<\/p>","protected":false},"featured_media":2397,"template":"","meta":[],"product_brand":[],"product_cat":[52],"product_tag":[],"class_list":{"0":"post-2394","1":"product","2":"type-product","3":"status-publish","4":"has-post-thumbnail","6":"product_cat-undermount-sink-1","8":"first","9":"instock","10":"shipping-taxable","11":"product-type-simple"},"_links":{"self":[{"href":"https:\/\/sinkwithfaucet.com\/ro\/wp-json\/wp\/v2\/product\/2394","targetHints":{"allow":["GET"]}}],"collection":[{"href":"https:\/\/sinkwithfaucet.com\/ro\/wp-json\/wp\/v2\/product"}],"about":[{"href":"https:\/\/sinkwithfaucet.com\/ro\/wp-json\/wp\/v2\/types\/product"}],"wp:featuredmedia":[{"embeddable":true,"href":"https:\/\/sinkwithfaucet.com\/ro\/wp-json\/wp\/v2\/media\/2397"}],"wp:attachment":[{"href":"https:\/\/sinkwithfaucet.com\/ro\/wp-json\/wp\/v2\/media?parent=2394"}],"wp:term":[{"taxonomy":"product_brand","embeddable":true,"href":"https:\/\/sinkwithfaucet.com\/ro\/wp-json\/wp\/v2\/product_brand?post=2394"},{"taxonomy":"product_cat","embeddable":true,"href":"https:\/\/sinkwithfaucet.com\/ro\/wp-json\/wp\/v2\/product_cat?post=2394"},{"taxonomy":"product_tag","embeddable":true,"href":"https:\/\/sinkwithfaucet.com\/ro\/wp-json\/wp\/v2\/product_tag?post=2394"}],"curies":[{"name":"wp","href":"https:\/\/api.w.org\/{rel}","templated":true}]}}