{"id":2389,"date":"2024-11-04T01:38:16","date_gmt":"2024-11-04T01:38:16","guid":{"rendered":"https:\/\/sinkwithfaucet.com\/?post_type=product&#038;p=2389"},"modified":"2024-11-04T01:38:17","modified_gmt":"2024-11-04T01:38:17","slug":"free-standing-sink-7544du","status":"publish","type":"product","link":"https:\/\/sinkwithfaucet.com\/ro\/free-standing-sink-7544du\/","title":{"rendered":"Chiuvet\u0103 independent\u0103 7544DU"},"content":{"rendered":"<h2 data-sourcepos=\"1:1-1:54\">Chiuvete independente: O alegere elegant\u0103 \u0219i func\u021bional\u0103<\/h2>\n<p data-sourcepos=\"3:1-3:226\">Chiuvetele independente sunt un accesoriu versatil \u0219i atr\u0103g\u0103tor at\u00e2t pentru b\u0103i, c\u00e2t \u0219i pentru buc\u0103t\u0103rii. Spre deosebire de chiuvetele tradi\u021bionale de blat, chiuvetele independente sunt instalate pe podea, ad\u0103ug\u00e2nd o not\u0103 unic\u0103 \u0219i elegant\u0103 spa\u021biului dumneavoastr\u0103.<\/p>\n<p data-sourcepos=\"5:1-5:39\"><strong>Caracteristici principale ale chiuvetelor independente:<\/strong><\/p>\n<ul data-sourcepos=\"7:1-11:0\">\n<li data-sourcepos=\"7:1-7:90\"><strong>Design versatil:<\/strong> Disponibile \u00eentr-o gam\u0103 larg\u0103 de stiluri, de la clasic la contemporan.<\/li>\n<li data-sourcepos=\"8:1-8:90\"><strong>Instalare u\u0219oar\u0103:<\/strong> Simplu de instalat f\u0103r\u0103 a fi nevoie de lucr\u0103ri ample la blat.<\/li>\n<li data-sourcepos=\"9:1-9:74\"><strong>Estetic\u0103 unic\u0103:<\/strong> Creeaz\u0103 un punct focal \u00een baie sau buc\u0103t\u0103rie.<\/li>\n<li data-sourcepos=\"10:1-11:0\"><strong>U\u0219or de cur\u0103\u021bat:<\/strong> Suprafe\u021bele netede \u0219i designul deschis faciliteaz\u0103 cur\u0103\u021barea.<\/li>\n<li data-sourcepos=\"10:1-11:0\"><strong>Chiuvete de buc\u0103t\u0103rie:<\/strong>\n<ul data-sourcepos=\"19:5-21:0\">\n<li data-sourcepos=\"19:5-19:126\"><strong>Farmhouse Chiuvete:<\/strong> Chiuvete mari, ad\u00e2nci, cu \u0219or\u021b frontal, care ofer\u0103 spa\u021biu suficient pentru sp\u0103larea vaselor \u0219i prepararea alimentelor.<\/li>\n<li data-sourcepos=\"20:5-21:0\"><strong>Chiuvete utilitare:<\/strong> Perfect pentru sp\u0103l\u0103torii, garaje sau buc\u0103t\u0103rii \u00een aer liber.<\/li>\n<\/ul>\n<\/li>\n<\/ul>\n<ul data-sourcepos=\"14:1-21:0\">\n<li style=\"list-style-type: none;\" data-sourcepos=\"14:1-17:100\"><\/li>\n<\/ul>\n<p data-sourcepos=\"22:1-22:53\"><strong>Considera\u021bii la alegerea unui chiuvet\u0103 de sine st\u0103t\u0103toare:<\/strong><\/p>\n<ul data-sourcepos=\"24:1-28:0\">\n<li data-sourcepos=\"24:1-24:74\"><strong>Stil:<\/strong> Selecta\u021bi o chiuvet\u0103 care s\u0103 completeze estetica general\u0103 a designului dvs.<\/li>\n<li data-sourcepos=\"25:1-25:78\"><strong>Dimensiune:<\/strong> Alege\u021bi o dimensiune care se potrive\u0219te spa\u021biului disponibil \u0219i v\u0103 satisface nevoile.<\/li>\n<li data-sourcepos=\"26:1-26:129\"><strong>Material:<\/strong> Lua\u021bi \u00een considerare materialul, cum ar fi ceramica, por\u021belanul sau o\u021belul inoxidabil, \u00een func\u021bie de durabilitate \u0219i preferin\u021bele de stil.<\/li>\n<li data-sourcepos=\"27:1-28:0\"><strong>Plumbing:<\/strong> Asigura\u021bi-v\u0103 c\u0103 racordurile sanitare sunt corespunz\u0103toare \u0219i lua\u021bi \u00een considerare orice poten\u021biale probleme, \u00een special \u00een cazul chiuvetelor de buc\u0103t\u0103rie independente.<\/li>\n<\/ul>","protected":false},"excerpt":{"rendered":"<p>Dimensiune total\u0103 : 750*440*220 mm<\/p>\n<p>Dimensiune bol : 340*400\/340*400 mm<\/p>\n<p>Dimensiunea t\u0103ieturii : 710*400 mm<\/p>\n<p>Col\u021b Radian : R10<\/p>","protected":false},"featured_media":2390,"template":"","meta":[],"product_brand":[],"product_cat":[52],"product_tag":[],"class_list":{"0":"post-2389","1":"product","2":"type-product","3":"status-publish","4":"has-post-thumbnail","6":"product_cat-undermount-sink-1","8":"first","9":"instock","10":"shipping-taxable","11":"product-type-simple"},"_links":{"self":[{"href":"https:\/\/sinkwithfaucet.com\/ro\/wp-json\/wp\/v2\/product\/2389","targetHints":{"allow":["GET"]}}],"collection":[{"href":"https:\/\/sinkwithfaucet.com\/ro\/wp-json\/wp\/v2\/product"}],"about":[{"href":"https:\/\/sinkwithfaucet.com\/ro\/wp-json\/wp\/v2\/types\/product"}],"wp:featuredmedia":[{"embeddable":true,"href":"https:\/\/sinkwithfaucet.com\/ro\/wp-json\/wp\/v2\/media\/2390"}],"wp:attachment":[{"href":"https:\/\/sinkwithfaucet.com\/ro\/wp-json\/wp\/v2\/media?parent=2389"}],"wp:term":[{"taxonomy":"product_brand","embeddable":true,"href":"https:\/\/sinkwithfaucet.com\/ro\/wp-json\/wp\/v2\/product_brand?post=2389"},{"taxonomy":"product_cat","embeddable":true,"href":"https:\/\/sinkwithfaucet.com\/ro\/wp-json\/wp\/v2\/product_cat?post=2389"},{"taxonomy":"product_tag","embeddable":true,"href":"https:\/\/sinkwithfaucet.com\/ro\/wp-json\/wp\/v2\/product_tag?post=2389"}],"curies":[{"name":"wp","href":"https:\/\/api.w.org\/{rel}","templated":true}]}}