{"id":2342,"date":"2024-11-01T07:21:34","date_gmt":"2024-11-01T07:21:34","guid":{"rendered":"https:\/\/sinkwithfaucet.com\/?post_type=product&#038;p=2342"},"modified":"2024-11-01T07:23:29","modified_gmt":"2024-11-01T07:23:29","slug":"small-stainless-steel-sink-2344su","status":"publish","type":"product","link":"https:\/\/sinkwithfaucet.com\/ro\/small-stainless-steel-sink-2344su\/","title":{"rendered":"Chiuvet\u0103 mic\u0103 din o\u021bel inoxidabil 2344SU"},"content":{"rendered":"<h2 data-sourcepos=\"1:1-1:50\">Chiuvete mici din o\u021bel inoxidabil: O solu\u021bie compact\u0103<\/h2>\n<p data-sourcepos=\"3:1-3:87\">Chiuvetele mici din o\u021bel inoxidabil sunt o alegere practic\u0103 pentru diverse aplica\u021bii.<\/p>\n<p data-sourcepos=\"10:1-10:44\"><strong>Beneficii:<\/strong><\/p>\n<ul data-sourcepos=\"12:1-16:0\">\n<li data-sourcepos=\"12:1-12:58\"><strong>Economie de spa\u021biu:<\/strong> Designul compact se potrive\u0219te \u00een spa\u021bii mici.<\/li>\n<li data-sourcepos=\"13:1-13:88\"><strong>Durabilitate:<\/strong> O\u021belul inoxidabil este un material durabil care rezist\u0103 la rugin\u0103 \u0219i coroziune.<\/li>\n<li data-sourcepos=\"14:1-14:66\"><strong>U\u0219or de cur\u0103\u021bat:<\/strong> Suprafa\u021ba neted\u0103 este u\u0219or de \u00eentre\u021binut \u0219i cur\u0103\u021bat.<\/li>\n<li data-sourcepos=\"15:1-16:0\"><strong>Estetica modern\u0103:<\/strong> Designul elegant \u0219i stilat completeaz\u0103 diferite stiluri de buc\u0103t\u0103rie.<\/li>\n<\/ul>\n<p data-sourcepos=\"17:1-17:41\"><strong>Tipuri:<\/strong><\/p>\n<ul data-sourcepos=\"19:1-23:0\">\n<li data-sourcepos=\"19:1-19:77\"><strong>Chiuvete Undermount:<\/strong> Se instaleaz\u0103 sub blat pentru un aspect f\u0103r\u0103 sudur\u0103.<\/li>\n<li data-sourcepos=\"20:1-20:93\"><strong>Chiuvete cu montare de sus:<\/strong> Instalat deasupra blatului, oferind un aspect tradi\u021bional.<\/li>\n<li data-sourcepos=\"21:1-21:65\"><strong>Chiuvete cu un singur vas:<\/strong> Un singur bazin pentru sarcini de cur\u0103\u021bare de baz\u0103.<\/li>\n<li data-sourcepos=\"22:1-23:0\"><strong>Chiuvete cu bol dublu:<\/strong> Dou\u0103 chiuvete separate pentru multitasking.<\/li>\n<\/ul>\n<p data-sourcepos=\"24:1-24:78\"><strong>Lua\u021bi \u00een considerare urm\u0103torii factori atunci c\u00e2nd alege\u021bi o chiuvet\u0103 mic\u0103 din o\u021bel inoxidabil:<\/strong><\/p>\n<ul data-sourcepos=\"26:1-30:0\">\n<li data-sourcepos=\"26:1-26:76\"><strong>Dimensiune:<\/strong> Alege\u021bi o dimensiune care se potrive\u0219te nevoilor dvs. specifice \u0219i spa\u021biului disponibil.<\/li>\n<li data-sourcepos=\"27:1-27:64\"><strong>Ad\u00e2ncime:<\/strong> O chiuvet\u0103 mai ad\u00e2nc\u0103 poate g\u0103zdui oale \u0219i crati\u021be mai mari.<\/li>\n<li data-sourcepos=\"28:1-28:93\"><strong>Gabarit:<\/strong> Grosimea o\u021belului inoxidabil poate afecta durabilitatea \u0219i sunetul chiuvetei.<\/li>\n<li data-sourcepos=\"29:1-30:0\"><strong>Finisaj:<\/strong> Alege\u021bi un finisaj care completeaz\u0103 stilul buc\u0103t\u0103riei dvs., cum ar fi o\u021belul inoxidabil periat sau lustruit.<\/li>\n<\/ul>\n<p data-sourcepos=\"31:1-31:109\">Lu\u00e2nd \u00een considerare cu aten\u021bie ace\u0219ti factori, pute\u021bi selecta chiuveta mic\u0103 din o\u021bel inoxidabil perfect\u0103 pentru nevoile dvs.<\/p>","protected":false},"excerpt":{"rendered":"<p>Dimensiune total\u0103 \uff1a 230*440*200 mm<\/p>\n<p>Dimensiune bol \uff1a190*400 mm<\/p>\n<p>Dimensiunea t\u0103ieturii \uff1a190*400 mm<\/p>\n<p>Col\u021b Radian \uff1aR10<\/p>","protected":false},"featured_media":2343,"template":"","meta":[],"product_brand":[],"product_cat":[52],"product_tag":[],"class_list":{"0":"post-2342","1":"product","2":"type-product","3":"status-publish","4":"has-post-thumbnail","6":"product_cat-undermount-sink-1","8":"first","9":"instock","10":"shipping-taxable","11":"product-type-simple"},"_links":{"self":[{"href":"https:\/\/sinkwithfaucet.com\/ro\/wp-json\/wp\/v2\/product\/2342","targetHints":{"allow":["GET"]}}],"collection":[{"href":"https:\/\/sinkwithfaucet.com\/ro\/wp-json\/wp\/v2\/product"}],"about":[{"href":"https:\/\/sinkwithfaucet.com\/ro\/wp-json\/wp\/v2\/types\/product"}],"wp:featuredmedia":[{"embeddable":true,"href":"https:\/\/sinkwithfaucet.com\/ro\/wp-json\/wp\/v2\/media\/2343"}],"wp:attachment":[{"href":"https:\/\/sinkwithfaucet.com\/ro\/wp-json\/wp\/v2\/media?parent=2342"}],"wp:term":[{"taxonomy":"product_brand","embeddable":true,"href":"https:\/\/sinkwithfaucet.com\/ro\/wp-json\/wp\/v2\/product_brand?post=2342"},{"taxonomy":"product_cat","embeddable":true,"href":"https:\/\/sinkwithfaucet.com\/ro\/wp-json\/wp\/v2\/product_cat?post=2342"},{"taxonomy":"product_tag","embeddable":true,"href":"https:\/\/sinkwithfaucet.com\/ro\/wp-json\/wp\/v2\/product_tag?post=2342"}],"curies":[{"name":"wp","href":"https:\/\/api.w.org\/{rel}","templated":true}]}}