{"id":25,"date":"2023-03-05T10:39:43","date_gmt":"2023-03-05T10:39:43","guid":{"rendered":"https:\/\/sinkwithfaucet.com\/?page_id=25"},"modified":"2024-12-05T02:13:39","modified_gmt":"2024-12-05T02:13:39","slug":"about-kitchen-sink-supplier","status":"publish","type":"page","link":"https:\/\/sinkwithfaucet.com\/ro\/about-kitchen-sink-supplier\/","title":{"rendered":"Despre"},"content":{"rendered":"<section class=\"section\" id=\"section_2091305925\">\n\t\t<div class=\"bg section-bg fill bg-fill  bg-loaded\" >\n\n\t\t\t\n\t\t\t\n\t\t\t\n\n\t\t<\/div>\n\n\t\t\n\n\t\t<div class=\"section-content relative\">\n\t\t\t\n<div class=\"row align-equal\"  id=\"row-95971404\">\n\n\t<div id=\"col-1006345088\" class=\"col medium-12 small-12 large-6 medium-col-first\"  >\n\t\t\t\t<div class=\"col-inner\"  >\n\t\t\t\n\t\t\t\n\t<div id=\"text-1590670178\" class=\"text\">\n\t\t\n<h1><strong>Dexing Chiuveta de buc\u0103t\u0103rie Furnizor<\/strong><\/h1>\n\t\t\n<style>\n#text-1590670178 {\n  font-size: 1rem;\n}\n@media (min-width:550px) {\n  #text-1590670178 {\n    font-size: 1rem;\n  }\n}\n@media (min-width:850px) {\n  #text-1590670178 {\n    font-size: 1.4rem;\n  }\n}\n<\/style>\n\t<\/div>\n\t\n<div class=\"is-divider divider clearfix\" style=\"max-width:50px;height:4px;background-color:rgb(59, 181, 76);\"><\/div>\n\t<div id=\"gap-802669783\" class=\"gap-element clearfix hide-for-small\" style=\"display:block; height:auto;\">\n\t\t\n<style>\n#gap-802669783 {\n  padding-top: 20px;\n}\n<\/style>\n\t<\/div>\n\t\n<p>Ca produc\u0103tor de top, Dexing este specializat \u00een crearea de chiuvete de buc\u0103t\u0103rie de \u00eenalt\u0103 calitate, inclusiv <a href=\"https:\/\/sinkwithfaucet.com\/ro\/handmade-sink\/\">chiuvete realizate manual<\/a>, <a href=\"https:\/\/sinkwithfaucet.com\/ro\/press-sink\/\">presare chiuvete<\/a>, \u0219i <a href=\"https:\/\/sinkwithfaucet.com\/ro\/stainless-steel-kitchen-faucet\/\">robinete de buc\u0103t\u0103rie din o\u021bel inoxidabil<\/a>. Facilit\u0103\u021bile noastre de ultim\u0103 genera\u021bie din China \u0219i Vietnam ne permit s\u0103 livr\u0103m produse personalizate pentru a v\u0103 satisface cerin\u021bele specifice. \u00cen plus, produsele noastre sunt certificate UPC \u0219i CE pentru a satisface clien\u021bii din \u00eentreaga lume. Contacta\u021bi-ne \u0219i l\u0103sa\u021bi-ne s\u0103 v\u0103 cunoa\u0219tem cerin\u021bele, v\u0103 vom oferi cu siguran\u021b\u0103 produse profesionale \u0219i servicii bune.<\/p>\n\t<div id=\"gap-706647198\" class=\"gap-element clearfix\" style=\"display:block; height:auto;\">\n\t\t\n<style>\n#gap-706647198 {\n  padding-top: 30px;\n}\n<\/style>\n\t<\/div>\n\t\n<a href=\"\/ro\/contact\/\" class=\"button primary\"  style=\"border-radius:99px;\">\n    <span>Contacta\u021bi-ne<\/span>\n  <\/a>\n\n\t\t<\/div>\n\t\t\t\t\n<style>\n#col-1006345088 > .col-inner {\n  padding: 0px 0px 0px 0px;\n}\n@media (min-width:550px) {\n  #col-1006345088 > .col-inner {\n    padding: 0px 0px 0px 0px;\n  }\n}\n@media (min-width:850px) {\n  #col-1006345088 > .col-inner {\n    padding: 0px 20px 0px 0px;\n  }\n}\n<\/style>\n\t<\/div>\n\n\t\n\n\t<div id=\"col-526183388\" class=\"col medium-12 small-12 large-6\"  >\n\t\t\t\t<div class=\"col-inner\"  >\n\t\t\t\n\t\t\t\n\t<div class=\"img has-hover x md-x lg-x y md-y lg-y\" id=\"image_1683764512\">\n\t\t\t\t\t\t\t\t<div class=\"img-inner box-shadow-1 box-shadow-5-hover dark\" >\n\t\t\t<img loading=\"lazy\" decoding=\"async\" width=\"600\" height=\"400\" src=\"https:\/\/sinkwithfaucet.com\/wp-content\/uploads\/2024\/11\/kitchen-sink-company1.jpg\" class=\"attachment-original size-original\" alt=\"companie de chiuvete de buc\u0103t\u0103rie(1)\" srcset=\"https:\/\/sinkwithfaucet.com\/wp-content\/uploads\/2024\/11\/kitchen-sink-company1.jpg 600w, https:\/\/sinkwithfaucet.com\/wp-content\/uploads\/2024\/11\/kitchen-sink-company1-300x200.jpg 300w, https:\/\/sinkwithfaucet.com\/wp-content\/uploads\/2024\/11\/kitchen-sink-company1-18x12.jpg 18w\" sizes=\"auto, (max-width: 600px) 100vw, 600px\" title=\"\">\t\t\t\t\t\t\n\t\t\t\t\t<\/div>\n\t\t\t\t\t\t\t\t\n<style>\n#image_1683764512 {\n  width: 100%;\n}\n<\/style>\n\t<\/div>\n\t\n\t\t<\/div>\n\t\t\t\t\n<style>\n#col-526183388 > .col-inner {\n  padding: 0px 0px 0px 0px;\n  border-radius: 8px;\n}\n@media (min-width:550px) {\n  #col-526183388 > .col-inner {\n    padding: 0px 0px 0px 0px;\n  }\n}\n@media (min-width:850px) {\n  #col-526183388 > .col-inner {\n    padding: 0px 0px 0px 20px;\n  }\n}\n<\/style>\n\t<\/div>\n\n\t\n<\/div>\n<div class=\"row\"  id=\"row-1380980134\">\n\n\t<div id=\"col-150126554\" class=\"col medium-4 small-12 large-4\"  >\n\t\t\t\t<div class=\"col-inner\"  >\n\t\t\t\n\t\t\t\n<p><strong><span style=\"font-size: 150%;\"><span class=\"count-up\">20000<\/span>+<\/span><\/strong><\/p>\n<p><strong><span style=\"font-size: 150%;\">Metri p\u0103tra\u021bi fabric\u0103\u00a0<\/span><\/strong><\/p>\n\t\t<\/div>\n\t\t\t\t\t<\/div>\n\n\t\n\n\t<div id=\"col-759152776\" class=\"col medium-4 small-12 large-4\"  >\n\t\t\t\t<div class=\"col-inner\"  >\n\t\t\t\n\t\t\t\n<p><strong><span style=\"font-size: 150%;\"><span class=\"count-up\">15<\/span> +Ani <\/span><\/strong><\/p>\n<p><strong><span style=\"font-size: 150%;\">Experien\u021b\u0103 \u00een produc\u021bie<\/span><\/strong><\/p>\n\t\t<\/div>\n\t\t\t\t\t<\/div>\n\n\t\n\n\t<div id=\"col-407265452\" class=\"col medium-4 small-12 large-4\"  >\n\t\t\t\t<div class=\"col-inner\"  >\n\t\t\t\n\t\t\t\n<p><strong><span style=\"font-size: 150%;\"><span class=\"count-up\">300<\/span>+<br \/>\nPersonal<\/span><\/strong><\/p>\n\t\t<\/div>\n\t\t\t\t\t<\/div>\n\n\t\n<\/div>\n\t\t<\/div>\n\n\t\t\n<style>\n#section_2091305925 {\n  padding-top: 30px;\n  padding-bottom: 30px;\n}\n@media (min-width:550px) {\n  #section_2091305925 {\n    padding-top: 30px;\n    padding-bottom: 30px;\n  }\n}\n@media (min-width:850px) {\n  #section_2091305925 {\n    padding-top: 80px;\n    padding-bottom: 80px;\n  }\n}\n<\/style>\n\t<\/section>\n\t\n\t<section class=\"section\" id=\"section_1094764114\">\n\t\t<div class=\"bg section-bg fill bg-fill  bg-loaded\" >\n\n\t\t\t\n\t\t\t\n\t\t\t\n\n\t\t<\/div>\n\n\t\t\n\n\t\t<div class=\"section-content relative\">\n\t\t\t\n\t<div id=\"gap-433250296\" class=\"gap-element clearfix\" style=\"display:block; height:auto;\">\n\t\t\n<style>\n#gap-433250296 {\n  padding-top: 30px;\n}\n<\/style>\n\t<\/div>\n\t\n<div class=\"row align-center\"  id=\"row-1735239178\">\n\n\t<div id=\"col-1590352501\" class=\"col medium-10 small-12 large-10\"  >\n\t\t\t\t<div class=\"col-inner\"  >\n\t\t\t\n\t\t\t\n\t<div id=\"text-777997914\" class=\"text\">\n\t\t\n<h2><strong>Combina\u021bia perfect\u0103 de design \u0219i func\u021bionalitate<\/strong><\/h2>\n\t\t\n<style>\n#text-777997914 {\n  font-size: 1.35rem;\n  text-align: center;\n  color: rgb(255,255,255);\n}\n#text-777997914 > * {\n  color: rgb(255,255,255);\n}\n<\/style>\n\t<\/div>\n\t\n<div class=\"text-center\"><div class=\"is-divider divider clearfix\" style=\"background-color:rgb(255, 255, 255);\"><\/div><\/div>\n\t\t<\/div>\n\t\t\t\t\n<style>\n#col-1590352501 > .col-inner {\n  margin: 0px 0px -20px 0px;\n}\n<\/style>\n\t<\/div>\n\n\t\n<\/div>\n<div class=\"row\"  id=\"row-893221463\">\n\n\t<div id=\"col-1669408277\" class=\"col small-12 large-12\"  >\n\t\t\t\t<div class=\"col-inner text-center\"  >\n\t\t\t\n\t\t\t\n<a href=\"\/ro\/shop\/\" class=\"button white\"  style=\"border-radius:99px;\">\n    <span>Afla\u021bi mai multe<\/span>\n  <\/a>\n\n\t\t<\/div>\n\t\t\t\t\n<style>\n#col-1669408277 > .col-inner {\n  margin: 0px 0px -20px 0px;\n}\n<\/style>\n\t<\/div>\n\n\t\n<\/div>\n\t\t<\/div>\n\n\t\t\n<style>\n#section_1094764114 {\n  padding-top: 30px;\n  padding-bottom: 30px;\n  background-color: rgb(80, 107, 106);\n}\n<\/style>\n\t<\/section>\n\t\n\t<section class=\"section\" id=\"section_319620856\">\n\t\t<div class=\"bg section-bg fill bg-fill  bg-loaded\" >\n\n\t\t\t\n\t\t\t\n\t\t\t\n\n\t\t<\/div>\n\n\t\t\n\n\t\t<div class=\"section-content relative\">\n\t\t\t\n<div class=\"row\"  id=\"row-462616669\">\n\n\t<div id=\"col-669995003\" class=\"col medium-6 small-12 large-6\"  >\n\t\t\t\t<div class=\"col-inner\"  >\n\t\t\t\n\t\t\t\n\t<div id=\"gap-386048183\" class=\"gap-element clearfix\" style=\"display:block; height:auto;\">\n\t\t\n<style>\n#gap-386048183 {\n  padding-top: 45px;\n}\n<\/style>\n\t<\/div>\n\t\n\t<div class=\"img has-hover x md-x lg-x y md-y lg-y\" id=\"image_650242536\">\n\t\t\t\t\t\t\t\t<div class=\"img-inner image-cover dark\" style=\"padding-top:65%;\">\n\t\t\t<img loading=\"lazy\" decoding=\"async\" width=\"794\" height=\"510\" src=\"https:\/\/sinkwithfaucet.com\/wp-content\/uploads\/2024\/11\/48a630f0-9512-4231-a10d-eef0c336bb1f.jpg\" class=\"attachment-original size-original\" alt=\"Certific\u0103rile noastre\" srcset=\"https:\/\/sinkwithfaucet.com\/wp-content\/uploads\/2024\/11\/48a630f0-9512-4231-a10d-eef0c336bb1f.jpg 794w, https:\/\/sinkwithfaucet.com\/wp-content\/uploads\/2024\/11\/48a630f0-9512-4231-a10d-eef0c336bb1f-300x193.jpg 300w, https:\/\/sinkwithfaucet.com\/wp-content\/uploads\/2024\/11\/48a630f0-9512-4231-a10d-eef0c336bb1f-768x493.jpg 768w, https:\/\/sinkwithfaucet.com\/wp-content\/uploads\/2024\/11\/48a630f0-9512-4231-a10d-eef0c336bb1f-18x12.jpg 18w, https:\/\/sinkwithfaucet.com\/wp-content\/uploads\/2024\/11\/48a630f0-9512-4231-a10d-eef0c336bb1f-600x385.jpg 600w\" sizes=\"auto, (max-width: 794px) 100vw, 794px\" title=\"\">\t\t\t\t\t\t\n\t\t\t\t\t<\/div>\n\t\t\t\t\t\t\t\t\n<style>\n#image_650242536 {\n  width: 100%;\n}\n<\/style>\n\t<\/div>\n\t\n\t\t<\/div>\n\t\t\t\t\t<\/div>\n\n\t\n\n\t<div id=\"col-1126406583\" class=\"col medium-6 small-12 large-6\"  >\n\t\t\t\t<div class=\"col-inner\"  >\n\t\t\t\n\t\t\t\n<h2 class=\"elementor-divider__text elementor-divider__element\"><strong>Avantajele noastre ca furnizor de chiuvete de buc\u0103t\u0103rie<\/strong><\/h2>\n<p data-sourcepos=\"7:1-7:45\"><strong>Angajamentul nostru fa\u021b\u0103 de calitate \u0219i inovare:<\/strong><\/p>\n<ul data-sourcepos=\"9:1-12:0\">\n<li data-sourcepos=\"9:1-9:135\"><strong>Facilit\u0103\u021bi avansate de produc\u021bie:<\/strong> Dota\u021bi cu utilaje de ultim\u0103 genera\u021bie, asigur\u0103m o produc\u021bie precis\u0103 \u0219i o calitate constant\u0103.<\/li>\n<li data-sourcepos=\"10:1-10:131\"><strong>\u00cembun\u0103t\u0103\u021birea continu\u0103:<\/strong> Investim \u00een cercetare \u0219i dezvoltare pentru a r\u0103m\u00e2ne \u00eenaintea tendin\u021belor din industrie \u0219i pentru a oferi produse inovatoare.<\/li>\n<li data-sourcepos=\"11:1-12:0\"><strong>Concentrarea pe client:<\/strong> Scopul nostru este de a satisface nevoile diverse ale clien\u021bilor no\u0219tri prin furnizarea unei game largi de chiuvete din o\u021bel inoxidabil de \u00eenalt\u0103 calitate.<\/li>\n<\/ul>\n<p data-sourcepos=\"13:1-13:22\"><strong>Gama noastr\u0103 de produse:<\/strong><\/p>\n<ul data-sourcepos=\"15:1-18:0\">\n<li data-sourcepos=\"15:1-15:105\"><strong>Handmade Chiuvete:<\/strong> Fabricat cu precizie \u0219i aten\u021bie la detalii pentru o atingere unic\u0103 \u0219i personalizat\u0103.<\/li>\n<li data-sourcepos=\"17:1-18:0\"><strong>F\u0103cute la ma\u0219in\u0103 Chiuvete:<\/strong> Produs eficient folosind tehnici moderne de fabrica\u021bie pentru calitate constant\u0103 \u0219i accesibilitate.<\/li>\n<\/ul>\n<a href=\"\/ro\/contact\/\" class=\"button primary\"  style=\"border-radius:99px;\">\n    <span>al\u0103tura\u021bi-v\u0103 nou\u0103 acum<\/span>\n  <\/a>\n\n\t\t<\/div>\n\t\t\t\t\t<\/div>\n\n\t\n<\/div>\n\t\t<\/div>\n\n\t\t\n<style>\n#section_319620856 {\n  padding-top: 0px;\n  padding-bottom: 0px;\n}\n@media (min-width:550px) {\n  #section_319620856 {\n    padding-top: 0px;\n    padding-bottom: 0px;\n  }\n}\n@media (min-width:850px) {\n  #section_319620856 {\n    padding-top: 50px;\n    padding-bottom: 50px;\n  }\n}\n<\/style>\n\t<\/section>\n\t\n\t<section class=\"section\" id=\"section_783401036\">\n\t\t<div class=\"bg section-bg fill bg-fill  bg-loaded\" >\n\n\t\t\t\n\t\t\t\n\t\t\t\n\n\t\t<\/div>\n\n\t\t\n\n\t\t<div class=\"section-content relative\">\n\t\t\t\n<div class=\"row\"  id=\"row-1989848840\">\n\n\t<div id=\"col-1504299617\" class=\"col small-12 large-12\"  >\n\t\t\t\t<div class=\"col-inner\"  >\n\t\t\t\n\t\t\t\n<h2 style=\"text-align: center;\">De ce s\u0103 alege\u021bi Dexing ca furnizor de chiuvete de buc\u0103t\u0103rie?<\/h2>\n\t\t<\/div>\n\t\t\t\t\t<\/div>\n\n\t\n<\/div>\n<div class=\"row\"  id=\"row-1293214672\">\n\n\t<div id=\"col-1455532388\" class=\"col medium-4 small-12 large-4\"  >\n\t\t\t\t<div class=\"col-inner\"  >\n\t\t\t\n\t\t\t\n\n\t\t<div class=\"icon-box featured-box icon-box-center text-center\"  >\n\t\t\t\t\t<div class=\"icon-box-img\" style=\"width: 98px\">\n\t\t\t\t<div class=\"icon\">\n\t\t\t\t\t<div class=\"icon-inner\" >\n\t\t\t\t\t\t<img loading=\"lazy\" decoding=\"async\" width=\"200\" height=\"200\" src=\"https:\/\/sinkwithfaucet.com\/wp-content\/uploads\/2024\/10\/quality.png\" class=\"attachment-medium size-medium\" alt=\"calitate\" srcset=\"https:\/\/sinkwithfaucet.com\/wp-content\/uploads\/2024\/10\/quality.png 200w, https:\/\/sinkwithfaucet.com\/wp-content\/uploads\/2024\/10\/quality-150x150.png 150w, https:\/\/sinkwithfaucet.com\/wp-content\/uploads\/2024\/10\/quality-12x12.png 12w, https:\/\/sinkwithfaucet.com\/wp-content\/uploads\/2024\/10\/quality-100x100.png 100w\" sizes=\"auto, (max-width: 200px) 100vw, 200px\" title=\"\">\t\t\t\t\t<\/div>\n\t\t\t\t<\/div>\n\t\t\t<\/div>\n\t\t\t\t<div class=\"icon-box-text last-reset\">\n\t\t\t\t\t\t\t\t\t\n<h3><strong>Asigurarea calit\u0103\u021bii<\/strong><\/h3>\n<p>Angajamentul nostru fa\u021b\u0103 de calitate v\u0103 asigur\u0103 c\u0103 primi\u021bi un produs fiabil \u0219i durabil.<\/p>\n\t\t<\/div>\n\t<\/div>\n\t\n\t\n\t\t<\/div>\n\t\t\t\t\t<\/div>\n\n\t\n\n\t<div id=\"col-460650189\" class=\"col medium-4 small-12 large-4\"  >\n\t\t\t\t<div class=\"col-inner\"  >\n\t\t\t\n\t\t\t\n\n\t\t<div class=\"icon-box featured-box icon-box-center text-center\"  >\n\t\t\t\t\t<div class=\"icon-box-img\" style=\"width: 98px\">\n\t\t\t\t<div class=\"icon\">\n\t\t\t\t\t<div class=\"icon-inner\" >\n\t\t\t\t\t\t<img loading=\"lazy\" decoding=\"async\" width=\"200\" height=\"200\" src=\"https:\/\/sinkwithfaucet.com\/wp-content\/uploads\/2024\/10\/customization.png\" class=\"attachment-medium size-medium\" alt=\"personalizare\" srcset=\"https:\/\/sinkwithfaucet.com\/wp-content\/uploads\/2024\/10\/customization.png 200w, https:\/\/sinkwithfaucet.com\/wp-content\/uploads\/2024\/10\/customization-150x150.png 150w, https:\/\/sinkwithfaucet.com\/wp-content\/uploads\/2024\/10\/customization-12x12.png 12w, https:\/\/sinkwithfaucet.com\/wp-content\/uploads\/2024\/10\/customization-100x100.png 100w\" sizes=\"auto, (max-width: 200px) 100vw, 200px\" title=\"\">\t\t\t\t\t<\/div>\n\t\t\t\t<\/div>\n\t\t\t<\/div>\n\t\t\t\t<div class=\"icon-box-text last-reset\">\n\t\t\t\t\t\t\t\t\t\n<h3><a href=\"https:\/\/sinkwithfaucet.com\/ro\/stainless-kitchen-sink-oem-service\/\"><strong>Op\u021biuni de personalizare<\/strong><\/a><\/h3>\n<p>Oferim o varietate de stiluri, dimensiuni \u0219i finisaje pentru a v\u0103 satisface nevoile specifice.<\/p>\n\t\t<\/div>\n\t<\/div>\n\t\n\t\n\t\t<\/div>\n\t\t\t\t\t<\/div>\n\n\t\n\n\t<div id=\"col-1790880383\" class=\"col medium-4 small-12 large-4\"  >\n\t\t\t\t<div class=\"col-inner\"  >\n\t\t\t\n\t\t\t\n\n\t\t<div class=\"icon-box featured-box icon-box-center text-center\"  >\n\t\t\t\t\t<div class=\"icon-box-img\" style=\"width: 98px\">\n\t\t\t\t<div class=\"icon\">\n\t\t\t\t\t<div class=\"icon-inner\" >\n\t\t\t\t\t\t<img loading=\"lazy\" decoding=\"async\" width=\"200\" height=\"200\" src=\"https:\/\/sinkwithfaucet.com\/wp-content\/uploads\/2024\/10\/customer-service-fill.png\" class=\"attachment-medium size-medium\" alt=\"servicii pentru clien\u021bi\" srcset=\"https:\/\/sinkwithfaucet.com\/wp-content\/uploads\/2024\/10\/customer-service-fill.png 200w, https:\/\/sinkwithfaucet.com\/wp-content\/uploads\/2024\/10\/customer-service-fill-150x150.png 150w, https:\/\/sinkwithfaucet.com\/wp-content\/uploads\/2024\/10\/customer-service-fill-12x12.png 12w, https:\/\/sinkwithfaucet.com\/wp-content\/uploads\/2024\/10\/customer-service-fill-100x100.png 100w\" sizes=\"auto, (max-width: 200px) 100vw, 200px\" title=\"\">\t\t\t\t\t<\/div>\n\t\t\t\t<\/div>\n\t\t\t<\/div>\n\t\t\t\t<div class=\"icon-box-text last-reset\">\n\t\t\t\t\t\t\t\t\t\n<h3><strong>Servicii excelente pentru clien\u021bi<\/strong><\/h3>\n<p>Echipa noastr\u0103 dedicat\u0103 v\u0103 ajut\u0103 \u00eentotdeauna cu \u00eentreb\u0103rile dvs. \u0219i v\u0103 ofer\u0103 asisten\u021b\u0103 personalizat\u0103.<\/p>\n\t\t<\/div>\n\t<\/div>\n\t\n\t\n\t\t<\/div>\n\t\t\t\t\t<\/div>\n\n\t\n<\/div>\n\t\t<\/div>\n\n\t\t\n<style>\n#section_783401036 {\n  padding-top: 30px;\n  padding-bottom: 30px;\n  background-color: rgb(240, 252, 249);\n}\n<\/style>\n\t<\/section>","protected":false},"excerpt":{"rendered":"","protected":false},"author":3,"featured_media":2165,"parent":0,"menu_order":0,"comment_status":"closed","ping_status":"closed","template":"page-blank.php","meta":{"footnotes":""},"class_list":["post-25","page","type-page","status-publish","has-post-thumbnail","hentry"],"_links":{"self":[{"href":"https:\/\/sinkwithfaucet.com\/ro\/wp-json\/wp\/v2\/pages\/25","targetHints":{"allow":["GET"]}}],"collection":[{"href":"https:\/\/sinkwithfaucet.com\/ro\/wp-json\/wp\/v2\/pages"}],"about":[{"href":"https:\/\/sinkwithfaucet.com\/ro\/wp-json\/wp\/v2\/types\/page"}],"author":[{"embeddable":true,"href":"https:\/\/sinkwithfaucet.com\/ro\/wp-json\/wp\/v2\/users\/3"}],"replies":[{"embeddable":true,"href":"https:\/\/sinkwithfaucet.com\/ro\/wp-json\/wp\/v2\/comments?post=25"}],"version-history":[{"count":38,"href":"https:\/\/sinkwithfaucet.com\/ro\/wp-json\/wp\/v2\/pages\/25\/revisions"}],"predecessor-version":[{"id":2726,"href":"https:\/\/sinkwithfaucet.com\/ro\/wp-json\/wp\/v2\/pages\/25\/revisions\/2726"}],"wp:featuredmedia":[{"embeddable":true,"href":"https:\/\/sinkwithfaucet.com\/ro\/wp-json\/wp\/v2\/media\/2165"}],"wp:attachment":[{"href":"https:\/\/sinkwithfaucet.com\/ro\/wp-json\/wp\/v2\/media?parent=25"}],"curies":[{"name":"wp","href":"https:\/\/api.w.org\/{rel}","templated":true}]}}