{"id":2665,"date":"2024-11-11T10:29:22","date_gmt":"2024-11-11T10:29:22","guid":{"rendered":"https:\/\/sinkwithfaucet.com\/?post_type=product&#038;p=2665"},"modified":"2024-11-11T10:29:22","modified_gmt":"2024-11-11T10:29:22","slug":"modern-sink-faucet-1008","status":"publish","type":"product","link":"https:\/\/sinkwithfaucet.com\/pt\/modern-sink-faucet-1008\/","title":{"rendered":"Torneira de lavat\u00f3rio moderna 1008"},"content":{"rendered":"<h2 data-sourcepos=\"1:1-1:52\">Torneiras de lavat\u00f3rio modernas: Uma mistura de forma e fun\u00e7\u00e3o<\/h2>\n<p data-sourcepos=\"3:1-3:211\">Uma torneira de lava-loi\u00e7a moderna \u00e9 mais do que uma simples pe\u00e7a de canaliza\u00e7\u00e3o funcional. \u00c9 uma afirma\u00e7\u00e3o de design que pode elevar a est\u00e9tica da sua cozinha ou casa de banho. Eis algumas das principais carater\u00edsticas das torneiras de lavat\u00f3rio modernas:<\/p>\n<h3 data-sourcepos=\"5:1-5:40\">Carater\u00edsticas principais das torneiras de lavat\u00f3rio modernas:<\/h3>\n<ul data-sourcepos=\"7:1-13:0\">\n<li data-sourcepos=\"7:1-7:87\"><strong>Design minimalista:<\/strong> Linhas limpas, formas simples e uma concentra\u00e7\u00e3o nos elementos essenciais.<\/li>\n<li data-sourcepos=\"8:1-8:87\"><strong>Acabamentos elegantes:<\/strong> Os acabamentos mais populares incluem preto mate, n\u00edquel escovado e cromado.<\/li>\n<li data-sourcepos=\"9:1-9:65\"><strong>Bicos de arco alto:<\/strong> Permite encher facilmente recipientes altos.<\/li>\n<li data-sourcepos=\"10:1-10:72\"><strong>Pulverizadores de abertura ou de fecho:<\/strong> Oferecer flexibilidade e comodidade.<\/li>\n<li data-sourcepos=\"11:1-11:70\"><strong>Tecnologia sem contacto:<\/strong> Funcionamento sem m\u00e3os para uma melhor higiene.<\/li>\n<li data-sourcepos=\"12:1-13:0\"><strong>Conce\u00e7\u00e3o eficiente em termos de \u00e1gua:<\/strong> Reduzir o consumo de \u00e1gua sem comprometer o desempenho.<\/li>\n<\/ul>\n<h3 data-sourcepos=\"14:1-14:33\">Tipos de torneiras de lavat\u00f3rio modernas:<\/h3>\n<ul data-sourcepos=\"16:1-20:0\">\n<li data-sourcepos=\"16:1-16:104\"><strong>Torneiras de um s\u00f3 man\u00edpulo:<\/strong> F\u00e1cil de utilizar com uma \u00fanica alavanca para controlar a temperatura e o caudal da \u00e1gua.<\/li>\n<li data-sourcepos=\"17:1-17:70\"><strong>Torneiras de dois man\u00edpulos:<\/strong> Oferecem um controlo preciso da \u00e1gua quente e fria.<\/li>\n<li data-sourcepos=\"18:1-18:86\"><strong>Torneiras de ponte:<\/strong> Um estilo cl\u00e1ssico com duas pegas separadas ligadas por uma ponte.<\/li>\n<li data-sourcepos=\"19:1-20:0\"><strong>Torneiras de parede:<\/strong> Crie um visual minimalista e contempor\u00e2neo.<\/li>\n<\/ul>\n<h3 data-sourcepos=\"21:1-21:59\">Factores a considerar na escolha de uma torneira de lavat\u00f3rio moderna:<\/h3>\n<ul data-sourcepos=\"23:1-29:0\">\n<li data-sourcepos=\"23:1-23:85\"><strong>Estilo:<\/strong> Escolha um estilo que complemente o design geral da sua cozinha ou casa de banho.<\/li>\n<li data-sourcepos=\"24:1-24:72\"><strong>Acabamento:<\/strong> Selecione um acabamento que seja dur\u00e1vel e que combine com as suas ferragens.<\/li>\n<li data-sourcepos=\"25:1-25:88\"><strong>Funcionalidade:<\/strong> Considere carater\u00edsticas como um pulverizador de puxar para baixo ou tecnologia sem contacto.<\/li>\n<li data-sourcepos=\"26:1-26:78\"><strong>Press\u00e3o da \u00e1gua:<\/strong> Certifique-se de que a torneira tem capacidade para suportar a press\u00e3o da \u00e1gua da sua casa.<\/li>\n<li data-sourcepos=\"27:1-27:99\"><strong>Instala\u00e7\u00e3o:<\/strong> Escolha uma torneira que seja f\u00e1cil de instalar ou consulte um canalizador profissional.<\/li>\n<li data-sourcepos=\"28:1-29:0\"><strong>Or\u00e7amento:<\/strong> Defina um or\u00e7amento e pesquise op\u00e7\u00f5es dentro do seu intervalo de pre\u00e7os.<\/li>\n<\/ul>\n<p data-sourcepos=\"30:1-30:137\">Ao considerar cuidadosamente estes factores, pode selecionar uma torneira de lavat\u00f3rio moderna que ir\u00e1 melhorar o estilo e a funcionalidade do seu espa\u00e7o.<\/p>","protected":false},"excerpt":{"rendered":"<table style=\"height: 407px;\" width=\"704\">\n<tbody>\n<tr>\n<td width=\"808\">1 Dimens\u00f5es gerais da torneira<\/td>\n<td width=\"1177\">300*225mm<\/td>\n<\/tr>\n<tr>\n<td width=\"808\">2 Peso l\u00edquido da torneira<\/td>\n<td width=\"1177\">2 kg<\/td>\n<\/tr>\n<tr>\n<td width=\"808\">3 Torneira com caixa Peso bruto<\/td>\n<td width=\"1177\">2,5 kg<\/td>\n<\/tr>\n<tr>\n<td width=\"808\">4 Dimens\u00e3o da caixa<\/td>\n<td width=\"1177\">54*32*26mm<\/td>\n<\/tr>\n<tr>\n<td width=\"808\">5 Embalagem<\/td>\n<td width=\"1177\">4PCS\/CTN;10PCS\/CTN;12PCS\/CTN<\/td>\n<\/tr>\n<tr>\n<td width=\"808\">6 Comprimento da mangueira de entrada<\/td>\n<td width=\"1177\">60mm<\/td>\n<\/tr>\n<tr>\n<td width=\"808\">7 Tamanho da porca da linha de \u00e1gua<\/td>\n<td width=\"1177\">3\/8\u2033ou 1\/2\u2033ou 9\/16\u2033<\/td>\n<\/tr>\n<tr>\n<td width=\"808\">8 Tamanho do corte do furo de montagem<\/td>\n<td width=\"1177\">35mm<\/td>\n<\/tr>\n<tr>\n<td width=\"808\">9 Materiais para torneiras<\/td>\n<td width=\"1177\">Inox Premium 304 America Standard sem chumbo<br \/>\na\u00e7o<\/td>\n<\/tr>\n<\/tbody>\n<\/table>","protected":false},"featured_media":2666,"template":"","meta":[],"product_brand":[],"product_cat":[57],"product_tag":[],"class_list":{"0":"post-2665","1":"product","2":"type-product","3":"status-publish","4":"has-post-thumbnail","6":"product_cat-stainless-steel-faucet","8":"first","9":"instock","10":"shipping-taxable","11":"product-type-simple"},"_links":{"self":[{"href":"https:\/\/sinkwithfaucet.com\/pt\/wp-json\/wp\/v2\/product\/2665","targetHints":{"allow":["GET"]}}],"collection":[{"href":"https:\/\/sinkwithfaucet.com\/pt\/wp-json\/wp\/v2\/product"}],"about":[{"href":"https:\/\/sinkwithfaucet.com\/pt\/wp-json\/wp\/v2\/types\/product"}],"wp:featuredmedia":[{"embeddable":true,"href":"https:\/\/sinkwithfaucet.com\/pt\/wp-json\/wp\/v2\/media\/2666"}],"wp:attachment":[{"href":"https:\/\/sinkwithfaucet.com\/pt\/wp-json\/wp\/v2\/media?parent=2665"}],"wp:term":[{"taxonomy":"product_brand","embeddable":true,"href":"https:\/\/sinkwithfaucet.com\/pt\/wp-json\/wp\/v2\/product_brand?post=2665"},{"taxonomy":"product_cat","embeddable":true,"href":"https:\/\/sinkwithfaucet.com\/pt\/wp-json\/wp\/v2\/product_cat?post=2665"},{"taxonomy":"product_tag","embeddable":true,"href":"https:\/\/sinkwithfaucet.com\/pt\/wp-json\/wp\/v2\/product_tag?post=2665"}],"curies":[{"name":"wp","href":"https:\/\/api.w.org\/{rel}","templated":true}]}}