{"id":2662,"date":"2024-11-11T10:24:59","date_gmt":"2024-11-11T10:24:59","guid":{"rendered":"https:\/\/sinkwithfaucet.com\/?post_type=product&#038;p=2662"},"modified":"2024-11-11T10:24:59","modified_gmt":"2024-11-11T10:24:59","slug":"single-hole-kitchen-sink-faucet-1203","status":"publish","type":"product","link":"https:\/\/sinkwithfaucet.com\/pt\/single-hole-kitchen-sink-faucet-1203\/","title":{"rendered":"Torneira de furo \u00fanico para lavat\u00f3rio de cozinha 1203"},"content":{"rendered":"<p data-sourcepos=\"1:1-1:198\">Uma torneira de lavat\u00f3rio de cozinha de furo \u00fanico \u00e9 uma escolha popular para cozinhas modernas devido ao seu design elegante e minimalista. Foi concebida para encaixar num \u00fanico orif\u00edcio na sua bancada, tornando a instala\u00e7\u00e3o muito f\u00e1cil.<\/p>\n<h2 data-sourcepos=\"3:1-3:48\">Carater\u00edsticas principais das torneiras de furo \u00fanico para lavat\u00f3rio de cozinha:<\/h2>\n<ul data-sourcepos=\"5:1-10:0\">\n<li data-sourcepos=\"5:1-5:81\"><strong>Design elegante:<\/strong> O design de furo \u00fanico cria um visual limpo e contempor\u00e2neo.<\/li>\n<li data-sourcepos=\"6:1-6:66\"><strong>Instala\u00e7\u00e3o f\u00e1cil:<\/strong> Simples de instalar, especialmente para quem faz bricolage.<\/li>\n<li data-sourcepos=\"7:1-7:119\"><strong>Variedade de estilos:<\/strong> Dispon\u00edvel em v\u00e1rios estilos, do moderno ao tradicional, para se adaptar a diferentes est\u00e9ticas de cozinha.<\/li>\n<li data-sourcepos=\"8:1-8:111\"><strong>Durabilidade:<\/strong> Fabricado com materiais de alta qualidade, como lat\u00e3o e a\u00e7o inoxid\u00e1vel, para um desempenho duradouro.<\/li>\n<li data-sourcepos=\"9:1-10:0\"><strong>Manuten\u00e7\u00e3o f\u00e1cil:<\/strong> Simples de limpar e manter.<\/li>\n<\/ul>\n<h2 data-sourcepos=\"11:1-11:41\">Tipos de torneiras de pia de cozinha de furo \u00fanico:<\/h2>\n<ul data-sourcepos=\"13:1-16:0\">\n<li data-sourcepos=\"13:1-13:108\"><strong>Torneiras de um s\u00f3 man\u00edpulo:<\/strong> Permite controlar facilmente a temperatura e o caudal da \u00e1gua com uma \u00fanica alavanca.<\/li>\n<li data-sourcepos=\"14:1-14:106\"><strong>Torneiras de encastrar:<\/strong> Apresentam um bico flex\u00edvel que pode ser puxado para baixo para maior alcance e versatilidade.<\/li>\n<li data-sourcepos=\"15:1-16:0\"><strong>Torneiras sem contacto:<\/strong> Proporciona um funcionamento sem m\u00e3os para uma melhor higiene.<\/li>\n<\/ul>\n<h2 data-sourcepos=\"17:1-17:59\">Factores a considerar na escolha de uma torneira de um s\u00f3 furo:<\/h2>\n<ul data-sourcepos=\"19:1-23:0\">\n<li data-sourcepos=\"19:1-19:114\"><strong>Altura do bico:<\/strong> Certifique-se de que a altura da bica \u00e9 adequada \u00e0 profundidade do seu lava-loi\u00e7a e ao tamanho das panelas e frigideiras que utiliza.<\/li>\n<li data-sourcepos=\"20:1-20:116\"><strong>Acabamento:<\/strong> Escolha um acabamento que complemente o estilo da sua cozinha, como o cromado, o n\u00edquel escovado ou o preto mate.<\/li>\n<li data-sourcepos=\"21:1-21:78\"><strong>Press\u00e3o da \u00e1gua:<\/strong> Certifique-se de que a torneira tem capacidade para suportar a press\u00e3o da \u00e1gua da sua casa.<\/li>\n<li data-sourcepos=\"22:1-23:0\"><strong>Instala\u00e7\u00e3o:<\/strong> Considere o m\u00e9todo de instala\u00e7\u00e3o e as liga\u00e7\u00f5es de canaliza\u00e7\u00e3o necess\u00e1rias.<\/li>\n<\/ul>\n<p data-sourcepos=\"24:1-24:147\">Se considerar cuidadosamente estes factores, pode selecionar uma torneira de cozinha de furo \u00fanico que melhore a funcionalidade e o estilo da sua cozinha.<\/p>","protected":false},"excerpt":{"rendered":"<table style=\"height: 407px;\" width=\"704\">\n<tbody>\n<tr>\n<td width=\"808\">1 Dimens\u00f5es gerais da torneira<\/td>\n<td width=\"1177\">380*225mm<\/td>\n<\/tr>\n<tr>\n<td width=\"808\">2 Peso l\u00edquido da torneira<\/td>\n<td width=\"1177\">2 kg<\/td>\n<\/tr>\n<tr>\n<td width=\"808\">3 Torneira com caixa Peso bruto<\/td>\n<td width=\"1177\">2,5 kg<\/td>\n<\/tr>\n<tr>\n<td width=\"808\">4 Dimens\u00e3o da caixa<\/td>\n<td width=\"1177\">54*32*26mm<\/td>\n<\/tr>\n<tr>\n<td width=\"808\">5 Embalagem<\/td>\n<td width=\"1177\">4PCS\/CTN;10PCS\/CTN;12PCS\/CTN<\/td>\n<\/tr>\n<tr>\n<td width=\"808\">6 Comprimento da mangueira de entrada<\/td>\n<td width=\"1177\">60mm<\/td>\n<\/tr>\n<tr>\n<td width=\"808\">7 Tamanho da porca da linha de \u00e1gua<\/td>\n<td width=\"1177\">3\/8\u2033ou 1\/2\u2033ou 9\/16\u2033<\/td>\n<\/tr>\n<tr>\n<td width=\"808\">8 Tamanho do corte do furo de montagem<\/td>\n<td width=\"1177\">35mm<\/td>\n<\/tr>\n<tr>\n<td width=\"808\">9 Materiais para torneiras<\/td>\n<td width=\"1177\">Inox Premium 304 America Standard sem chumbo<br \/>\na\u00e7o<\/td>\n<\/tr>\n<\/tbody>\n<\/table>","protected":false},"featured_media":2663,"template":"","meta":[],"product_brand":[],"product_cat":[57],"product_tag":[],"class_list":{"0":"post-2662","1":"product","2":"type-product","3":"status-publish","4":"has-post-thumbnail","6":"product_cat-stainless-steel-faucet","8":"first","9":"instock","10":"shipping-taxable","11":"product-type-simple"},"_links":{"self":[{"href":"https:\/\/sinkwithfaucet.com\/pt\/wp-json\/wp\/v2\/product\/2662","targetHints":{"allow":["GET"]}}],"collection":[{"href":"https:\/\/sinkwithfaucet.com\/pt\/wp-json\/wp\/v2\/product"}],"about":[{"href":"https:\/\/sinkwithfaucet.com\/pt\/wp-json\/wp\/v2\/types\/product"}],"wp:featuredmedia":[{"embeddable":true,"href":"https:\/\/sinkwithfaucet.com\/pt\/wp-json\/wp\/v2\/media\/2663"}],"wp:attachment":[{"href":"https:\/\/sinkwithfaucet.com\/pt\/wp-json\/wp\/v2\/media?parent=2662"}],"wp:term":[{"taxonomy":"product_brand","embeddable":true,"href":"https:\/\/sinkwithfaucet.com\/pt\/wp-json\/wp\/v2\/product_brand?post=2662"},{"taxonomy":"product_cat","embeddable":true,"href":"https:\/\/sinkwithfaucet.com\/pt\/wp-json\/wp\/v2\/product_cat?post=2662"},{"taxonomy":"product_tag","embeddable":true,"href":"https:\/\/sinkwithfaucet.com\/pt\/wp-json\/wp\/v2\/product_tag?post=2662"}],"curies":[{"name":"wp","href":"https:\/\/api.w.org\/{rel}","templated":true}]}}