{"id":2656,"date":"2024-11-11T10:04:28","date_gmt":"2024-11-11T10:04:28","guid":{"rendered":"https:\/\/sinkwithfaucet.com\/?post_type=product&#038;p=2656"},"modified":"2024-11-11T10:10:09","modified_gmt":"2024-11-11T10:10:09","slug":"single-lever-kitchen-faucet-1005","status":"publish","type":"product","link":"https:\/\/sinkwithfaucet.com\/pt\/single-lever-kitchen-faucet-1005\/","title":{"rendered":"Torneira de cozinha monocomando 1005"},"content":{"rendered":"<h2 data-sourcepos=\"1:1-1:49\">Torneiras de cozinha de alavanca \u00fanica: Um cl\u00e1ssico moderno<\/h2>\n<p data-sourcepos=\"3:1-3:124\">As torneiras de cozinha monocomando tornaram-se uma escolha popular pelo seu design elegante, facilidade de utiliza\u00e7\u00e3o e controlo eficiente da \u00e1gua.<\/p>\n<p data-sourcepos=\"5:1-5:18\"><strong>Como funcionam:<\/strong><\/p>\n<p data-sourcepos=\"7:1-7:213\">Uma torneira de alavanca \u00fanica utiliza um \u00fanico man\u00edpulo para controlar a temperatura e o caudal da \u00e1gua. Movendo o man\u00edpulo para cima e para baixo, ajusta-se a temperatura da \u00e1gua, enquanto movendo-o de um lado para o outro se controla o caudal da \u00e1gua.<\/p>\n<p data-sourcepos=\"9:1-9:49\"><strong>Principais vantagens das torneiras de cozinha de alavanca \u00fanica:<\/strong><\/p>\n<ul data-sourcepos=\"11:1-16:0\">\n<li data-sourcepos=\"11:1-11:88\"><strong>Facilidade de utiliza\u00e7\u00e3o:<\/strong> Uma \u00fanica pega facilita a regula\u00e7\u00e3o da temperatura e do caudal da \u00e1gua.<\/li>\n<li data-sourcepos=\"12:1-12:80\"><strong>Design elegante:<\/strong> O design minimalista complementa a est\u00e9tica das cozinhas modernas.<\/li>\n<li data-sourcepos=\"13:1-13:136\"><strong>Efici\u00eancia h\u00eddrica:<\/strong> Muitas torneiras monocomando t\u00eam certifica\u00e7\u00e3o WaterSense, o que significa que utilizam menos \u00e1gua sem sacrificar o desempenho.<\/li>\n<li data-sourcepos=\"14:1-14:117\"><strong>Durabilidade:<\/strong> Fabricado com materiais de alta qualidade, como lat\u00e3o e a\u00e7o inoxid\u00e1vel, garantindo um desempenho duradouro.<\/li>\n<li data-sourcepos=\"15:1-16:0\"><strong>Variedade de estilos:<\/strong> Dispon\u00edvel em v\u00e1rios acabamentos, do cromado ao preto mate, para se adaptar a diferentes prefer\u00eancias.<\/li>\n<\/ul>\n<p data-sourcepos=\"17:1-17:60\"><strong>Factores a considerar na escolha de uma torneira de alavanca \u00fanica:<\/strong><\/p>\n<ul data-sourcepos=\"19:1-24:0\">\n<li data-sourcepos=\"19:1-19:102\"><strong>Altura do bico:<\/strong> Considere a altura do seu lava-loi\u00e7a e o espa\u00e7o necess\u00e1rio para tachos e panelas grandes.<\/li>\n<li data-sourcepos=\"20:1-20:88\"><strong>Cabe\u00e7a de pulveriza\u00e7\u00e3o:<\/strong> Uma cabe\u00e7a de pulveriza\u00e7\u00e3o extra\u00edvel ou extra\u00edvel oferece flexibilidade e comodidade.<\/li>\n<li data-sourcepos=\"21:1-21:83\"><strong>Acabamento:<\/strong> Escolha um acabamento que seja dur\u00e1vel e que complemente o estilo da sua cozinha.<\/li>\n<li data-sourcepos=\"22:1-22:78\"><strong>Press\u00e3o da \u00e1gua:<\/strong> Certifique-se de que a torneira tem capacidade para suportar a press\u00e3o da \u00e1gua da sua casa.<\/li>\n<li data-sourcepos=\"23:1-24:0\"><strong>Instala\u00e7\u00e3o:<\/strong> Considere o tipo de instala\u00e7\u00e3o, quer se trate de uma torneira para montagem no conv\u00e9s ou na parede.<\/li>\n<\/ul>\n<p data-sourcepos=\"25:1-25:148\">Se considerar cuidadosamente estes factores, pode selecionar uma torneira de cozinha monocomando que melhore a funcionalidade e o estilo da sua cozinha.<\/p>","protected":false},"excerpt":{"rendered":"<table style=\"height: 407px;\" width=\"704\">\n<tbody>\n<tr>\n<td width=\"808\">1 Dimens\u00f5es gerais da torneira<\/td>\n<td width=\"1177\">380*225mm<\/td>\n<\/tr>\n<tr>\n<td width=\"808\">2 Peso l\u00edquido da torneira<\/td>\n<td width=\"1177\">2,5 kg<\/td>\n<\/tr>\n<tr>\n<td width=\"808\">3 Torneira com caixa Peso bruto<\/td>\n<td width=\"1177\">2,8 kg<\/td>\n<\/tr>\n<tr>\n<td width=\"808\">4 Dimens\u00e3o da caixa<\/td>\n<td width=\"1177\">54*32*26mm<\/td>\n<\/tr>\n<tr>\n<td width=\"808\">5 Embalagem<\/td>\n<td width=\"1177\">4PCS\/CTN;10PCS\/CTN;12PCS\/CTN<\/td>\n<\/tr>\n<tr>\n<td width=\"808\">6 Comprimento da mangueira de entrada<\/td>\n<td width=\"1177\">60mm<\/td>\n<\/tr>\n<tr>\n<td width=\"808\">7 Tamanho da porca da linha de \u00e1gua<\/td>\n<td width=\"1177\">3\/8\u2033ou 1\/2\u2033ou 9\/16\u2033<\/td>\n<\/tr>\n<tr>\n<td width=\"808\">8 Tamanho do corte do furo de montagem<\/td>\n<td width=\"1177\">35mm<\/td>\n<\/tr>\n<tr>\n<td width=\"808\">9 Materiais para torneiras<\/td>\n<td width=\"1177\">Inox Premium 304 America Standard sem chumbo<br \/>\na\u00e7o<\/td>\n<\/tr>\n<\/tbody>\n<\/table>","protected":false},"featured_media":2657,"template":"","meta":[],"product_brand":[],"product_cat":[57],"product_tag":[],"class_list":{"0":"post-2656","1":"product","2":"type-product","3":"status-publish","4":"has-post-thumbnail","6":"product_cat-stainless-steel-faucet","8":"first","9":"instock","10":"shipping-taxable","11":"product-type-simple"},"_links":{"self":[{"href":"https:\/\/sinkwithfaucet.com\/pt\/wp-json\/wp\/v2\/product\/2656","targetHints":{"allow":["GET"]}}],"collection":[{"href":"https:\/\/sinkwithfaucet.com\/pt\/wp-json\/wp\/v2\/product"}],"about":[{"href":"https:\/\/sinkwithfaucet.com\/pt\/wp-json\/wp\/v2\/types\/product"}],"wp:featuredmedia":[{"embeddable":true,"href":"https:\/\/sinkwithfaucet.com\/pt\/wp-json\/wp\/v2\/media\/2657"}],"wp:attachment":[{"href":"https:\/\/sinkwithfaucet.com\/pt\/wp-json\/wp\/v2\/media?parent=2656"}],"wp:term":[{"taxonomy":"product_brand","embeddable":true,"href":"https:\/\/sinkwithfaucet.com\/pt\/wp-json\/wp\/v2\/product_brand?post=2656"},{"taxonomy":"product_cat","embeddable":true,"href":"https:\/\/sinkwithfaucet.com\/pt\/wp-json\/wp\/v2\/product_cat?post=2656"},{"taxonomy":"product_tag","embeddable":true,"href":"https:\/\/sinkwithfaucet.com\/pt\/wp-json\/wp\/v2\/product_tag?post=2656"}],"curies":[{"name":"wp","href":"https:\/\/api.w.org\/{rel}","templated":true}]}}