{"id":2650,"date":"2024-11-11T09:47:41","date_gmt":"2024-11-11T09:47:41","guid":{"rendered":"https:\/\/sinkwithfaucet.com\/?post_type=product&#038;p=2650"},"modified":"2024-11-11T09:50:38","modified_gmt":"2024-11-11T09:50:38","slug":"commercial-sink-faucet-1101","status":"publish","type":"product","link":"https:\/\/sinkwithfaucet.com\/pt\/commercial-sink-faucet-1101\/","title":{"rendered":"Torneira de lavat\u00f3rio comercial 1101"},"content":{"rendered":"<h2 data-sourcepos=\"1:1-1:61\">Torneiras de lavat\u00f3rio comerciais: Um guia para escolher o mais adequado<\/h2>\n<p data-sourcepos=\"3:1-3:194\">As torneiras para lava-loi\u00e7as comerciais s\u00e3o concebidas para suportar uma utiliza\u00e7\u00e3o intensa, \u00e1gua a alta press\u00e3o e produtos qu\u00edmicos de limpeza agressivos. S\u00e3o constru\u00eddas para durar e proporcionar um desempenho fi\u00e1vel em ambientes exigentes.<\/p>\n<h3 data-sourcepos=\"5:1-5:43\">Principais carater\u00edsticas das torneiras para lavat\u00f3rios comerciais<\/h3>\n<ul data-sourcepos=\"7:1-12:0\">\n<li data-sourcepos=\"7:1-7:88\"><strong>Durabilidade:<\/strong> Constru\u00eddo com materiais de alta qualidade, como lat\u00e3o ou a\u00e7o inoxid\u00e1vel.<\/li>\n<li data-sourcepos=\"8:1-8:78\"><strong>Caudal elevado:<\/strong> Proporciona um fluxo de \u00e1gua potente para uma limpeza eficaz.<\/li>\n<li data-sourcepos=\"9:1-9:51\"><strong>Manuten\u00e7\u00e3o f\u00e1cil:<\/strong> Simples de limpar e reparar.<\/li>\n<li data-sourcepos=\"10:1-10:89\"><strong>Variedade de estilos:<\/strong> Dispon\u00edvel em diferentes estilos para combinar com a est\u00e9tica da sua cozinha.<\/li>\n<li data-sourcepos=\"11:1-12:0\"><strong>Carater\u00edsticas especiais:<\/strong> Algumas torneiras oferecem carater\u00edsticas adicionais como pulverizadores, controlos de temperatura e funcionamento sem contacto.<\/li>\n<\/ul>\n<h3 data-sourcepos=\"13:1-13:36\">Tipos de torneiras para lavat\u00f3rios comerciais<\/h3>\n<ol data-sourcepos=\"15:1-34:0\">\n<li data-sourcepos=\"15:1-18:3\">\n<p data-sourcepos=\"15:4-15:28\"><strong>Torneiras de parede:<\/strong><\/p>\n<ul data-sourcepos=\"16:4-18:3\">\n<li data-sourcepos=\"16:4-16:45\">Ideal para uma limpeza e manuten\u00e7\u00e3o f\u00e1ceis.<\/li>\n<li data-sourcepos=\"17:4-18:3\">Oferece flexibilidade na coloca\u00e7\u00e3o e no design.<\/li>\n<\/ul>\n<\/li>\n<li data-sourcepos=\"19:1-22:3\">\n<p data-sourcepos=\"19:4-19:28\"><strong>Torneiras de ch\u00e3o:<\/strong><\/p>\n<ul data-sourcepos=\"20:4-22:3\">\n<li data-sourcepos=\"20:4-20:42\">Instalado diretamente sobre a bancada.<\/li>\n<li data-sourcepos=\"21:4-22:3\">Dispon\u00edvel em v\u00e1rias configura\u00e7\u00f5es, incluindo modelos de man\u00edpulo simples e de man\u00edpulo duplo.<\/li>\n<\/ul>\n<\/li>\n<li data-sourcepos=\"23:1-26:3\">\n<p data-sourcepos=\"23:4-23:25\"><strong>Torneiras Gooseneck:<\/strong><\/p>\n<ul data-sourcepos=\"24:4-26:3\">\n<li data-sourcepos=\"24:4-24:70\">Possui um bico de arco alto para facilitar o acesso a tachos e panelas grandes.<\/li>\n<li data-sourcepos=\"25:4-26:3\">Frequentemente utilizados em cozinhas comerciais devido \u00e0 sua versatilidade.<\/li>\n<\/ul>\n<\/li>\n<li data-sourcepos=\"27:1-30:3\">\n<p data-sourcepos=\"27:4-27:25\"><strong>Torneiras de pr\u00e9-enxaguamento:<\/strong><\/p>\n<ul data-sourcepos=\"28:4-30:3\">\n<li data-sourcepos=\"28:4-28:85\">Concebido para tarefas de limpeza pesadas, tais como enxaguar os restos de comida da loi\u00e7a.<\/li>\n<li data-sourcepos=\"29:4-30:3\">Normalmente, possui uma cabe\u00e7a de pulveriza\u00e7\u00e3o de alta press\u00e3o.<\/li>\n<\/ul>\n<\/li>\n<li data-sourcepos=\"31:1-34:0\">\n<p data-sourcepos=\"31:4-31:25\"><strong>Torneiras sem contacto:<\/strong><\/p>\n<ul data-sourcepos=\"32:4-34:0\">\n<li data-sourcepos=\"32:4-32:81\">Promove a higiene ao eliminar a necessidade de contacto manual com a torneira.<\/li>\n<li data-sourcepos=\"33:4-34:0\">Ideal para \u00e1reas com muito movimento, como cozinhas comerciais e casas de banho.<\/li>\n<\/ul>\n<\/li>\n<\/ol>\n<p data-sourcepos=\"44:1-44:135\">Se considerar cuidadosamente estes factores, pode selecionar a torneira de lavat\u00f3rio comercial perfeita para satisfazer as necessidades espec\u00edficas da sua empresa.<\/p>","protected":false},"excerpt":{"rendered":"<h3 data-sourcepos=\"35:1-35:62\">Factores a considerar na escolha de uma torneira de lavat\u00f3rio comercial<\/h3>\n<ul data-sourcepos=\"37:1-43:0\">\n<li data-sourcepos=\"37:1-37:94\"><strong>Caudal:<\/strong> Certifique-se de que a torneira tem o caudal de \u00e1gua necess\u00e1rio para as suas necessidades espec\u00edficas.<\/li>\n<li data-sourcepos=\"38:1-38:96\"><strong>Durabilidade:<\/strong> Escolha uma torneira feita de materiais de alta qualidade que possam suportar uma utiliza\u00e7\u00e3o intensiva.<\/li>\n<li data-sourcepos=\"39:1-39:79\"><strong>Acabamento:<\/strong> Selecione um acabamento que seja resistente \u00e0 corros\u00e3o e f\u00e1cil de limpar.<\/li>\n<li data-sourcepos=\"40:1-40:91\"><strong>Instala\u00e7\u00e3o:<\/strong> Considere o m\u00e9todo de instala\u00e7\u00e3o e as liga\u00e7\u00f5es de canaliza\u00e7\u00e3o necess\u00e1rias.<\/li>\n<li data-sourcepos=\"41:1-41:97\"><strong>Manuten\u00e7\u00e3o:<\/strong> Procure torneiras com pe\u00e7as f\u00e1ceis de substituir e procedimentos de manuten\u00e7\u00e3o simples.<\/li>\n<li data-sourcepos=\"42:1-43:0\"><strong>Conformidade com o c\u00f3digo:<\/strong> Certifique-se de que a torneira est\u00e1 em conformidade com os c\u00f3digos e regulamentos de canaliza\u00e7\u00e3o locais.<\/li>\n<\/ul>","protected":false},"featured_media":2651,"template":"","meta":[],"product_brand":[],"product_cat":[57],"product_tag":[],"class_list":{"0":"post-2650","1":"product","2":"type-product","3":"status-publish","4":"has-post-thumbnail","6":"product_cat-stainless-steel-faucet","8":"first","9":"instock","10":"shipping-taxable","11":"product-type-simple"},"_links":{"self":[{"href":"https:\/\/sinkwithfaucet.com\/pt\/wp-json\/wp\/v2\/product\/2650","targetHints":{"allow":["GET"]}}],"collection":[{"href":"https:\/\/sinkwithfaucet.com\/pt\/wp-json\/wp\/v2\/product"}],"about":[{"href":"https:\/\/sinkwithfaucet.com\/pt\/wp-json\/wp\/v2\/types\/product"}],"wp:featuredmedia":[{"embeddable":true,"href":"https:\/\/sinkwithfaucet.com\/pt\/wp-json\/wp\/v2\/media\/2651"}],"wp:attachment":[{"href":"https:\/\/sinkwithfaucet.com\/pt\/wp-json\/wp\/v2\/media?parent=2650"}],"wp:term":[{"taxonomy":"product_brand","embeddable":true,"href":"https:\/\/sinkwithfaucet.com\/pt\/wp-json\/wp\/v2\/product_brand?post=2650"},{"taxonomy":"product_cat","embeddable":true,"href":"https:\/\/sinkwithfaucet.com\/pt\/wp-json\/wp\/v2\/product_cat?post=2650"},{"taxonomy":"product_tag","embeddable":true,"href":"https:\/\/sinkwithfaucet.com\/pt\/wp-json\/wp\/v2\/product_tag?post=2650"}],"curies":[{"name":"wp","href":"https:\/\/api.w.org\/{rel}","templated":true}]}}