{"id":2647,"date":"2024-11-11T09:41:51","date_gmt":"2024-11-11T09:41:51","guid":{"rendered":"https:\/\/sinkwithfaucet.com\/?post_type=product&#038;p=2647"},"modified":"2024-11-11T09:41:51","modified_gmt":"2024-11-11T09:41:51","slug":"lead-free-kitchen-faucet-1021","status":"publish","type":"product","link":"https:\/\/sinkwithfaucet.com\/pt\/lead-free-kitchen-faucet-1021\/","title":{"rendered":"Torneira de cozinha sem chumbo 1021"},"content":{"rendered":"<h2 data-sourcepos=\"1:1-1:57\">Torneiras de cozinha sem chumbo: Uma escolha segura para a sua casa<\/h2>\n<p data-sourcepos=\"3:1-3:288\">Uma torneira de cozinha sem chumbo \u00e9 um componente crucial para garantir a seguran\u00e7a e a qualidade da sua \u00e1gua pot\u00e1vel. A exposi\u00e7\u00e3o ao chumbo, especialmente nas crian\u00e7as, pode ter consequ\u00eancias graves para a sa\u00fade. Ao escolher uma torneira sem chumbo, est\u00e1 a dar um passo proactivo para proteger o bem-estar da sua fam\u00edlia.<\/p>\n<h3 data-sourcepos=\"5:1-5:34\">Porqu\u00ea escolher uma torneira sem chumbo?<\/h3>\n<ul data-sourcepos=\"7:1-10:0\">\n<li data-sourcepos=\"7:1-7:152\"><strong>Benef\u00edcios para a sa\u00fade:<\/strong> A exposi\u00e7\u00e3o ao chumbo pode provocar v\u00e1rios problemas de sa\u00fade, incluindo atrasos no desenvolvimento, dificuldades de aprendizagem e problemas comportamentais.<\/li>\n<li data-sourcepos=\"8:1-8:110\"><strong>Conformidade regulamentar:<\/strong> Muitas regi\u00f5es t\u00eam regulamentos rigorosos relativamente ao teor de chumbo nas canaliza\u00e7\u00f5es.<\/li>\n<li data-sourcepos=\"9:1-10:0\"><strong>Paz de esp\u00edrito:<\/strong> O facto de saber que a sua \u00e1gua est\u00e1 isenta de contaminantes nocivos pode tranquiliz\u00e1-lo.<\/li>\n<\/ul>\n<h3 data-sourcepos=\"11:1-11:38\">Como identificar uma torneira sem chumbo<\/h3>\n<p data-sourcepos=\"13:1-13:49\">Procure as seguintes certifica\u00e7\u00f5es e r\u00f3tulos:<\/p>\n<ul data-sourcepos=\"15:1-17:0\">\n<li data-sourcepos=\"15:1-15:102\"><strong>NSF\/ANSI 61:<\/strong> Esta certifica\u00e7\u00e3o garante que a torneira cumpre as normas rigorosas relativas ao teor de chumbo.<\/li>\n<li data-sourcepos=\"16:1-17:0\"><strong>WaterSense:<\/strong> Esta etiqueta indica que a torneira \u00e9 eficiente em termos de consumo de \u00e1gua.<\/li>\n<\/ul>\n<p data-sourcepos=\"25:1-25:119\">Ao fazer uma escolha informada, pode selecionar uma torneira de cozinha sem chumbo que combine estilo, funcionalidade e seguran\u00e7a.<\/p>","protected":false},"excerpt":{"rendered":"<h3 data-sourcepos=\"18:1-18:48\">Escolher uma torneira de cozinha sem chumbo<\/h3>\n<ol data-sourcepos=\"20:1-24:0\">\n<li data-sourcepos=\"20:1-20:125\"><strong>Verificar o material:<\/strong> Opte por torneiras feitas de materiais como o a\u00e7o inoxid\u00e1vel ou o lat\u00e3o, que s\u00e3o inerentemente pobres em chumbo.<\/li>\n<li data-sourcepos=\"21:1-21:99\"><strong>Ler o r\u00f3tulo do produto:<\/strong> Procure informa\u00e7\u00f5es espec\u00edficas sobre o conte\u00fado de chumbo e as certifica\u00e7\u00f5es.<\/li>\n<li data-sourcepos=\"22:1-22:143\"><strong>Considerar o acabamento:<\/strong> Embora o acabamento n\u00e3o tenha um impacto direto no teor de chumbo, pode afetar o aspeto geral e a durabilidade da torneira.<\/li>\n<li data-sourcepos=\"23:1-24:0\"><strong>Escolha uma marca de renome:<\/strong> As marcas de renome d\u00e3o frequentemente prioridade \u00e0 qualidade e \u00e0 seguran\u00e7a.<\/li>\n<\/ol>","protected":false},"featured_media":2648,"template":"","meta":[],"product_brand":[],"product_cat":[57],"product_tag":[],"class_list":{"0":"post-2647","1":"product","2":"type-product","3":"status-publish","4":"has-post-thumbnail","6":"product_cat-stainless-steel-faucet","8":"first","9":"instock","10":"shipping-taxable","11":"product-type-simple"},"_links":{"self":[{"href":"https:\/\/sinkwithfaucet.com\/pt\/wp-json\/wp\/v2\/product\/2647","targetHints":{"allow":["GET"]}}],"collection":[{"href":"https:\/\/sinkwithfaucet.com\/pt\/wp-json\/wp\/v2\/product"}],"about":[{"href":"https:\/\/sinkwithfaucet.com\/pt\/wp-json\/wp\/v2\/types\/product"}],"wp:featuredmedia":[{"embeddable":true,"href":"https:\/\/sinkwithfaucet.com\/pt\/wp-json\/wp\/v2\/media\/2648"}],"wp:attachment":[{"href":"https:\/\/sinkwithfaucet.com\/pt\/wp-json\/wp\/v2\/media?parent=2647"}],"wp:term":[{"taxonomy":"product_brand","embeddable":true,"href":"https:\/\/sinkwithfaucet.com\/pt\/wp-json\/wp\/v2\/product_brand?post=2647"},{"taxonomy":"product_cat","embeddable":true,"href":"https:\/\/sinkwithfaucet.com\/pt\/wp-json\/wp\/v2\/product_cat?post=2647"},{"taxonomy":"product_tag","embeddable":true,"href":"https:\/\/sinkwithfaucet.com\/pt\/wp-json\/wp\/v2\/product_tag?post=2647"}],"curies":[{"name":"wp","href":"https:\/\/api.w.org\/{rel}","templated":true}]}}