{"id":2591,"date":"2024-11-09T06:48:13","date_gmt":"2024-11-09T06:48:13","guid":{"rendered":"https:\/\/sinkwithfaucet.com\/?post_type=product&#038;p=2591"},"modified":"2024-11-09T06:48:13","modified_gmt":"2024-11-09T06:48:13","slug":"single-kitchen-sink-8048l","status":"publish","type":"product","link":"https:\/\/sinkwithfaucet.com\/pt\/single-kitchen-sink-8048l\/","title":{"rendered":"Lava-lou\u00e7a de cozinha simples 8048L"},"content":{"rendered":"<h2 data-sourcepos=\"1:1-1:46\">Lava-lou\u00e7as de cozinha simples: Uma escolha cl\u00e1ssica<\/h2>\n<p data-sourcepos=\"3:1-3:228\"><strong>Lava-loi\u00e7as de cozinha simples<\/strong> s\u00e3o uma escolha popular para muitos propriet\u00e1rios de casas devido \u00e0 sua simplicidade e efici\u00eancia. Oferecem um aspeto limpo e organizado e s\u00e3o perfeitos para cozinhas mais pequenas ou para quem prefere uma est\u00e9tica minimalista.<\/p>\n<p data-sourcepos=\"5:1-5:46\"><strong>Carater\u00edsticas principais dos lava-loi\u00e7as de cozinha simples:<\/strong><\/p>\n<ul data-sourcepos=\"7:1-11:0\">\n<li data-sourcepos=\"7:1-7:83\"><strong>Simples e elegante:<\/strong> Um design cl\u00e1ssico que complementa v\u00e1rios estilos de cozinha.<\/li>\n<li data-sourcepos=\"8:1-8:70\"><strong>Economia de espa\u00e7o:<\/strong> Ideal para cozinhas mais pequenas onde o espa\u00e7o \u00e9 limitado.<\/li>\n<li data-sourcepos=\"9:1-9:91\"><strong>Vers\u00e1til:<\/strong> Pode ser utilizado para uma variedade de tarefas, desde a lavagem de pratos \u00e0 prepara\u00e7\u00e3o de alimentos.<\/li>\n<li data-sourcepos=\"10:1-11:0\"><strong>F\u00e1cil de limpar:<\/strong> Uma bacia \u00fanica e grande \u00e9 f\u00e1cil de manter.<\/li>\n<\/ul>\n<p data-sourcepos=\"12:1-12:39\"><strong>Tipos de lava-loi\u00e7as de cozinha de ta\u00e7a \u00fanica:<\/strong><\/p>\n<ul data-sourcepos=\"14:1-17:0\">\n<li data-sourcepos=\"14:1-14:85\"><strong>Lava-loi\u00e7as de encastrar:<\/strong> Instalado por baixo da bancada para um aspeto elegante e moderno.<\/li>\n<li data-sourcepos=\"15:1-15:93\"><strong>Lava-lou\u00e7as de montagem superior:<\/strong> Instalado em cima da bancada, oferece um aspeto tradicional.<\/li>\n<li data-sourcepos=\"16:1-17:0\"><strong>Lavat\u00f3rios de casa de campo:<\/strong> Lava-loi\u00e7as grandes e profundos com frente em avental, proporcionando um design r\u00fastico e funcional.<\/li>\n<\/ul>\n<p data-sourcepos=\"18:1-18:60\"><strong>Considera\u00e7\u00f5es sobre a escolha de um lava-loi\u00e7a de cozinha de uma s\u00f3 ta\u00e7a:<\/strong><\/p>\n<ul data-sourcepos=\"20:1-24:0\">\n<li data-sourcepos=\"20:1-20:71\"><strong>Tamanho:<\/strong> Escolha um tamanho que se adapte \u00e0 disposi\u00e7\u00e3o da sua cozinha e \u00e0s suas necessidades.<\/li>\n<li data-sourcepos=\"21:1-21:109\"><strong>Material:<\/strong> Selecione um material dur\u00e1vel e f\u00e1cil de limpar, como o a\u00e7o inoxid\u00e1vel, o comp\u00f3sito ou o barro refrat\u00e1rio.<\/li>\n<li data-sourcepos=\"22:1-22:83\"><strong>Profundidade:<\/strong> Considere a profundidade da ta\u00e7a para acomodar tachos e panelas maiores.<\/li>\n<li data-sourcepos=\"23:1-24:0\"><strong>Instala\u00e7\u00e3o:<\/strong> Assegurar uma instala\u00e7\u00e3o correta, quer seja por baixo ou por cima.<\/li>\n<\/ul>\n<p data-sourcepos=\"25:1-25:143\">Se considerar cuidadosamente estes factores, pode selecionar o lava-lou\u00e7a de uma s\u00f3 ta\u00e7a perfeito para melhorar a funcionalidade e o estilo da sua cozinha.<\/p>","protected":false},"excerpt":{"rendered":"<p>Tamanho total: 720*470*210 mm<\/p>\n<p>Tamanho do recorte: 700*450 mm<\/p>\n<p>Material: a\u00e7o inoxid\u00e1vel<\/p>","protected":false},"featured_media":2592,"template":"","meta":[],"product_brand":[],"product_cat":[56],"product_tag":[],"class_list":{"0":"post-2591","1":"product","2":"type-product","3":"status-publish","4":"has-post-thumbnail","6":"product_cat-pressing-kitchen-sink","8":"first","9":"instock","10":"shipping-taxable","11":"product-type-simple"},"_links":{"self":[{"href":"https:\/\/sinkwithfaucet.com\/pt\/wp-json\/wp\/v2\/product\/2591","targetHints":{"allow":["GET"]}}],"collection":[{"href":"https:\/\/sinkwithfaucet.com\/pt\/wp-json\/wp\/v2\/product"}],"about":[{"href":"https:\/\/sinkwithfaucet.com\/pt\/wp-json\/wp\/v2\/types\/product"}],"wp:featuredmedia":[{"embeddable":true,"href":"https:\/\/sinkwithfaucet.com\/pt\/wp-json\/wp\/v2\/media\/2592"}],"wp:attachment":[{"href":"https:\/\/sinkwithfaucet.com\/pt\/wp-json\/wp\/v2\/media?parent=2591"}],"wp:term":[{"taxonomy":"product_brand","embeddable":true,"href":"https:\/\/sinkwithfaucet.com\/pt\/wp-json\/wp\/v2\/product_brand?post=2591"},{"taxonomy":"product_cat","embeddable":true,"href":"https:\/\/sinkwithfaucet.com\/pt\/wp-json\/wp\/v2\/product_cat?post=2591"},{"taxonomy":"product_tag","embeddable":true,"href":"https:\/\/sinkwithfaucet.com\/pt\/wp-json\/wp\/v2\/product_tag?post=2591"}],"curies":[{"name":"wp","href":"https:\/\/api.w.org\/{rel}","templated":true}]}}