{"id":2587,"date":"2024-11-09T06:44:02","date_gmt":"2024-11-09T06:44:02","guid":{"rendered":"https:\/\/sinkwithfaucet.com\/?post_type=product&#038;p=2587"},"modified":"2024-11-09T06:44:03","modified_gmt":"2024-11-09T06:44:03","slug":"double-bowl-farmhouse-sink-7649","status":"publish","type":"product","link":"https:\/\/sinkwithfaucet.com\/pt\/double-bowl-farmhouse-sink-7649\/","title":{"rendered":"Lava-loi\u00e7a de casa de campo de cuba dupla 7649"},"content":{"rendered":"<h2 data-sourcepos=\"1:1-1:63\">Lava-loi\u00e7as de lavat\u00f3rio de cuba dupla: Uma escolha elegante e funcional<\/h2>\n<p data-sourcepos=\"3:1-3:231\">Um lava-loi\u00e7a de lavat\u00f3rio de cuba dupla \u00e9 uma escolha popular para os propriet\u00e1rios que querem uma cozinha elegante e funcional. Este tipo de lava-loi\u00e7a tem duas bacias separadas, muitas vezes com uma frente em avental, proporcionando um espa\u00e7o amplo para v\u00e1rias tarefas de cozinha.<\/p>\n<p data-sourcepos=\"5:1-5:48\"><strong>Carater\u00edsticas principais dos lava-loi\u00e7as de lavandaria de cuba dupla:<\/strong><\/p>\n<ul data-sourcepos=\"7:1-11:0\">\n<li data-sourcepos=\"7:1-7:108\"><strong>Design espa\u00e7oso:<\/strong> Oferece muito espa\u00e7o para lavar a lou\u00e7a, preparar os alimentos e p\u00f4r de molho grandes utens\u00edlios de cozinha.<\/li>\n<li data-sourcepos=\"8:1-8:138\"><strong>Funcionalidade vers\u00e1til:<\/strong> Os dois lavat\u00f3rios permitem a realiza\u00e7\u00e3o de v\u00e1rias tarefas, como lavar a loi\u00e7a num lavat\u00f3rio e preparar os alimentos no outro.<\/li>\n<li data-sourcepos=\"9:1-9:90\"><strong>Est\u00e9tica elegante:<\/strong> A frente em avental confere um aspeto cl\u00e1ssico e intemporal \u00e0 sua cozinha.<\/li>\n<li data-sourcepos=\"10:1-11:0\"><strong>Materiais duradouros:<\/strong> Normalmente, s\u00e3o fabricados em a\u00e7o inoxid\u00e1vel, barro refrat\u00e1rio ou ferro fundido, garantindo um desempenho duradouro.<\/li>\n<\/ul>\n<p data-sourcepos=\"12:1-12:62\"><strong>Considera\u00e7\u00f5es sobre a escolha de um lava-loi\u00e7a de lavandaria de cuba dupla:<\/strong><\/p>\n<ul data-sourcepos=\"14:1-19:0\">\n<li data-sourcepos=\"14:1-14:73\"><strong>Tamanho:<\/strong> Escolha um tamanho que se adapte \u00e0 disposi\u00e7\u00e3o da sua cozinha e \u00e0s suas necessidades.<\/li>\n<li data-sourcepos=\"15:1-15:106\"><strong>Configura\u00e7\u00e3o da ta\u00e7a:<\/strong> Considere o tamanho e a forma das duas ta\u00e7as para satisfazer as suas necessidades espec\u00edficas.<\/li>\n<li data-sourcepos=\"16:1-16:97\"><strong>Material:<\/strong> Selecione um material dur\u00e1vel e f\u00e1cil de limpar, como o a\u00e7o inoxid\u00e1vel ou o barro refrat\u00e1rio.<\/li>\n<li data-sourcepos=\"17:1-17:85\"><strong>Instala\u00e7\u00e3o:<\/strong> Assegurar uma instala\u00e7\u00e3o correta, quer seja por baixo ou por cima.<\/li>\n<li data-sourcepos=\"18:1-19:0\"><strong>Estilo:<\/strong> Escolha um estilo que complemente o design geral da sua cozinha.<\/li>\n<\/ul>\n<p data-sourcepos=\"20:1-20:145\">Ao considerar cuidadosamente estes factores, pode selecionar o lava-loi\u00e7a de lavandaria de cuba dupla perfeito para melhorar a funcionalidade e o estilo da sua cozinha.<\/p>","protected":false},"excerpt":{"rendered":"<p>Tamanho total: 1500*500*180 mm<\/p>\n<p>Tamanho do recorte: 1480*480 mm<\/p>\n<p>Material: a\u00e7o inoxid\u00e1vel<\/p>","protected":false},"featured_media":2589,"template":"","meta":[],"product_brand":[],"product_cat":[56],"product_tag":[],"class_list":{"0":"post-2587","1":"product","2":"type-product","3":"status-publish","4":"has-post-thumbnail","6":"product_cat-pressing-kitchen-sink","8":"first","9":"instock","10":"shipping-taxable","11":"product-type-simple"},"_links":{"self":[{"href":"https:\/\/sinkwithfaucet.com\/pt\/wp-json\/wp\/v2\/product\/2587","targetHints":{"allow":["GET"]}}],"collection":[{"href":"https:\/\/sinkwithfaucet.com\/pt\/wp-json\/wp\/v2\/product"}],"about":[{"href":"https:\/\/sinkwithfaucet.com\/pt\/wp-json\/wp\/v2\/types\/product"}],"wp:featuredmedia":[{"embeddable":true,"href":"https:\/\/sinkwithfaucet.com\/pt\/wp-json\/wp\/v2\/media\/2589"}],"wp:attachment":[{"href":"https:\/\/sinkwithfaucet.com\/pt\/wp-json\/wp\/v2\/media?parent=2587"}],"wp:term":[{"taxonomy":"product_brand","embeddable":true,"href":"https:\/\/sinkwithfaucet.com\/pt\/wp-json\/wp\/v2\/product_brand?post=2587"},{"taxonomy":"product_cat","embeddable":true,"href":"https:\/\/sinkwithfaucet.com\/pt\/wp-json\/wp\/v2\/product_cat?post=2587"},{"taxonomy":"product_tag","embeddable":true,"href":"https:\/\/sinkwithfaucet.com\/pt\/wp-json\/wp\/v2\/product_tag?post=2587"}],"curies":[{"name":"wp","href":"https:\/\/api.w.org\/{rel}","templated":true}]}}