{"id":2577,"date":"2024-11-09T06:30:16","date_gmt":"2024-11-09T06:30:16","guid":{"rendered":"https:\/\/sinkwithfaucet.com\/?post_type=product&#038;p=2577"},"modified":"2024-11-09T06:30:16","modified_gmt":"2024-11-09T06:30:16","slug":"kitchen-sink-with-drainboard-7848b","status":"publish","type":"product","link":"https:\/\/sinkwithfaucet.com\/pt\/kitchen-sink-with-drainboard-7848b\/","title":{"rendered":"Lava-lou\u00e7a de cozinha com escorredor 7848B"},"content":{"rendered":"<h2 data-sourcepos=\"1:1-1:53\">Lava-lou\u00e7as com escorredor: Uma escolha pr\u00e1tica<\/h2>\n<p data-sourcepos=\"3:1-3:212\"><strong>Lava-lou\u00e7as com escorredores<\/strong> oferecem uma solu\u00e7\u00e3o pr\u00e1tica e eficiente para lavar e secar a loi\u00e7a. O escorredor integrado proporciona um espa\u00e7o conveniente para secar pratos, utens\u00edlios e outros objectos de cozinha ao ar livre.<\/p>\n<p data-sourcepos=\"5:1-5:51\"><strong>Principais carater\u00edsticas dos lava-loi\u00e7as de cozinha com escorredor:<\/strong><\/p>\n<ul data-sourcepos=\"7:1-10:0\">\n<li data-sourcepos=\"7:1-7:113\"><strong>Aumento da funcionalidade:<\/strong> O escorredor acrescenta uma \u00e1rea de secagem conveniente, reduzindo a desarruma\u00e7\u00e3o na sua bancada.<\/li>\n<li data-sourcepos=\"8:1-8:103\"><strong>Melhoria da higiene:<\/strong> Ao manter a loi\u00e7a fora do balc\u00e3o, pode ajudar a evitar a propaga\u00e7\u00e3o de bact\u00e9rias.<\/li>\n<li data-sourcepos=\"9:1-10:0\"><strong>Design que poupa espa\u00e7o:<\/strong> Combina um lava-loi\u00e7a e um estendal numa \u00fanica unidade, maximizando a efici\u00eancia da sua cozinha.<\/li>\n<\/ul>\n<p data-sourcepos=\"11:1-11:44\"><strong>Tipos de lava-loi\u00e7as de cozinha com escorredor:<\/strong><\/p>\n<ul data-sourcepos=\"13:1-16:0\">\n<li data-sourcepos=\"13:1-13:90\"><strong>A\u00e7o inoxid\u00e1vel:<\/strong> Uma escolha popular pela sua durabilidade, higiene e est\u00e9tica moderna.<\/li>\n<li data-sourcepos=\"14:1-14:81\"><strong>Argila refract\u00e1ria:<\/strong> Um material dur\u00e1vel e resistente ao calor que oferece um aspeto cl\u00e1ssico.<\/li>\n<li data-sourcepos=\"15:1-16:0\"><strong>Composto:<\/strong> Uma mistura de materiais como o quartzo ou o granito, proporcionando uma op\u00e7\u00e3o elegante e duradoura.<\/li>\n<\/ul>\n<p data-sourcepos=\"17:1-17:64\"><strong>Considera\u00e7\u00f5es na escolha de um lava-loi\u00e7a de cozinha com escorredor:<\/strong><\/p>\n<ul data-sourcepos=\"19:1-24:0\">\n<li data-sourcepos=\"19:1-19:71\"><strong>Tamanho:<\/strong> Escolha um tamanho que se adapte \u00e0 disposi\u00e7\u00e3o da sua cozinha e \u00e0s suas necessidades.<\/li>\n<li data-sourcepos=\"20:1-20:93\"><strong>Coloca\u00e7\u00e3o do escorredor:<\/strong> Pense se prefere um escorredor do lado esquerdo ou do lado direito.<\/li>\n<li data-sourcepos=\"21:1-21:60\"><strong>Material:<\/strong> Selecione um material dur\u00e1vel e f\u00e1cil de limpar.<\/li>\n<li data-sourcepos=\"22:1-22:72\"><strong>Instala\u00e7\u00e3o:<\/strong> Escolha entre a instala\u00e7\u00e3o por baixo ou por cima.<\/li>\n<li data-sourcepos=\"23:1-24:0\"><strong>Estilo:<\/strong> Selecione um estilo que complemente o design geral da sua cozinha.<\/li>\n<\/ul>\n<p data-sourcepos=\"25:1-25:146\">Ao considerar cuidadosamente estes factores, pode selecionar o lava-lou\u00e7a com escorredor perfeito para melhorar a funcionalidade e o estilo da sua cozinha.<\/p>","protected":false},"excerpt":{"rendered":"<p>Tamanho total: 900*550*210 mm<\/p>\n<p>Tamanho do recorte: 880*480 mm<\/p>\n<p>Material: a\u00e7o inoxid\u00e1vel<\/p>","protected":false},"featured_media":2579,"template":"","meta":[],"product_brand":[],"product_cat":[56],"product_tag":[],"class_list":{"0":"post-2577","1":"product","2":"type-product","3":"status-publish","4":"has-post-thumbnail","6":"product_cat-pressing-kitchen-sink","8":"first","9":"instock","10":"shipping-taxable","11":"product-type-simple"},"_links":{"self":[{"href":"https:\/\/sinkwithfaucet.com\/pt\/wp-json\/wp\/v2\/product\/2577","targetHints":{"allow":["GET"]}}],"collection":[{"href":"https:\/\/sinkwithfaucet.com\/pt\/wp-json\/wp\/v2\/product"}],"about":[{"href":"https:\/\/sinkwithfaucet.com\/pt\/wp-json\/wp\/v2\/types\/product"}],"wp:featuredmedia":[{"embeddable":true,"href":"https:\/\/sinkwithfaucet.com\/pt\/wp-json\/wp\/v2\/media\/2579"}],"wp:attachment":[{"href":"https:\/\/sinkwithfaucet.com\/pt\/wp-json\/wp\/v2\/media?parent=2577"}],"wp:term":[{"taxonomy":"product_brand","embeddable":true,"href":"https:\/\/sinkwithfaucet.com\/pt\/wp-json\/wp\/v2\/product_brand?post=2577"},{"taxonomy":"product_cat","embeddable":true,"href":"https:\/\/sinkwithfaucet.com\/pt\/wp-json\/wp\/v2\/product_cat?post=2577"},{"taxonomy":"product_tag","embeddable":true,"href":"https:\/\/sinkwithfaucet.com\/pt\/wp-json\/wp\/v2\/product_tag?post=2577"}],"curies":[{"name":"wp","href":"https:\/\/api.w.org\/{rel}","templated":true}]}}