{"id":2545,"date":"2024-11-09T03:34:45","date_gmt":"2024-11-09T03:34:45","guid":{"rendered":"https:\/\/sinkwithfaucet.com\/?post_type=product&#038;p=2545"},"modified":"2024-11-09T06:15:09","modified_gmt":"2024-11-09T06:15:09","slug":"countertop-sink-78495","status":"publish","type":"product","link":"https:\/\/sinkwithfaucet.com\/pt\/countertop-sink-78495\/","title":{"rendered":"Lavat\u00f3rio de bancada 78495"},"content":{"rendered":"<h2 data-sourcepos=\"1:1-1:51\">Lava-loi\u00e7as de bancada: Uma escolha elegante e vers\u00e1til<\/h2>\n<p data-sourcepos=\"3:1-3:148\"><strong>Lava-lou\u00e7as de bancada<\/strong> s\u00e3o uma escolha popular tanto para a casa de banho como para a cozinha. Assentam em cima da bancada, criando um aspeto limpo e moderno.<\/p>\n<p data-sourcepos=\"5:1-5:37\"><strong>Carater\u00edsticas principais:<\/strong><\/p>\n<ul data-sourcepos=\"7:1-11:0\">\n<li data-sourcepos=\"7:1-7:99\"><strong>Design elegante:<\/strong> Dispon\u00edvel numa variedade de formas, tamanhos e materiais para se adaptar a qualquer est\u00e9tica.<\/li>\n<li data-sourcepos=\"8:1-8:78\"><strong>Instala\u00e7\u00e3o f\u00e1cil:<\/strong> Simples de instalar em cima da sua bancada existente.<\/li>\n<li data-sourcepos=\"9:1-9:75\"><strong>Vers\u00e1til:<\/strong> Pode ser utilizado em casas de banho, cozinhas ou mesmo lavandarias.<\/li>\n<li data-sourcepos=\"10:1-11:0\"><strong>F\u00e1cil de limpar:<\/strong> As superf\u00edcies lisas s\u00e3o f\u00e1ceis de manter.<\/li>\n<\/ul>\n<p data-sourcepos=\"12:1-12:30\"><strong>Tipos:<\/strong><\/p>\n<ul data-sourcepos=\"14:1-18:0\">\n<li data-sourcepos=\"14:1-14:58\"><strong>Cer\u00e2mica:<\/strong> Uma escolha cl\u00e1ssica, que oferece um aspeto intemporal.<\/li>\n<li data-sourcepos=\"15:1-15:82\"><strong>Vidro:<\/strong> Uma op\u00e7\u00e3o moderna e elegante, dispon\u00edvel em v\u00e1rias cores e desenhos.<\/li>\n<li data-sourcepos=\"16:1-16:85\"><strong>A\u00e7o inoxid\u00e1vel:<\/strong> Uma escolha dur\u00e1vel e higi\u00e9nica, frequentemente utilizada em cozinhas.<\/li>\n<li data-sourcepos=\"17:1-18:0\"><strong>Pedra:<\/strong> Uma op\u00e7\u00e3o natural e luxuosa, dispon\u00edvel em v\u00e1rios tipos, como o granito e o m\u00e1rmore.<\/li>\n<\/ul>\n<p data-sourcepos=\"19:1-19:51\"><strong>Considera\u00e7\u00f5es sobre a escolha de um lavat\u00f3rio de bancada:<\/strong><\/p>\n<ul data-sourcepos=\"21:1-26:0\">\n<li data-sourcepos=\"21:1-21:78\"><strong>Tamanho:<\/strong> Escolha um tamanho que se adapte ao seu espa\u00e7o dispon\u00edvel e que satisfa\u00e7a as suas necessidades.<\/li>\n<li data-sourcepos=\"22:1-22:81\"><strong>Forma:<\/strong> Considere a forma do lava-loi\u00e7a, por exemplo, redondo, oval ou retangular.<\/li>\n<li data-sourcepos=\"23:1-23:68\"><strong>Material:<\/strong> Selecione um material que seja dur\u00e1vel e f\u00e1cil de limpar.<\/li>\n<li data-sourcepos=\"24:1-24:102\"><strong>Torneira:<\/strong> Escolha uma torneira que complemente o estilo do lava-loi\u00e7a e que forne\u00e7a um fluxo de \u00e1gua adequado.<\/li>\n<li data-sourcepos=\"25:1-26:0\"><strong>Instala\u00e7\u00e3o:<\/strong> Assegurar uma instala\u00e7\u00e3o correta para evitar fugas e danos causados pela \u00e1gua.<\/li>\n<\/ul>\n<p data-sourcepos=\"27:1-27:150\">Ao considerar cuidadosamente estes factores, pode selecionar o lava-loi\u00e7a de bancada perfeito para elevar o estilo e a funcionalidade da sua casa de banho ou cozinha.<\/p>","protected":false},"excerpt":{"rendered":"<p>Tamanho total: 600*450*210 mm<\/p>\n<p>Tamanho do recorte: 580*430 mm<\/p>\n<p>Material: a\u00e7o inoxid\u00e1vel<\/p>","protected":false},"featured_media":2546,"template":"","meta":[],"product_brand":[],"product_cat":[56],"product_tag":[],"class_list":{"0":"post-2545","1":"product","2":"type-product","3":"status-publish","4":"has-post-thumbnail","6":"product_cat-pressing-kitchen-sink","8":"first","9":"instock","10":"shipping-taxable","11":"product-type-simple"},"_links":{"self":[{"href":"https:\/\/sinkwithfaucet.com\/pt\/wp-json\/wp\/v2\/product\/2545","targetHints":{"allow":["GET"]}}],"collection":[{"href":"https:\/\/sinkwithfaucet.com\/pt\/wp-json\/wp\/v2\/product"}],"about":[{"href":"https:\/\/sinkwithfaucet.com\/pt\/wp-json\/wp\/v2\/types\/product"}],"wp:featuredmedia":[{"embeddable":true,"href":"https:\/\/sinkwithfaucet.com\/pt\/wp-json\/wp\/v2\/media\/2546"}],"wp:attachment":[{"href":"https:\/\/sinkwithfaucet.com\/pt\/wp-json\/wp\/v2\/media?parent=2545"}],"wp:term":[{"taxonomy":"product_brand","embeddable":true,"href":"https:\/\/sinkwithfaucet.com\/pt\/wp-json\/wp\/v2\/product_brand?post=2545"},{"taxonomy":"product_cat","embeddable":true,"href":"https:\/\/sinkwithfaucet.com\/pt\/wp-json\/wp\/v2\/product_cat?post=2545"},{"taxonomy":"product_tag","embeddable":true,"href":"https:\/\/sinkwithfaucet.com\/pt\/wp-json\/wp\/v2\/product_tag?post=2545"}],"curies":[{"name":"wp","href":"https:\/\/api.w.org\/{rel}","templated":true}]}}