{"id":2429,"date":"2024-11-04T06:26:45","date_gmt":"2024-11-04T06:26:45","guid":{"rendered":"https:\/\/sinkwithfaucet.com\/?post_type=product&#038;p=2429"},"modified":"2024-11-04T06:27:51","modified_gmt":"2024-11-04T06:27:51","slug":"stainless-apron-sink-3322da","status":"publish","type":"product","link":"https:\/\/sinkwithfaucet.com\/pt\/stainless-apron-sink-3322da\/","title":{"rendered":"Lava-lou\u00e7a de avental em a\u00e7o inoxid\u00e1vel 3322DA"},"content":{"rendered":"<h2><strong><b>Lava-lou\u00e7as de avental em a\u00e7o inoxid\u00e1vel: Um cl\u00e1ssico duradouro<\/b><\/strong><\/h2>\n<p>Os lava-loi\u00e7as de avental em a\u00e7o inoxid\u00e1vel s\u00e3o muito apelativos para os propriet\u00e1rios que procuram uma cozinha que seja simultaneamente elegante e altamente funcional. Estes lava-loi\u00e7as de grandes dimens\u00f5es e profundidade, frequentemente conhecidos como \"lava-loi\u00e7as de casa de campo\", possuem uma frente de avental \u00fanica que sobressai para al\u00e9m da bancada.<\/p>\n<p>&nbsp;<\/p>\n<p><strong>Carater\u00edsticas principais dos lava-lou\u00e7as de a\u00e7o inoxid\u00e1vel com avental:<\/strong><\/p>\n<ul>\n<li>Tigela espa\u00e7osa: Oferece espa\u00e7o suficiente para lavar tachos e panelas grandes.<\/li>\n<li>Design elegante: A frente do avental confere um aspeto cl\u00e1ssico e requintado \u00e0 sua cozinha.<\/li>\n<li>Durabilidade: Constru\u00eddo em a\u00e7o inoxid\u00e1vel de alta qualidade, garante um desempenho a longo prazo.<\/li>\n<li>F\u00e1cil de limpar: A superf\u00edcie lisa \u00e9 f\u00e1cil de manter e higienizar.<\/li>\n<\/ul>\n<p><strong><b>Considera\u00e7\u00f5es sobre a escolha de um lava-loi\u00e7a de a\u00e7o inoxid\u00e1vel com frente de avental:<\/b><\/strong><\/p>\n<ul>\n<li>Tamanho: Opte por um tamanho que se adapte \u00e0 disposi\u00e7\u00e3o da sua cozinha e \u00e0s suas necessidades espec\u00edficas.<\/li>\n<li>Configura\u00e7\u00e3o da ta\u00e7a: Escolha entre uma configura\u00e7\u00e3o de ta\u00e7a simples ou dupla de acordo com as suas prefer\u00eancias.<\/li>\n<li>Calibre: Um calibre mais grosso significa um lava-loi\u00e7a mais dur\u00e1vel.<\/li>\n<li>Acabamento: Selecione um acabamento que se harmonize com o estilo da sua cozinha, como o a\u00e7o inoxid\u00e1vel escovado ou polido.<\/li>\n<\/ul>\n<p><strong><b>Instala\u00e7\u00e3o:<\/b><\/strong><\/p>\n<p>Ao ponderar meticulosamente estes factores, pode escolher o lava-loi\u00e7a frontal em a\u00e7o inoxid\u00e1vel ideal para elevar o estilo e a funcionalidade da sua cozinha.<\/p>","protected":false},"excerpt":{"rendered":"<p>Tamanho total: 33*22*10 polegadas \/ 838*559*254 mm<\/p>\n<p>Tamanho da ta\u00e7a: 788*420\/330*452 mm<\/p>\n<p>Tamanho do recorte: 839*503 mm<\/p>\n<p>Canto Radiano : R10<\/p>","protected":false},"featured_media":2430,"template":"","meta":[],"product_brand":[],"product_cat":[54],"product_tag":[],"class_list":{"0":"post-2429","1":"product","2":"type-product","3":"status-publish","4":"has-post-thumbnail","6":"product_cat-apron-sink-1","8":"first","9":"instock","10":"shipping-taxable","11":"product-type-simple"},"_links":{"self":[{"href":"https:\/\/sinkwithfaucet.com\/pt\/wp-json\/wp\/v2\/product\/2429","targetHints":{"allow":["GET"]}}],"collection":[{"href":"https:\/\/sinkwithfaucet.com\/pt\/wp-json\/wp\/v2\/product"}],"about":[{"href":"https:\/\/sinkwithfaucet.com\/pt\/wp-json\/wp\/v2\/types\/product"}],"wp:featuredmedia":[{"embeddable":true,"href":"https:\/\/sinkwithfaucet.com\/pt\/wp-json\/wp\/v2\/media\/2430"}],"wp:attachment":[{"href":"https:\/\/sinkwithfaucet.com\/pt\/wp-json\/wp\/v2\/media?parent=2429"}],"wp:term":[{"taxonomy":"product_brand","embeddable":true,"href":"https:\/\/sinkwithfaucet.com\/pt\/wp-json\/wp\/v2\/product_brand?post=2429"},{"taxonomy":"product_cat","embeddable":true,"href":"https:\/\/sinkwithfaucet.com\/pt\/wp-json\/wp\/v2\/product_cat?post=2429"},{"taxonomy":"product_tag","embeddable":true,"href":"https:\/\/sinkwithfaucet.com\/pt\/wp-json\/wp\/v2\/product_tag?post=2429"}],"curies":[{"name":"wp","href":"https:\/\/api.w.org\/{rel}","templated":true}]}}