{"id":2427,"date":"2024-11-04T06:16:23","date_gmt":"2024-11-04T06:16:23","guid":{"rendered":"https:\/\/sinkwithfaucet.com\/?post_type=product&#038;p=2427"},"modified":"2024-11-04T06:16:23","modified_gmt":"2024-11-04T06:16:23","slug":"stainless-steel-apron-sink-3022sa","status":"publish","type":"product","link":"https:\/\/sinkwithfaucet.com\/pt\/stainless-steel-apron-sink-3022sa\/","title":{"rendered":"Lava-lou\u00e7a de avental em a\u00e7o inoxid\u00e1vel 3022SA"},"content":{"rendered":"<h2 data-sourcepos=\"1:1-1:56\">Lava-loi\u00e7as de avental em a\u00e7o inoxid\u00e1vel: Um cl\u00e1ssico intemporal<\/h2>\n<p data-sourcepos=\"3:1-3:252\">Os lava-loi\u00e7as de avental em a\u00e7o inoxid\u00e1vel s\u00e3o uma escolha popular para os propriet\u00e1rios que querem uma cozinha elegante e funcional. Estes lava-loi\u00e7as grandes e profundos, muitas vezes referidos como \"lava-loi\u00e7as de quinta\", apresentam uma frente de avental distinta que se estende para al\u00e9m da bancada.<\/p>\n<p data-sourcepos=\"5:1-5:54\"><strong>Carater\u00edsticas principais dos lava-lou\u00e7as de a\u00e7o inoxid\u00e1vel com avental:<\/strong><\/p>\n<ul data-sourcepos=\"7:1-11:0\">\n<li data-sourcepos=\"7:1-7:64\"><strong>Ta\u00e7a espa\u00e7osa:<\/strong> Espa\u00e7o amplo para lavar tachos e panelas grandes.<\/li>\n<li data-sourcepos=\"8:1-8:86\"><strong>Design elegante:<\/strong> O avental frontal confere um aspeto cl\u00e1ssico e elegante \u00e0 sua cozinha.<\/li>\n<li data-sourcepos=\"9:1-9:92\"><strong>Durabilidade:<\/strong> Fabricado em a\u00e7o inoxid\u00e1vel de alta qualidade, garante um desempenho duradouro.<\/li>\n<li data-sourcepos=\"10:1-11:0\"><strong>F\u00e1cil de limpar:<\/strong> A superf\u00edcie lisa \u00e9 f\u00e1cil de manter e higienizar.<\/li>\n<\/ul>\n<p data-sourcepos=\"12:1-12:68\"><strong>Considera\u00e7\u00f5es sobre a escolha de um lava-loi\u00e7a de a\u00e7o inoxid\u00e1vel com frente de avental:<\/strong><\/p>\n<ul data-sourcepos=\"14:1-19:0\">\n<li data-sourcepos=\"14:1-14:73\"><strong>Tamanho:<\/strong> Escolha um tamanho que se adapte \u00e0 disposi\u00e7\u00e3o da sua cozinha e \u00e0s suas necessidades.<\/li>\n<li data-sourcepos=\"15:1-15:97\"><strong>Configura\u00e7\u00e3o da ta\u00e7a:<\/strong> Selecione uma configura\u00e7\u00e3o de ta\u00e7a simples ou dupla com base nas suas prefer\u00eancias.<\/li>\n<li data-sourcepos=\"16:1-16:59\"><strong>Calibre:<\/strong> Um calibre mais grosso indica um lava-loi\u00e7a mais dur\u00e1vel.<\/li>\n<li data-sourcepos=\"17:1-17:113\"><strong>Acabamento:<\/strong> Escolha um acabamento que complemente o estilo da sua cozinha, como o a\u00e7o inoxid\u00e1vel escovado ou polido.<\/li>\n<li data-sourcepos=\"18:1-19:0\"><strong>Instala\u00e7\u00e3o:<\/strong> Considere a possibilidade de instala\u00e7\u00e3o por baixo ou por cima.<\/li>\n<\/ul>\n<p data-sourcepos=\"20:1-20:150\">Ao considerar cuidadosamente estes factores, pode selecionar o lava-lou\u00e7a frontal em a\u00e7o inoxid\u00e1vel perfeito para melhorar o estilo e a funcionalidade da sua cozinha.<\/p>","protected":false},"excerpt":{"rendered":"<p>Tamanho total: 30*22*10 polegadas \/ 762*559*254 mm<\/p>\n<p>Tamanho da ta\u00e7a: 712*451 mm<\/p>\n<p>Tamanho do recorte: 763*503 mm<\/p>\n<p>Canto Radiano : R10<\/p>","protected":false},"featured_media":2428,"template":"","meta":[],"product_brand":[],"product_cat":[54],"product_tag":[],"class_list":{"0":"post-2427","1":"product","2":"type-product","3":"status-publish","4":"has-post-thumbnail","6":"product_cat-apron-sink-1","8":"first","9":"instock","10":"shipping-taxable","11":"product-type-simple"},"_links":{"self":[{"href":"https:\/\/sinkwithfaucet.com\/pt\/wp-json\/wp\/v2\/product\/2427","targetHints":{"allow":["GET"]}}],"collection":[{"href":"https:\/\/sinkwithfaucet.com\/pt\/wp-json\/wp\/v2\/product"}],"about":[{"href":"https:\/\/sinkwithfaucet.com\/pt\/wp-json\/wp\/v2\/types\/product"}],"wp:featuredmedia":[{"embeddable":true,"href":"https:\/\/sinkwithfaucet.com\/pt\/wp-json\/wp\/v2\/media\/2428"}],"wp:attachment":[{"href":"https:\/\/sinkwithfaucet.com\/pt\/wp-json\/wp\/v2\/media?parent=2427"}],"wp:term":[{"taxonomy":"product_brand","embeddable":true,"href":"https:\/\/sinkwithfaucet.com\/pt\/wp-json\/wp\/v2\/product_brand?post=2427"},{"taxonomy":"product_cat","embeddable":true,"href":"https:\/\/sinkwithfaucet.com\/pt\/wp-json\/wp\/v2\/product_cat?post=2427"},{"taxonomy":"product_tag","embeddable":true,"href":"https:\/\/sinkwithfaucet.com\/pt\/wp-json\/wp\/v2\/product_tag?post=2427"}],"curies":[{"name":"wp","href":"https:\/\/api.w.org\/{rel}","templated":true}]}}