{"id":2421,"date":"2024-11-04T03:43:55","date_gmt":"2024-11-04T03:43:55","guid":{"rendered":"https:\/\/sinkwithfaucet.com\/?post_type=product&#038;p=2421"},"modified":"2024-11-04T03:43:55","modified_gmt":"2024-11-04T03:43:55","slug":"30-inch-sink-7046-a","status":"publish","type":"product","link":"https:\/\/sinkwithfaucet.com\/pt\/30-inch-sink-7046-a\/","title":{"rendered":"Lava-lou\u00e7as de 30 polegadas 7046-A"},"content":{"rendered":"<h2 data-sourcepos=\"1:1-1:45\">Lava-lou\u00e7as de 30 polegadas: Uma escolha vers\u00e1til<\/h2>\n<p data-sourcepos=\"3:1-3:203\">Um lava-loi\u00e7a de 30 polegadas \u00e9 um tamanho popular que oferece um equil\u00edbrio entre espa\u00e7o e funcionalidade. Est\u00e3o dispon\u00edveis em v\u00e1rios estilos, materiais e configura\u00e7\u00f5es para se adaptarem a diferentes designs e necessidades de cozinha.<\/p>\n<p data-sourcepos=\"5:1-5:42\"><strong>Carater\u00edsticas principais dos lava-loi\u00e7as de 30 polegadas:<\/strong><\/p>\n<ul data-sourcepos=\"7:1-11:0\">\n<li data-sourcepos=\"7:1-7:107\"><strong>Espa\u00e7o amplo:<\/strong> Disp\u00f5e de espa\u00e7o suficiente para lavar a lou\u00e7a, preparar os alimentos e demolhar utens\u00edlios de cozinha grandes.<\/li>\n<li data-sourcepos=\"8:1-8:94\"><strong>Design vers\u00e1til:<\/strong> Dispon\u00edvel em configura\u00e7\u00f5es de cuba \u00fanica, cuba dupla e esta\u00e7\u00e3o de trabalho.<\/li>\n<li data-sourcepos=\"9:1-9:92\"><strong>Materiais duradouros:<\/strong> Frequentemente fabricados em a\u00e7o inoxid\u00e1vel, ferro fundido ou materiais comp\u00f3sitos.<\/li>\n<li data-sourcepos=\"10:1-11:0\"><strong>Est\u00e9tica moderna:<\/strong> Designs elegantes e contempor\u00e2neos para complementar v\u00e1rios estilos de cozinha.<\/li>\n<\/ul>\n<p data-sourcepos=\"12:1-12:35\"><strong>Tipos de lava-loi\u00e7as de cozinha de 30 polegadas:<\/strong><\/p>\n<ul data-sourcepos=\"14:1-17:0\">\n<li data-sourcepos=\"14:1-14:77\"><strong>Lava-loi\u00e7as de encastrar:<\/strong> Instalado por baixo da bancada para um aspeto perfeito.<\/li>\n<li data-sourcepos=\"15:1-15:93\"><strong>Lava-lou\u00e7as de montagem superior:<\/strong> Instalado em cima da bancada, oferece um aspeto tradicional.<\/li>\n<li data-sourcepos=\"16:1-17:0\"><strong>Lavat\u00f3rios de casa de campo:<\/strong> Lava-loi\u00e7as grandes e profundos com frente em avental, proporcionando um design r\u00fastico e funcional.<\/li>\n<\/ul>\n<p data-sourcepos=\"18:1-18:73\"><strong>Ao escolher um lava-loi\u00e7a de cozinha de 30 polegadas, considere os seguintes factores:<\/strong><\/p>\n<ul data-sourcepos=\"20:1-25:0\">\n<li data-sourcepos=\"20:1-20:94\"><strong>Material:<\/strong> Escolha um material dur\u00e1vel e f\u00e1cil de limpar, como a\u00e7o inoxid\u00e1vel ou comp\u00f3sito.<\/li>\n<li data-sourcepos=\"21:1-21:100\"><strong>Configura\u00e7\u00e3o da ta\u00e7a:<\/strong> Selecione uma configura\u00e7\u00e3o de ta\u00e7a simples, dupla ou tripla com base nas suas necessidades.<\/li>\n<li data-sourcepos=\"22:1-22:64\"><strong>Profundidade:<\/strong> Uma ta\u00e7a mais funda pode acomodar tachos e panelas maiores.<\/li>\n<li data-sourcepos=\"23:1-23:105\"><strong>Acabamento:<\/strong> Escolha um acabamento que complemente o estilo da sua cozinha, como escovado, polido ou acetinado.<\/li>\n<li data-sourcepos=\"24:1-25:0\"><strong>Instala\u00e7\u00e3o:<\/strong> Considere o m\u00e9todo de instala\u00e7\u00e3o, quer seja por baixo ou por cima.<\/li>\n<\/ul>\n<p data-sourcepos=\"26:1-26:138\">Ao considerar cuidadosamente estes factores, pode selecionar o lava-lou\u00e7a de cozinha de 30 polegadas perfeito<\/p>","protected":false},"excerpt":{"rendered":"<p>Tamanho total: 700*460*230 mm<\/p>\n<p>Tamanho da ta\u00e7a: 660*363 mm<\/p>\n<p>Tamanho do recorte: 676*436 mm<\/p>\n<p>Canto Radiano : R10<\/p>","protected":false},"featured_media":2422,"template":"","meta":[],"product_brand":[],"product_cat":[53],"product_tag":[],"class_list":{"0":"post-2421","1":"product","2":"type-product","3":"status-publish","4":"has-post-thumbnail","6":"product_cat-topmount-sink-1","8":"first","9":"instock","10":"shipping-taxable","11":"product-type-simple"},"_links":{"self":[{"href":"https:\/\/sinkwithfaucet.com\/pt\/wp-json\/wp\/v2\/product\/2421","targetHints":{"allow":["GET"]}}],"collection":[{"href":"https:\/\/sinkwithfaucet.com\/pt\/wp-json\/wp\/v2\/product"}],"about":[{"href":"https:\/\/sinkwithfaucet.com\/pt\/wp-json\/wp\/v2\/types\/product"}],"wp:featuredmedia":[{"embeddable":true,"href":"https:\/\/sinkwithfaucet.com\/pt\/wp-json\/wp\/v2\/media\/2422"}],"wp:attachment":[{"href":"https:\/\/sinkwithfaucet.com\/pt\/wp-json\/wp\/v2\/media?parent=2421"}],"wp:term":[{"taxonomy":"product_brand","embeddable":true,"href":"https:\/\/sinkwithfaucet.com\/pt\/wp-json\/wp\/v2\/product_brand?post=2421"},{"taxonomy":"product_cat","embeddable":true,"href":"https:\/\/sinkwithfaucet.com\/pt\/wp-json\/wp\/v2\/product_cat?post=2421"},{"taxonomy":"product_tag","embeddable":true,"href":"https:\/\/sinkwithfaucet.com\/pt\/wp-json\/wp\/v2\/product_tag?post=2421"}],"curies":[{"name":"wp","href":"https:\/\/api.w.org\/{rel}","templated":true}]}}