{"id":2411,"date":"2024-11-04T03:09:36","date_gmt":"2024-11-04T03:09:36","guid":{"rendered":"https:\/\/sinkwithfaucet.com\/?post_type=product&#038;p=2411"},"modified":"2024-11-04T03:09:36","modified_gmt":"2024-11-04T03:09:36","slug":"deep-sink-3120do","status":"publish","type":"product","link":"https:\/\/sinkwithfaucet.com\/pt\/deep-sink-3120do\/","title":{"rendered":"Lava-loi\u00e7a 3120DO"},"content":{"rendered":"<h2 data-sourcepos=\"1:1-1:53\">Lava-loi\u00e7as profundos: Uma escolha pr\u00e1tica e com estilo<\/h2>\n<p data-sourcepos=\"3:1-3:266\">Os lava-loi\u00e7as profundos oferecem uma variedade de benef\u00edcios, incluindo maior funcionalidade, melhor est\u00e9tica e melhores capacidades de limpeza. S\u00e3o especialmente \u00fateis para acomodar tachos e panelas de grandes dimens\u00f5es, para demolhar objectos volumosos e para realizar outras tarefas de cozinha.<\/p>\n<p data-sourcepos=\"5:1-5:39\"><strong>Principais carater\u00edsticas dos lava-loi\u00e7as de cozinha profundos:<\/strong><\/p>\n<ul data-sourcepos=\"7:1-11:0\">\n<li data-sourcepos=\"7:1-7:87\"><strong>Profundidade ampla:<\/strong> Oferece muito espa\u00e7o para lavar grandes utens\u00edlios de cozinha e objectos volumosos.<\/li>\n<li data-sourcepos=\"8:1-8:97\"><strong>Redu\u00e7\u00e3o dos salpicos:<\/strong> O design mais profundo ajuda a minimizar os salpicos de \u00e1gua na bancada.<\/li>\n<li data-sourcepos=\"9:1-9:112\"><strong>Funcionalidade melhorada:<\/strong> Pode acomodar uma variedade de tarefas de cozinha, desde a lavagem de pratos \u00e0 prepara\u00e7\u00e3o de alimentos.<\/li>\n<li data-sourcepos=\"10:1-11:0\"><strong>Design elegante:<\/strong> Dispon\u00edvel em v\u00e1rios estilos e acabamentos para complementar qualquer decora\u00e7\u00e3o de cozinha.<\/li>\n<\/ul>\n<p data-sourcepos=\"12:1-12:32\"><strong>Tipos de lava-loi\u00e7as profundos de cozinha:<\/strong><\/p>\n<ul data-sourcepos=\"14:1-17:0\">\n<li data-sourcepos=\"14:1-14:85\"><strong>Lava-loi\u00e7as de encastrar:<\/strong> Instalado por baixo da bancada para um aspeto elegante e moderno.<\/li>\n<li data-sourcepos=\"15:1-15:105\"><strong>Lava-lou\u00e7as de montagem superior:<\/strong> Instalado em cima da bancada, oferece um aspeto cl\u00e1ssico e tradicional.<\/li>\n<li data-sourcepos=\"16:1-17:0\"><strong>Lavat\u00f3rios de casa de campo:<\/strong> Lava-loi\u00e7as grandes e profundos com frente em avental, proporcionando um design r\u00fastico e funcional.<\/li>\n<\/ul>\n<p data-sourcepos=\"18:1-18:53\"><strong>Considera\u00e7\u00f5es sobre a escolha de um lava-loi\u00e7a de cozinha profundo:<\/strong><\/p>\n<ul data-sourcepos=\"20:1-24:0\">\n<li data-sourcepos=\"20:1-20:94\"><strong>Profundidade:<\/strong> Escolha uma profundidade que se adeq\u00fae \u00e0s suas necessidades, tendo em conta o tamanho das suas panelas e frigideiras.<\/li>\n<li data-sourcepos=\"21:1-21:89\"><strong>Material:<\/strong> O a\u00e7o inoxid\u00e1vel \u00e9 uma escolha popular pela sua durabilidade e facilidade de limpeza.<\/li>\n<li data-sourcepos=\"22:1-22:78\"><strong>Tamanho:<\/strong> Selecione um tamanho que se adapte \u00e0 disposi\u00e7\u00e3o da sua cozinha e ao espa\u00e7o dispon\u00edvel.<\/li>\n<li data-sourcepos=\"23:1-24:0\"><strong>Estilo:<\/strong> Escolha um estilo que complemente o design geral da sua cozinha.<\/li>\n<\/ul>\n<p data-sourcepos=\"25:1-25:136\">Ao considerar cuidadosamente estes factores, pode selecionar o lava-loi\u00e7a fundo perfeito para elevar a funcionalidade e o estilo da sua cozinha.<\/p>","protected":false},"excerpt":{"rendered":"<p>Tamanho total: 31*20*9 polegadas\/810*510*220 mm<\/p>\n<p>Tamanho da ta\u00e7a: 350*398\/350*398 mm<\/p>\n<p>Tamanho do recorte: 767*488 mm<\/p>\n<p>Canto Radiano : R10<\/p>","protected":false},"featured_media":2412,"template":"","meta":[],"product_brand":[],"product_cat":[53],"product_tag":[],"class_list":{"0":"post-2411","1":"product","2":"type-product","3":"status-publish","4":"has-post-thumbnail","6":"product_cat-topmount-sink-1","8":"first","9":"instock","10":"shipping-taxable","11":"product-type-simple"},"_links":{"self":[{"href":"https:\/\/sinkwithfaucet.com\/pt\/wp-json\/wp\/v2\/product\/2411","targetHints":{"allow":["GET"]}}],"collection":[{"href":"https:\/\/sinkwithfaucet.com\/pt\/wp-json\/wp\/v2\/product"}],"about":[{"href":"https:\/\/sinkwithfaucet.com\/pt\/wp-json\/wp\/v2\/types\/product"}],"wp:featuredmedia":[{"embeddable":true,"href":"https:\/\/sinkwithfaucet.com\/pt\/wp-json\/wp\/v2\/media\/2412"}],"wp:attachment":[{"href":"https:\/\/sinkwithfaucet.com\/pt\/wp-json\/wp\/v2\/media?parent=2411"}],"wp:term":[{"taxonomy":"product_brand","embeddable":true,"href":"https:\/\/sinkwithfaucet.com\/pt\/wp-json\/wp\/v2\/product_brand?post=2411"},{"taxonomy":"product_cat","embeddable":true,"href":"https:\/\/sinkwithfaucet.com\/pt\/wp-json\/wp\/v2\/product_cat?post=2411"},{"taxonomy":"product_tag","embeddable":true,"href":"https:\/\/sinkwithfaucet.com\/pt\/wp-json\/wp\/v2\/product_tag?post=2411"}],"curies":[{"name":"wp","href":"https:\/\/api.w.org\/{rel}","templated":true}]}}