{"id":2407,"date":"2024-11-04T02:52:17","date_gmt":"2024-11-04T02:52:17","guid":{"rendered":"https:\/\/sinkwithfaucet.com\/?post_type=product&#038;p=2407"},"modified":"2024-11-04T02:52:17","modified_gmt":"2024-11-04T02:52:17","slug":"top-mount-kitchen-sink-1200sdo","status":"publish","type":"product","link":"https:\/\/sinkwithfaucet.com\/pt\/top-mount-kitchen-sink-1200sdo\/","title":{"rendered":"Lava-loi\u00e7a de cozinha de montagem superior 1200SDO"},"content":{"rendered":"<h2 data-sourcepos=\"1:1-1:44\">Lava-lou\u00e7as de montagem superior: Uma escolha cl\u00e1ssica<\/h2>\n<p data-sourcepos=\"3:1-3:206\">Os lava-loi\u00e7as de cozinha de montagem superior, tamb\u00e9m conhecidos como lava-loi\u00e7as de encaixe, s\u00e3o uma op\u00e7\u00e3o cl\u00e1ssica e vers\u00e1til para muitas cozinhas. S\u00e3o instalados em cima da bancada, criando um aspeto tradicional e f\u00e1cil de instalar.<\/p>\n<p data-sourcepos=\"5:1-5:44\"><strong>Carater\u00edsticas principais:<\/strong><\/p>\n<ul data-sourcepos=\"7:1-11:0\">\n<li data-sourcepos=\"7:1-7:70\"><strong>Instala\u00e7\u00e3o f\u00e1cil:<\/strong> Simples de instalar em qualquer material de bancada.<\/li>\n<li data-sourcepos=\"8:1-8:112\"><strong>Vasta gama de estilos:<\/strong> Dispon\u00edvel em v\u00e1rias formas, tamanhos e materiais para se adaptar a diferentes designs de cozinha.<\/li>\n<li data-sourcepos=\"9:1-9:127\"><strong>Dur\u00e1vel e higi\u00e9nico:<\/strong> Fabricados em materiais como o a\u00e7o inoxid\u00e1vel, cer\u00e2mica ou comp\u00f3sito, garantem um desempenho duradouro.<\/li>\n<li data-sourcepos=\"10:1-11:0\"><strong>Rent\u00e1vel:<\/strong> Muitas vezes mais econ\u00f3micos do que os lava-loi\u00e7as de encastrar.<\/li>\n<\/ul>\n<p data-sourcepos=\"12:1-12:37\"><strong>Tipos de lava-loi\u00e7as de cozinha de montagem superior:<\/strong><\/p>\n<ul data-sourcepos=\"14:1-18:0\">\n<li data-sourcepos=\"14:1-14:57\"><strong>Tigela \u00fanica:<\/strong> Uma \u00fanica bacia grande para uso geral.<\/li>\n<li data-sourcepos=\"15:1-15:56\"><strong>Ta\u00e7a dupla:<\/strong> Dois lavat\u00f3rios separados para multitarefas.<\/li>\n<li data-sourcepos=\"16:1-16:92\"><strong>Ta\u00e7a Tripla:<\/strong> Tr\u00eas bacias para maior funcionalidade, frequentemente encontradas em cozinhas comerciais.<\/li>\n<li data-sourcepos=\"17:1-18:0\"><strong>Lava-loi\u00e7a de casa de campo:<\/strong> Um lava-loi\u00e7a grande e profundo com uma frente de avental, que oferece um aspeto r\u00fastico e tradicional.<\/li>\n<\/ul>\n<p data-sourcepos=\"19:1-19:75\"><strong>Ao escolher um lava-loi\u00e7a de cozinha de montagem superior, considere os seguintes factores:<\/strong><\/p>\n<ul data-sourcepos=\"21:1-25:0\">\n<li data-sourcepos=\"21:1-21:70\"><strong>Tamanho:<\/strong> Certifique-se de que o lava-loi\u00e7a se adapta \u00e0 sua bancada e satisfaz as suas necessidades.<\/li>\n<li data-sourcepos=\"22:1-22:98\"><strong>Material:<\/strong> Escolha um material dur\u00e1vel e f\u00e1cil de limpar, como o a\u00e7o inoxid\u00e1vel ou o comp\u00f3sito.<\/li>\n<li data-sourcepos=\"23:1-23:75\"><strong>Estilo:<\/strong> Selecione um estilo que complemente o design geral da sua cozinha.<\/li>\n<li data-sourcepos=\"24:1-25:0\"><strong>Instala\u00e7\u00e3o:<\/strong> Assegurar uma instala\u00e7\u00e3o correta para evitar fugas e danos.<\/li>\n<\/ul>\n<p data-sourcepos=\"26:1-26:141\">Se considerar cuidadosamente estes factores, pode selecionar o lava-lou\u00e7a de montagem superior perfeito para melhorar a funcionalidade e o estilo da sua cozinha.<\/p>","protected":false},"excerpt":{"rendered":"<p>Tamanho total: 1200*510*220 mm<\/p>\n<p>Tamanho da ta\u00e7a : 440*400 mm<\/p>\n<p>Tamanho do recorte: 1175*485 mm<\/p>\n<p>Canto Radiano : R10<\/p>","protected":false},"featured_media":2408,"template":"","meta":[],"product_brand":[],"product_cat":[53],"product_tag":[],"class_list":{"0":"post-2407","1":"product","2":"type-product","3":"status-publish","4":"has-post-thumbnail","6":"product_cat-topmount-sink-1","8":"first","9":"instock","10":"shipping-taxable","11":"product-type-simple"},"_links":{"self":[{"href":"https:\/\/sinkwithfaucet.com\/pt\/wp-json\/wp\/v2\/product\/2407","targetHints":{"allow":["GET"]}}],"collection":[{"href":"https:\/\/sinkwithfaucet.com\/pt\/wp-json\/wp\/v2\/product"}],"about":[{"href":"https:\/\/sinkwithfaucet.com\/pt\/wp-json\/wp\/v2\/types\/product"}],"wp:featuredmedia":[{"embeddable":true,"href":"https:\/\/sinkwithfaucet.com\/pt\/wp-json\/wp\/v2\/media\/2408"}],"wp:attachment":[{"href":"https:\/\/sinkwithfaucet.com\/pt\/wp-json\/wp\/v2\/media?parent=2407"}],"wp:term":[{"taxonomy":"product_brand","embeddable":true,"href":"https:\/\/sinkwithfaucet.com\/pt\/wp-json\/wp\/v2\/product_brand?post=2407"},{"taxonomy":"product_cat","embeddable":true,"href":"https:\/\/sinkwithfaucet.com\/pt\/wp-json\/wp\/v2\/product_cat?post=2407"},{"taxonomy":"product_tag","embeddable":true,"href":"https:\/\/sinkwithfaucet.com\/pt\/wp-json\/wp\/v2\/product_tag?post=2407"}],"curies":[{"name":"wp","href":"https:\/\/api.w.org\/{rel}","templated":true}]}}