{"id":2405,"date":"2024-11-04T02:44:36","date_gmt":"2024-11-04T02:44:36","guid":{"rendered":"https:\/\/sinkwithfaucet.com\/?post_type=product&#038;p=2405"},"modified":"2024-11-04T02:45:56","modified_gmt":"2024-11-04T02:45:56","slug":"above-counter-sink-8151sdo","status":"publish","type":"product","link":"https:\/\/sinkwithfaucet.com\/pt\/above-counter-sink-8151sdo\/","title":{"rendered":"Lava-lou\u00e7a de balc\u00e3o 8151SDO"},"content":{"rendered":"<h2 data-sourcepos=\"1:1-1:51\">Lava-loi\u00e7as acima do balc\u00e3o: Uma escolha elegante e moderna<\/h2>\n<p data-sourcepos=\"3:1-3:194\"><strong>Lava-loi\u00e7as acima do balc\u00e3o<\/strong>tamb\u00e9m conhecidos como lava-loi\u00e7as de cuba, s\u00e3o uma escolha popular para o design de casas de banho e cozinhas. Ficam em cima da bancada, criando um ponto focal \u00fanico e apelativo.<\/p>\n<p data-sourcepos=\"5:1-5:40\"><strong>Principais carater\u00edsticas dos lava-loi\u00e7as de bancada:<\/strong><\/p>\n<ul data-sourcepos=\"7:1-11:0\">\n<li data-sourcepos=\"7:1-7:88\"><strong>Design elegante:<\/strong> Dispon\u00edvel numa vasta gama de estilos, do cl\u00e1ssico ao contempor\u00e2neo.<\/li>\n<li data-sourcepos=\"8:1-8:78\"><strong>Instala\u00e7\u00e3o f\u00e1cil:<\/strong> Simples de instalar em cima da sua bancada existente.<\/li>\n<li data-sourcepos=\"9:1-9:72\"><strong>Variedade de materiais:<\/strong> Escolha entre cer\u00e2mica, vidro, pedra ou metal.<\/li>\n<li data-sourcepos=\"10:1-11:0\"><strong>Personaliza\u00e7\u00e3o:<\/strong> Pode ser personalizado para se adaptar \u00e0s suas necessidades e prefer\u00eancias espec\u00edficas.<\/li>\n<\/ul>\n<p data-sourcepos=\"12:1-12:55\"><strong>Considera\u00e7\u00f5es sobre a escolha de um lava-loi\u00e7a de cima do balc\u00e3o:<\/strong><\/p>\n<ul data-sourcepos=\"14:1-18:0\">\n<li data-sourcepos=\"14:1-14:144\"><strong>Tamanho e forma:<\/strong> Considere o tamanho e a forma do lava-loi\u00e7a para garantir que se adapta \u00e0 sua bancada e complementa o design da sua casa de banho ou cozinha.<\/li>\n<li data-sourcepos=\"15:1-15:82\"><strong>Material:<\/strong> Escolha um material dur\u00e1vel e f\u00e1cil de limpar que se adeq\u00fae ao seu estilo.<\/li>\n<li data-sourcepos=\"16:1-16:87\"><strong>Torneira:<\/strong> Selecione uma torneira que seja compat\u00edvel com a altura e o estilo do lava-loi\u00e7a.<\/li>\n<li data-sourcepos=\"17:1-18:0\"><strong>Instala\u00e7\u00e3o:<\/strong> Assegurar uma instala\u00e7\u00e3o correta para evitar danos causados pela \u00e1gua e garantir uma funcionalidade \u00f3ptima.<\/li>\n<\/ul>\n<p data-sourcepos=\"19:1-19:143\"><strong>Ao considerar cuidadosamente estes factores, pode escolher o lava-loi\u00e7a de bancada perfeito para elevar o estilo e a funcionalidade do seu espa\u00e7o.<\/strong><\/p>","protected":false},"excerpt":{"rendered":"<p>Tamanho total: 810*510*220 mm<\/p>\n<p>Tamanho da ta\u00e7a: 400*400 mm<\/p>\n<p>Tamanho do recorte: 785*485 mm<\/p>\n<p>Canto Radiano : R10<\/p>","protected":false},"featured_media":2406,"template":"","meta":[],"product_brand":[],"product_cat":[53],"product_tag":[],"class_list":{"0":"post-2405","1":"product","2":"type-product","3":"status-publish","4":"has-post-thumbnail","6":"product_cat-topmount-sink-1","8":"first","9":"instock","10":"shipping-taxable","11":"product-type-simple"},"_links":{"self":[{"href":"https:\/\/sinkwithfaucet.com\/pt\/wp-json\/wp\/v2\/product\/2405","targetHints":{"allow":["GET"]}}],"collection":[{"href":"https:\/\/sinkwithfaucet.com\/pt\/wp-json\/wp\/v2\/product"}],"about":[{"href":"https:\/\/sinkwithfaucet.com\/pt\/wp-json\/wp\/v2\/types\/product"}],"wp:featuredmedia":[{"embeddable":true,"href":"https:\/\/sinkwithfaucet.com\/pt\/wp-json\/wp\/v2\/media\/2406"}],"wp:attachment":[{"href":"https:\/\/sinkwithfaucet.com\/pt\/wp-json\/wp\/v2\/media?parent=2405"}],"wp:term":[{"taxonomy":"product_brand","embeddable":true,"href":"https:\/\/sinkwithfaucet.com\/pt\/wp-json\/wp\/v2\/product_brand?post=2405"},{"taxonomy":"product_cat","embeddable":true,"href":"https:\/\/sinkwithfaucet.com\/pt\/wp-json\/wp\/v2\/product_cat?post=2405"},{"taxonomy":"product_tag","embeddable":true,"href":"https:\/\/sinkwithfaucet.com\/pt\/wp-json\/wp\/v2\/product_tag?post=2405"}],"curies":[{"name":"wp","href":"https:\/\/api.w.org\/{rel}","templated":true}]}}