{"id":2403,"date":"2024-11-04T02:39:18","date_gmt":"2024-11-04T02:39:18","guid":{"rendered":"https:\/\/sinkwithfaucet.com\/?post_type=product&#038;p=2403"},"modified":"2024-11-04T02:39:18","modified_gmt":"2024-11-04T02:39:18","slug":"black-stainless-steel-kitchen-sink-7843","status":"publish","type":"product","link":"https:\/\/sinkwithfaucet.com\/pt\/black-stainless-steel-kitchen-sink-7843\/","title":{"rendered":"Lava-lou\u00e7a de cozinha em a\u00e7o inoxid\u00e1vel preto 7843"},"content":{"rendered":"<h2 data-sourcepos=\"1:1-1:57\">Lava-lou\u00e7as de cozinha em a\u00e7o inoxid\u00e1vel preto: Uma escolha moderna e elegante<\/h2>\n<p data-sourcepos=\"3:1-3:231\">Os lava-loi\u00e7as de cozinha em a\u00e7o inoxid\u00e1vel preto tornaram-se cada vez mais populares nos \u00faltimos anos, oferecendo uma alternativa elegante e moderna ao a\u00e7o inoxid\u00e1vel tradicional. Este acabamento \u00fanico d\u00e1 um toque de sofistica\u00e7\u00e3o e eleg\u00e2ncia a qualquer cozinha.<\/p>\n<p data-sourcepos=\"5:1-5:48\"><strong>Carater\u00edsticas principais dos lava-loi\u00e7as pretos em a\u00e7o inoxid\u00e1vel:<\/strong><\/p>\n<ul data-sourcepos=\"7:1-11:0\">\n<li data-sourcepos=\"7:1-7:93\"><strong>Est\u00e9tica moderna:<\/strong> O acabamento escuro e elegante cria um aspeto contempor\u00e2neo e sofisticado.<\/li>\n<li data-sourcepos=\"8:1-8:92\"><strong>Durabilidade:<\/strong> Fabricado em a\u00e7o inoxid\u00e1vel de alta qualidade, garante um desempenho duradouro.<\/li>\n<li data-sourcepos=\"9:1-9:113\"><strong>Resist\u00eancia \u00e0s impress\u00f5es digitais:<\/strong> Os revestimentos especiais ajudam a minimizar as impress\u00f5es digitais e as manchas, facilitando a limpeza.<\/li>\n<li data-sourcepos=\"10:1-11:0\"><strong>Variedade de estilos:<\/strong> Dispon\u00edvel em v\u00e1rios estilos, incluindo lava-loi\u00e7as de montagem inferior, de montagem superior e de casa de campo.<\/li>\n<\/ul>\n<p data-sourcepos=\"12:1-12:62\"><strong>Considera\u00e7\u00f5es sobre a escolha de um lava-loi\u00e7a preto em a\u00e7o inoxid\u00e1vel:<\/strong><\/p>\n<ul data-sourcepos=\"14:1-18:0\">\n<li data-sourcepos=\"14:1-14:120\"><strong>Acabamento:<\/strong> Escolha um acabamento que complemente o estilo geral da sua cozinha, como o preto mate ou o a\u00e7o preto escovado.<\/li>\n<li data-sourcepos=\"15:1-15:75\"><strong>Tamanho:<\/strong> Selecione um tamanho que se adapte \u00e0s suas necessidades espec\u00edficas e \u00e0 disposi\u00e7\u00e3o da cozinha.<\/li>\n<li data-sourcepos=\"16:1-16:91\"><strong>Instala\u00e7\u00e3o:<\/strong> Considere o m\u00e9todo de instala\u00e7\u00e3o, quer seja por baixo ou por cima.<\/li>\n<li data-sourcepos=\"17:1-18:0\"><strong>Manuten\u00e7\u00e3o:<\/strong> Embora o a\u00e7o inoxid\u00e1vel preto seja dur\u00e1vel, a limpeza regular \u00e9 essencial para manter a sua apar\u00eancia.<\/li>\n<\/ul>\n<p data-sourcepos=\"19:1-19:149\">Ao considerar cuidadosamente estes factores, pode escolher o lava-lou\u00e7a preto em a\u00e7o inoxid\u00e1vel perfeito para elevar o estilo e a funcionalidade da sua cozinha.<\/p>","protected":false},"excerpt":{"rendered":"<p>Tamanho total: 780*430*220 mm<\/p>\n<p>Tamanho da ta\u00e7a: 740*381 mm<\/p>\n<p>Tamanho do recorte: 740*381 mm<\/p>\n<p>Canto Radiano : R10<\/p>","protected":false},"featured_media":2404,"template":"","meta":[],"product_brand":[],"product_cat":[52],"product_tag":[],"class_list":{"0":"post-2403","1":"product","2":"type-product","3":"status-publish","4":"has-post-thumbnail","6":"product_cat-undermount-sink-1","8":"first","9":"instock","10":"shipping-taxable","11":"product-type-simple"},"_links":{"self":[{"href":"https:\/\/sinkwithfaucet.com\/pt\/wp-json\/wp\/v2\/product\/2403","targetHints":{"allow":["GET"]}}],"collection":[{"href":"https:\/\/sinkwithfaucet.com\/pt\/wp-json\/wp\/v2\/product"}],"about":[{"href":"https:\/\/sinkwithfaucet.com\/pt\/wp-json\/wp\/v2\/types\/product"}],"wp:featuredmedia":[{"embeddable":true,"href":"https:\/\/sinkwithfaucet.com\/pt\/wp-json\/wp\/v2\/media\/2404"}],"wp:attachment":[{"href":"https:\/\/sinkwithfaucet.com\/pt\/wp-json\/wp\/v2\/media?parent=2403"}],"wp:term":[{"taxonomy":"product_brand","embeddable":true,"href":"https:\/\/sinkwithfaucet.com\/pt\/wp-json\/wp\/v2\/product_brand?post=2403"},{"taxonomy":"product_cat","embeddable":true,"href":"https:\/\/sinkwithfaucet.com\/pt\/wp-json\/wp\/v2\/product_cat?post=2403"},{"taxonomy":"product_tag","embeddable":true,"href":"https:\/\/sinkwithfaucet.com\/pt\/wp-json\/wp\/v2\/product_tag?post=2403"}],"curies":[{"name":"wp","href":"https:\/\/api.w.org\/{rel}","templated":true}]}}