{"id":2394,"date":"2024-11-04T01:54:04","date_gmt":"2024-11-04T01:54:04","guid":{"rendered":"https:\/\/sinkwithfaucet.com\/?post_type=product&#038;p=2394"},"modified":"2024-11-04T01:55:37","modified_gmt":"2024-11-04T01:55:37","slug":"undermount-bar-sink-1144ddu","status":"publish","type":"product","link":"https:\/\/sinkwithfaucet.com\/pt\/undermount-bar-sink-1144ddu\/","title":{"rendered":"Lavat\u00f3rio de bar com base 1144DDU"},"content":{"rendered":"<h2 data-sourcepos=\"1:1-1:50\">Lava-loi\u00e7as de bar com base: Uma escolha elegante e moderna<\/h2>\n<p data-sourcepos=\"3:1-3:193\"><strong>Lava-loi\u00e7as de bar de encastrar<\/strong> s\u00e3o uma escolha popular para bares dom\u00e9sticos, bares h\u00famidos e \u00e1reas de cozinha mais pequenas. Foram concebidos para serem instalados por baixo da bancada, criando um aspeto perfeito e moderno.<\/p>\n<p data-sourcepos=\"5:1-5:41\"><strong>Carater\u00edsticas principais:<\/strong><\/p>\n<ul data-sourcepos=\"7:1-11:0\">\n<li data-sourcepos=\"7:1-7:92\"><strong>Design elegante:<\/strong> A instala\u00e7\u00e3o sob o suporte proporciona uma est\u00e9tica limpa e contempor\u00e2nea.<\/li>\n<li data-sourcepos=\"8:1-8:119\"><strong>F\u00e1cil de limpar:<\/strong> A integra\u00e7\u00e3o perfeita com a bancada elimina os espa\u00e7os onde a sujidade e os detritos se podem acumular.<\/li>\n<li data-sourcepos=\"9:1-9:58\"><strong>Economia de espa\u00e7o:<\/strong> Tamanho compacto ideal para espa\u00e7os mais pequenos.<\/li>\n<li data-sourcepos=\"10:1-11:0\"><strong>Durabilidade:<\/strong> Normalmente, s\u00e3o fabricados em a\u00e7o inoxid\u00e1vel de alta qualidade, garantindo um desempenho duradouro.<\/li>\n<\/ul>\n<p data-sourcepos=\"12:1-12:56\"><strong>Considera\u00e7\u00f5es a ter em conta na escolha de um lavat\u00f3rio de bar com base:<\/strong><\/p>\n<ul data-sourcepos=\"14:1-18:0\">\n<li data-sourcepos=\"14:1-14:66\"><strong>Tamanho:<\/strong> Escolha um tamanho que se adapte ao seu espa\u00e7o e necessidades espec\u00edficas.<\/li>\n<li data-sourcepos=\"15:1-15:109\"><strong>Profundidade:<\/strong> Considere a profundidade do lava-loi\u00e7a para v\u00e1rias tarefas, como lavar copos ou preparar bebidas.<\/li>\n<li data-sourcepos=\"16:1-16:92\"><strong>Material:<\/strong> O a\u00e7o inoxid\u00e1vel \u00e9 uma escolha popular pela sua durabilidade e f\u00e1cil manuten\u00e7\u00e3o.<\/li>\n<li data-sourcepos=\"17:1-18:0\"><strong>Orif\u00edcios para torneiras:<\/strong> Certifique-se de que o lava-loi\u00e7a tem o n\u00famero adequado de orif\u00edcios de torneira para a configura\u00e7\u00e3o pretendida.<\/li>\n<\/ul>\n<p data-sourcepos=\"19:1-20:30\">Se considerar cuidadosamente estes factores, pode selecionar o lava-loi\u00e7a de bar de montagem inferior perfeito para complementar a sua cozinha ou \u00e1rea de bar.<\/p>","protected":false},"excerpt":{"rendered":"<p>Tamanho total \uff1a 1150*440*220 mm<\/p>\n<p>Tamanho da ta\u00e7a: 400*400\/300*400 mm<\/p>\n<p>Tamanho do recorte \uff1a1110*400 mm<\/p>\n<p>Canto Radiano \uff1aR10<\/p>","protected":false},"featured_media":2397,"template":"","meta":[],"product_brand":[],"product_cat":[52],"product_tag":[],"class_list":{"0":"post-2394","1":"product","2":"type-product","3":"status-publish","4":"has-post-thumbnail","6":"product_cat-undermount-sink-1","8":"first","9":"instock","10":"shipping-taxable","11":"product-type-simple"},"_links":{"self":[{"href":"https:\/\/sinkwithfaucet.com\/pt\/wp-json\/wp\/v2\/product\/2394","targetHints":{"allow":["GET"]}}],"collection":[{"href":"https:\/\/sinkwithfaucet.com\/pt\/wp-json\/wp\/v2\/product"}],"about":[{"href":"https:\/\/sinkwithfaucet.com\/pt\/wp-json\/wp\/v2\/types\/product"}],"wp:featuredmedia":[{"embeddable":true,"href":"https:\/\/sinkwithfaucet.com\/pt\/wp-json\/wp\/v2\/media\/2397"}],"wp:attachment":[{"href":"https:\/\/sinkwithfaucet.com\/pt\/wp-json\/wp\/v2\/media?parent=2394"}],"wp:term":[{"taxonomy":"product_brand","embeddable":true,"href":"https:\/\/sinkwithfaucet.com\/pt\/wp-json\/wp\/v2\/product_brand?post=2394"},{"taxonomy":"product_cat","embeddable":true,"href":"https:\/\/sinkwithfaucet.com\/pt\/wp-json\/wp\/v2\/product_cat?post=2394"},{"taxonomy":"product_tag","embeddable":true,"href":"https:\/\/sinkwithfaucet.com\/pt\/wp-json\/wp\/v2\/product_tag?post=2394"}],"curies":[{"name":"wp","href":"https:\/\/api.w.org\/{rel}","templated":true}]}}