{"id":2391,"date":"2024-11-04T01:44:51","date_gmt":"2024-11-04T01:44:51","guid":{"rendered":"https:\/\/sinkwithfaucet.com\/?post_type=product&#038;p=2391"},"modified":"2024-11-04T01:46:08","modified_gmt":"2024-11-04T01:46:08","slug":"integrated-sink-7544sdu","status":"publish","type":"product","link":"https:\/\/sinkwithfaucet.com\/pt\/integrated-sink-7544sdu\/","title":{"rendered":"Lava-lou\u00e7a integrado 7544SDU"},"content":{"rendered":"<h2 data-sourcepos=\"1:1-1:46\">Lava-lou\u00e7as integrados: Um design de cozinha sem falhas<\/h2>\n<p data-sourcepos=\"3:1-3:176\"><strong>Lava-loi\u00e7as integrado<\/strong> s\u00e3o uma escolha moderna e elegante para bancadas de cozinha. Est\u00e3o perfeitamente integrados no material da bancada, criando um aspeto limpo e minimalista.<\/p>\n<p data-sourcepos=\"5:1-5:37\"><strong>Carater\u00edsticas principais:<\/strong><\/p>\n<ul data-sourcepos=\"7:1-11:0\">\n<li data-sourcepos=\"7:1-7:139\"><strong>Design sem costuras:<\/strong> O lava-loi\u00e7a e a bancada formam uma superf\u00edcie \u00fanica e unificada, eliminando espa\u00e7os e fendas onde as bact\u00e9rias se podem acumular.<\/li>\n<li data-sourcepos=\"8:1-8:117\"><strong>Personaliza\u00e7\u00e3o:<\/strong> Os lava-loi\u00e7as integrados podem ser personalizados de acordo com as suas necessidades espec\u00edficas, incluindo o tamanho, a forma e a profundidade.<\/li>\n<li data-sourcepos=\"9:1-9:121\"><strong>Durabilidade:<\/strong> Fabricados a partir de materiais duradouros como o quartzo, o granito ou a superf\u00edcie s\u00f3lida, os lava-loi\u00e7as integrados s\u00e3o feitos para durar.<\/li>\n<li data-sourcepos=\"10:1-11:0\"><strong>F\u00e1cil de limpar:<\/strong> A superf\u00edcie lisa e sem costuras \u00e9 f\u00e1cil de limpar e manter.<\/li>\n<\/ul>\n<p data-sourcepos=\"12:1-12:30\"><strong>Tipos:<\/strong><\/p>\n<ul data-sourcepos=\"14:1-17:0\">\n<li data-sourcepos=\"14:1-14:90\"><strong>Quartzo:<\/strong> Uma escolha popular pela sua durabilidade, resist\u00eancia ao calor e variedade de cores.<\/li>\n<li data-sourcepos=\"15:1-15:79\"><strong>Granito:<\/strong> Uma op\u00e7\u00e3o de pedra natural que oferece um aspeto luxuoso e elegante.<\/li>\n<li data-sourcepos=\"16:1-17:0\"><strong>Superf\u00edcie s\u00f3lida:<\/strong> Um material feito pelo homem que \u00e9 simultaneamente dur\u00e1vel e elegante.<\/li>\n<\/ul>\n<p data-sourcepos=\"18:1-18:52\"><strong>Considera\u00e7\u00f5es na escolha de um lava-loi\u00e7a integrado:<\/strong><\/p>\n<ul data-sourcepos=\"20:1-24:0\">\n<li data-sourcepos=\"20:1-20:108\"><strong>Material:<\/strong> Escolha um material que complemente a est\u00e9tica da sua cozinha e satisfa\u00e7a as suas necessidades funcionais.<\/li>\n<li data-sourcepos=\"21:1-21:128\"><strong>Tamanho e forma:<\/strong> Considere o tamanho e a forma do lava-loi\u00e7a para garantir que se adapta \u00e0 disposi\u00e7\u00e3o da sua cozinha e \u00e0s suas necessidades.<\/li>\n<li data-sourcepos=\"22:1-22:101\"><strong>Instala\u00e7\u00e3o:<\/strong> Recomenda-se a instala\u00e7\u00e3o profissional para garantir um encaixe perfeito e estanque.<\/li>\n<li data-sourcepos=\"23:1-24:0\"><strong>Manuten\u00e7\u00e3o:<\/strong> Siga as diretrizes de limpeza e manuten\u00e7\u00e3o recomendadas pelo fabricante.<\/li>\n<\/ul>\n<p data-sourcepos=\"25:1-25:184\"><strong>Os lava-loi\u00e7as integrados oferecem um aspeto elegante e moderno que pode elevar o estilo da sua cozinha.<\/strong> S\u00e3o uma \u00f3ptima escolha para os propriet\u00e1rios que d\u00e3o prioridade \u00e0 est\u00e9tica e \u00e0 funcionalidade.<\/p>","protected":false},"excerpt":{"rendered":"<p>Tamanho total: 750*440*220 mm<\/p>\n<p>Tamanho da ta\u00e7a: 400*400 mm<\/p>\n<p>Tamanho do recorte: 710*400 mm<\/p>\n<p>Canto Radiano : R10<\/p>","protected":false},"featured_media":2392,"template":"","meta":[],"product_brand":[],"product_cat":[52],"product_tag":[],"class_list":{"0":"post-2391","1":"product","2":"type-product","3":"status-publish","4":"has-post-thumbnail","6":"product_cat-undermount-sink-1","8":"first","9":"instock","10":"shipping-taxable","11":"product-type-simple"},"_links":{"self":[{"href":"https:\/\/sinkwithfaucet.com\/pt\/wp-json\/wp\/v2\/product\/2391","targetHints":{"allow":["GET"]}}],"collection":[{"href":"https:\/\/sinkwithfaucet.com\/pt\/wp-json\/wp\/v2\/product"}],"about":[{"href":"https:\/\/sinkwithfaucet.com\/pt\/wp-json\/wp\/v2\/types\/product"}],"wp:featuredmedia":[{"embeddable":true,"href":"https:\/\/sinkwithfaucet.com\/pt\/wp-json\/wp\/v2\/media\/2392"}],"wp:attachment":[{"href":"https:\/\/sinkwithfaucet.com\/pt\/wp-json\/wp\/v2\/media?parent=2391"}],"wp:term":[{"taxonomy":"product_brand","embeddable":true,"href":"https:\/\/sinkwithfaucet.com\/pt\/wp-json\/wp\/v2\/product_brand?post=2391"},{"taxonomy":"product_cat","embeddable":true,"href":"https:\/\/sinkwithfaucet.com\/pt\/wp-json\/wp\/v2\/product_cat?post=2391"},{"taxonomy":"product_tag","embeddable":true,"href":"https:\/\/sinkwithfaucet.com\/pt\/wp-json\/wp\/v2\/product_tag?post=2391"}],"curies":[{"name":"wp","href":"https:\/\/api.w.org\/{rel}","templated":true}]}}