{"id":2389,"date":"2024-11-04T01:38:16","date_gmt":"2024-11-04T01:38:16","guid":{"rendered":"https:\/\/sinkwithfaucet.com\/?post_type=product&#038;p=2389"},"modified":"2024-11-04T01:38:17","modified_gmt":"2024-11-04T01:38:17","slug":"free-standing-sink-7544du","status":"publish","type":"product","link":"https:\/\/sinkwithfaucet.com\/pt\/free-standing-sink-7544du\/","title":{"rendered":"Lava-loi\u00e7a de instala\u00e7\u00e3o livre 7544DU"},"content":{"rendered":"<h2 data-sourcepos=\"1:1-1:54\">Lava-loi\u00e7as de instala\u00e7\u00e3o livre: Uma escolha elegante e funcional<\/h2>\n<p data-sourcepos=\"3:1-3:226\">Os lava-loi\u00e7as de instala\u00e7\u00e3o livre s\u00e3o uma adi\u00e7\u00e3o vers\u00e1til e apelativa \u00e0s casas de banho e cozinhas. Ao contr\u00e1rio dos tradicionais lavat\u00f3rios de bancada, os lavat\u00f3rios aut\u00f3nomos s\u00e3o instalados no ch\u00e3o, dando um toque \u00fanico e elegante ao seu espa\u00e7o.<\/p>\n<p data-sourcepos=\"5:1-5:39\"><strong>Principais carater\u00edsticas dos lava-loi\u00e7as aut\u00f3nomos:<\/strong><\/p>\n<ul data-sourcepos=\"7:1-11:0\">\n<li data-sourcepos=\"7:1-7:90\"><strong>Design vers\u00e1til:<\/strong> Dispon\u00edvel numa vasta gama de estilos, do cl\u00e1ssico ao contempor\u00e2neo.<\/li>\n<li data-sourcepos=\"8:1-8:90\"><strong>Instala\u00e7\u00e3o f\u00e1cil:<\/strong> Simples de instalar sem necessidade de grandes trabalhos na bancada.<\/li>\n<li data-sourcepos=\"9:1-9:74\"><strong>Est\u00e9tica \u00fanica:<\/strong> Cria um ponto focal na sua casa de banho ou cozinha.<\/li>\n<li data-sourcepos=\"10:1-11:0\"><strong>F\u00e1cil de limpar:<\/strong> As superf\u00edcies lisas e o design aberto facilitam a limpeza.<\/li>\n<li data-sourcepos=\"10:1-11:0\"><strong>Lava-loi\u00e7as de cozinha:<\/strong>\n<ul data-sourcepos=\"19:5-21:0\">\n<li data-sourcepos=\"19:5-19:126\"><strong>Lavat\u00f3rios de casa de campo:<\/strong> Lava-loi\u00e7as grandes e profundos com uma frente de avental, proporcionando um espa\u00e7o amplo para lavar a loi\u00e7a e preparar os alimentos.<\/li>\n<li data-sourcepos=\"20:5-21:0\"><strong>Lava-loi\u00e7as utilit\u00e1rios:<\/strong> Perfeito para lavandarias, garagens ou cozinhas exteriores.<\/li>\n<\/ul>\n<\/li>\n<\/ul>\n<ul data-sourcepos=\"14:1-21:0\">\n<li style=\"list-style-type: none;\" data-sourcepos=\"14:1-17:100\"><\/li>\n<\/ul>\n<p data-sourcepos=\"22:1-22:53\"><strong>Considera\u00e7\u00f5es sobre a escolha de um lava-loi\u00e7a independente:<\/strong><\/p>\n<ul data-sourcepos=\"24:1-28:0\">\n<li data-sourcepos=\"24:1-24:74\"><strong>Estilo:<\/strong> Selecione um lavat\u00f3rio que complemente a sua est\u00e9tica geral de design.<\/li>\n<li data-sourcepos=\"25:1-25:78\"><strong>Tamanho:<\/strong> Escolha um tamanho que se adapte ao seu espa\u00e7o dispon\u00edvel e que satisfa\u00e7a as suas necessidades.<\/li>\n<li data-sourcepos=\"26:1-26:129\"><strong>Material:<\/strong> Considere o material, como a cer\u00e2mica, a porcelana ou o a\u00e7o inoxid\u00e1vel, com base na durabilidade e nas prefer\u00eancias de estilo.<\/li>\n<li data-sourcepos=\"27:1-28:0\"><strong>Canaliza\u00e7\u00e3o:<\/strong> Assegure-se de que as liga\u00e7\u00f5es de canaliza\u00e7\u00e3o est\u00e3o corretas e considere quaisquer potenciais desafios, especialmente no caso dos lava-loi\u00e7as de cozinha independentes.<\/li>\n<\/ul>","protected":false},"excerpt":{"rendered":"<p>Tamanho total: 750*440*220 mm<\/p>\n<p>Tamanho da ta\u00e7a: 340*400\/340*400 mm<\/p>\n<p>Tamanho do recorte: 710*400 mm<\/p>\n<p>Canto Radiano : R10<\/p>","protected":false},"featured_media":2390,"template":"","meta":[],"product_brand":[],"product_cat":[52],"product_tag":[],"class_list":{"0":"post-2389","1":"product","2":"type-product","3":"status-publish","4":"has-post-thumbnail","6":"product_cat-undermount-sink-1","8":"first","9":"instock","10":"shipping-taxable","11":"product-type-simple"},"_links":{"self":[{"href":"https:\/\/sinkwithfaucet.com\/pt\/wp-json\/wp\/v2\/product\/2389","targetHints":{"allow":["GET"]}}],"collection":[{"href":"https:\/\/sinkwithfaucet.com\/pt\/wp-json\/wp\/v2\/product"}],"about":[{"href":"https:\/\/sinkwithfaucet.com\/pt\/wp-json\/wp\/v2\/types\/product"}],"wp:featuredmedia":[{"embeddable":true,"href":"https:\/\/sinkwithfaucet.com\/pt\/wp-json\/wp\/v2\/media\/2390"}],"wp:attachment":[{"href":"https:\/\/sinkwithfaucet.com\/pt\/wp-json\/wp\/v2\/media?parent=2389"}],"wp:term":[{"taxonomy":"product_brand","embeddable":true,"href":"https:\/\/sinkwithfaucet.com\/pt\/wp-json\/wp\/v2\/product_brand?post=2389"},{"taxonomy":"product_cat","embeddable":true,"href":"https:\/\/sinkwithfaucet.com\/pt\/wp-json\/wp\/v2\/product_cat?post=2389"},{"taxonomy":"product_tag","embeddable":true,"href":"https:\/\/sinkwithfaucet.com\/pt\/wp-json\/wp\/v2\/product_tag?post=2389"}],"curies":[{"name":"wp","href":"https:\/\/api.w.org\/{rel}","templated":true}]}}