{"id":2342,"date":"2024-11-01T07:21:34","date_gmt":"2024-11-01T07:21:34","guid":{"rendered":"https:\/\/sinkwithfaucet.com\/?post_type=product&#038;p=2342"},"modified":"2024-11-01T07:23:29","modified_gmt":"2024-11-01T07:23:29","slug":"small-stainless-steel-sink-2344su","status":"publish","type":"product","link":"https:\/\/sinkwithfaucet.com\/pt\/small-stainless-steel-sink-2344su\/","title":{"rendered":"Lava-lou\u00e7as pequeno em a\u00e7o inoxid\u00e1vel 2344SU"},"content":{"rendered":"<h2 data-sourcepos=\"1:1-1:50\">Pequenos lava-loi\u00e7as em a\u00e7o inoxid\u00e1vel: Uma solu\u00e7\u00e3o compacta<\/h2>\n<p data-sourcepos=\"3:1-3:87\">Os pequenos lava-loi\u00e7as em a\u00e7o inoxid\u00e1vel s\u00e3o uma escolha pr\u00e1tica para v\u00e1rias aplica\u00e7\u00f5es.<\/p>\n<p data-sourcepos=\"10:1-10:44\"><strong>Benef\u00edcios:<\/strong><\/p>\n<ul data-sourcepos=\"12:1-16:0\">\n<li data-sourcepos=\"12:1-12:58\"><strong>Economia de espa\u00e7o:<\/strong> O design compacto adapta-se a espa\u00e7os pequenos.<\/li>\n<li data-sourcepos=\"13:1-13:88\"><strong>Durabilidade:<\/strong> O a\u00e7o inoxid\u00e1vel \u00e9 um material dur\u00e1vel que resiste \u00e0 ferrugem e \u00e0 corros\u00e3o.<\/li>\n<li data-sourcepos=\"14:1-14:66\"><strong>F\u00e1cil de limpar:<\/strong> A superf\u00edcie lisa \u00e9 f\u00e1cil de manter e limpar.<\/li>\n<li data-sourcepos=\"15:1-16:0\"><strong>Est\u00e9tica moderna:<\/strong> O design elegante e moderno complementa v\u00e1rios estilos de cozinha.<\/li>\n<\/ul>\n<p data-sourcepos=\"17:1-17:41\"><strong>Tipos:<\/strong><\/p>\n<ul data-sourcepos=\"19:1-23:0\">\n<li data-sourcepos=\"19:1-19:77\"><strong>Lava-loi\u00e7as de encastrar:<\/strong> Instalado por baixo da bancada para um aspeto perfeito.<\/li>\n<li data-sourcepos=\"20:1-20:93\"><strong>Lava-lou\u00e7as de montagem superior:<\/strong> Instalado em cima da bancada, oferece um aspeto tradicional.<\/li>\n<li data-sourcepos=\"21:1-21:65\"><strong>Lava-loi\u00e7as de ta\u00e7a \u00fanica:<\/strong> Um \u00fanico lavat\u00f3rio para tarefas de limpeza b\u00e1sicas.<\/li>\n<li data-sourcepos=\"22:1-23:0\"><strong>Lava-loi\u00e7as de cuba dupla:<\/strong> Dois lavat\u00f3rios separados para multitarefas.<\/li>\n<\/ul>\n<p data-sourcepos=\"24:1-24:78\"><strong>Considere os seguintes factores ao escolher um pequeno lava-loi\u00e7a em a\u00e7o inoxid\u00e1vel:<\/strong><\/p>\n<ul data-sourcepos=\"26:1-30:0\">\n<li data-sourcepos=\"26:1-26:76\"><strong>Tamanho:<\/strong> Escolha um tamanho que se adapte \u00e0s suas necessidades espec\u00edficas e ao espa\u00e7o dispon\u00edvel.<\/li>\n<li data-sourcepos=\"27:1-27:64\"><strong>Profundidade:<\/strong> Um lava-loi\u00e7a mais fundo pode acomodar tachos e panelas maiores.<\/li>\n<li data-sourcepos=\"28:1-28:93\"><strong>Calibre:<\/strong> A espessura do a\u00e7o inoxid\u00e1vel pode afetar a durabilidade e o som do lava-loi\u00e7a.<\/li>\n<li data-sourcepos=\"29:1-30:0\"><strong>Acabamento:<\/strong> Escolha um acabamento que complemente o estilo da sua cozinha, como o a\u00e7o inoxid\u00e1vel escovado ou polido.<\/li>\n<\/ul>\n<p data-sourcepos=\"31:1-31:109\">Ao considerar cuidadosamente estes factores, pode selecionar o lava-loi\u00e7a pequeno em a\u00e7o inoxid\u00e1vel perfeito para as suas necessidades.<\/p>","protected":false},"excerpt":{"rendered":"<p>Tamanho total \uff1a 230*440*200 mm<\/p>\n<p>Tamanho da ta\u00e7a: 190*400 mm<\/p>\n<p>Tamanho do recorte \uff1a190*400 mm<\/p>\n<p>Canto Radiano \uff1aR10<\/p>","protected":false},"featured_media":2343,"template":"","meta":[],"product_brand":[],"product_cat":[52],"product_tag":[],"class_list":{"0":"post-2342","1":"product","2":"type-product","3":"status-publish","4":"has-post-thumbnail","6":"product_cat-undermount-sink-1","8":"first","9":"instock","10":"shipping-taxable","11":"product-type-simple"},"_links":{"self":[{"href":"https:\/\/sinkwithfaucet.com\/pt\/wp-json\/wp\/v2\/product\/2342","targetHints":{"allow":["GET"]}}],"collection":[{"href":"https:\/\/sinkwithfaucet.com\/pt\/wp-json\/wp\/v2\/product"}],"about":[{"href":"https:\/\/sinkwithfaucet.com\/pt\/wp-json\/wp\/v2\/types\/product"}],"wp:featuredmedia":[{"embeddable":true,"href":"https:\/\/sinkwithfaucet.com\/pt\/wp-json\/wp\/v2\/media\/2343"}],"wp:attachment":[{"href":"https:\/\/sinkwithfaucet.com\/pt\/wp-json\/wp\/v2\/media?parent=2342"}],"wp:term":[{"taxonomy":"product_brand","embeddable":true,"href":"https:\/\/sinkwithfaucet.com\/pt\/wp-json\/wp\/v2\/product_brand?post=2342"},{"taxonomy":"product_cat","embeddable":true,"href":"https:\/\/sinkwithfaucet.com\/pt\/wp-json\/wp\/v2\/product_cat?post=2342"},{"taxonomy":"product_tag","embeddable":true,"href":"https:\/\/sinkwithfaucet.com\/pt\/wp-json\/wp\/v2\/product_tag?post=2342"}],"curies":[{"name":"wp","href":"https:\/\/api.w.org\/{rel}","templated":true}]}}