{"id":25,"date":"2023-03-05T10:39:43","date_gmt":"2023-03-05T10:39:43","guid":{"rendered":"https:\/\/sinkwithfaucet.com\/?page_id=25"},"modified":"2024-12-05T02:13:39","modified_gmt":"2024-12-05T02:13:39","slug":"about-kitchen-sink-supplier","status":"publish","type":"page","link":"https:\/\/sinkwithfaucet.com\/pt\/about-kitchen-sink-supplier\/","title":{"rendered":"Sobre"},"content":{"rendered":"<section class=\"section\" id=\"section_491786843\">\n\t\t<div class=\"bg section-bg fill bg-fill  bg-loaded\" >\n\n\t\t\t\n\t\t\t\n\t\t\t\n\n\t\t<\/div>\n\n\t\t\n\n\t\t<div class=\"section-content relative\">\n\t\t\t\n<div class=\"row align-equal\"  id=\"row-1516491126\">\n\n\t<div id=\"col-302858008\" class=\"col medium-12 small-12 large-6 medium-col-first\"  >\n\t\t\t\t<div class=\"col-inner\"  >\n\t\t\t\n\t\t\t\n\t<div id=\"text-3734549755\" class=\"text\">\n\t\t\n<h1><strong>Fornecedor de lava-loi\u00e7a de cozinha Dexing<\/strong><\/h1>\n\t\t\n<style>\n#text-3734549755 {\n  font-size: 1rem;\n}\n@media (min-width:550px) {\n  #text-3734549755 {\n    font-size: 1rem;\n  }\n}\n@media (min-width:850px) {\n  #text-3734549755 {\n    font-size: 1.4rem;\n  }\n}\n<\/style>\n\t<\/div>\n\t\n<div class=\"is-divider divider clearfix\" style=\"max-width:50px;height:4px;background-color:rgb(59, 181, 76);\"><\/div>\n\t<div id=\"gap-1330245230\" class=\"gap-element clearfix hide-for-small\" style=\"display:block; height:auto;\">\n\t\t\n<style>\n#gap-1330245230 {\n  padding-top: 20px;\n}\n<\/style>\n\t<\/div>\n\t\n<p>Como fabricante l\u00edder, a Dexing \u00e9 especializada na cria\u00e7\u00e3o de lava-loi\u00e7as de cozinha de alta qualidade, incluindo <a href=\"https:\/\/sinkwithfaucet.com\/pt\/handmade-sink\/\">lavat\u00f3rios artesanais<\/a>, <a href=\"https:\/\/sinkwithfaucet.com\/pt\/press-sink\/\">lava-loi\u00e7as de prensagem<\/a>e <a href=\"https:\/\/sinkwithfaucet.com\/pt\/stainless-steel-kitchen-faucet\/\">torneiras de cozinha em a\u00e7o inoxid\u00e1vel<\/a>. As nossas instala\u00e7\u00f5es de \u00faltima gera\u00e7\u00e3o na China e no Vietname permitem-nos fornecer produtos personalizados para satisfazer as suas necessidades espec\u00edficas. Al\u00e9m disso, os nossos produtos s\u00e3o certificados UPC e CE para satisfazer os clientes em todo o mundo. Contacte-nos e informe-nos sobre as suas necessidades, iremos oferecer-lhe produtos profissionais e um bom servi\u00e7o.<\/p>\n\t<div id=\"gap-1408423597\" class=\"gap-element clearfix\" style=\"display:block; height:auto;\">\n\t\t\n<style>\n#gap-1408423597 {\n  padding-top: 30px;\n}\n<\/style>\n\t<\/div>\n\t\n<a href=\"\/pt\/contact\/\" class=\"button primary\"  style=\"border-radius:99px;\">\n    <span>Contactar-nos<\/span>\n  <\/a>\n\n\t\t<\/div>\n\t\t\t\t\n<style>\n#col-302858008 > .col-inner {\n  padding: 0px 0px 0px 0px;\n}\n@media (min-width:550px) {\n  #col-302858008 > .col-inner {\n    padding: 0px 0px 0px 0px;\n  }\n}\n@media (min-width:850px) {\n  #col-302858008 > .col-inner {\n    padding: 0px 20px 0px 0px;\n  }\n}\n<\/style>\n\t<\/div>\n\n\t\n\n\t<div id=\"col-1870890125\" class=\"col medium-12 small-12 large-6\"  >\n\t\t\t\t<div class=\"col-inner\"  >\n\t\t\t\n\t\t\t\n\t<div class=\"img has-hover x md-x lg-x y md-y lg-y\" id=\"image_418063254\">\n\t\t\t\t\t\t\t\t<div class=\"img-inner box-shadow-1 box-shadow-5-hover dark\" >\n\t\t\t<img loading=\"lazy\" decoding=\"async\" width=\"600\" height=\"400\" src=\"https:\/\/sinkwithfaucet.com\/wp-content\/uploads\/2024\/11\/kitchen-sink-company1.jpg\" class=\"attachment-original size-original\" alt=\"empresa de lava-loi\u00e7as(1)\" srcset=\"https:\/\/sinkwithfaucet.com\/wp-content\/uploads\/2024\/11\/kitchen-sink-company1.jpg 600w, https:\/\/sinkwithfaucet.com\/wp-content\/uploads\/2024\/11\/kitchen-sink-company1-300x200.jpg 300w, https:\/\/sinkwithfaucet.com\/wp-content\/uploads\/2024\/11\/kitchen-sink-company1-18x12.jpg 18w\" sizes=\"auto, (max-width: 600px) 100vw, 600px\" title=\"\">\t\t\t\t\t\t\n\t\t\t\t\t<\/div>\n\t\t\t\t\t\t\t\t\n<style>\n#image_418063254 {\n  width: 100%;\n}\n<\/style>\n\t<\/div>\n\t\n\t\t<\/div>\n\t\t\t\t\n<style>\n#col-1870890125 > .col-inner {\n  padding: 0px 0px 0px 0px;\n  border-radius: 8px;\n}\n@media (min-width:550px) {\n  #col-1870890125 > .col-inner {\n    padding: 0px 0px 0px 0px;\n  }\n}\n@media (min-width:850px) {\n  #col-1870890125 > .col-inner {\n    padding: 0px 0px 0px 20px;\n  }\n}\n<\/style>\n\t<\/div>\n\n\t\n<\/div>\n<div class=\"row\"  id=\"row-1300182530\">\n\n\t<div id=\"col-1573201201\" class=\"col medium-4 small-12 large-4\"  >\n\t\t\t\t<div class=\"col-inner\"  >\n\t\t\t\n\t\t\t\n<p><strong><span style=\"font-size: 150%;\"><span class=\"count-up\">20000<\/span>+<\/span><\/strong><\/p>\n<p><strong><span style=\"font-size: 150%;\">F\u00e1brica de Metros Quadrados\u00a0<\/span><\/strong><\/p>\n\t\t<\/div>\n\t\t\t\t\t<\/div>\n\n\t\n\n\t<div id=\"col-750827564\" class=\"col medium-4 small-12 large-4\"  >\n\t\t\t\t<div class=\"col-inner\"  >\n\t\t\t\n\t\t\t\n<p><strong><span style=\"font-size: 150%;\"><span class=\"count-up\">15<\/span> +Anos <\/span><\/strong><\/p>\n<p><strong><span style=\"font-size: 150%;\">Experi\u00eancia de produ\u00e7\u00e3o<\/span><\/strong><\/p>\n\t\t<\/div>\n\t\t\t\t\t<\/div>\n\n\t\n\n\t<div id=\"col-468672046\" class=\"col medium-4 small-12 large-4\"  >\n\t\t\t\t<div class=\"col-inner\"  >\n\t\t\t\n\t\t\t\n<p><strong><span style=\"font-size: 150%;\"><span class=\"count-up\">300<\/span>+<br \/>\nPessoal<\/span><\/strong><\/p>\n\t\t<\/div>\n\t\t\t\t\t<\/div>\n\n\t\n<\/div>\n\t\t<\/div>\n\n\t\t\n<style>\n#section_491786843 {\n  padding-top: 30px;\n  padding-bottom: 30px;\n}\n@media (min-width:550px) {\n  #section_491786843 {\n    padding-top: 30px;\n    padding-bottom: 30px;\n  }\n}\n@media (min-width:850px) {\n  #section_491786843 {\n    padding-top: 80px;\n    padding-bottom: 80px;\n  }\n}\n<\/style>\n\t<\/section>\n\t\n\t<section class=\"section\" id=\"section_1273966155\">\n\t\t<div class=\"bg section-bg fill bg-fill  bg-loaded\" >\n\n\t\t\t\n\t\t\t\n\t\t\t\n\n\t\t<\/div>\n\n\t\t\n\n\t\t<div class=\"section-content relative\">\n\t\t\t\n\t<div id=\"gap-246531337\" class=\"gap-element clearfix\" style=\"display:block; height:auto;\">\n\t\t\n<style>\n#gap-246531337 {\n  padding-top: 30px;\n}\n<\/style>\n\t<\/div>\n\t\n<div class=\"row align-center\"  id=\"row-590444871\">\n\n\t<div id=\"col-657716262\" class=\"col medium-10 small-12 large-10\"  >\n\t\t\t\t<div class=\"col-inner\"  >\n\t\t\t\n\t\t\t\n\t<div id=\"text-4073307088\" class=\"text\">\n\t\t\n<h2><strong>A combina\u00e7\u00e3o perfeita de design e funcionalidade<\/strong><\/h2>\n\t\t\n<style>\n#text-4073307088 {\n  font-size: 1.35rem;\n  text-align: center;\n  color: rgb(255,255,255);\n}\n#text-4073307088 > * {\n  color: rgb(255,255,255);\n}\n<\/style>\n\t<\/div>\n\t\n<div class=\"text-center\"><div class=\"is-divider divider clearfix\" style=\"background-color:rgb(255, 255, 255);\"><\/div><\/div>\n\t\t<\/div>\n\t\t\t\t\n<style>\n#col-657716262 > .col-inner {\n  margin: 0px 0px -20px 0px;\n}\n<\/style>\n\t<\/div>\n\n\t\n<\/div>\n<div class=\"row\"  id=\"row-71649019\">\n\n\t<div id=\"col-1761813129\" class=\"col small-12 large-12\"  >\n\t\t\t\t<div class=\"col-inner text-center\"  >\n\t\t\t\n\t\t\t\n<a href=\"\/pt\/shop\/\" class=\"button white\"  style=\"border-radius:99px;\">\n    <span>Saiba mais<\/span>\n  <\/a>\n\n\t\t<\/div>\n\t\t\t\t\n<style>\n#col-1761813129 > .col-inner {\n  margin: 0px 0px -20px 0px;\n}\n<\/style>\n\t<\/div>\n\n\t\n<\/div>\n\t\t<\/div>\n\n\t\t\n<style>\n#section_1273966155 {\n  padding-top: 30px;\n  padding-bottom: 30px;\n  background-color: rgb(80, 107, 106);\n}\n<\/style>\n\t<\/section>\n\t\n\t<section class=\"section\" id=\"section_171840840\">\n\t\t<div class=\"bg section-bg fill bg-fill  bg-loaded\" >\n\n\t\t\t\n\t\t\t\n\t\t\t\n\n\t\t<\/div>\n\n\t\t\n\n\t\t<div class=\"section-content relative\">\n\t\t\t\n<div class=\"row\"  id=\"row-1804385606\">\n\n\t<div id=\"col-201451441\" class=\"col medium-6 small-12 large-6\"  >\n\t\t\t\t<div class=\"col-inner\"  >\n\t\t\t\n\t\t\t\n\t<div id=\"gap-105582145\" class=\"gap-element clearfix\" style=\"display:block; height:auto;\">\n\t\t\n<style>\n#gap-105582145 {\n  padding-top: 45px;\n}\n<\/style>\n\t<\/div>\n\t\n\t<div class=\"img has-hover x md-x lg-x y md-y lg-y\" id=\"image_1607009149\">\n\t\t\t\t\t\t\t\t<div class=\"img-inner image-cover dark\" style=\"padding-top:65%;\">\n\t\t\t<img loading=\"lazy\" decoding=\"async\" width=\"794\" height=\"510\" src=\"https:\/\/sinkwithfaucet.com\/wp-content\/uploads\/2024\/11\/48a630f0-9512-4231-a10d-eef0c336bb1f.jpg\" class=\"attachment-original size-original\" alt=\"As nossas certifica\u00e7\u00f5es\" srcset=\"https:\/\/sinkwithfaucet.com\/wp-content\/uploads\/2024\/11\/48a630f0-9512-4231-a10d-eef0c336bb1f.jpg 794w, https:\/\/sinkwithfaucet.com\/wp-content\/uploads\/2024\/11\/48a630f0-9512-4231-a10d-eef0c336bb1f-300x193.jpg 300w, https:\/\/sinkwithfaucet.com\/wp-content\/uploads\/2024\/11\/48a630f0-9512-4231-a10d-eef0c336bb1f-768x493.jpg 768w, https:\/\/sinkwithfaucet.com\/wp-content\/uploads\/2024\/11\/48a630f0-9512-4231-a10d-eef0c336bb1f-18x12.jpg 18w, https:\/\/sinkwithfaucet.com\/wp-content\/uploads\/2024\/11\/48a630f0-9512-4231-a10d-eef0c336bb1f-600x385.jpg 600w\" sizes=\"auto, (max-width: 794px) 100vw, 794px\" title=\"\">\t\t\t\t\t\t\n\t\t\t\t\t<\/div>\n\t\t\t\t\t\t\t\t\n<style>\n#image_1607009149 {\n  width: 100%;\n}\n<\/style>\n\t<\/div>\n\t\n\t\t<\/div>\n\t\t\t\t\t<\/div>\n\n\t\n\n\t<div id=\"col-522217140\" class=\"col medium-6 small-12 large-6\"  >\n\t\t\t\t<div class=\"col-inner\"  >\n\t\t\t\n\t\t\t\n<h2 class=\"elementor-divider__text elementor-divider__element\"><strong>As nossas vantagens como fornecedor de lava-loi\u00e7a de cozinha<\/strong><\/h2>\n<p data-sourcepos=\"7:1-7:45\"><strong>O nosso compromisso com a qualidade e a inova\u00e7\u00e3o:<\/strong><\/p>\n<ul data-sourcepos=\"9:1-12:0\">\n<li data-sourcepos=\"9:1-9:135\"><strong>Instala\u00e7\u00f5es de fabrico avan\u00e7adas:<\/strong> Equipados com m\u00e1quinas de \u00faltima gera\u00e7\u00e3o, garantimos uma produ\u00e7\u00e3o precisa e uma qualidade consistente.<\/li>\n<li data-sourcepos=\"10:1-10:131\"><strong>Melhoria cont\u00ednua:<\/strong> Investimos em investiga\u00e7\u00e3o e desenvolvimento para nos mantermos \u00e0 frente das tend\u00eancias do sector e oferecermos produtos inovadores.<\/li>\n<li data-sourcepos=\"11:1-12:0\"><strong>Foco no cliente:<\/strong> O nosso objetivo \u00e9 satisfazer as diversas necessidades dos nossos clientes, fornecendo uma vasta gama de lava-lou\u00e7as em a\u00e7o inoxid\u00e1vel de alta qualidade.<\/li>\n<\/ul>\n<p data-sourcepos=\"13:1-13:22\"><strong>A nossa gama de produtos:<\/strong><\/p>\n<ul data-sourcepos=\"15:1-18:0\">\n<li data-sourcepos=\"15:1-15:105\"><strong>Pias feitas \u00e0 m\u00e3o:<\/strong> Criadas com precis\u00e3o e aten\u00e7\u00e3o aos detalhes para um toque \u00fanico e personalizado.<\/li>\n<li data-sourcepos=\"17:1-18:0\"><strong>Lavat\u00f3rios fabricados \u00e0 m\u00e1quina:<\/strong> Produzidos de forma eficiente utilizando t\u00e9cnicas de fabrico modernas para uma qualidade consistente e a pre\u00e7os acess\u00edveis.<\/li>\n<\/ul>\n<a href=\"\/pt\/contact\/\" class=\"button primary\"  style=\"border-radius:99px;\">\n    <span>junte-se a n\u00f3s agora<\/span>\n  <\/a>\n\n\t\t<\/div>\n\t\t\t\t\t<\/div>\n\n\t\n<\/div>\n\t\t<\/div>\n\n\t\t\n<style>\n#section_171840840 {\n  padding-top: 0px;\n  padding-bottom: 0px;\n}\n@media (min-width:550px) {\n  #section_171840840 {\n    padding-top: 0px;\n    padding-bottom: 0px;\n  }\n}\n@media (min-width:850px) {\n  #section_171840840 {\n    padding-top: 50px;\n    padding-bottom: 50px;\n  }\n}\n<\/style>\n\t<\/section>\n\t\n\t<section class=\"section\" id=\"section_644990559\">\n\t\t<div class=\"bg section-bg fill bg-fill  bg-loaded\" >\n\n\t\t\t\n\t\t\t\n\t\t\t\n\n\t\t<\/div>\n\n\t\t\n\n\t\t<div class=\"section-content relative\">\n\t\t\t\n<div class=\"row\"  id=\"row-1505965978\">\n\n\t<div id=\"col-942237717\" class=\"col small-12 large-12\"  >\n\t\t\t\t<div class=\"col-inner\"  >\n\t\t\t\n\t\t\t\n<h2 style=\"text-align: center;\">Por que escolher Dexing como seu fornecedor de pia de cozinha?<\/h2>\n\t\t<\/div>\n\t\t\t\t\t<\/div>\n\n\t\n<\/div>\n<div class=\"row\"  id=\"row-1898216179\">\n\n\t<div id=\"col-1906207758\" class=\"col medium-4 small-12 large-4\"  >\n\t\t\t\t<div class=\"col-inner\"  >\n\t\t\t\n\t\t\t\n\n\t\t<div class=\"icon-box featured-box icon-box-center text-center\"  >\n\t\t\t\t\t<div class=\"icon-box-img\" style=\"width: 98px\">\n\t\t\t\t<div class=\"icon\">\n\t\t\t\t\t<div class=\"icon-inner\" >\n\t\t\t\t\t\t<img loading=\"lazy\" decoding=\"async\" width=\"200\" height=\"200\" src=\"https:\/\/sinkwithfaucet.com\/wp-content\/uploads\/2024\/10\/quality.png\" class=\"attachment-medium size-medium\" alt=\"qualidade\" srcset=\"https:\/\/sinkwithfaucet.com\/wp-content\/uploads\/2024\/10\/quality.png 200w, https:\/\/sinkwithfaucet.com\/wp-content\/uploads\/2024\/10\/quality-150x150.png 150w, https:\/\/sinkwithfaucet.com\/wp-content\/uploads\/2024\/10\/quality-12x12.png 12w, https:\/\/sinkwithfaucet.com\/wp-content\/uploads\/2024\/10\/quality-100x100.png 100w\" sizes=\"auto, (max-width: 200px) 100vw, 200px\" title=\"\">\t\t\t\t\t<\/div>\n\t\t\t\t<\/div>\n\t\t\t<\/div>\n\t\t\t\t<div class=\"icon-box-text last-reset\">\n\t\t\t\t\t\t\t\t\t\n<h3><strong>Garantia de qualidade<\/strong><\/h3>\n<p>O nosso compromisso com a qualidade garante-lhe um produto fi\u00e1vel e duradouro.<\/p>\n\t\t<\/div>\n\t<\/div>\n\t\n\t\n\t\t<\/div>\n\t\t\t\t\t<\/div>\n\n\t\n\n\t<div id=\"col-1046041090\" class=\"col medium-4 small-12 large-4\"  >\n\t\t\t\t<div class=\"col-inner\"  >\n\t\t\t\n\t\t\t\n\n\t\t<div class=\"icon-box featured-box icon-box-center text-center\"  >\n\t\t\t\t\t<div class=\"icon-box-img\" style=\"width: 98px\">\n\t\t\t\t<div class=\"icon\">\n\t\t\t\t\t<div class=\"icon-inner\" >\n\t\t\t\t\t\t<img loading=\"lazy\" decoding=\"async\" width=\"200\" height=\"200\" src=\"https:\/\/sinkwithfaucet.com\/wp-content\/uploads\/2024\/10\/customization.png\" class=\"attachment-medium size-medium\" alt=\"personaliza\u00e7\u00e3o\" srcset=\"https:\/\/sinkwithfaucet.com\/wp-content\/uploads\/2024\/10\/customization.png 200w, https:\/\/sinkwithfaucet.com\/wp-content\/uploads\/2024\/10\/customization-150x150.png 150w, https:\/\/sinkwithfaucet.com\/wp-content\/uploads\/2024\/10\/customization-12x12.png 12w, https:\/\/sinkwithfaucet.com\/wp-content\/uploads\/2024\/10\/customization-100x100.png 100w\" sizes=\"auto, (max-width: 200px) 100vw, 200px\" title=\"\">\t\t\t\t\t<\/div>\n\t\t\t\t<\/div>\n\t\t\t<\/div>\n\t\t\t\t<div class=\"icon-box-text last-reset\">\n\t\t\t\t\t\t\t\t\t\n<h3><a href=\"https:\/\/sinkwithfaucet.com\/pt\/stainless-kitchen-sink-oem-service\/\"><strong>Op\u00e7\u00f5es de personaliza\u00e7\u00e3o<\/strong><\/a><\/h3>\n<p>Oferecemos uma variedade de estilos, tamanhos e acabamentos para satisfazer as suas necessidades espec\u00edficas.<\/p>\n\t\t<\/div>\n\t<\/div>\n\t\n\t\n\t\t<\/div>\n\t\t\t\t\t<\/div>\n\n\t\n\n\t<div id=\"col-824136031\" class=\"col medium-4 small-12 large-4\"  >\n\t\t\t\t<div class=\"col-inner\"  >\n\t\t\t\n\t\t\t\n\n\t\t<div class=\"icon-box featured-box icon-box-center text-center\"  >\n\t\t\t\t\t<div class=\"icon-box-img\" style=\"width: 98px\">\n\t\t\t\t<div class=\"icon\">\n\t\t\t\t\t<div class=\"icon-inner\" >\n\t\t\t\t\t\t<img loading=\"lazy\" decoding=\"async\" width=\"200\" height=\"200\" src=\"https:\/\/sinkwithfaucet.com\/wp-content\/uploads\/2024\/10\/customer-service-fill.png\" class=\"attachment-medium size-medium\" alt=\"servi\u00e7o ao cliente\" srcset=\"https:\/\/sinkwithfaucet.com\/wp-content\/uploads\/2024\/10\/customer-service-fill.png 200w, https:\/\/sinkwithfaucet.com\/wp-content\/uploads\/2024\/10\/customer-service-fill-150x150.png 150w, https:\/\/sinkwithfaucet.com\/wp-content\/uploads\/2024\/10\/customer-service-fill-12x12.png 12w, https:\/\/sinkwithfaucet.com\/wp-content\/uploads\/2024\/10\/customer-service-fill-100x100.png 100w\" sizes=\"auto, (max-width: 200px) 100vw, 200px\" title=\"\">\t\t\t\t\t<\/div>\n\t\t\t\t<\/div>\n\t\t\t<\/div>\n\t\t\t\t<div class=\"icon-box-text last-reset\">\n\t\t\t\t\t\t\t\t\t\n<h3><strong>Excelente servi\u00e7o ao cliente<\/strong><\/h3>\n<p>A nossa equipa dedicada ajuda-o sempre com as suas quest\u00f5es e fornece um apoio personalizado.<\/p>\n\t\t<\/div>\n\t<\/div>\n\t\n\t\n\t\t<\/div>\n\t\t\t\t\t<\/div>\n\n\t\n<\/div>\n\t\t<\/div>\n\n\t\t\n<style>\n#section_644990559 {\n  padding-top: 30px;\n  padding-bottom: 30px;\n  background-color: rgb(240, 252, 249);\n}\n<\/style>\n\t<\/section>","protected":false},"excerpt":{"rendered":"","protected":false},"author":3,"featured_media":2165,"parent":0,"menu_order":0,"comment_status":"closed","ping_status":"closed","template":"page-blank.php","meta":{"footnotes":""},"class_list":["post-25","page","type-page","status-publish","has-post-thumbnail","hentry"],"_links":{"self":[{"href":"https:\/\/sinkwithfaucet.com\/pt\/wp-json\/wp\/v2\/pages\/25","targetHints":{"allow":["GET"]}}],"collection":[{"href":"https:\/\/sinkwithfaucet.com\/pt\/wp-json\/wp\/v2\/pages"}],"about":[{"href":"https:\/\/sinkwithfaucet.com\/pt\/wp-json\/wp\/v2\/types\/page"}],"author":[{"embeddable":true,"href":"https:\/\/sinkwithfaucet.com\/pt\/wp-json\/wp\/v2\/users\/3"}],"replies":[{"embeddable":true,"href":"https:\/\/sinkwithfaucet.com\/pt\/wp-json\/wp\/v2\/comments?post=25"}],"version-history":[{"count":38,"href":"https:\/\/sinkwithfaucet.com\/pt\/wp-json\/wp\/v2\/pages\/25\/revisions"}],"predecessor-version":[{"id":2726,"href":"https:\/\/sinkwithfaucet.com\/pt\/wp-json\/wp\/v2\/pages\/25\/revisions\/2726"}],"wp:featuredmedia":[{"embeddable":true,"href":"https:\/\/sinkwithfaucet.com\/pt\/wp-json\/wp\/v2\/media\/2165"}],"wp:attachment":[{"href":"https:\/\/sinkwithfaucet.com\/pt\/wp-json\/wp\/v2\/media?parent=25"}],"curies":[{"name":"wp","href":"https:\/\/api.w.org\/{rel}","templated":true}]}}