{"id":2050,"date":"2024-10-19T09:28:07","date_gmt":"2024-10-19T09:28:07","guid":{"rendered":"https:\/\/sinkwithfaucet.com\/?page_id=2050"},"modified":"2024-11-11T08:47:26","modified_gmt":"2024-11-11T08:47:26","slug":"faqs-about-kitchen-sink","status":"publish","type":"page","link":"https:\/\/sinkwithfaucet.com\/pt\/faqs-about-kitchen-sink\/","title":{"rendered":"FAQs"},"content":{"rendered":"<div class=\"banner has-hover has-parallax\" id=\"banner-1537724612\">\n          <div class=\"banner-inner fill\">\n        <div class=\"banner-bg fill\" data-parallax=\"-3\" data-parallax-container=\".banner\" data-parallax-background>\n            <div class=\"bg fill bg-fill\"><\/div>\n                                    \n                    <\/div>\n\t\t\n        <div class=\"banner-layers container\">\n            <div class=\"fill banner-link\"><\/div>            \n   <div id=\"text-box-1386598486\" class=\"text-box banner-layer x50 md-x50 lg-x50 y50 md-y50 lg-y50 res-text\">\n                     <div data-animate=\"fadeInLeft\">           <div class=\"text-box-content text dark\">\n              \n              <div class=\"text-inner text-center\">\n                  \n<h1 style=\"text-align: center;\">FAQs<\/h1>\n              <\/div>\n           <\/div>\n       <\/div>                     \n<style>\n#text-box-1386598486 {\n  width: 80%;\n}\n#text-box-1386598486 .text-box-content {\n  font-size: 100%;\n}\n@media (min-width:550px) {\n  #text-box-1386598486 {\n    width: 41%;\n  }\n}\n<\/style>\n    <\/div>\n \n        <\/div>\n      <\/div>\n\n            \n<style>\n#banner-1537724612 {\n  padding-top: 145px;\n}\n#banner-1537724612 .bg.bg-loaded {\n  background-image: 8950;\n}\n#banner-1537724612 .overlay {\n  background-color: rgba(0, 0, 0, 0.3);\n}\n#banner-1537724612 .bg {\n  background-position: 35% 23%;\n}\n<\/style>\n  <\/div>\n\n\n\t<section class=\"section\" id=\"section_753129808\">\n\t\t<div class=\"bg section-bg fill bg-fill  bg-loaded\" >\n\n\t\t\t\n\t\t\t\n\t\t\t\n\n\t\t<\/div>\n\n\t\t\n\n\t\t<div class=\"section-content relative\">\n\t\t\t\n<div class=\"row\"  id=\"row-1780152294\">\n\n\t<div id=\"col-1605321603\" class=\"col small-12 large-12\"  >\n\t\t\t\t<div class=\"col-inner\"  >\n\t\t\t\n\t\t\t\n<h3 data-sourcepos=\"3:1-3:58\"><strong>1. Personalize a sua cozinha com impress\u00e3o de log\u00f3tipo personalizado<\/strong><\/h3>\n<p data-sourcepos=\"5:1-5:170\">Eleve a sua marca com o nosso servi\u00e7o de impress\u00e3o de log\u00f3tipos personalizados. Podemos imprimir a laser ou a preto prateado o seu log\u00f3tipo diretamente nos nossos lava-lou\u00e7as e torneiras de cozinha em a\u00e7o inoxid\u00e1vel.<\/p>\n<p data-sourcepos=\"7:1-7:150\">Para come\u00e7ar, basta fornecer-nos uma carta de autoriza\u00e7\u00e3o de utiliza\u00e7\u00e3o do log\u00f3tipo. Trabalharemos consigo para criar um produto \u00fanico, com uma marca que o distinga.<\/p>\n<h3 data-sourcepos=\"9:1-9:50\"><strong>2. Solu\u00e7\u00f5es de cozinha feitas \u00e0 medida, s\u00f3 para si<\/strong><\/h3>\n<p data-sourcepos=\"11:1-11:134\">Precisa de um lava-loi\u00e7a de cozinha que seja t\u00e3o \u00fanico como o seu espa\u00e7o? A nossa equipa de design experiente pode criar lava-lou\u00e7as personalizados de acordo com as suas especifica\u00e7\u00f5es exactas.<\/p>\n<p data-sourcepos=\"13:1-13:176\">Com mais de 5-10 anos de experi\u00eancia no sector, estamos constantemente a inovar e a introduzir novas linhas de produtos. Contacte-nos hoje para discutir as suas necessidades de lava-loi\u00e7as ou torneiras de cozinha personalizadas.<\/p>\n<h3 data-sourcepos=\"15:1-15:41\"><strong>3. Qualidade e efici\u00eancia, garantidas<\/strong><\/h3>\n<p data-sourcepos=\"17:1-17:173\">Na Dexing, estamos empenhados em oferecer uma qualidade e efici\u00eancia excepcionais. O nosso processo de produ\u00e7\u00e3o com certifica\u00e7\u00e3o ISO9001 garante que cada produto cumpre os mais elevados padr\u00f5es.<\/p>\n<p data-sourcepos=\"19:1-19:112\">Desde a entrada de materiais at\u00e9 \u00e0 inspe\u00e7\u00e3o final, controlamos meticulosamente cada passo para garantir um produto sem falhas.<\/p>\n<h3 data-sourcepos=\"21:1-21:45\"><strong>4. Solu\u00e7\u00f5es de cozinha completas, simplificadas<\/strong><\/h3>\n<p data-sourcepos=\"23:1-23:190\">Para al\u00e9m dos nossos lava-loi\u00e7as de cozinha de qualidade superior, oferecemos uma vasta gama de acess\u00f3rios para completar a sua cozinha. Desde torneiras e ralos a dispensadores de sab\u00e3o e t\u00e1buas de corte, temos tudo o que precisa.<\/p>\n<p data-sourcepos=\"25:1-25:97\">Escolha a Dexing para uma solu\u00e7\u00e3o de cozinha completa que combina estilo, funcionalidade e durabilidade.<\/p>\n<h3 data-sourcepos=\"27:1-27:40\"><strong>5. A arte dos lava-loi\u00e7as de cozinha feitos \u00e0 m\u00e3o<\/strong><\/h3>\n<p data-sourcepos=\"29:1-29:150\">Experimente a beleza e o trabalho artesanal de um lava-loi\u00e7a de cozinha feito \u00e0 m\u00e3o. Cada lava-loi\u00e7a \u00e9 uma pe\u00e7a de arte \u00fanica, meticulosamente trabalhada com aten\u00e7\u00e3o aos pormenores.<\/p>\n<p data-sourcepos=\"31:1-31:31\"><strong>Porqu\u00ea escolher um lavat\u00f3rio artesanal?<\/strong><\/p>\n<ul data-sourcepos=\"33:1-36:0\">\n<li data-sourcepos=\"33:1-33:65\"><strong>Estilo distinto:<\/strong> D\u00ea um toque de eleg\u00e2ncia \u00e0 sua cozinha.<\/li>\n<li data-sourcepos=\"34:1-34:67\"><strong>Artesanato superior:<\/strong> Constru\u00eddo para durar com materiais de primeira qualidade.<\/li>\n<li data-sourcepos=\"35:1-36:0\"><strong>Design personalizado:<\/strong> Crie um lavat\u00f3rio que seja exclusivamente seu.<\/li>\n<\/ul>\n<p data-sourcepos=\"37:1-37:66\">Invista num lava-loi\u00e7a de cozinha feito \u00e0 m\u00e3o e eleve o seu espa\u00e7o culin\u00e1rio.<\/p>\n\t\t<\/div>\n\t\t\t\t\t<\/div>\n\n\t\n<\/div>\n\t\t<\/div>\n\n\t\t\n<style>\n#section_753129808 {\n  padding-top: 30px;\n  padding-bottom: 30px;\n}\n<\/style>\n\t<\/section>\n\t\n\t<section class=\"section\" id=\"section_2033855268\">\n\t\t<div class=\"bg section-bg fill bg-fill  bg-loaded\" >\n\n\t\t\t\n\t\t\t\n\t\t\t\n\n\t\t<\/div>\n\n\t\t\n\n\t\t<div class=\"section-content relative\">\n\t\t\t\n<div class=\"row\"  id=\"row-1818218864\">\n\n\t<div id=\"col-790744900\" class=\"col small-12 large-12\"  >\n\t\t\t\t<div class=\"col-inner\"  >\n\t\t\t\n\t\t\t\n<h2 style=\"text-align: center;\">Contactar-nos<\/h2>\n<p style=\"text-align: center;\">Obter o pre\u00e7o mais recente? Responderemos o mais rapidamente poss\u00edvel (no prazo de 12 horas)<\/p>\n\t\t<\/div>\n\t\t\t\t\t<\/div>\n\n\t\n<\/div>\n<div class=\"row\"  id=\"row-1828303434\">\n\n\t<div id=\"col-1032344660\" class=\"col small-12 large-12\"  >\n\t\t\t\t<div class=\"col-inner\"  >\n\t\t\t\n\t\t\t\n\n<div class=\"wpcf7 no-js\" id=\"wpcf7-f280-o1\" lang=\"en-US\" dir=\"ltr\" data-wpcf7-id=\"280\">\n<div class=\"screen-reader-response\"><p role=\"status\" aria-live=\"polite\" aria-atomic=\"true\"><\/p> <ul><\/ul><\/div>\n<form action=\"\/pt\/wp-json\/wp\/v2\/pages\/2050#wpcf7-f280-o1\" method=\"post\" class=\"wpcf7-form init\" aria-label=\"Formul\u00e1rio de contacto\" novalidate=\"novalidate\" data-status=\"init\" data-trp-original-action=\"\/pt\/wp-json\/wp\/v2\/pages\/2050#wpcf7-f280-o1\">\n<fieldset class=\"hidden-fields-container\"><input type=\"hidden\" name=\"_wpcf7\" value=\"280\" \/><input type=\"hidden\" name=\"_wpcf7_version\" value=\"6.1\" \/><input type=\"hidden\" name=\"_wpcf7_locale\" value=\"en_US\" \/><input type=\"hidden\" name=\"_wpcf7_unit_tag\" value=\"wpcf7-f280-o1\" \/><input type=\"hidden\" name=\"_wpcf7_container_post\" value=\"0\" \/><input type=\"hidden\" name=\"_wpcf7_posted_data_hash\" value=\"\" \/>\n<\/fieldset>\n<div class='custom_contact_style'>\n\t<div class=\"row row-small\">\n\t\t<div class=\"col medium-6 small-12 large-6\">\n\t\t\t<div class=\"col-inner\">\n\t\t\t\t<p><span class=\"wpcf7-form-control-wrap\" data-name=\"your-name\"><input size=\"40\" maxlength=\"400\" class=\"wpcf7-form-control wpcf7-text wpcf7-validates-as-required\" aria-required=\"true\" aria-invalid=\"false\" placeholder=\"Nome*\" value=\"\" type=\"text\" name=\"your-name\" \/><\/span>\n\t\t\t\t<\/p>\n\t\t\t<\/div>\n\t\t<\/div>\n\t\t<div class=\"col medium-6 small-12 large-6\">\n\t\t\t<div class=\"col-inner\">\n\t\t\t\t<p><span class=\"wpcf7-form-control-wrap\" data-name=\"your-email\"><input size=\"40\" maxlength=\"400\" class=\"wpcf7-form-control wpcf7-email wpcf7-validates-as-required wpcf7-text wpcf7-validates-as-email\" aria-required=\"true\" aria-invalid=\"false\" placeholder=\"Correio eletr\u00f3nico*\" value=\"\" type=\"email\" name=\"your-email\" \/><\/span>\n\t\t\t\t<\/p>\n\t\t\t<\/div>\n\t\t<\/div>\n\t<\/div>\n\t<div class='cus_contact_form_bottom'>\n\t\t<p><span class=\"wpcf7-form-control-wrap\" data-name=\"your-phone\"><input size=\"40\" maxlength=\"400\" class=\"wpcf7-form-control wpcf7-text\" aria-invalid=\"false\" placeholder=\"Telefone\" value=\"\" type=\"text\" name=\"your-phone\" \/><\/span>\n\t\t<\/p>\n\t<\/div>\n\t<div class='cus_contact_form_bottom'>\n\t\t<p><span class=\"wpcf7-form-control-wrap\" data-name=\"your-country\"><input size=\"40\" maxlength=\"400\" class=\"wpcf7-form-control wpcf7-text\" aria-invalid=\"false\" placeholder=\"Pa\u00eds\" value=\"\" type=\"text\" name=\"your-country\" \/><\/span>\n\t\t<\/p>\n\t<\/div>\n\t<p><span class=\"wpcf7-form-control-wrap\" data-name=\"your-message\"><textarea cols=\"40\" rows=\"10\" maxlength=\"2000\" class=\"wpcf7-form-control wpcf7-textarea wpcf7-validates-as-required\" aria-required=\"true\" aria-invalid=\"false\" placeholder=\"A sua mensagem *\" name=\"your-message\"><\/textarea><\/span>\n\t<\/p>\n\t<div style=\"margin-bottom:10px;\">\n\t\t<p><span class=\"wpcf7-form-control-wrap kc_captcha cf7ic-toggle\" data-name=\"kc_captcha\"><span class=\"wpcf7-form-control wpcf7-radio\"><span class=\"captcha-image\" style=\"display: none;\"><span class=\"cf7ic_instructions\">Por favor, prove que \u00e9 humano selecionando a op\u00e7\u00e3o<span> \u00e1rvore<\/span>.<\/span><label><input aria-label=\"1\" type=\"radio\" name=\"kc_captcha\" value=\"bot\" \/><svg aria-hidden=\"true\" role=\"img\" xmlns=\"http:\/\/www.w3.org\/2000\/svg\" viewbox=\"0 0 576 512\"><path fill=\"currentColor\" d=\"M488 313v143c0 13-11 24-24 24H348c-7 0-12-5-12-12V356c0-7-5-12-12-12h-72c-7 0-12 5-12 12v112c0 7-5 12-12 12H112c-13 0-24-11-24-24V313c0-4 2-7 4-10l188-154c5-4 11-4 16 0l188 154c2 3 4 6 4 10zm84-61l-84-69V44c0-6-5-12-12-12h-56c-7 0-12 6-12 12v73l-89-74a48 48 0 00-61 0L4 252c-5 4-5 12-1 17l25 31c5 5 12 5 17 1l235-193c5-4 11-4 16 0l235 193c5 5 13 4 17-1l25-31c4-6 4-13-1-17z\"\/><\/svg><\/label><label><input aria-label=\"2\" type=\"radio\" name=\"kc_captcha\" value=\"bot\" \/><svg aria-hidden=\"true\" role=\"img\" xmlns=\"http:\/\/www.w3.org\/2000\/svg\" viewbox=\"0 0 640 512\"><path fill=\"currentColor\" d=\"M192 384h192c53 0 96-43 96-96h32a128 128 0 000-256H120c-13 0-24 11-24 24v232c0 53 43 96 96 96zM512 96a64 64 0 010 128h-32V96h32zm48 384H48c-47 0-61-64-36-64h584c25 0 11 64-36 64z\"\/><\/svg><\/label><label><input aria-label=\"3\" type=\"radio\" name=\"kc_captcha\" value=\"kc_human\" \/><svg aria-hidden=\"true\" role=\"img\" xmlns=\"http:\/\/www.w3.org\/2000\/svg\" viewbox=\"0 0 384 512\"><path fill=\"currentColor\" d=\"M377 375l-83-87h34c21 0 32-25 17-40l-82-88h33c21 0 32-25 18-40L210 8c-10-11-26-11-36 0L70 120c-14 15-3 40 18 40h33l-82 88c-15 15-4 40 17 40h34L7 375c-15 16-4 41 17 41h120c0 33-11 49-34 68-12 9-5 28 10 28h144c15 0 22-19 10-28-20-16-34-32-34-68h120c21 0 32-25 17-41z\"\/><\/svg><\/label>\r\n    <\/span>\r\n    <span style=\"display:none\">\r\n        <input type=\"text\" name=\"kc_honeypot\">\r\n    <\/span><\/span><\/span>\n\t\t<\/p>\n\t<\/div>\n\t<p><input class=\"wpcf7-form-control wpcf7-submit has-spinner\" type=\"submit\" value=\"Enviar mensagem\" \/>\n\t<\/p>\n<\/div><div class=\"wpcf7-response-output\" aria-hidden=\"true\"><\/div>\n<input type=\"hidden\" name=\"trp-form-language\" value=\"pt\"\/><\/form>\n<\/div>\n\n\t\t<\/div>\n\t\t\t\t\t<\/div>\n\n\t\n<\/div>\n\t\t<\/div>\n\n\t\t\n<style>\n#section_2033855268 {\n  padding-top: 30px;\n  padding-bottom: 30px;\n  background-color: rgba(216, 247, 240, 0.39);\n}\n<\/style>\n\t<\/section>","protected":false},"excerpt":{"rendered":"","protected":false},"author":4,"featured_media":2076,"parent":0,"menu_order":0,"comment_status":"closed","ping_status":"closed","template":"page-blank.php","meta":{"footnotes":""},"class_list":["post-2050","page","type-page","status-publish","has-post-thumbnail","hentry"],"_links":{"self":[{"href":"https:\/\/sinkwithfaucet.com\/pt\/wp-json\/wp\/v2\/pages\/2050","targetHints":{"allow":["GET"]}}],"collection":[{"href":"https:\/\/sinkwithfaucet.com\/pt\/wp-json\/wp\/v2\/pages"}],"about":[{"href":"https:\/\/sinkwithfaucet.com\/pt\/wp-json\/wp\/v2\/types\/page"}],"author":[{"embeddable":true,"href":"https:\/\/sinkwithfaucet.com\/pt\/wp-json\/wp\/v2\/users\/4"}],"replies":[{"embeddable":true,"href":"https:\/\/sinkwithfaucet.com\/pt\/wp-json\/wp\/v2\/comments?post=2050"}],"version-history":[{"count":11,"href":"https:\/\/sinkwithfaucet.com\/pt\/wp-json\/wp\/v2\/pages\/2050\/revisions"}],"predecessor-version":[{"id":2632,"href":"https:\/\/sinkwithfaucet.com\/pt\/wp-json\/wp\/v2\/pages\/2050\/revisions\/2632"}],"wp:featuredmedia":[{"embeddable":true,"href":"https:\/\/sinkwithfaucet.com\/pt\/wp-json\/wp\/v2\/media\/2076"}],"wp:attachment":[{"href":"https:\/\/sinkwithfaucet.com\/pt\/wp-json\/wp\/v2\/media?parent=2050"}],"curies":[{"name":"wp","href":"https:\/\/api.w.org\/{rel}","templated":true}]}}