{"id":1608,"date":"2024-10-14T01:54:52","date_gmt":"2024-10-14T01:54:52","guid":{"rendered":"https:\/\/sinkwithfaucet.com\/?page_id=1608"},"modified":"2025-05-12T07:17:31","modified_gmt":"2025-05-12T07:17:31","slug":"stainless-steel-kitchen-faucet","status":"publish","type":"page","link":"https:\/\/sinkwithfaucet.com\/pt\/stainless-steel-kitchen-faucet\/","title":{"rendered":"Torneira de cozinha"},"content":{"rendered":"<div class=\"banner has-hover has-parallax\" id=\"banner-1113689693\">\n          <div class=\"banner-inner fill\">\n        <div class=\"banner-bg fill\" data-parallax=\"-3\" data-parallax-container=\".banner\" data-parallax-background>\n            <div class=\"bg fill bg-fill\"><\/div>\n                                    \n                    <\/div>\n\t\t\n        <div class=\"banner-layers container\">\n            <div class=\"fill banner-link\"><\/div>            \n   <div id=\"text-box-209655403\" class=\"text-box banner-layer x50 md-x5 lg-x5 y50 md-y40 lg-y40 res-text\">\n                     <div data-animate=\"fadeInLeft\">           <div class=\"text-box-content text dark\">\n              \n              <div class=\"text-inner text-center\">\n                  \n\t<div id=\"text-2365039739\" class=\"text\">\n\t\t\n<h1>Torneiras de cozinha<\/h1>\n\t\t\n<style>\n#text-2365039739 {\n  color: #1e73be;\n}\n#text-2365039739 > * {\n  color: #1e73be;\n}\n<\/style>\n\t<\/div>\n\t\n              <\/div>\n           <\/div>\n       <\/div>                     \n<style>\n#text-box-209655403 {\n  width: 80%;\n}\n#text-box-209655403 .text-box-content {\n  font-size: 100%;\n}\n@media (min-width:550px) {\n  #text-box-209655403 {\n    width: 39%;\n  }\n}\n<\/style>\n    <\/div>\n \n        <\/div>\n      <\/div>\n\n            \n<style>\n#banner-1113689693 {\n  padding-top: 700px;\n}\n#banner-1113689693 .bg.bg-loaded {\n  background-image: url(https:\/\/sinkwithfaucet.com\/wp-content\/uploads\/2024\/11\/3-1.jpg);\n}\n#banner-1113689693 .overlay {\n  background-color: rgba(0, 0, 0, 0.3);\n}\n#banner-1113689693 .bg {\n  background-position: 61% 54%;\n}\n<\/style>\n  <\/div>\n\n\n\t<section class=\"section\" id=\"section_835832507\">\n\t\t<div class=\"bg section-bg fill bg-fill  bg-loaded\" >\n\n\t\t\t\n\t\t\t\n\t\t\t\n\n\t\t<\/div>\n\n\t\t\n\n\t\t<div class=\"section-content relative\">\n\t\t\t\n<div class=\"row\"  id=\"row-1998372777\">\n\n\t<div id=\"col-1595446053\" class=\"col small-12 large-12\"  >\n\t\t\t\t<div class=\"col-inner\"  >\n\t\t\t\n\t\t\t\n<h2 style=\"text-align: center;\" data-sourcepos=\"1:1-1:64\">Torneiras de cozinha em a\u00e7o inoxid\u00e1vel: Estilo intemporal, desempenho duradouro<\/h2>\n<p style=\"text-align: center;\" data-sourcepos=\"1:1-1:64\">As torneiras de cozinha em a\u00e7o inoxid\u00e1vel s\u00e3o uma escolha popular para os propriet\u00e1rios de casas devido \u00e0 sua durabilidade, higiene e est\u00e9tica moderna. S\u00e3o feitas de uma liga met\u00e1lica resistente \u00e0 ferrugem, \u00e0 corros\u00e3o e \u00e0s manchas, o que as torna uma op\u00e7\u00e3o duradoura e f\u00e1cil de limpar.<\/p>\n\t\t<\/div>\n\t\t\t\t\t<\/div>\n\n\t\n<\/div>\n\t\t<\/div>\n\n\t\t\n<style>\n#section_835832507 {\n  padding-top: 30px;\n  padding-bottom: 30px;\n}\n<\/style>\n\t<\/section>\n\t\n\t<section class=\"section\" id=\"section_1672856363\">\n\t\t<div class=\"bg section-bg fill bg-fill  bg-loaded\" >\n\n\t\t\t\n\t\t\t\n\t\t\t\n\n\t\t<\/div>\n\n\t\t\n\n\t\t<div class=\"section-content relative\">\n\t\t\t\n<div class=\"row\"  id=\"row-1016452329\">\n\n\t<div id=\"col-2132246060\" class=\"col small-12 large-12\"  >\n\t\t\t\t<div class=\"col-inner\"  >\n\t\t\t\n\t\t\t\n<h2 style=\"text-align: center;\">Tipos de torneiras de cozinha<\/h2>\n\t\t<\/div>\n\t\t\t\t\t<\/div>\n\n\t\n<\/div>\n<div class=\"row\" style=\"max-width:1500px\" id=\"row-2011789064\">\n\n\t<div id=\"col-1012382618\" class=\"col medium-4 small-6 large-4\"  >\n\t\t\t\t<div class=\"col-inner\"  >\n\t\t\t\n\t\t\t\n\t<div class=\"box has-hover   has-hover box-text-bottom\" >\n\n\t\t<div class=\"box-image\" >\n\t\t\t\t\t\t<div class=\"\" >\n\t\t\t\t<img loading=\"lazy\" decoding=\"async\" width=\"470\" height=\"563\" src=\"https:\/\/sinkwithfaucet.com\/wp-content\/uploads\/2024\/10\/F104.jpg\" class=\"attachment-original size-original\" alt=\"Torneiras de man\u00edpulo \u00fanico\" srcset=\"https:\/\/sinkwithfaucet.com\/wp-content\/uploads\/2024\/10\/F104.jpg 470w, https:\/\/sinkwithfaucet.com\/wp-content\/uploads\/2024\/10\/F104-250x300.jpg 250w, https:\/\/sinkwithfaucet.com\/wp-content\/uploads\/2024\/10\/F104-10x12.jpg 10w\" sizes=\"auto, (max-width: 470px) 100vw, 470px\" title=\"\">\t\t\t\t\t\t\t\t\t\t\t<\/div>\n\t\t\t\t\t<\/div>\n\n\t\t<div class=\"box-text text-center\" >\n\t\t\t<div class=\"box-text-inner\">\n\t\t\t\t\n<h3><strong>Torneiras de man\u00edpulo \u00fanico<\/strong><\/h3>\n<p>Estas torneiras possuem uma \u00fanica alavanca para controlar a temperatura e o caudal da \u00e1gua.<\/p>\n\t\t\t<\/div>\n\t\t<\/div>\n\t<\/div>\n\t\n\t\t<\/div>\n\t\t\t\t\t<\/div>\n\n\t\n\n\t<div id=\"col-2056318487\" class=\"col medium-4 small-6 large-4\"  >\n\t\t\t\t<div class=\"col-inner\"  >\n\t\t\t\n\t\t\t\n\t<div class=\"box has-hover   has-hover box-text-bottom\" >\n\n\t\t<div class=\"box-image\" >\n\t\t\t\t\t\t<div class=\"\" >\n\t\t\t\t<img loading=\"lazy\" decoding=\"async\" width=\"470\" height=\"563\" src=\"https:\/\/sinkwithfaucet.com\/wp-content\/uploads\/2024\/10\/F6011.jpg\" class=\"attachment-original size-original\" alt=\"Torneiras de dois man\u00edpulos\" srcset=\"https:\/\/sinkwithfaucet.com\/wp-content\/uploads\/2024\/10\/F6011.jpg 470w, https:\/\/sinkwithfaucet.com\/wp-content\/uploads\/2024\/10\/F6011-250x300.jpg 250w, https:\/\/sinkwithfaucet.com\/wp-content\/uploads\/2024\/10\/F6011-10x12.jpg 10w\" sizes=\"auto, (max-width: 470px) 100vw, 470px\" title=\"\">\t\t\t\t\t\t\t\t\t\t\t<\/div>\n\t\t\t\t\t<\/div>\n\n\t\t<div class=\"box-text text-center\" >\n\t\t\t<div class=\"box-text-inner\">\n\t\t\t\t\n<h3><strong>Torneiras de dois man\u00edpulos<\/strong><\/h3>\n<p>Estas torneiras t\u00eam man\u00edpulos separados para controlar o fluxo de \u00e1gua quente e fria.<\/p>\n\t\t\t<\/div>\n\t\t<\/div>\n\t<\/div>\n\t\n\t\t<\/div>\n\t\t\t\t\t<\/div>\n\n\t\n\n\t<div id=\"col-259842799\" class=\"col medium-4 small-6 large-4\"  >\n\t\t\t\t<div class=\"col-inner\"  >\n\t\t\t\n\t\t\t\n\t<div class=\"box has-hover   has-hover box-text-bottom\" >\n\n\t\t<div class=\"box-image\" >\n\t\t\t<a href=\"https:\/\/sinkwithfaucet.com\/pt\/kitchen-one-handle-faucet-1001\/\" >\t\t\t<div class=\"\" >\n\t\t\t\t<img loading=\"lazy\" decoding=\"async\" width=\"600\" height=\"713\" src=\"https:\/\/sinkwithfaucet.com\/wp-content\/uploads\/2024\/11\/F6221A11.jpg\" class=\"attachment-original size-original\" alt=\"Torneiras de puxar para baixo:\" srcset=\"https:\/\/sinkwithfaucet.com\/wp-content\/uploads\/2024\/11\/F6221A11.jpg 600w, https:\/\/sinkwithfaucet.com\/wp-content\/uploads\/2024\/11\/F6221A11-252x300.jpg 252w, https:\/\/sinkwithfaucet.com\/wp-content\/uploads\/2024\/11\/F6221A11-10x12.jpg 10w\" sizes=\"auto, (max-width: 600px) 100vw, 600px\" title=\"\">\t\t\t\t\t\t\t\t\t\t\t<\/div>\n\t\t\t<\/a>\t\t<\/div>\n\n\t\t<div class=\"box-text text-center\" >\n\t\t\t<div class=\"box-text-inner\">\n\t\t\t\t\n<h3><strong>Torneiras de encastrar<\/strong><\/h3>\n<p>Estas torneiras t\u00eam uma cabe\u00e7a de pulveriza\u00e7\u00e3o retr\u00e1til que pode ser puxada para baixo e estendida para facilitar o enchimento de tachos e panelas.<\/p>\n\t\t\t<\/div>\n\t\t<\/div>\n\t<\/div>\n\t\n\t\t<\/div>\n\t\t\t\t\t<\/div>\n\n\t\n<\/div>\n<div class=\"row\"  id=\"row-766437540\">\n\n\t<div id=\"col-787885856\" class=\"col small-12 large-12\"  >\n\t\t\t\t<div class=\"col-inner text-center\"  >\n\t\t\t\n\t\t\t\n<a href=\"\/pt\/contact\/\" class=\"button primary\"  style=\"border-radius:99px;\">\n    <span>Personaliza\u00e7\u00e3o da torneira<\/span>\n  <\/a>\n\n\t\t<\/div>\n\t\t\t\t\t<\/div>\n\n\t\n<\/div>\n\t\t<\/div>\n\n\t\t\n<style>\n#section_1672856363 {\n  padding-top: 30px;\n  padding-bottom: 30px;\n  background-color: rgb(240, 252, 249);\n}\n<\/style>\n\t<\/section>\n\t\n\t<section class=\"section\" id=\"section_387115049\">\n\t\t<div class=\"bg section-bg fill bg-fill  bg-loaded\" >\n\n\t\t\t\n\t\t\t\n\t\t\t\n\n\t\t<\/div>\n\n\t\t\n\n\t\t<div class=\"section-content relative\">\n\t\t\t\n<div class=\"row\"  id=\"row-573155690\">\n\n\t<div id=\"col-694966936\" class=\"col medium-6 small-12 large-6\"  >\n\t\t\t\t<div class=\"col-inner\"  >\n\t\t\t\n\t\t\t\n\t<div class=\"img has-hover x md-x lg-x y md-y lg-y\" id=\"image_2048408617\">\n\t\t\t\t\t\t\t\t<div class=\"img-inner image-cover dark\" style=\"padding-top:75%;\">\n\t\t\t<img loading=\"lazy\" decoding=\"async\" width=\"500\" height=\"500\" src=\"https:\/\/sinkwithfaucet.com\/wp-content\/uploads\/2024\/11\/f0c3afea-4044-4213-b4d4-9f9f1d0d84e4.jpg\" class=\"attachment-original size-original\" alt=\"Torneiras de cozinha em a\u00e7o inoxid\u00e1vel\" srcset=\"https:\/\/sinkwithfaucet.com\/wp-content\/uploads\/2024\/11\/f0c3afea-4044-4213-b4d4-9f9f1d0d84e4.jpg 500w, https:\/\/sinkwithfaucet.com\/wp-content\/uploads\/2024\/11\/f0c3afea-4044-4213-b4d4-9f9f1d0d84e4-300x300.jpg 300w, https:\/\/sinkwithfaucet.com\/wp-content\/uploads\/2024\/11\/f0c3afea-4044-4213-b4d4-9f9f1d0d84e4-150x150.jpg 150w, https:\/\/sinkwithfaucet.com\/wp-content\/uploads\/2024\/11\/f0c3afea-4044-4213-b4d4-9f9f1d0d84e4-12x12.jpg 12w, https:\/\/sinkwithfaucet.com\/wp-content\/uploads\/2024\/11\/f0c3afea-4044-4213-b4d4-9f9f1d0d84e4-100x100.jpg 100w\" sizes=\"auto, (max-width: 500px) 100vw, 500px\" title=\"\">\t\t\t\t\t\t\n\t\t\t\t\t<\/div>\n\t\t\t\t\t\t\t\t\n<style>\n#image_2048408617 {\n  width: 100%;\n}\n<\/style>\n\t<\/div>\n\t\n\t\t<\/div>\n\t\t\t\t\t<\/div>\n\n\t\n\n\t<div id=\"col-763635726\" class=\"col medium-6 small-12 large-6\"  >\n\t\t\t\t<div class=\"col-inner\"  >\n\t\t\t\n\t\t\t\n<h2 class=\"auto-hide-last-sibling-br paragraph-u1TS5p paragraph-element br-paragraph-space\">Benef\u00edcios de <a href=\"https:\/\/sinkwithfaucet.com\/pt\/stainless-steel-faucet\/\">Torneiras de cozinha em a\u00e7o inoxid\u00e1vel<\/a>:<\/h2>\n<div class=\"auto-hide-last-sibling-br paragraph-u1TS5p paragraph-element br-paragraph-space\">Em primeiro lugar, a durabilidade \u00e9 uma grande vantagem. As torneiras de a\u00e7o inoxid\u00e1vel s\u00e3o resistentes \u00e0 ferrugem, \u00e0 corros\u00e3o e ao calor. Podem resistir ao desgaste da utiliza\u00e7\u00e3o di\u00e1ria e durar muito tempo.<\/div>\n<div>\u00a0<\/div>\n<div class=\"auto-hide-last-sibling-br paragraph-u1TS5p paragraph-element br-paragraph-space\">A higiene \u00e9 outro aspeto importante. S\u00e3o muito f\u00e1ceis de limpar e manter. N\u00e3o \u00e9 necess\u00e1rio gastar muito tempo e esfor\u00e7o para os manter com bom aspeto.<\/div>\n<div>\u00a0<\/div>\n<div class=\"auto-hide-last-sibling-br paragraph-u1TS5p paragraph-element br-paragraph-space\">A est\u00e9tica moderna das torneiras de cozinha em a\u00e7o inoxid\u00e1vel tamb\u00e9m \u00e9 dif\u00edcil de bater. Com o seu design elegante e moderno, podem complementar v\u00e1rios estilos de cozinha. Quer a sua cozinha seja tradicional, moderna ou algo do g\u00e9nero, h\u00e1 uma torneira de a\u00e7o inoxid\u00e1vel que se adapta perfeitamente.<\/div>\n<div>\u00a0<\/div>\n<div class=\"auto-hide-last-sibling-br paragraph-u1TS5p paragraph-element br-paragraph-space\">A versatilidade \u00e9 outra vantagem. H\u00e1 uma grande variedade de estilos e acabamentos dispon\u00edveis, pelo que pode escolher um que se adeq\u00fae \u00e0s suas prefer\u00eancias pessoais.<\/div>\n<div class=\"auto-hide-last-sibling-br paragraph-u1TS5p paragraph-element br-paragraph-space\">\u00a0<\/div>\n\t\t<\/div>\n\t\t\t\t\t<\/div>\n\n\t\n<\/div>\n\t\t<\/div>\n\n\t\t\n<style>\n#section_387115049 {\n  padding-top: 30px;\n  padding-bottom: 30px;\n}\n<\/style>\n\t<\/section>\n\t\n\t<section class=\"section\" id=\"section_1656896887\">\n\t\t<div class=\"bg section-bg fill bg-fill  bg-loaded\" >\n\n\t\t\t\n\t\t\t<div class=\"section-bg-overlay absolute fill\"><\/div>\n\t\t\t\n\n\t\t<\/div>\n\n\t\t\n\n\t\t<div class=\"section-content relative\">\n\t\t\t\n<div class=\"row\"  id=\"row-1066512449\">\n\n\t<div id=\"col-1657475976\" class=\"col medium-6 small-12 large-6\"  >\n\t\t\t\t<div class=\"col-inner\"  >\n\t\t\t\n\t\t\t\n<h2 class=\"auto-hide-last-sibling-br paragraph-u1TS5p paragraph-element br-paragraph-space\">Considera\u00e7\u00f5es sobre a escolha de uma torneira de cozinha em a\u00e7o inoxid\u00e1vel:<\/h2>\n<div class=\"auto-hide-last-sibling-br paragraph-u1TS5p paragraph-element br-paragraph-space\">O estilo \u00e9 muito importante. Deve escolher uma torneira que combine bem com o design geral da sua cozinha. Deve real\u00e7ar o aspeto da sua cozinha em vez de entrar em conflito com ela.<\/div>\n<div><\/div>\n<div class=\"auto-hide-last-sibling-br paragraph-u1TS5p paragraph-element br-paragraph-space\">A funcionalidade tamb\u00e9m \u00e9 algo a ter em conta. Considere as carater\u00edsticas espec\u00edficas de que necessita. Por exemplo, um pulverizador de puxar para baixo ou um sensor sem contacto podem ser muito \u00fateis.<\/div>\n<div><\/div>\n<div class=\"auto-hide-last-sibling-br paragraph-u1TS5p paragraph-element br-paragraph-space\">O acabamento tamb\u00e9m \u00e9 importante. Escolha um que seja simultaneamente elegante e pr\u00e1tico. N\u00edquel escovado, cromado ou preto mate s\u00e3o todas \u00f3ptimas op\u00e7\u00f5es.<\/div>\n<div><\/div>\n<div class=\"auto-hide-last-sibling-br paragraph-u1TS5p paragraph-element br-paragraph-space\">A press\u00e3o da \u00e1gua \u00e9 outro fator. Certifique-se de que a torneira aguenta a press\u00e3o da \u00e1gua e fornece um caudal de \u00e1gua adequado. N\u00e3o quer um fluxo de \u00e1gua fraco quando est\u00e1 a tentar lavar a loi\u00e7a ou encher uma panela.<\/div>\n<div class=\"auto-hide-last-sibling-br paragraph-u1TS5p paragraph-element br-paragraph-space\"><\/div>\n\t<div id=\"gap-591888681\" class=\"gap-element clearfix\" style=\"display:block; height:auto;\">\n\t\t\n<style>\n#gap-591888681 {\n  padding-top: 40px;\n}\n<\/style>\n\t<\/div>\n\t\n<a href=\"https:\/\/sinkwithfaucet.com\/wp-content\/uploads\/2025\/05\/1.pdf\" target=\"_blank\" class=\"button primary\" rel=\"noopener\"  style=\"border-radius:99px;\">\n    <span>mais estilo de torneira<\/span>\n  <\/a>\n\n\t\t<\/div>\n\t\t\t\t\t<\/div>\n\n\t\n\n\t<div id=\"col-832893729\" class=\"col medium-6 small-12 large-6\"  >\n\t\t\t\t<div class=\"col-inner\"  >\n\t\t\t\n\t\t\t\n\t<div class=\"img has-hover x md-x lg-x y md-y lg-y\" id=\"image_378726554\">\n\t\t\t\t\t\t\t\t<div class=\"img-inner image-cover dark\" style=\"padding-top:85%;\">\n\t\t\t<img loading=\"lazy\" decoding=\"async\" width=\"500\" height=\"500\" src=\"https:\/\/sinkwithfaucet.com\/wp-content\/uploads\/2024\/11\/c22ea714-3146-428c-8096-0e1fd31b7b6a.jpg\" class=\"attachment-original size-original\" alt=\"Torneiras de cozinha em a\u00e7o inoxid\u00e1vel\" srcset=\"https:\/\/sinkwithfaucet.com\/wp-content\/uploads\/2024\/11\/c22ea714-3146-428c-8096-0e1fd31b7b6a.jpg 500w, https:\/\/sinkwithfaucet.com\/wp-content\/uploads\/2024\/11\/c22ea714-3146-428c-8096-0e1fd31b7b6a-300x300.jpg 300w, https:\/\/sinkwithfaucet.com\/wp-content\/uploads\/2024\/11\/c22ea714-3146-428c-8096-0e1fd31b7b6a-150x150.jpg 150w, https:\/\/sinkwithfaucet.com\/wp-content\/uploads\/2024\/11\/c22ea714-3146-428c-8096-0e1fd31b7b6a-12x12.jpg 12w, https:\/\/sinkwithfaucet.com\/wp-content\/uploads\/2024\/11\/c22ea714-3146-428c-8096-0e1fd31b7b6a-100x100.jpg 100w\" sizes=\"auto, (max-width: 500px) 100vw, 500px\" title=\"\">\t\t\t\t\t\t\n\t\t\t\t\t<\/div>\n\t\t\t\t\t\t\t\t\n<style>\n#image_378726554 {\n  width: 100%;\n}\n<\/style>\n\t<\/div>\n\t\n\t\t<\/div>\n\t\t\t\t\t<\/div>\n\n\t\n<\/div>\n\t\t<\/div>\n\n\t\t\n<style>\n#section_1656896887 {\n  padding-top: 30px;\n  padding-bottom: 30px;\n  background-color: rgba(208, 208, 208, 0.424);\n}\n#section_1656896887 .section-bg-overlay {\n  background-color: #f0fcf9;\n}\n<\/style>\n\t<\/section>\n\t\n\t<section class=\"section\" id=\"section_110066998\">\n\t\t<div class=\"bg section-bg fill bg-fill  bg-loaded\" >\n\n\t\t\t\n\t\t\t\n\t\t\t\n\n\t\t<\/div>\n\n\t\t\n\n\t\t<div class=\"section-content relative\">\n\t\t\t\n<div class=\"row\"  id=\"row-1376601891\">\n\n\t<div id=\"col-1561351624\" class=\"col small-12 large-12\"  >\n\t\t\t\t<div class=\"col-inner\"  >\n\t\t\t\n\t\t\t\n<h2 style=\"text-align: center;\">Contactar-nos<\/h2>\n\t\t<\/div>\n\t\t\t\t\t<\/div>\n\n\t\n<\/div>\n<div class=\"row\"  id=\"row-2056831420\">\n\n\t<div id=\"col-636896102\" class=\"col small-12 large-12\"  >\n\t\t\t\t<div class=\"col-inner\"  >\n\t\t\t\n\t\t\t\n\n<div class=\"wpcf7 no-js\" id=\"wpcf7-f280-o1\" lang=\"en-US\" dir=\"ltr\" data-wpcf7-id=\"280\">\n<div class=\"screen-reader-response\"><p role=\"status\" aria-live=\"polite\" aria-atomic=\"true\"><\/p> <ul><\/ul><\/div>\n<form action=\"\/pt\/wp-json\/wp\/v2\/pages\/1608#wpcf7-f280-o1\" method=\"post\" class=\"wpcf7-form init\" aria-label=\"Formul\u00e1rio de contacto\" novalidate=\"novalidate\" data-status=\"init\" data-trp-original-action=\"\/pt\/wp-json\/wp\/v2\/pages\/1608#wpcf7-f280-o1\">\n<fieldset class=\"hidden-fields-container\"><input type=\"hidden\" name=\"_wpcf7\" value=\"280\" \/><input type=\"hidden\" name=\"_wpcf7_version\" value=\"6.1\" \/><input type=\"hidden\" name=\"_wpcf7_locale\" value=\"en_US\" \/><input type=\"hidden\" name=\"_wpcf7_unit_tag\" value=\"wpcf7-f280-o1\" \/><input type=\"hidden\" name=\"_wpcf7_container_post\" value=\"0\" \/><input type=\"hidden\" name=\"_wpcf7_posted_data_hash\" value=\"\" \/>\n<\/fieldset>\n<div class='custom_contact_style'>\n\t<div class=\"row row-small\">\n\t\t<div class=\"col medium-6 small-12 large-6\">\n\t\t\t<div class=\"col-inner\">\n\t\t\t\t<p><span class=\"wpcf7-form-control-wrap\" data-name=\"your-name\"><input size=\"40\" maxlength=\"400\" class=\"wpcf7-form-control wpcf7-text wpcf7-validates-as-required\" aria-required=\"true\" aria-invalid=\"false\" placeholder=\"Nome*\" value=\"\" type=\"text\" name=\"your-name\" \/><\/span>\n\t\t\t\t<\/p>\n\t\t\t<\/div>\n\t\t<\/div>\n\t\t<div class=\"col medium-6 small-12 large-6\">\n\t\t\t<div class=\"col-inner\">\n\t\t\t\t<p><span class=\"wpcf7-form-control-wrap\" data-name=\"your-email\"><input size=\"40\" maxlength=\"400\" class=\"wpcf7-form-control wpcf7-email wpcf7-validates-as-required wpcf7-text wpcf7-validates-as-email\" aria-required=\"true\" aria-invalid=\"false\" placeholder=\"Correio eletr\u00f3nico*\" value=\"\" type=\"email\" name=\"your-email\" \/><\/span>\n\t\t\t\t<\/p>\n\t\t\t<\/div>\n\t\t<\/div>\n\t<\/div>\n\t<div class='cus_contact_form_bottom'>\n\t\t<p><span class=\"wpcf7-form-control-wrap\" data-name=\"your-phone\"><input size=\"40\" maxlength=\"400\" class=\"wpcf7-form-control wpcf7-text\" aria-invalid=\"false\" placeholder=\"Telefone\" value=\"\" type=\"text\" name=\"your-phone\" \/><\/span>\n\t\t<\/p>\n\t<\/div>\n\t<div class='cus_contact_form_bottom'>\n\t\t<p><span class=\"wpcf7-form-control-wrap\" data-name=\"your-country\"><input size=\"40\" maxlength=\"400\" class=\"wpcf7-form-control wpcf7-text\" aria-invalid=\"false\" placeholder=\"Pa\u00eds\" value=\"\" type=\"text\" name=\"your-country\" \/><\/span>\n\t\t<\/p>\n\t<\/div>\n\t<p><span class=\"wpcf7-form-control-wrap\" data-name=\"your-message\"><textarea cols=\"40\" rows=\"10\" maxlength=\"2000\" class=\"wpcf7-form-control wpcf7-textarea wpcf7-validates-as-required\" aria-required=\"true\" aria-invalid=\"false\" placeholder=\"A sua mensagem *\" name=\"your-message\"><\/textarea><\/span>\n\t<\/p>\n\t<div style=\"margin-bottom:10px;\">\n\t\t<p><span class=\"wpcf7-form-control-wrap kc_captcha cf7ic-toggle\" data-name=\"kc_captcha\"><span class=\"wpcf7-form-control wpcf7-radio\"><span class=\"captcha-image\" style=\"display: none;\"><span class=\"cf7ic_instructions\">Por favor, prove que \u00e9 humano selecionando a op\u00e7\u00e3o<span> estrela<\/span>.<\/span><label><input aria-label=\"1\" type=\"radio\" name=\"kc_captcha\" value=\"kc_human\" \/><svg aria-hidden=\"true\" role=\"img\" xmlns=\"http:\/\/www.w3.org\/2000\/svg\" viewbox=\"0 0 576 512\"><path fill=\"currentColor\" d=\"M259 18l-65 132-146 22c-26 3-37 36-18 54l106 103-25 146c-5 26 23 46 46 33l131-68 131 68c23 13 51-7 46-33l-25-146 106-103c19-18 8-51-18-54l-146-22-65-132a32 32 0 00-58 0z\"\/><\/svg><\/label><label><input aria-label=\"2\" type=\"radio\" name=\"kc_captcha\" value=\"bot\" \/><svg aria-hidden=\"true\" role=\"img\" xmlns=\"http:\/\/www.w3.org\/2000\/svg\" viewbox=\"0 0 512 512\"><path fill=\"currentColor\" d=\"M500 168h-55l-8-21a127 127 0 00-120-83H195a127 127 0 00-120 83l-8 21H12c-8 0-14 8-11 16l8 24a12 12 0 0011 8h29a64 64 0 00-33 56v48c0 16 6 31 16 42v62c0 13 11 24 24 24h48c13 0 24-11 24-24v-40h256v40c0 13 11 24 24 24h48c13 0 24-11 24-24v-62c10-11 16-26 16-42v-48c0-24-13-45-33-56h29a12 12 0 0011-8l8-24c3-8-3-16-11-16zm-365 2c9-25 33-42 60-42h122c27 0 51 17 60 42l15 38H120l15-38zM88 328a32 32 0 010-64c18 0 48 30 48 48s-30 16-48 16zm336 0c-18 0-48 2-48-16s30-48 48-48 32 14 32 32-14 32-32 32z\"\/><\/svg><\/label><label><input aria-label=\"3\" type=\"radio\" name=\"kc_captcha\" value=\"bot\" \/><svg aria-hidden=\"true\" role=\"img\" xmlns=\"http:\/\/www.w3.org\/2000\/svg\" viewbox=\"0 0 576 512\"><path fill=\"currentColor\" d=\"M472 200H360L256 6a12 12 0 00-10-6h-58c-8 0-14 7-12 15l34 185H100l-35-58a12 12 0 00-10-6H12c-8 0-13 7-12 14l21 106L0 362c-1 7 4 14 12 14h43c4 0 8-2 10-6l35-58h110l-34 185c-2 8 4 15 12 15h58a12 12 0 0010-6l104-194h112c57 0 104-25 104-56s-47-56-104-56z\"\/><\/svg><\/label>\r\n    <\/span>\r\n    <span style=\"display:none\">\r\n        <input type=\"text\" name=\"kc_honeypot\">\r\n    <\/span><\/span><\/span>\n\t\t<\/p>\n\t<\/div>\n\t<p><input class=\"wpcf7-form-control wpcf7-submit has-spinner\" type=\"submit\" value=\"Enviar mensagem\" \/>\n\t<\/p>\n<\/div><div class=\"wpcf7-response-output\" aria-hidden=\"true\"><\/div>\n<input type=\"hidden\" name=\"trp-form-language\" value=\"pt\"\/><\/form>\n<\/div>\n\n\t\t<\/div>\n\t\t\t\t\t<\/div>\n\n\t\n<\/div>\n\t\t<\/div>\n\n\t\t\n<style>\n#section_110066998 {\n  padding-top: 30px;\n  padding-bottom: 30px;\n}\n<\/style>\n\t<\/section>","protected":false},"excerpt":{"rendered":"","protected":false},"author":4,"featured_media":2495,"parent":0,"menu_order":0,"comment_status":"closed","ping_status":"closed","template":"page-blank.php","meta":{"footnotes":""},"class_list":["post-1608","page","type-page","status-publish","has-post-thumbnail","hentry"],"_links":{"self":[{"href":"https:\/\/sinkwithfaucet.com\/pt\/wp-json\/wp\/v2\/pages\/1608","targetHints":{"allow":["GET"]}}],"collection":[{"href":"https:\/\/sinkwithfaucet.com\/pt\/wp-json\/wp\/v2\/pages"}],"about":[{"href":"https:\/\/sinkwithfaucet.com\/pt\/wp-json\/wp\/v2\/types\/page"}],"author":[{"embeddable":true,"href":"https:\/\/sinkwithfaucet.com\/pt\/wp-json\/wp\/v2\/users\/4"}],"replies":[{"embeddable":true,"href":"https:\/\/sinkwithfaucet.com\/pt\/wp-json\/wp\/v2\/comments?post=1608"}],"version-history":[{"count":50,"href":"https:\/\/sinkwithfaucet.com\/pt\/wp-json\/wp\/v2\/pages\/1608\/revisions"}],"predecessor-version":[{"id":3485,"href":"https:\/\/sinkwithfaucet.com\/pt\/wp-json\/wp\/v2\/pages\/1608\/revisions\/3485"}],"wp:featuredmedia":[{"embeddable":true,"href":"https:\/\/sinkwithfaucet.com\/pt\/wp-json\/wp\/v2\/media\/2495"}],"wp:attachment":[{"href":"https:\/\/sinkwithfaucet.com\/pt\/wp-json\/wp\/v2\/media?parent=1608"}],"curies":[{"name":"wp","href":"https:\/\/api.w.org\/{rel}","templated":true}]}}