{"id":2662,"date":"2024-11-11T10:24:59","date_gmt":"2024-11-11T10:24:59","guid":{"rendered":"https:\/\/sinkwithfaucet.com\/?post_type=product&#038;p=2662"},"modified":"2024-11-11T10:24:59","modified_gmt":"2024-11-11T10:24:59","slug":"single-hole-kitchen-sink-faucet-1203","status":"publish","type":"product","link":"https:\/\/sinkwithfaucet.com\/pl\/single-hole-kitchen-sink-faucet-1203\/","title":{"rendered":"Jednootworowa bateria zlewozmywakowa 1203"},"content":{"rendered":"<p data-sourcepos=\"1:1-1:198\">Bateria zlewozmywakowa z jednym otworem jest popularnym wyborem do nowoczesnych kuchni ze wzgl\u0119du na jej elegancki i minimalistyczny wygl\u0105d. Zosta\u0142a zaprojektowana tak, aby pasowa\u0142a do pojedynczego otworu w blacie, dzi\u0119ki czemu instalacja jest dziecinnie prosta.<\/p>\n<h2 data-sourcepos=\"3:1-3:48\">Kluczowe cechy jednootworowych baterii zlewozmywakowych:<\/h2>\n<ul data-sourcepos=\"5:1-10:0\">\n<li data-sourcepos=\"5:1-5:81\"><strong>Elegancka konstrukcja:<\/strong> Konstrukcja z pojedynczym otworem tworzy czysty i nowoczesny wygl\u0105d.<\/li>\n<li data-sourcepos=\"6:1-6:66\"><strong>\u0141atwa instalacja:<\/strong> \u0141atwa instalacja, szczeg\u00f3lnie dla majsterkowicz\u00f3w.<\/li>\n<li data-sourcepos=\"7:1-7:119\"><strong>R\u00f3\u017cnorodno\u015b\u0107 styl\u00f3w:<\/strong> Dost\u0119pne w r\u00f3\u017cnych stylach, od nowoczesnego po tradycyjny, aby dopasowa\u0107 si\u0119 do r\u00f3\u017cnych estetyk kuchni.<\/li>\n<li data-sourcepos=\"8:1-8:111\"><strong>Trwa\u0142o\u015b\u0107:<\/strong> Wykonane z wysokiej jako\u015bci materia\u0142\u00f3w, takich jak mosi\u0105dz i stal nierdzewna, zapewniaj\u0105 d\u0142ugotrwa\u0142\u0105 wydajno\u015b\u0107.<\/li>\n<li data-sourcepos=\"9:1-10:0\"><strong>\u0141atwa konserwacja:<\/strong> \u0141atwy w czyszczeniu i konserwacji.<\/li>\n<\/ul>\n<h2 data-sourcepos=\"11:1-11:41\">Rodzaje jednootworowych baterii zlewozmywakowych:<\/h2>\n<ul data-sourcepos=\"13:1-16:0\">\n<li data-sourcepos=\"13:1-13:108\"><strong>Baterie jednouchwytowe:<\/strong> Oferuje \u0142atw\u0105 kontrol\u0119 zar\u00f3wno temperatury wody, jak i nat\u0119\u017cenia przep\u0142ywu za pomoc\u0105 jednej d\u017awigni.<\/li>\n<li data-sourcepos=\"14:1-14:106\"><strong>Krany wyci\u0105gane:<\/strong> Posiada elastyczn\u0105 wylewk\u0119, kt\u00f3r\u0105 mo\u017cna poci\u0105gn\u0105\u0107 w d\u00f3\u0142, aby zwi\u0119kszy\u0107 zasi\u0119g i wszechstronno\u015b\u0107.<\/li>\n<li data-sourcepos=\"15:1-16:0\"><strong>Baterie bezdotykowe:<\/strong> Zapewnia obs\u0142ug\u0119 bez u\u017cycia r\u0105k, co poprawia higien\u0119.<\/li>\n<\/ul>\n<h2 data-sourcepos=\"17:1-17:59\">Czynniki, kt\u00f3re nale\u017cy wzi\u0105\u0107 pod uwag\u0119 przy wyborze baterii jednootworowej:<\/h2>\n<ul data-sourcepos=\"19:1-23:0\">\n<li data-sourcepos=\"19:1-19:114\"><strong>Wysoko\u015b\u0107 wylewki:<\/strong> Upewnij si\u0119, \u017ce wysoko\u015b\u0107 wylewki jest odpowiednia do g\u0142\u0119boko\u015bci zlewu i rozmiaru u\u017cywanych garnk\u00f3w i patelni.<\/li>\n<li data-sourcepos=\"20:1-20:116\"><strong>Wyko\u0144czenie:<\/strong> Wybierz wyko\u0144czenie pasuj\u0105ce do stylu Twojej kuchni, takie jak chrom, szczotkowany nikiel lub matowa czer\u0144.<\/li>\n<li data-sourcepos=\"21:1-21:78\"><strong>Ci\u015bnienie wody:<\/strong> Upewnij si\u0119, \u017ce kran mo\u017ce obs\u0142ugiwa\u0107 ci\u015bnienie wody w domu.<\/li>\n<li data-sourcepos=\"22:1-23:0\"><strong>Instalacja:<\/strong> Rozwa\u017c metod\u0119 instalacji i wymagane po\u0142\u0105czenia hydrauliczne.<\/li>\n<\/ul>\n<p data-sourcepos=\"24:1-24:147\">Starannie rozwa\u017caj\u0105c te czynniki, mo\u017cna wybra\u0107 jednootworow\u0105 bateri\u0119 kuchenn\u0105, kt\u00f3ra poprawi zar\u00f3wno funkcjonalno\u015b\u0107, jak i styl kuchni.<\/p>","protected":false},"excerpt":{"rendered":"<table style=\"height: 407px;\" width=\"704\">\n<tbody>\n<tr>\n<td width=\"808\">1 Kran Wymiary ca\u0142kowite<\/td>\n<td width=\"1177\">380*225mm<\/td>\n<\/tr>\n<tr>\n<td width=\"808\">2 Waga netto kranu<\/td>\n<td width=\"1177\">2 kg<\/td>\n<\/tr>\n<tr>\n<td width=\"808\">3 Kran ze skrzynk\u0105 Waga brutto<\/td>\n<td width=\"1177\">2,5 kg<\/td>\n<\/tr>\n<tr>\n<td width=\"808\">4 Wymiar pude\u0142ka<\/td>\n<td width=\"1177\">54*32*26mm<\/td>\n<\/tr>\n<tr>\n<td width=\"808\">5 Pakowanie<\/td>\n<td width=\"1177\">4SZT\/CTN; 10SZT\/CTN; 12SZT\/CTN<\/td>\n<\/tr>\n<tr>\n<td width=\"808\">6 D\u0142ugo\u015b\u0107 w\u0119\u017ca wlotowego<\/td>\n<td width=\"1177\">60 mm<\/td>\n<\/tr>\n<tr>\n<td width=\"808\">7 Rozmiar nakr\u0119tki linii wodnej<\/td>\n<td width=\"1177\">3\/8\u2033 lub 1\/2\u2033 lub 9\/16\u2033<\/td>\n<\/tr>\n<tr>\n<td width=\"808\">8 Rozmiar otworu monta\u017cowego<\/td>\n<td width=\"1177\">35 mm<\/td>\n<\/tr>\n<tr>\n<td width=\"808\">9 Materia\u0142y kran\u00f3w<\/td>\n<td width=\"1177\">Bezo\u0142owiowa stal nierdzewna Premium 304 America Standard<br \/>\nstal<\/td>\n<\/tr>\n<\/tbody>\n<\/table>","protected":false},"featured_media":2663,"template":"","meta":[],"product_brand":[],"product_cat":[57],"product_tag":[],"class_list":{"0":"post-2662","1":"product","2":"type-product","3":"status-publish","4":"has-post-thumbnail","6":"product_cat-stainless-steel-faucet","8":"first","9":"instock","10":"shipping-taxable","11":"product-type-simple"},"_links":{"self":[{"href":"https:\/\/sinkwithfaucet.com\/pl\/wp-json\/wp\/v2\/product\/2662","targetHints":{"allow":["GET"]}}],"collection":[{"href":"https:\/\/sinkwithfaucet.com\/pl\/wp-json\/wp\/v2\/product"}],"about":[{"href":"https:\/\/sinkwithfaucet.com\/pl\/wp-json\/wp\/v2\/types\/product"}],"wp:featuredmedia":[{"embeddable":true,"href":"https:\/\/sinkwithfaucet.com\/pl\/wp-json\/wp\/v2\/media\/2663"}],"wp:attachment":[{"href":"https:\/\/sinkwithfaucet.com\/pl\/wp-json\/wp\/v2\/media?parent=2662"}],"wp:term":[{"taxonomy":"product_brand","embeddable":true,"href":"https:\/\/sinkwithfaucet.com\/pl\/wp-json\/wp\/v2\/product_brand?post=2662"},{"taxonomy":"product_cat","embeddable":true,"href":"https:\/\/sinkwithfaucet.com\/pl\/wp-json\/wp\/v2\/product_cat?post=2662"},{"taxonomy":"product_tag","embeddable":true,"href":"https:\/\/sinkwithfaucet.com\/pl\/wp-json\/wp\/v2\/product_tag?post=2662"}],"curies":[{"name":"wp","href":"https:\/\/api.w.org\/{rel}","templated":true}]}}