{"id":2660,"date":"2024-11-11T10:19:02","date_gmt":"2024-11-11T10:19:02","guid":{"rendered":"https:\/\/sinkwithfaucet.com\/?post_type=product&#038;p=2660"},"modified":"2024-12-27T03:10:06","modified_gmt":"2024-12-27T03:10:06","slug":"single-handle-pull-out-sprayer-kitchen-faucet","status":"publish","type":"product","link":"https:\/\/sinkwithfaucet.com\/pl\/single-handle-pull-out-sprayer-kitchen-faucet\/","title":{"rendered":"Jednouchwytowa wyci\u0105gana bateria kuchenna 1107"},"content":{"rendered":"<h2 class=\"a-size-base-plus a-text-bold\"><strong>Informacje o jednouchwytowej baterii kuchennej z wyci\u0105ganym spryskiwaczem<\/strong><\/h2>\n<ul class=\"a-unordered-list a-vertical a-spacing-mini\">\n<li class=\"a-spacing-mini\"><span class=\"a-list-item\"><strong>TRWA\u0141E I WYTRZYMA\u0141E: <\/strong>Ta wyci\u0105gana bateria kuchenna wykonana jest z wysokiej jako\u015bci stali nierdzewnej o solidnej strukturze, a jej powierzchnia wykorzystuje technologi\u0119 wypalania w wysokiej temperaturze, kt\u00f3ra jest odporna na zu\u017cycie i trwa\u0142a, nie\u0142atwa do rdzewienia i blakni\u0119cia oraz mo\u017ce by\u0107 u\u017cywana przez d\u0142ugi czas.<\/span><\/li>\n<li class=\"a-spacing-mini\"><span class=\"a-list-item\"><strong>TRYB PODW\u00d3JNEJ WYLEWKI: <\/strong>Bateria kuchenna jest r\u00f3wnie\u017c wyposa\u017cona w funkcj\u0119 podw\u00f3jnej wylewki, kt\u00f3r\u0105 mo\u017cna \u0142atwo prze\u0142\u0105cza\u0107 mi\u0119dzy normalnym s\u0142upem wody a opcjami silnego prysznica, aby zaspokoi\u0107 r\u00f3\u017cne potrzeby.<\/span><\/li>\n<li class=\"a-spacing-mini\"><span class=\"a-list-item\"><strong>REGULACJA TEMPERATURY: <\/strong>The <a href=\"https:\/\/kitchensink.us\/stainless-steel-kitchen-faucet\/\" target=\"_blank\" rel=\"noopener\">bateria zlewozmywakowa<\/a> Jest r\u00f3wnie\u017c wyposa\u017cony w funkcj\u0119 regulacji temperatury, dzi\u0119ki czemu mo\u017cna dowolnie ustawi\u0107 \u017c\u0105dan\u0105 temperatur\u0119, oszcz\u0119dzaj\u0105c sobie k\u0142opot\u00f3w z r\u0119cznym mieszaniem ciep\u0142ej i zimnej wody.<\/span><\/li>\n<li class=\"a-spacing-mini\"><span class=\"a-list-item\"><strong>OBR\u00d3T O 360 STOPNI: <\/strong>Funkcja obrotu o 360 stopni pozwala na pe\u0142ny zakres ruchu i elastyczno\u015b\u0107, umo\u017cliwiaj\u0105c strumieniowi wody elastyczne dotarcie do wszystkich zakamark\u00f3w zlewu, zapewniaj\u0105c wystarczaj\u0105c\u0105 przestrze\u0144 do czyszczenia garnk\u00f3w i misek.<\/span><\/li>\n<li class=\"a-spacing-mini\"><span class=\"a-list-item\"><strong>WYSOKIEJ JAKO\u015aCI DYSZA: <\/strong>Spieniacz Soft Skin nie tylko sprawia, \u017ce strumie\u0144 wody jest bogaty w piank\u0119, mi\u0119kki i nie rozpryskuje si\u0119, jest przyjemny w dotyku, ale tak\u017ce filtruje zanieczyszczenia i pomaga oszcz\u0119dza\u0107 wod\u0119 w codziennym \u017cyciu.<\/span><\/li>\n<\/ul>\n<p>&nbsp;<\/p>\n<h2><strong>Rodzaje wyci\u0105ganych baterii kuchennych<\/strong><\/h2>\n<ul>\n<li><strong>Pojedynczy uchwyt:<\/strong><\/li>\n<\/ul>\n<p>Najpopularniejszy typ, wyposa\u017cony w pojedyncz\u0105 d\u017awigni\u0119, kt\u00f3ra kontroluje zar\u00f3wno temperatur\u0119, jak i przep\u0142yw wody.  Zapewnia \u0142atw\u0105 i intuicyjn\u0105 obs\u0142ug\u0119.<\/p>\n<ul>\n<li><strong>Profesjonalny styl:<\/strong><\/li>\n<\/ul>\n<p>Cz\u0119sto maj\u0105 wysok\u0105 wylewk\u0119 \u0142ukow\u0105 dla lepszego prze\u015bwitu pod kranem.  Zazwyczaj charakteryzuj\u0105 si\u0119 silnym strumieniem i trwa\u0142\u0105 konstrukcj\u0105, dzi\u0119ki czemu s\u0105 popularne w\u015br\u00f3d szef\u00f3w kuchni i powa\u017cnych domowych kucharzy.<\/p>\n<ul>\n<li><strong>Wa\u017cony:<\/strong><\/li>\n<\/ul>\n<p>U podstawy g\u0142owicy natryskowej znajduje si\u0119 obci\u0105\u017cnik, kt\u00f3ry pomaga w jej p\u0142ynnym zwijaniu i zapobiega zwisaniu, co zapewnia bardziej elegancki i przyjazny dla u\u017cytkownika wygl\u0105d.<\/p>\n<ul>\n<li><strong>Spr\u0119\u017cynowy:<\/strong><\/li>\n<\/ul>\n<p>Wykorzystanie mechanizmu spr\u0119\u017cynowego umo\u017cliwia szybkie i \u0142atwe chowanie g\u0142owicy natryskowej.  Pozwala to zaoszcz\u0119dzi\u0107 czas i wysi\u0142ek podczas u\u017cytkowania.<\/p>\n<p>&nbsp;<\/p>\n<h2 data-sourcepos=\"16:1-16:57\"><strong>Czynniki, kt\u00f3re nale\u017cy wzi\u0105\u0107 pod uwag\u0119 przy wyborze jednouchwytowej baterii kuchennej z wyci\u0105ganym natryskiem<\/strong><\/h2>\n<ul data-sourcepos=\"18:1-22:0\">\n<li data-sourcepos=\"18:1-18:114\"><strong>Wysoko\u015b\u0107 wylewki:<\/strong>\u00a0Upewnij si\u0119, \u017ce wysoko\u015b\u0107 wylewki jest odpowiednia do g\u0142\u0119boko\u015bci zlewu i rozmiaru u\u017cywanych garnk\u00f3w i patelni.<\/li>\n<li data-sourcepos=\"19:1-19:116\"><strong>Wyko\u0144czenie:<\/strong>\u00a0Wybierz wyko\u0144czenie pasuj\u0105ce do stylu Twojej kuchni, takie jak chrom, szczotkowany nikiel lub matowa czer\u0144.<\/li>\n<li data-sourcepos=\"20:1-20:91\"><strong>Instalacja:<\/strong>\u00a0Rozwa\u017c metod\u0119 instalacji i wymagane po\u0142\u0105czenia hydrauliczne.<\/li>\n<li data-sourcepos=\"21:1-22:0\"><strong>Ci\u015bnienie wody:<\/strong>\u00a0Upewnij si\u0119, \u017ce kran mo\u017ce obs\u0142ugiwa\u0107 ci\u015bnienie wody w domu.<\/li>\n<\/ul>\n<p>&nbsp;<\/p>\n<h2><strong>Cechy i zalety wyci\u0105ganego kranu kuchennego<\/strong><\/h2>\n<ul>\n<li>Monta\u017c jednootworowy - maksymalna grubo\u015b\u0107 pok\u0142adu 1,75\"<\/li>\n<li>Zgodno\u015b\u0107 z ADA - Pojedyncza d\u017awignia u\u0142atwia sterowanie<\/li>\n<li>Pionowa konstrukcja uchwytu do g\u0142\u00f3wnego korpusu, obraca si\u0119 o 90 \u00b0 do przodu, umo\u017cliwiaj\u0105c obs\u0142ug\u0119 w ciasnych przestrzeniach z tylnymi \u015bciankami<\/li>\n<li>Dwufunkcyjna g\u0142owica natryskowa - przep\u0142yw wody 1,8 GPM na przemian z silnym strumieniem i napowietrzonym przep\u0142ywem: Idealna do intensywnego szorowania, delikatnego p\u0142ukania i nape\u0142niania dzbank\u00f3w.<\/li>\n<li>Bezo\u0142owiowa, trwa\u0142a mosi\u0119\u017cna konstrukcja zgodna z CALGreen California<\/li>\n<li>Wylewka obracaj\u0105ca si\u0119 o 360\u00b0 zapewnia p\u0142ynne dzia\u0142anie funkcji pull-down<\/li>\n<li>Wysoki \u0142uk wylewki zapewnia du\u017co miejsca do nape\u0142niania garnk\u00f3w i czyszczenia wi\u0119kszych naczy\u0144.<\/li>\n<li>Ceramiczny wk\u0142ad - najwy\u017cszej jako\u015bci precyzja \"bez kapania\"<\/li>\n<li>Wysokowydajny perlator zapewnia delikatny strumie\u0144 bez rozprysk\u00f3w<\/li>\n<li>Wysuwana g\u0142owica spryskuj\u0105ca z 60-calowym w\u0119\u017cem w nylonowym oplocie umo\u017cliwia sp\u0142ukanie zlewu w ka\u017cdym zakamarku.<\/li>\n<li>Gumowe dysze g\u0142owicy rozpylaj\u0105cej mo\u017cna \u0142atwo oczy\u015bci\u0107 z osad\u00f3w mineralnych, co zapewnia d\u0142ugotrwa\u0142\u0105 wydajno\u015b\u0107.<\/li>\n<li>Wielopow\u0142okowe, odporne na korozj\u0119 wyko\u0144czenie, kt\u00f3re nie matowieje i nie blaknie z up\u0142ywem czasu.<\/li>\n<li>W zestawie wst\u0119pnie zainstalowany osprz\u0119t monta\u017cowy i przewody ciep\u0142ej\/zimnej wody zapobiegaj\u0105ce p\u0119kaniu<\/li>\n<\/ul>\n<p>&nbsp;<\/p>\n<p>Dzi\u0119ki klasycznemu wzornictwu i prostym liniom, ta elegancka bateria b\u0119dzie wygl\u0105da\u0107 \u015bwietnie w ka\u017cdej kuchni. Wyci\u0105gana bateria jest dost\u0119pna w dw\u00f3ch trwa\u0142ych opcjach wyko\u0144czenia, kt\u00f3re uzupe\u0142ni\u0105 palet\u0119 kolor\u00f3w Twojej kuchni. G\u0142owica natryskowa o podw\u00f3jnym dzia\u0142aniu z wyci\u0105ganym w\u0119\u017cem sprawi, \u017ce mycie i p\u0142ukanie b\u0119dzie dziecinnie proste. Ta fachowo wykonana bateria jest produkowana z najwy\u017cszej jako\u015bci materia\u0142\u00f3w i zapewni wiele lat beztroskiego u\u017cytkowania.<\/p>\n<p>&nbsp;<\/p>\n<p>&nbsp;<\/p>\n<p>&nbsp;<\/p>\n<p>&nbsp;<\/p>\n<p>&nbsp;<\/p>\n<p>&nbsp;<\/p>","protected":false},"excerpt":{"rendered":"<table style=\"height: 407px;\" width=\"704\">\n<tbody>\n<tr>\n<td width=\"808\">1 Kran Wymiary ca\u0142kowite<\/td>\n<td width=\"1177\">380*225mm<\/td>\n<\/tr>\n<tr>\n<td width=\"808\">2 Waga netto kranu<\/td>\n<td width=\"1177\">2,5 kg<\/td>\n<\/tr>\n<tr>\n<td width=\"808\">3 Kran ze skrzynk\u0105 Waga brutto<\/td>\n<td width=\"1177\">2,8 kg<\/td>\n<\/tr>\n<tr>\n<td width=\"808\">4 Wymiar pude\u0142ka<\/td>\n<td width=\"1177\">54*32*26mm<\/td>\n<\/tr>\n<tr>\n<td width=\"808\">5 Pakowanie<\/td>\n<td width=\"1177\">4SZT\/CTN; 10SZT\/CTN; 12SZT\/CTN<\/td>\n<\/tr>\n<tr>\n<td width=\"808\">6 D\u0142ugo\u015b\u0107 w\u0119\u017ca wlotowego<\/td>\n<td width=\"1177\">60 mm<\/td>\n<\/tr>\n<tr>\n<td width=\"808\">7 Rozmiar nakr\u0119tki linii wodnej<\/td>\n<td width=\"1177\">3\/8\u2033 lub 1\/2\u2033 lub 9\/16\u2033<\/td>\n<\/tr>\n<tr>\n<td width=\"808\">8 Rozmiar otworu monta\u017cowego<\/td>\n<td width=\"1177\">35 mm<\/td>\n<\/tr>\n<tr>\n<td width=\"808\">9 Materia\u0142y kran\u00f3w<\/td>\n<td width=\"1177\">Bezo\u0142owiowa stal nierdzewna Premium 304 America Standard<br \/>\nstal<\/td>\n<\/tr>\n<\/tbody>\n<\/table>","protected":false},"featured_media":2661,"template":"","meta":[],"product_brand":[],"product_cat":[57],"product_tag":[],"class_list":{"0":"post-2660","1":"product","2":"type-product","3":"status-publish","4":"has-post-thumbnail","6":"product_cat-stainless-steel-faucet","8":"first","9":"instock","10":"shipping-taxable","11":"product-type-simple"},"_links":{"self":[{"href":"https:\/\/sinkwithfaucet.com\/pl\/wp-json\/wp\/v2\/product\/2660","targetHints":{"allow":["GET"]}}],"collection":[{"href":"https:\/\/sinkwithfaucet.com\/pl\/wp-json\/wp\/v2\/product"}],"about":[{"href":"https:\/\/sinkwithfaucet.com\/pl\/wp-json\/wp\/v2\/types\/product"}],"wp:featuredmedia":[{"embeddable":true,"href":"https:\/\/sinkwithfaucet.com\/pl\/wp-json\/wp\/v2\/media\/2661"}],"wp:attachment":[{"href":"https:\/\/sinkwithfaucet.com\/pl\/wp-json\/wp\/v2\/media?parent=2660"}],"wp:term":[{"taxonomy":"product_brand","embeddable":true,"href":"https:\/\/sinkwithfaucet.com\/pl\/wp-json\/wp\/v2\/product_brand?post=2660"},{"taxonomy":"product_cat","embeddable":true,"href":"https:\/\/sinkwithfaucet.com\/pl\/wp-json\/wp\/v2\/product_cat?post=2660"},{"taxonomy":"product_tag","embeddable":true,"href":"https:\/\/sinkwithfaucet.com\/pl\/wp-json\/wp\/v2\/product_tag?post=2660"}],"curies":[{"name":"wp","href":"https:\/\/api.w.org\/{rel}","templated":true}]}}