{"id":2653,"date":"2024-11-11T09:53:20","date_gmt":"2024-11-11T09:53:20","guid":{"rendered":"https:\/\/sinkwithfaucet.com\/?post_type=product&#038;p=2653"},"modified":"2024-11-11T10:14:00","modified_gmt":"2024-11-11T10:14:00","slug":"spring-pull-down-kitchen-faucet-1003","status":"publish","type":"product","link":"https:\/\/sinkwithfaucet.com\/pl\/spring-pull-down-kitchen-faucet-1003\/","title":{"rendered":"Spr\u0119\u017cynowy kran kuchenny 1003"},"content":{"rendered":"<h2 data-sourcepos=\"1:1-1:57\">Spr\u0119\u017cynowe baterie kuchenne: Nowoczesna wygoda<\/h2>\n<p data-sourcepos=\"3:1-3:174\">Spr\u0119\u017cynowa bateria kuchenna to popularny wyb\u00f3r do nowoczesnych kuchni. \u0141\u0105czy w sobie styl, funkcjonalno\u015b\u0107 i \u0142atwo\u015b\u0107 u\u017cytkowania. Oto zestawienie jej cech i zalet:<\/p>\n<h3 data-sourcepos=\"5:1-5:21\">Jak to dzia\u0142a?<\/h3>\n<p data-sourcepos=\"6:1-6:227\">Spr\u0119\u017cynowa wyci\u0105gana bateria posiada elastyczn\u0105 wylewk\u0119, kt\u00f3r\u0105 mo\u017cna poci\u0105gn\u0105\u0107 w d\u00f3\u0142 i wysun\u0105\u0107, aby dotrze\u0107 do r\u00f3\u017cnych cz\u0119\u015bci zlewu. Po zwolnieniu wylewki, p\u0142ynnie wraca ona na swoje miejsce dzi\u0119ki wbudowanemu mechanizmowi spr\u0119\u017cynowemu.<\/p>\n<h3 data-sourcepos=\"8:1-8:44\">Kluczowe zalety kran\u00f3w spr\u0119\u017cynowych<\/h3>\n<ul data-sourcepos=\"9:1-13:0\">\n<li data-sourcepos=\"9:1-9:128\"><strong>Elastyczno\u015b\u0107:<\/strong> Wysuwana konstrukcja umo\u017cliwia \u0142atwe nape\u0142nianie du\u017cych garnk\u00f3w i patelni lub czyszczenie trudno dost\u0119pnych miejsc w zlewie.<\/li>\n<li data-sourcepos=\"10:1-10:136\"><strong>Wszechstronno\u015b\u0107:<\/strong> Wiele modeli oferuje wiele ustawie\u0144 strumienia, takich jak napowietrzony strumie\u0144 i silny strumie\u0144, aby dostosowa\u0107 si\u0119 do r\u00f3\u017cnych zada\u0144.<\/li>\n<li data-sourcepos=\"11:1-11:91\"><strong>\u0141atwo\u015b\u0107 u\u017cytkowania:<\/strong> Mechanizm spr\u0119\u017cynowy zapewnia p\u0142ynn\u0105 prac\u0119 i bezwysi\u0142kowe zwijanie.<\/li>\n<li data-sourcepos=\"12:1-13:0\"><strong>Stylowy wygl\u0105d:<\/strong> Dost\u0119pne w r\u00f3\u017cnych wyko\u0144czeniach i stylach, aby uzupe\u0142ni\u0107 ka\u017cdy wystr\u00f3j kuchni.<\/li>\n<\/ul>\n<p data-sourcepos=\"21:1-21:143\">Starannie rozwa\u017caj\u0105c te czynniki, mo\u017cna wybra\u0107 spr\u0119\u017cynow\u0105 bateri\u0119 kuchenn\u0105, kt\u00f3ra zwi\u0119kszy funkcjonalno\u015b\u0107 i styl kuchni.<\/p>","protected":false},"excerpt":{"rendered":"<table style=\"height: 407px;\" width=\"704\">\n<tbody>\n<tr>\n<td width=\"808\">1 Kran Wymiary ca\u0142kowite<\/td>\n<td width=\"1177\">405*225mm<\/td>\n<\/tr>\n<tr>\n<td width=\"808\">2 Waga netto kranu<\/td>\n<td width=\"1177\">2,5 kg<\/td>\n<\/tr>\n<tr>\n<td width=\"808\">3 Kran ze skrzynk\u0105 Waga brutto<\/td>\n<td width=\"1177\">2,8 kg<\/td>\n<\/tr>\n<tr>\n<td width=\"808\">4 Wymiar pude\u0142ka<\/td>\n<td width=\"1177\">54*32*26mm<\/td>\n<\/tr>\n<tr>\n<td width=\"808\">5 Pakowanie<\/td>\n<td width=\"1177\">4SZT\/CTN; 10SZT\/CTN; 12SZT\/CTN<\/td>\n<\/tr>\n<tr>\n<td width=\"808\">6 D\u0142ugo\u015b\u0107 w\u0119\u017ca wlotowego<\/td>\n<td width=\"1177\">60 mm<\/td>\n<\/tr>\n<tr>\n<td width=\"808\">7 Rozmiar nakr\u0119tki linii wodnej<\/td>\n<td width=\"1177\">3\/8\u2033 lub 1\/2\u2033 lub 9\/16\u2033<\/td>\n<\/tr>\n<tr>\n<td width=\"808\">8 Rozmiar otworu monta\u017cowego<\/td>\n<td width=\"1177\">35 mm<\/td>\n<\/tr>\n<tr>\n<td width=\"808\">9 Materia\u0142y kran\u00f3w<\/td>\n<td width=\"1177\">Bezo\u0142owiowa stal nierdzewna Premium 304 America Standard<br \/>\nstal<\/td>\n<\/tr>\n<\/tbody>\n<\/table>","protected":false},"featured_media":2654,"template":"","meta":[],"product_brand":[],"product_cat":[57],"product_tag":[],"class_list":{"0":"post-2653","1":"product","2":"type-product","3":"status-publish","4":"has-post-thumbnail","6":"product_cat-stainless-steel-faucet","8":"first","9":"instock","10":"shipping-taxable","11":"product-type-simple"},"_links":{"self":[{"href":"https:\/\/sinkwithfaucet.com\/pl\/wp-json\/wp\/v2\/product\/2653","targetHints":{"allow":["GET"]}}],"collection":[{"href":"https:\/\/sinkwithfaucet.com\/pl\/wp-json\/wp\/v2\/product"}],"about":[{"href":"https:\/\/sinkwithfaucet.com\/pl\/wp-json\/wp\/v2\/types\/product"}],"wp:featuredmedia":[{"embeddable":true,"href":"https:\/\/sinkwithfaucet.com\/pl\/wp-json\/wp\/v2\/media\/2654"}],"wp:attachment":[{"href":"https:\/\/sinkwithfaucet.com\/pl\/wp-json\/wp\/v2\/media?parent=2653"}],"wp:term":[{"taxonomy":"product_brand","embeddable":true,"href":"https:\/\/sinkwithfaucet.com\/pl\/wp-json\/wp\/v2\/product_brand?post=2653"},{"taxonomy":"product_cat","embeddable":true,"href":"https:\/\/sinkwithfaucet.com\/pl\/wp-json\/wp\/v2\/product_cat?post=2653"},{"taxonomy":"product_tag","embeddable":true,"href":"https:\/\/sinkwithfaucet.com\/pl\/wp-json\/wp\/v2\/product_tag?post=2653"}],"curies":[{"name":"wp","href":"https:\/\/api.w.org\/{rel}","templated":true}]}}