{"id":2647,"date":"2024-11-11T09:41:51","date_gmt":"2024-11-11T09:41:51","guid":{"rendered":"https:\/\/sinkwithfaucet.com\/?post_type=product&#038;p=2647"},"modified":"2024-11-11T09:41:51","modified_gmt":"2024-11-11T09:41:51","slug":"lead-free-kitchen-faucet-1021","status":"publish","type":"product","link":"https:\/\/sinkwithfaucet.com\/pl\/lead-free-kitchen-faucet-1021\/","title":{"rendered":"Bezo\u0142owiowy kran kuchenny 1021"},"content":{"rendered":"<h2 data-sourcepos=\"1:1-1:57\">Bezo\u0142owiowe baterie kuchenne: Bezpieczny wyb\u00f3r dla Twojego domu<\/h2>\n<p data-sourcepos=\"3:1-3:288\">Bezo\u0142owiowa bateria kuchenna jest kluczowym elementem zapewniaj\u0105cym bezpiecze\u0144stwo i jako\u015b\u0107 wody pitnej. Nara\u017cenie na o\u0142\u00f3w, szczeg\u00f3lnie u dzieci, mo\u017ce mie\u0107 powa\u017cne konsekwencje zdrowotne. Wybieraj\u0105c bateri\u0119 bezo\u0142owiow\u0105, podejmujesz proaktywny krok w celu ochrony dobrego samopoczucia swojej rodziny.<\/p>\n<h3 data-sourcepos=\"5:1-5:34\">Dlaczego warto wybra\u0107 kran bezo\u0142owiowy?<\/h3>\n<ul data-sourcepos=\"7:1-10:0\">\n<li data-sourcepos=\"7:1-7:152\"><strong>Korzy\u015bci zdrowotne:<\/strong> Nara\u017cenie na dzia\u0142anie o\u0142owiu mo\u017ce prowadzi\u0107 do r\u00f3\u017cnych problem\u00f3w zdrowotnych, w tym op\u00f3\u017anie\u0144 rozwojowych, trudno\u015bci w uczeniu si\u0119 i problem\u00f3w behawioralnych.<\/li>\n<li data-sourcepos=\"8:1-8:110\"><strong>Zgodno\u015b\u0107 z przepisami:<\/strong> W wielu regionach obowi\u0105zuj\u0105 surowe przepisy dotycz\u0105ce zawarto\u015bci o\u0142owiu w armaturze.<\/li>\n<li data-sourcepos=\"9:1-10:0\"><strong>Spok\u00f3j ducha:<\/strong> \u015awiadomo\u015b\u0107, \u017ce woda jest wolna od szkodliwych zanieczyszcze\u0144, mo\u017ce dawa\u0107 pewno\u015b\u0107.<\/li>\n<\/ul>\n<h3 data-sourcepos=\"11:1-11:38\">Jak rozpozna\u0107 kran bezo\u0142owiowy?<\/h3>\n<p data-sourcepos=\"13:1-13:49\">Zwr\u00f3\u0107 uwag\u0119 na nast\u0119puj\u0105ce certyfikaty i etykiety:<\/p>\n<ul data-sourcepos=\"15:1-17:0\">\n<li data-sourcepos=\"15:1-15:102\"><strong>NSF\/ANSI 61:<\/strong> Certyfikat ten gwarantuje, \u017ce bateria spe\u0142nia surowe normy dotycz\u0105ce zawarto\u015bci o\u0142owiu.<\/li>\n<li data-sourcepos=\"16:1-17:0\"><strong>WaterSense:<\/strong> Ta etykieta wskazuje, \u017ce bateria jest wodooszcz\u0119dna.<\/li>\n<\/ul>\n<p data-sourcepos=\"25:1-25:119\">Dokonuj\u0105c \u015bwiadomego wyboru, mo\u017cna wybra\u0107 bezo\u0142owiow\u0105 bateri\u0119 kuchenn\u0105, kt\u00f3ra \u0142\u0105czy w sobie styl, funkcjonalno\u015b\u0107 i bezpiecze\u0144stwo.<\/p>","protected":false},"excerpt":{"rendered":"<h3 data-sourcepos=\"18:1-18:48\">Wyb\u00f3r bezo\u0142owiowego kranu kuchennego<\/h3>\n<ol data-sourcepos=\"20:1-24:0\">\n<li data-sourcepos=\"20:1-20:125\"><strong>Sprawd\u017a materia\u0142:<\/strong> Wybierz baterie wykonane z materia\u0142\u00f3w takich jak stal nierdzewna lub mosi\u0105dz, kt\u00f3re z natury maj\u0105 nisk\u0105 zawarto\u015b\u0107 o\u0142owiu.<\/li>\n<li data-sourcepos=\"21:1-21:99\"><strong>Przeczytaj etykiet\u0119 produktu:<\/strong> Poszukaj szczeg\u00f3\u0142owych informacji na temat zawarto\u015bci o\u0142owiu i certyfikat\u00f3w.<\/li>\n<li data-sourcepos=\"22:1-22:143\"><strong>Rozwa\u017cmy zako\u0144czenie:<\/strong> Chocia\u017c wyko\u0144czenie nie ma bezpo\u015bredniego wp\u0142ywu na zawarto\u015b\u0107 o\u0142owiu, mo\u017ce wp\u0142ywa\u0107 na og\u00f3lny wygl\u0105d i trwa\u0142o\u015b\u0107 baterii.<\/li>\n<li data-sourcepos=\"23:1-24:0\"><strong>Wybierz renomowan\u0105 mark\u0119:<\/strong> Znane marki cz\u0119sto stawiaj\u0105 na jako\u015b\u0107 i bezpiecze\u0144stwo.<\/li>\n<\/ol>","protected":false},"featured_media":2648,"template":"","meta":[],"product_brand":[],"product_cat":[57],"product_tag":[],"class_list":{"0":"post-2647","1":"product","2":"type-product","3":"status-publish","4":"has-post-thumbnail","6":"product_cat-stainless-steel-faucet","8":"first","9":"instock","10":"shipping-taxable","11":"product-type-simple"},"_links":{"self":[{"href":"https:\/\/sinkwithfaucet.com\/pl\/wp-json\/wp\/v2\/product\/2647","targetHints":{"allow":["GET"]}}],"collection":[{"href":"https:\/\/sinkwithfaucet.com\/pl\/wp-json\/wp\/v2\/product"}],"about":[{"href":"https:\/\/sinkwithfaucet.com\/pl\/wp-json\/wp\/v2\/types\/product"}],"wp:featuredmedia":[{"embeddable":true,"href":"https:\/\/sinkwithfaucet.com\/pl\/wp-json\/wp\/v2\/media\/2648"}],"wp:attachment":[{"href":"https:\/\/sinkwithfaucet.com\/pl\/wp-json\/wp\/v2\/media?parent=2647"}],"wp:term":[{"taxonomy":"product_brand","embeddable":true,"href":"https:\/\/sinkwithfaucet.com\/pl\/wp-json\/wp\/v2\/product_brand?post=2647"},{"taxonomy":"product_cat","embeddable":true,"href":"https:\/\/sinkwithfaucet.com\/pl\/wp-json\/wp\/v2\/product_cat?post=2647"},{"taxonomy":"product_tag","embeddable":true,"href":"https:\/\/sinkwithfaucet.com\/pl\/wp-json\/wp\/v2\/product_tag?post=2647"}],"curies":[{"name":"wp","href":"https:\/\/api.w.org\/{rel}","templated":true}]}}