{"id":2587,"date":"2024-11-09T06:44:02","date_gmt":"2024-11-09T06:44:02","guid":{"rendered":"https:\/\/sinkwithfaucet.com\/?post_type=product&#038;p=2587"},"modified":"2024-11-09T06:44:03","modified_gmt":"2024-11-09T06:44:03","slug":"double-bowl-farmhouse-sink-7649","status":"publish","type":"product","link":"https:\/\/sinkwithfaucet.com\/pl\/double-bowl-farmhouse-sink-7649\/","title":{"rendered":"Zlewozmywak dwukomorowy 7649"},"content":{"rendered":"<h2 data-sourcepos=\"1:1-1:63\">Zlewozmywaki dwukomorowe: Stylowy i funkcjonalny wyb\u00f3r<\/h2>\n<p data-sourcepos=\"3:1-3:231\">Zlewozmywak dwukomorowy to popularny wyb\u00f3r dla w\u0142a\u015bcicieli dom\u00f3w, kt\u00f3rzy chc\u0105 mie\u0107 stylow\u0105 i funkcjonaln\u0105 kuchni\u0119. Ten typ zlewozmywaka ma dwie oddzielne umywalki, cz\u0119sto z fartuchem z przodu, zapewniaj\u0105c du\u017co miejsca na r\u00f3\u017cne zadania kuchenne.<\/p>\n<p data-sourcepos=\"5:1-5:48\"><strong>Kluczowe cechy zlewozmywak\u00f3w dwukomorowych Farmhouse:<\/strong><\/p>\n<ul data-sourcepos=\"7:1-11:0\">\n<li data-sourcepos=\"7:1-7:108\"><strong>Przestronna konstrukcja:<\/strong> Oferuje du\u017co miejsca do mycia naczy\u0144, przygotowywania posi\u0142k\u00f3w i namaczania du\u017cych naczy\u0144 kuchennych.<\/li>\n<li data-sourcepos=\"8:1-8:138\"><strong>Wszechstronna funkcjonalno\u015b\u0107:<\/strong> Dwie umywalki pozwalaj\u0105 na wielozadaniowo\u015b\u0107, na przyk\u0142ad mycie naczy\u0144 w jednej umywalce i przygotowywanie posi\u0142k\u00f3w w drugiej.<\/li>\n<li data-sourcepos=\"9:1-9:90\"><strong>Stylowa estetyka:<\/strong> Fartuch przedni nadaje kuchni klasyczny i ponadczasowy wygl\u0105d.<\/li>\n<li data-sourcepos=\"10:1-11:0\"><strong>Wytrzyma\u0142e materia\u0142y:<\/strong> Zazwyczaj wykonane s\u0105 ze stali nierdzewnej, szamotu lub \u017celiwa, zapewniaj\u0105c d\u0142ugotrwa\u0142\u0105 wydajno\u015b\u0107.<\/li>\n<\/ul>\n<p data-sourcepos=\"12:1-12:62\"><strong>Rozwa\u017cania przy wyborze zlewozmywaka dwukomorowego:<\/strong><\/p>\n<ul data-sourcepos=\"14:1-19:0\">\n<li data-sourcepos=\"14:1-14:73\"><strong>Rozmiar:<\/strong> Wybierz rozmiar, kt\u00f3ry pasuje do uk\u0142adu kuchni i Twoich potrzeb.<\/li>\n<li data-sourcepos=\"15:1-15:106\"><strong>Konfiguracja miski:<\/strong> Rozwa\u017c rozmiar i kszta\u0142t obu misek, aby spe\u0142ni\u0107 okre\u015blone wymagania.<\/li>\n<li data-sourcepos=\"16:1-16:97\"><strong>Materia\u0142:<\/strong> Wybierz trwa\u0142y i \u0142atwy w czyszczeniu materia\u0142, taki jak stal nierdzewna lub szamot.<\/li>\n<li data-sourcepos=\"17:1-17:85\"><strong>Instalacja:<\/strong> Zapewnij prawid\u0142ow\u0105 instalacj\u0119, niezale\u017cnie od tego, czy jest to monta\u017c podtynkowy, czy g\u00f3rny.<\/li>\n<li data-sourcepos=\"18:1-19:0\"><strong>Styl:<\/strong> Wybierz styl, kt\u00f3ry uzupe\u0142nia og\u00f3lny projekt kuchni.<\/li>\n<\/ul>\n<p data-sourcepos=\"20:1-20:145\">Starannie rozwa\u017caj\u0105c te czynniki, mo\u017cna wybra\u0107 idealny dwukomorowy zlewozmywak gospodarczy, kt\u00f3ry zwi\u0119kszy funkcjonalno\u015b\u0107 i styl kuchni.<\/p>","protected":false},"excerpt":{"rendered":"<p>Rozmiar ca\u0142kowity: 1500*500*180 mm<\/p>\n<p>Rozmiar wyci\u0119cia: 1480*480 mm<\/p>\n<p>Materia\u0142: stal nierdzewna<\/p>","protected":false},"featured_media":2589,"template":"","meta":[],"product_brand":[],"product_cat":[56],"product_tag":[],"class_list":{"0":"post-2587","1":"product","2":"type-product","3":"status-publish","4":"has-post-thumbnail","6":"product_cat-pressing-kitchen-sink","8":"first","9":"instock","10":"shipping-taxable","11":"product-type-simple"},"_links":{"self":[{"href":"https:\/\/sinkwithfaucet.com\/pl\/wp-json\/wp\/v2\/product\/2587","targetHints":{"allow":["GET"]}}],"collection":[{"href":"https:\/\/sinkwithfaucet.com\/pl\/wp-json\/wp\/v2\/product"}],"about":[{"href":"https:\/\/sinkwithfaucet.com\/pl\/wp-json\/wp\/v2\/types\/product"}],"wp:featuredmedia":[{"embeddable":true,"href":"https:\/\/sinkwithfaucet.com\/pl\/wp-json\/wp\/v2\/media\/2589"}],"wp:attachment":[{"href":"https:\/\/sinkwithfaucet.com\/pl\/wp-json\/wp\/v2\/media?parent=2587"}],"wp:term":[{"taxonomy":"product_brand","embeddable":true,"href":"https:\/\/sinkwithfaucet.com\/pl\/wp-json\/wp\/v2\/product_brand?post=2587"},{"taxonomy":"product_cat","embeddable":true,"href":"https:\/\/sinkwithfaucet.com\/pl\/wp-json\/wp\/v2\/product_cat?post=2587"},{"taxonomy":"product_tag","embeddable":true,"href":"https:\/\/sinkwithfaucet.com\/pl\/wp-json\/wp\/v2\/product_tag?post=2587"}],"curies":[{"name":"wp","href":"https:\/\/api.w.org\/{rel}","templated":true}]}}