{"id":2577,"date":"2024-11-09T06:30:16","date_gmt":"2024-11-09T06:30:16","guid":{"rendered":"https:\/\/sinkwithfaucet.com\/?post_type=product&#038;p=2577"},"modified":"2024-11-09T06:30:16","modified_gmt":"2024-11-09T06:30:16","slug":"kitchen-sink-with-drainboard-7848b","status":"publish","type":"product","link":"https:\/\/sinkwithfaucet.com\/pl\/kitchen-sink-with-drainboard-7848b\/","title":{"rendered":"Zlewozmywak kuchenny z ociekaczem 7848B"},"content":{"rendered":"<h2 data-sourcepos=\"1:1-1:53\">Zlewozmywak kuchenny z ociekaczem: Praktyczny wyb\u00f3r<\/h2>\n<p data-sourcepos=\"3:1-3:212\"><strong>Zlewozmywaki kuchenne z desk\u0105 odp\u0142ywow\u0105<\/strong> to praktyczne i wydajne rozwi\u0105zanie do mycia i suszenia naczy\u0144. Zintegrowany ociekacz zapewnia wygodn\u0105 przestrze\u0144 do suszenia naczy\u0144, przybor\u00f3w kuchennych i innych akcesori\u00f3w kuchennych.<\/p>\n<p data-sourcepos=\"5:1-5:51\"><strong>Kluczowe cechy zlewozmywak\u00f3w kuchennych z ociekaczami:<\/strong><\/p>\n<ul data-sourcepos=\"7:1-10:0\">\n<li data-sourcepos=\"7:1-7:113\"><strong>Zwi\u0119kszona funkcjonalno\u015b\u0107:<\/strong> Deska ociekowa zapewnia wygodny obszar suszenia, zmniejszaj\u0105c ba\u0142agan na blacie.<\/li>\n<li data-sourcepos=\"8:1-8:103\"><strong>Lepsza higiena:<\/strong> Trzymaj\u0105c naczynia z dala od blatu, mo\u017cna zapobiec rozprzestrzenianiu si\u0119 bakterii.<\/li>\n<li data-sourcepos=\"9:1-10:0\"><strong>Konstrukcja oszcz\u0119dzaj\u0105ca miejsce:<\/strong> \u0141\u0105czy zlewozmywak i suszark\u0119 w jednym urz\u0105dzeniu, maksymalizuj\u0105c wydajno\u015b\u0107 kuchni.<\/li>\n<\/ul>\n<p data-sourcepos=\"11:1-11:44\"><strong>Rodzaje zlewozmywak\u00f3w kuchennych z ociekaczami:<\/strong><\/p>\n<ul data-sourcepos=\"13:1-16:0\">\n<li data-sourcepos=\"13:1-13:90\"><strong>Stal nierdzewna:<\/strong> Popularny wyb\u00f3r ze wzgl\u0119du na trwa\u0142o\u015b\u0107, higien\u0119 i nowoczesn\u0105 estetyk\u0119.<\/li>\n<li data-sourcepos=\"14:1-14:81\"><strong>Fireclay:<\/strong> Trwa\u0142y i odporny na wysokie temperatury materia\u0142 o klasycznym wygl\u0105dzie.<\/li>\n<li data-sourcepos=\"15:1-16:0\"><strong>Kompozyt:<\/strong> Mieszanka materia\u0142\u00f3w takich jak kwarc lub granit, zapewniaj\u0105ca stylow\u0105 i trwa\u0142\u0105 opcj\u0119.<\/li>\n<\/ul>\n<p data-sourcepos=\"17:1-17:64\"><strong>Rozwa\u017cania przy wyborze zlewozmywaka kuchennego z ociekaczem:<\/strong><\/p>\n<ul data-sourcepos=\"19:1-24:0\">\n<li data-sourcepos=\"19:1-19:71\"><strong>Rozmiar:<\/strong> Wybierz rozmiar, kt\u00f3ry pasuje do uk\u0142adu kuchni i Twoich potrzeb.<\/li>\n<li data-sourcepos=\"20:1-20:93\"><strong>Umieszczenie p\u0142yty spustowej:<\/strong> Zastan\u00f3w si\u0119, czy wolisz lew\u0105 czy praw\u0105 desk\u0119 odp\u0142ywow\u0105.<\/li>\n<li data-sourcepos=\"21:1-21:60\"><strong>Materia\u0142:<\/strong> Wybierz trwa\u0142y i \u0142atwy w czyszczeniu materia\u0142.<\/li>\n<li data-sourcepos=\"22:1-22:72\"><strong>Instalacja:<\/strong> Do wyboru jest monta\u017c podtynkowy lub natynkowy.<\/li>\n<li data-sourcepos=\"23:1-24:0\"><strong>Styl:<\/strong> Wybierz styl, kt\u00f3ry uzupe\u0142nia og\u00f3lny projekt kuchni.<\/li>\n<\/ul>\n<p data-sourcepos=\"25:1-25:146\">Starannie rozwa\u017caj\u0105c te czynniki, mo\u017cna wybra\u0107 idealny zlewozmywak kuchenny z komor\u0105 ociekow\u0105, kt\u00f3ry zwi\u0119kszy funkcjonalno\u015b\u0107 i styl kuchni.<\/p>","protected":false},"excerpt":{"rendered":"<p>Rozmiar ca\u0142kowity: 900*550*210 mm<\/p>\n<p>Rozmiar wyci\u0119cia: 880*480 mm<\/p>\n<p>Materia\u0142: stal nierdzewna<\/p>","protected":false},"featured_media":2579,"template":"","meta":[],"product_brand":[],"product_cat":[56],"product_tag":[],"class_list":{"0":"post-2577","1":"product","2":"type-product","3":"status-publish","4":"has-post-thumbnail","6":"product_cat-pressing-kitchen-sink","8":"first","9":"instock","10":"shipping-taxable","11":"product-type-simple"},"_links":{"self":[{"href":"https:\/\/sinkwithfaucet.com\/pl\/wp-json\/wp\/v2\/product\/2577","targetHints":{"allow":["GET"]}}],"collection":[{"href":"https:\/\/sinkwithfaucet.com\/pl\/wp-json\/wp\/v2\/product"}],"about":[{"href":"https:\/\/sinkwithfaucet.com\/pl\/wp-json\/wp\/v2\/types\/product"}],"wp:featuredmedia":[{"embeddable":true,"href":"https:\/\/sinkwithfaucet.com\/pl\/wp-json\/wp\/v2\/media\/2579"}],"wp:attachment":[{"href":"https:\/\/sinkwithfaucet.com\/pl\/wp-json\/wp\/v2\/media?parent=2577"}],"wp:term":[{"taxonomy":"product_brand","embeddable":true,"href":"https:\/\/sinkwithfaucet.com\/pl\/wp-json\/wp\/v2\/product_brand?post=2577"},{"taxonomy":"product_cat","embeddable":true,"href":"https:\/\/sinkwithfaucet.com\/pl\/wp-json\/wp\/v2\/product_cat?post=2577"},{"taxonomy":"product_tag","embeddable":true,"href":"https:\/\/sinkwithfaucet.com\/pl\/wp-json\/wp\/v2\/product_tag?post=2577"}],"curies":[{"name":"wp","href":"https:\/\/api.w.org\/{rel}","templated":true}]}}