{"id":2574,"date":"2024-11-09T06:26:09","date_gmt":"2024-11-09T06:26:09","guid":{"rendered":"https:\/\/sinkwithfaucet.com\/?post_type=product&#038;p=2574"},"modified":"2024-11-09T06:26:09","modified_gmt":"2024-11-09T06:26:09","slug":"overmount-sink-7646d","status":"publish","type":"product","link":"https:\/\/sinkwithfaucet.com\/pl\/overmount-sink-7646d\/","title":{"rendered":"Zlewozmywak nak\u0142adany 7646D"},"content":{"rendered":"<h2 data-sourcepos=\"1:1-1:50\">Zlewozmywaki nak\u0142adane: Klasyczny i praktyczny wyb\u00f3r<\/h2>\n<p data-sourcepos=\"3:1-3:203\"><strong>Zlewozmywaki nak\u0142adane<\/strong>Zlewozmywaki montowane od g\u00f3ry lub wpuszczane w blat s\u0105 popularnym i tradycyjnym wyborem do kuchni. S\u0105 one instalowane na blacie, tworz\u0105c prosty i \u0142atwy w instalacji wygl\u0105d.<\/p>\n<p data-sourcepos=\"5:1-5:36\"><strong>Kluczowe cechy:<\/strong><\/p>\n<ul data-sourcepos=\"7:1-11:0\">\n<li data-sourcepos=\"7:1-7:70\"><strong>\u0141atwa instalacja:<\/strong> \u0141atwy monta\u017c na dowolnym blacie.<\/li>\n<li data-sourcepos=\"8:1-8:112\"><strong>Szeroki zakres styl\u00f3w:<\/strong> Dost\u0119pne w r\u00f3\u017cnych kszta\u0142tach, rozmiarach i materia\u0142ach, aby dopasowa\u0107 si\u0119 do r\u00f3\u017cnych projekt\u00f3w kuchni.<\/li>\n<li data-sourcepos=\"9:1-9:100\"><strong>Trwa\u0142e i higieniczne:<\/strong> Wykonane z trwa\u0142ych materia\u0142\u00f3w, takich jak stal nierdzewna, ceramika lub kompozyt.<\/li>\n<li data-sourcepos=\"10:1-11:0\"><strong>Op\u0142acalno\u015b\u0107:<\/strong> Cz\u0119sto bardziej przyst\u0119pne cenowo ni\u017c zlewozmywaki podblatowe.<\/li>\n<\/ul>\n<p data-sourcepos=\"12:1-12:29\"><strong>Rodzaje:<\/strong><\/p>\n<ul data-sourcepos=\"14:1-18:0\">\n<li data-sourcepos=\"14:1-14:57\"><strong>Pojedyncza miska:<\/strong> Pojedyncza, du\u017ca umywalka do u\u017cytku og\u00f3lnego.<\/li>\n<li data-sourcepos=\"15:1-15:56\"><strong>Double Bowl:<\/strong> Dwie oddzielne umywalki dla wielozadaniowo\u015bci.<\/li>\n<li data-sourcepos=\"16:1-16:92\"><strong>Triple Bowl:<\/strong> Trzy umywalki dla dodatkowej funkcjonalno\u015bci, cz\u0119sto spotykane w kuchniach komercyjnych.<\/li>\n<li data-sourcepos=\"17:1-18:0\"><strong>Zlewozmywak domowy:<\/strong> Du\u017ce, g\u0142\u0119bokie zlewozmywaki z fartuchem z przodu, zapewniaj\u0105ce rustykalny i funkcjonalny design.<\/li>\n<\/ul>\n<p data-sourcepos=\"19:1-19:51\"><strong>Rozwa\u017cania przy wyborze zlewozmywaka montowanego na \u015bcianie:<\/strong><\/p>\n<ul data-sourcepos=\"21:1-25:0\">\n<li data-sourcepos=\"21:1-21:64\"><strong>Rozmiar:<\/strong> Upewnij si\u0119, \u017ce zlewozmywak pasuje do blatu i Twoich potrzeb.<\/li>\n<li data-sourcepos=\"22:1-22:60\"><strong>Materia\u0142:<\/strong> Wybierz trwa\u0142y i \u0142atwy w czyszczeniu materia\u0142.<\/li>\n<li data-sourcepos=\"23:1-23:75\"><strong>Styl:<\/strong> Wybierz styl, kt\u00f3ry uzupe\u0142nia og\u00f3lny projekt kuchni.<\/li>\n<li data-sourcepos=\"24:1-25:0\"><strong>Instalacja:<\/strong> Zapewnij prawid\u0142ow\u0105 instalacj\u0119, aby zapobiec wyciekom i uszkodzeniom.<\/li>\n<\/ul>\n<p data-sourcepos=\"26:1-26:133\">Starannie rozwa\u017caj\u0105c te czynniki, mo\u017cna wybra\u0107 idealny zlewozmywak nak\u0142adany, kt\u00f3ry zwi\u0119kszy funkcjonalno\u015b\u0107 i styl kuchni.<\/p>","protected":false},"excerpt":{"rendered":"<p>Rozmiar ca\u0142kowity: 750*450*150 mm<\/p>\n<p>Rozmiar wyci\u0119cia: 730*430 mm<\/p>\n<p>Materia\u0142: stal nierdzewna<\/p>","protected":false},"featured_media":2576,"template":"","meta":[],"product_brand":[],"product_cat":[56],"product_tag":[],"class_list":{"0":"post-2574","1":"product","2":"type-product","3":"status-publish","4":"has-post-thumbnail","6":"product_cat-pressing-kitchen-sink","8":"first","9":"instock","10":"shipping-taxable","11":"product-type-simple"},"_links":{"self":[{"href":"https:\/\/sinkwithfaucet.com\/pl\/wp-json\/wp\/v2\/product\/2574","targetHints":{"allow":["GET"]}}],"collection":[{"href":"https:\/\/sinkwithfaucet.com\/pl\/wp-json\/wp\/v2\/product"}],"about":[{"href":"https:\/\/sinkwithfaucet.com\/pl\/wp-json\/wp\/v2\/types\/product"}],"wp:featuredmedia":[{"embeddable":true,"href":"https:\/\/sinkwithfaucet.com\/pl\/wp-json\/wp\/v2\/media\/2576"}],"wp:attachment":[{"href":"https:\/\/sinkwithfaucet.com\/pl\/wp-json\/wp\/v2\/media?parent=2574"}],"wp:term":[{"taxonomy":"product_brand","embeddable":true,"href":"https:\/\/sinkwithfaucet.com\/pl\/wp-json\/wp\/v2\/product_brand?post=2574"},{"taxonomy":"product_cat","embeddable":true,"href":"https:\/\/sinkwithfaucet.com\/pl\/wp-json\/wp\/v2\/product_cat?post=2574"},{"taxonomy":"product_tag","embeddable":true,"href":"https:\/\/sinkwithfaucet.com\/pl\/wp-json\/wp\/v2\/product_tag?post=2574"}],"curies":[{"name":"wp","href":"https:\/\/api.w.org\/{rel}","templated":true}]}}