{"id":2434,"date":"2024-11-04T06:57:38","date_gmt":"2024-11-04T06:57:38","guid":{"rendered":"https:\/\/sinkwithfaucet.com\/?post_type=product&#038;p=2434"},"modified":"2024-11-04T06:57:38","modified_gmt":"2024-11-04T06:57:38","slug":"undermount-sink-3322dsa","status":"publish","type":"product","link":"https:\/\/sinkwithfaucet.com\/pl\/undermount-sink-3322dsa\/","title":{"rendered":"Zlewozmywak podblatowy 3322DSA"},"content":{"rendered":"<h2 data-sourcepos=\"1:1-1:46\">Zlewozmywaki podblatowe: Elegancki i nowoczesny wyb\u00f3r<\/h2>\n<p data-sourcepos=\"3:1-3:210\"><strong>Zlewozmywaki podblatowe<\/strong> s\u0105 popularnym wyborem dla w\u0142a\u015bcicieli dom\u00f3w poszukuj\u0105cych czystego i nowoczesnego wygl\u0105du swojej kuchni. Zlewozmywaki te s\u0105 instalowane pod blatem, tworz\u0105c jednolity i zintegrowany wygl\u0105d.<\/p>\n<p data-sourcepos=\"5:1-5:37\"><strong>Kluczowe cechy:<\/strong><\/p>\n<ul data-sourcepos=\"7:1-11:0\">\n<li data-sourcepos=\"7:1-7:144\"><strong>Elegancka konstrukcja:<\/strong> Monta\u017c podblatowy eliminuje przerwy mi\u0119dzy zlewozmywakiem a blatem, zapewniaj\u0105c minimalistyczn\u0105 i nowoczesn\u0105 estetyk\u0119.<\/li>\n<li data-sourcepos=\"8:1-8:125\"><strong>\u0141atwo\u015b\u0107 czyszczenia:<\/strong> Bezszwowa konstrukcja sprawia, \u017ce czyszczenie jest dziecinnie proste, poniewa\u017c nie ma \u017cadnych szczelin, w kt\u00f3rych m\u00f3g\u0142by gromadzi\u0107 si\u0119 brud i zanieczyszczenia.<\/li>\n<li data-sourcepos=\"9:1-9:140\"><strong>Zwi\u0119kszona przestrze\u0144 na blacie:<\/strong> Konstrukcja podblatowa maksymalizuje przestrze\u0144 na blacie, zapewniaj\u0105c wi\u0119cej miejsca na przygotowywanie posi\u0142k\u00f3w i inne zadania.<\/li>\n<li data-sourcepos=\"10:1-11:0\"><strong>Trwa\u0142o\u015b\u0107:<\/strong> Zlewozmywaki podblatowe s\u0105 zazwyczaj wykonane z trwa\u0142ych materia\u0142\u00f3w, takich jak stal nierdzewna lub kompozyt, zapewniaj\u0105c d\u0142ugotrwa\u0142\u0105 wydajno\u015b\u0107.<\/li>\n<\/ul>\n<p data-sourcepos=\"19:1-19:52\"><strong>Rozwa\u017cania przy wyborze zlewozmywaka podblatowego:<\/strong><\/p>\n<ul data-sourcepos=\"21:1-25:0\">\n<li data-sourcepos=\"21:1-21:69\"><strong>Rozmiar:<\/strong> Upewnij si\u0119, \u017ce zlew ma odpowiedni rozmiar do przestrzeni kuchennej.<\/li>\n<li data-sourcepos=\"22:1-22:98\"><strong>Materia\u0142:<\/strong> Wybierz trwa\u0142y i \u0142atwy w czyszczeniu materia\u0142, taki jak stal nierdzewna lub kompozyt.<\/li>\n<li data-sourcepos=\"23:1-23:112\"><strong>Otwory na kran:<\/strong> Rozwa\u017c liczb\u0119 i rozmieszczenie otwor\u00f3w na baterie, aby dostosowa\u0107 je do \u017c\u0105danej konfiguracji.<\/li>\n<li data-sourcepos=\"24:1-25:0\"><strong>Instalacja:<\/strong> Zlewozmywaki podblatowe wymagaj\u0105 profesjonalnej instalacji, aby zapewni\u0107 prawid\u0142owe i bezpieczne dopasowanie.<\/li>\n<\/ul>\n<p data-sourcepos=\"26:1-26:139\">Starannie rozwa\u017caj\u0105c te czynniki, mo\u017cna wybra\u0107 idealny zlewozmywak podblatowy, kt\u00f3ry podniesie styl i funkcjonalno\u015b\u0107 kuchni.<\/p>","protected":false},"excerpt":{"rendered":"<p>Rozmiar ca\u0142kowity: 33*22*10 cali \/ 838*559*254 mm<\/p>\n<p>Rozmiar miski: 430*452\/330*452 mm<\/p>\n<p>Rozmiar wyci\u0119cia: 839*560 mm<\/p>\n<p>Radian Corner: R10<\/p>","protected":false},"featured_media":2435,"template":"","meta":[],"product_brand":[],"product_cat":[54],"product_tag":[],"class_list":{"0":"post-2434","1":"product","2":"type-product","3":"status-publish","4":"has-post-thumbnail","6":"product_cat-apron-sink-1","8":"first","9":"instock","10":"shipping-taxable","11":"product-type-simple"},"_links":{"self":[{"href":"https:\/\/sinkwithfaucet.com\/pl\/wp-json\/wp\/v2\/product\/2434","targetHints":{"allow":["GET"]}}],"collection":[{"href":"https:\/\/sinkwithfaucet.com\/pl\/wp-json\/wp\/v2\/product"}],"about":[{"href":"https:\/\/sinkwithfaucet.com\/pl\/wp-json\/wp\/v2\/types\/product"}],"wp:featuredmedia":[{"embeddable":true,"href":"https:\/\/sinkwithfaucet.com\/pl\/wp-json\/wp\/v2\/media\/2435"}],"wp:attachment":[{"href":"https:\/\/sinkwithfaucet.com\/pl\/wp-json\/wp\/v2\/media?parent=2434"}],"wp:term":[{"taxonomy":"product_brand","embeddable":true,"href":"https:\/\/sinkwithfaucet.com\/pl\/wp-json\/wp\/v2\/product_brand?post=2434"},{"taxonomy":"product_cat","embeddable":true,"href":"https:\/\/sinkwithfaucet.com\/pl\/wp-json\/wp\/v2\/product_cat?post=2434"},{"taxonomy":"product_tag","embeddable":true,"href":"https:\/\/sinkwithfaucet.com\/pl\/wp-json\/wp\/v2\/product_tag?post=2434"}],"curies":[{"name":"wp","href":"https:\/\/api.w.org\/{rel}","templated":true}]}}