{"id":2429,"date":"2024-11-04T06:26:45","date_gmt":"2024-11-04T06:26:45","guid":{"rendered":"https:\/\/sinkwithfaucet.com\/?post_type=product&#038;p=2429"},"modified":"2024-11-04T06:27:51","modified_gmt":"2024-11-04T06:27:51","slug":"stainless-apron-sink-3322da","status":"publish","type":"product","link":"https:\/\/sinkwithfaucet.com\/pl\/stainless-apron-sink-3322da\/","title":{"rendered":"Nierdzewny zlewozmywak fartuchowy 3322DA"},"content":{"rendered":"<h2><strong><b>Nierdzewne zlewozmywaki fartuchowe: Trwa\u0142y klasyk<\/b><\/strong><\/h2>\n<p>Nierdzewne zlewozmywaki fartuchowe s\u0105 bardzo atrakcyjne dla w\u0142a\u015bcicieli dom\u00f3w poszukuj\u0105cych kuchni, kt\u00f3ra jest zar\u00f3wno stylowa, jak i wysoce funkcjonalna. Te du\u017ce i g\u0142\u0119bokie zlewozmywaki, cz\u0119sto nazywane \"zlewozmywakami domowymi\", posiadaj\u0105 unikalny front fartucha, kt\u00f3ry wystaje poza blat.<\/p>\n<p>&nbsp;<\/p>\n<p><strong>Kluczowe cechy zlewozmywak\u00f3w z fartuchem ze stali nierdzewnej:<\/strong><\/p>\n<ul>\n<li>Pojemna misa: Oferuje du\u017co miejsca do mycia du\u017cych garnk\u00f3w i patelni.<\/li>\n<li>Stylowy wygl\u0105d: Fartuch przedni nadaje kuchni klasyczny i wyrafinowany wygl\u0105d.<\/li>\n<li>Trwa\u0142o\u015b\u0107: Zbudowany z wysokiej jako\u015bci stali nierdzewnej, gwarantuj\u0105cej d\u0142ugotrwa\u0142\u0105 wydajno\u015b\u0107.<\/li>\n<li>\u0141atwo\u015b\u0107 czyszczenia: G\u0142adka powierzchnia jest \u0142atwa w utrzymaniu i dezynfekcji.<\/li>\n<\/ul>\n<p><strong><b>Rozwa\u017cania przy wyborze zlewozmywaka z fartuchem ze stali nierdzewnej:<\/b><\/strong><\/p>\n<ul>\n<li>Rozmiar: Wybierz rozmiar, kt\u00f3ry pasuje do uk\u0142adu kuchni i konkretnych wymaga\u0144.<\/li>\n<li>Konfiguracja miski: W zale\u017cno\u015bci od preferencji mo\u017cna wybra\u0107 konfiguracj\u0119 z pojedyncz\u0105 lub podw\u00f3jn\u0105 misk\u0105.<\/li>\n<li>Grubo\u015b\u0107: Wi\u0119ksza grubo\u015b\u0107 oznacza wi\u0119ksz\u0105 trwa\u0142o\u015b\u0107 zlewozmywaka.<\/li>\n<li>Wyko\u0144czenie: Wybierz wyko\u0144czenie, kt\u00f3re harmonizuje ze stylem Twojej kuchni, takie jak szczotkowana lub polerowana stal nierdzewna.<\/li>\n<\/ul>\n<p><strong><b>Instalacja:<\/b><\/strong><\/p>\n<p>Skrupulatnie rozwa\u017caj\u0105c te czynniki, mo\u017cesz wybra\u0107 idealny zlewozmywak z fartuchem ze stali nierdzewnej, kt\u00f3ry podniesie styl i funkcjonalno\u015b\u0107 Twojej kuchni.<\/p>","protected":false},"excerpt":{"rendered":"<p>Rozmiar ca\u0142kowity: 33*22*10 cali \/ 838*559*254 mm<\/p>\n<p>Rozmiar miski: 788*420\/330*452 mm<\/p>\n<p>Rozmiar wyci\u0119cia: 839*503 mm<\/p>\n<p>Radian Corner: R10<\/p>","protected":false},"featured_media":2430,"template":"","meta":[],"product_brand":[],"product_cat":[54],"product_tag":[],"class_list":{"0":"post-2429","1":"product","2":"type-product","3":"status-publish","4":"has-post-thumbnail","6":"product_cat-apron-sink-1","8":"first","9":"instock","10":"shipping-taxable","11":"product-type-simple"},"_links":{"self":[{"href":"https:\/\/sinkwithfaucet.com\/pl\/wp-json\/wp\/v2\/product\/2429","targetHints":{"allow":["GET"]}}],"collection":[{"href":"https:\/\/sinkwithfaucet.com\/pl\/wp-json\/wp\/v2\/product"}],"about":[{"href":"https:\/\/sinkwithfaucet.com\/pl\/wp-json\/wp\/v2\/types\/product"}],"wp:featuredmedia":[{"embeddable":true,"href":"https:\/\/sinkwithfaucet.com\/pl\/wp-json\/wp\/v2\/media\/2430"}],"wp:attachment":[{"href":"https:\/\/sinkwithfaucet.com\/pl\/wp-json\/wp\/v2\/media?parent=2429"}],"wp:term":[{"taxonomy":"product_brand","embeddable":true,"href":"https:\/\/sinkwithfaucet.com\/pl\/wp-json\/wp\/v2\/product_brand?post=2429"},{"taxonomy":"product_cat","embeddable":true,"href":"https:\/\/sinkwithfaucet.com\/pl\/wp-json\/wp\/v2\/product_cat?post=2429"},{"taxonomy":"product_tag","embeddable":true,"href":"https:\/\/sinkwithfaucet.com\/pl\/wp-json\/wp\/v2\/product_tag?post=2429"}],"curies":[{"name":"wp","href":"https:\/\/api.w.org\/{rel}","templated":true}]}}