{"id":2427,"date":"2024-11-04T06:16:23","date_gmt":"2024-11-04T06:16:23","guid":{"rendered":"https:\/\/sinkwithfaucet.com\/?post_type=product&#038;p=2427"},"modified":"2024-11-04T06:16:23","modified_gmt":"2024-11-04T06:16:23","slug":"stainless-steel-apron-sink-3022sa","status":"publish","type":"product","link":"https:\/\/sinkwithfaucet.com\/pl\/stainless-steel-apron-sink-3022sa\/","title":{"rendered":"Zlewozmywak fartuchowy ze stali nierdzewnej 3022SA"},"content":{"rendered":"<h2 data-sourcepos=\"1:1-1:56\">Zlewozmywaki fartuchowe ze stali nierdzewnej: Ponadczasowa klasyka<\/h2>\n<p data-sourcepos=\"3:1-3:252\">Zlewozmywaki fartuchowe ze stali nierdzewnej s\u0105 popularnym wyborem dla w\u0142a\u015bcicieli dom\u00f3w, kt\u00f3rzy chc\u0105 mie\u0107 stylow\u0105 i funkcjonaln\u0105 kuchni\u0119. Te du\u017ce, g\u0142\u0119bokie zlewozmywaki, cz\u0119sto okre\u015blane jako \"zlewozmywaki gospodarcze\", maj\u0105 charakterystyczny front fartucha, kt\u00f3ry wystaje poza blat.<\/p>\n<p data-sourcepos=\"5:1-5:54\"><strong>Kluczowe cechy zlewozmywak\u00f3w z fartuchem ze stali nierdzewnej:<\/strong><\/p>\n<ul data-sourcepos=\"7:1-11:0\">\n<li data-sourcepos=\"7:1-7:64\"><strong>Pojemna miska:<\/strong> Du\u017co miejsca do mycia du\u017cych garnk\u00f3w i patelni.<\/li>\n<li data-sourcepos=\"8:1-8:86\"><strong>Stylowy wygl\u0105d:<\/strong> Fartuch przedni nadaje kuchni klasyczny i elegancki wygl\u0105d.<\/li>\n<li data-sourcepos=\"9:1-9:92\"><strong>Trwa\u0142o\u015b\u0107:<\/strong> Wykonany z wysokiej jako\u015bci stali nierdzewnej, zapewnia d\u0142ugotrwa\u0142e dzia\u0142anie.<\/li>\n<li data-sourcepos=\"10:1-11:0\"><strong>\u0141atwo\u015b\u0107 czyszczenia:<\/strong> G\u0142adka powierzchnia jest \u0142atwa w utrzymaniu i dezynfekcji.<\/li>\n<\/ul>\n<p data-sourcepos=\"12:1-12:68\"><strong>Rozwa\u017cania przy wyborze zlewozmywaka z fartuchem ze stali nierdzewnej:<\/strong><\/p>\n<ul data-sourcepos=\"14:1-19:0\">\n<li data-sourcepos=\"14:1-14:73\"><strong>Rozmiar:<\/strong> Wybierz rozmiar, kt\u00f3ry pasuje do uk\u0142adu kuchni i Twoich potrzeb.<\/li>\n<li data-sourcepos=\"15:1-15:97\"><strong>Konfiguracja miski:<\/strong> Wybierz konfiguracj\u0119 z pojedyncz\u0105 lub podw\u00f3jn\u0105 misk\u0105 w zale\u017cno\u015bci od preferencji.<\/li>\n<li data-sourcepos=\"16:1-16:59\"><strong>Wska\u017anik:<\/strong> Wi\u0119ksza grubo\u015b\u0107 oznacza wi\u0119ksz\u0105 trwa\u0142o\u015b\u0107 zlewozmywaka.<\/li>\n<li data-sourcepos=\"17:1-17:113\"><strong>Wyko\u0144czenie:<\/strong> Wybierz wyko\u0144czenie pasuj\u0105ce do stylu Twojej kuchni, takie jak szczotkowana lub polerowana stal nierdzewna.<\/li>\n<li data-sourcepos=\"18:1-19:0\"><strong>Instalacja:<\/strong> Rozwa\u017c monta\u017c podtynkowy lub natynkowy.<\/li>\n<\/ul>\n<p data-sourcepos=\"20:1-20:150\">Starannie rozwa\u017caj\u0105c te czynniki, mo\u017cna wybra\u0107 idealny zlewozmywak ze stali nierdzewnej z fartuchem przednim, kt\u00f3ry poprawi styl i funkcjonalno\u015b\u0107 kuchni.<\/p>","protected":false},"excerpt":{"rendered":"<p>Rozmiar ca\u0142kowity: 30*22*10 cali \/ 762*559*254 mm<\/p>\n<p>Rozmiar miski: 712*451 mm<\/p>\n<p>Rozmiar wyci\u0119cia: 763*503 mm<\/p>\n<p>Radian Corner: R10<\/p>","protected":false},"featured_media":2428,"template":"","meta":[],"product_brand":[],"product_cat":[54],"product_tag":[],"class_list":{"0":"post-2427","1":"product","2":"type-product","3":"status-publish","4":"has-post-thumbnail","6":"product_cat-apron-sink-1","8":"first","9":"instock","10":"shipping-taxable","11":"product-type-simple"},"_links":{"self":[{"href":"https:\/\/sinkwithfaucet.com\/pl\/wp-json\/wp\/v2\/product\/2427","targetHints":{"allow":["GET"]}}],"collection":[{"href":"https:\/\/sinkwithfaucet.com\/pl\/wp-json\/wp\/v2\/product"}],"about":[{"href":"https:\/\/sinkwithfaucet.com\/pl\/wp-json\/wp\/v2\/types\/product"}],"wp:featuredmedia":[{"embeddable":true,"href":"https:\/\/sinkwithfaucet.com\/pl\/wp-json\/wp\/v2\/media\/2428"}],"wp:attachment":[{"href":"https:\/\/sinkwithfaucet.com\/pl\/wp-json\/wp\/v2\/media?parent=2427"}],"wp:term":[{"taxonomy":"product_brand","embeddable":true,"href":"https:\/\/sinkwithfaucet.com\/pl\/wp-json\/wp\/v2\/product_brand?post=2427"},{"taxonomy":"product_cat","embeddable":true,"href":"https:\/\/sinkwithfaucet.com\/pl\/wp-json\/wp\/v2\/product_cat?post=2427"},{"taxonomy":"product_tag","embeddable":true,"href":"https:\/\/sinkwithfaucet.com\/pl\/wp-json\/wp\/v2\/product_tag?post=2427"}],"curies":[{"name":"wp","href":"https:\/\/api.w.org\/{rel}","templated":true}]}}