{"id":2425,"date":"2024-11-04T06:09:13","date_gmt":"2024-11-04T06:09:13","guid":{"rendered":"https:\/\/sinkwithfaucet.com\/?post_type=product&#038;p=2425"},"modified":"2024-11-04T06:09:28","modified_gmt":"2024-11-04T06:09:28","slug":"matte-black-kitchen-sink-9246","status":"publish","type":"product","link":"https:\/\/sinkwithfaucet.com\/pl\/matte-black-kitchen-sink-9246\/","title":{"rendered":"Matowy czarny zlewozmywak kuchenny 9246"},"content":{"rendered":"<h2 data-sourcepos=\"1:1-1:55\">Matowe czarne zlewozmywaki kuchenne: Nowoczesny i elegancki wyb\u00f3r<\/h2>\n<p data-sourcepos=\"3:1-3:165\">Matowe czarne zlewozmywaki kuchenne staj\u0105 si\u0119 coraz bardziej popularne ze wzgl\u0119du na ich stylowy i nowoczesny wygl\u0105d. Mog\u0105 one doda\u0107 odrobin\u0119 wyrafinowania do ka\u017cdego projektu kuchni.<\/p>\n<p data-sourcepos=\"5:1-5:46\"><strong>Kluczowe cechy:<\/strong><\/p>\n<ul data-sourcepos=\"7:1-11:0\">\n<li data-sourcepos=\"7:1-7:100\"><strong>Elegancka i nowoczesna estetyka:<\/strong> Matowe czarne wyko\u0144czenie tworzy nowoczesny i minimalistyczny wygl\u0105d.<\/li>\n<li data-sourcepos=\"8:1-8:107\"><strong>Odporny na odciski palc\u00f3w:<\/strong> Matowe wyko\u0144czenie pomaga zminimalizowa\u0107 widoczno\u015b\u0107 odcisk\u00f3w palc\u00f3w i smug.<\/li>\n<li data-sourcepos=\"9:1-9:99\"><strong>Trwa\u0142a i d\u0142ugowieczna:<\/strong> Wykonane z wysokiej jako\u015bci materia\u0142\u00f3w, takich jak stal nierdzewna lub kompozyt.<\/li>\n<li data-sourcepos=\"10:1-11:0\"><strong>Wszechstronno\u015b\u0107:<\/strong> Dost\u0119pne w r\u00f3\u017cnych stylach, w tym podblatowym, nablatowym i gospodarczym.<\/li>\n<\/ul>\n<p data-sourcepos=\"12:1-12:60\"><strong>Rozwa\u017cania przy wyborze matowego czarnego zlewu kuchennego:<\/strong><\/p>\n<ul data-sourcepos=\"14:1-19:0\">\n<li data-sourcepos=\"14:1-14:76\"><strong>Materia\u0142:<\/strong> Wybierz trwa\u0142y materia\u0142, taki jak stal nierdzewna lub kompozyt.<\/li>\n<li data-sourcepos=\"15:1-15:78\"><strong>Wyko\u0144czenie:<\/strong> Upewnij si\u0119, \u017ce czarne matowe wyko\u0144czenie jest sp\u00f3jne i wysokiej jako\u015bci.<\/li>\n<li data-sourcepos=\"16:1-16:86\"><strong>Rozmiar i kszta\u0142t:<\/strong> Wybierz rozmiar i kszta\u0142t, kt\u00f3ry pasuje do uk\u0142adu i potrzeb Twojej kuchni.<\/li>\n<li data-sourcepos=\"17:1-17:91\"><strong>Instalacja:<\/strong> We\u017a pod uwag\u0119 metod\u0119 instalacji, niezale\u017cnie od tego, czy jest to monta\u017c podtynkowy czy g\u00f3rny.<\/li>\n<li data-sourcepos=\"18:1-19:0\"><strong>Konserwacja:<\/strong> Matowe czarne zlewozmywaki s\u0105 trwa\u0142e, ale ich regularne czyszczenie jest niezb\u0119dne do utrzymania ich wygl\u0105du.<\/li>\n<\/ul>\n<p data-sourcepos=\"20:1-20:143\">Starannie rozwa\u017caj\u0105c te czynniki, mo\u017cesz wybra\u0107 idealny matowy czarny zlewozmywak kuchenny, kt\u00f3ry podniesie styl i funkcjonalno\u015b\u0107 Twojej kuchni.<\/p>","protected":false},"excerpt":{"rendered":"<p>Rozmiar ca\u0142kowity: 9200*460*230 mm<\/p>\n<p>Rozmiar miski: 700*363 mm<\/p>\n<p>Rozmiar wyci\u0119cia: 896*436 mm<\/p>\n<p>Radian Corner: R10<\/p>","protected":false},"featured_media":2426,"template":"","meta":[],"product_brand":[],"product_cat":[53],"product_tag":[],"class_list":{"0":"post-2425","1":"product","2":"type-product","3":"status-publish","4":"has-post-thumbnail","6":"product_cat-topmount-sink-1","8":"first","9":"instock","10":"shipping-taxable","11":"product-type-simple"},"_links":{"self":[{"href":"https:\/\/sinkwithfaucet.com\/pl\/wp-json\/wp\/v2\/product\/2425","targetHints":{"allow":["GET"]}}],"collection":[{"href":"https:\/\/sinkwithfaucet.com\/pl\/wp-json\/wp\/v2\/product"}],"about":[{"href":"https:\/\/sinkwithfaucet.com\/pl\/wp-json\/wp\/v2\/types\/product"}],"wp:featuredmedia":[{"embeddable":true,"href":"https:\/\/sinkwithfaucet.com\/pl\/wp-json\/wp\/v2\/media\/2426"}],"wp:attachment":[{"href":"https:\/\/sinkwithfaucet.com\/pl\/wp-json\/wp\/v2\/media?parent=2425"}],"wp:term":[{"taxonomy":"product_brand","embeddable":true,"href":"https:\/\/sinkwithfaucet.com\/pl\/wp-json\/wp\/v2\/product_brand?post=2425"},{"taxonomy":"product_cat","embeddable":true,"href":"https:\/\/sinkwithfaucet.com\/pl\/wp-json\/wp\/v2\/product_cat?post=2425"},{"taxonomy":"product_tag","embeddable":true,"href":"https:\/\/sinkwithfaucet.com\/pl\/wp-json\/wp\/v2\/product_tag?post=2425"}],"curies":[{"name":"wp","href":"https:\/\/api.w.org\/{rel}","templated":true}]}}