{"id":2423,"date":"2024-11-04T06:01:20","date_gmt":"2024-11-04T06:01:20","guid":{"rendered":"https:\/\/sinkwithfaucet.com\/?post_type=product&#038;p=2423"},"modified":"2024-11-04T06:01:20","modified_gmt":"2024-11-04T06:01:20","slug":"flush-mount-sink-7948","status":"publish","type":"product","link":"https:\/\/sinkwithfaucet.com\/pl\/flush-mount-sink-7948\/","title":{"rendered":"Zlewozmywak podtynkowy 7948"},"content":{"rendered":"<h2 data-sourcepos=\"1:1-1:50\">Zlewozmywaki podtynkowe: Nowoczesny i higieniczny wyb\u00f3r<\/h2>\n<p data-sourcepos=\"3:1-3:186\">Zlewozmywaki podtynkowe to nowoczesna i stylowa opcja do kuchni. S\u0105 one instalowane w taki spos\u00f3b, \u017ce kraw\u0119d\u017a zlewu jest zlicowana z blatem, tworz\u0105c jednolit\u0105 i higieniczn\u0105 powierzchni\u0119.<\/p>\n<p data-sourcepos=\"5:1-5:38\"><strong>Kluczowe cechy:<\/strong><\/p>\n<ul data-sourcepos=\"7:1-11:0\">\n<li data-sourcepos=\"7:1-7:81\"><strong>Elegancka konstrukcja:<\/strong> Podtynkowa konstrukcja zapewnia czysty i minimalistyczny wygl\u0105d.<\/li>\n<li data-sourcepos=\"8:1-8:127\"><strong>\u0141atwo\u015b\u0107 czyszczenia:<\/strong> P\u0142ynna integracja z blatem zapobiega gromadzeniu si\u0119 zanieczyszcze\u0144, u\u0142atwiaj\u0105c czyszczenie.<\/li>\n<li data-sourcepos=\"9:1-9:72\"><strong>Higiena:<\/strong> Brak szczelin zmniejsza ryzyko rozwoju bakterii.<\/li>\n<li data-sourcepos=\"10:1-11:0\"><strong>Nowoczesna estetyka:<\/strong> Uzupe\u0142nia nowoczesne projekty kuchni.<\/li>\n<\/ul>\n<p data-sourcepos=\"12:1-12:52\"><strong>Rozwa\u017cania przy wyborze zlewozmywaka podtynkowego:<\/strong><\/p>\n<ul data-sourcepos=\"14:1-18:0\">\n<li data-sourcepos=\"14:1-14:76\"><strong>Materia\u0142:<\/strong> Wybierz trwa\u0142y materia\u0142, taki jak stal nierdzewna lub kompozyt.<\/li>\n<li data-sourcepos=\"15:1-15:86\"><strong>Rozmiar i kszta\u0142t:<\/strong> Wybierz rozmiar i kszta\u0142t, kt\u00f3ry pasuje do uk\u0142adu i potrzeb Twojej kuchni.<\/li>\n<li data-sourcepos=\"16:1-16:93\"><strong>Instalacja:<\/strong> Zalecany jest profesjonalny monta\u017c w celu zapewnienia w\u0142a\u015bciwego dopasowania i uszczelnienia.<\/li>\n<li data-sourcepos=\"17:1-18:0\"><strong>Materia\u0142 blatu:<\/strong> Materia\u0142 blatu powinien by\u0107 kompatybilny z metod\u0105 instalacji zlewozmywaka podtynkowego.<\/li>\n<\/ul>\n<p data-sourcepos=\"19:1-19:135\">Starannie rozwa\u017caj\u0105c te czynniki, mo\u017cna wybra\u0107 idealny zlewozmywak podtynkowy, kt\u00f3ry podniesie styl i funkcjonalno\u015b\u0107 kuchni.<\/p>","protected":false},"excerpt":{"rendered":"<p>Rozmiar ca\u0142kowity: 787*480*230 mm<\/p>\n<p>Rozmiar miski: 736*362 mm<\/p>\n<p>Rozmiar wyci\u0119cia: 763*456 mm<\/p>\n<p>Radian Corner: R10<\/p>","protected":false},"featured_media":2424,"template":"","meta":[],"product_brand":[],"product_cat":[53],"product_tag":[],"class_list":{"0":"post-2423","1":"product","2":"type-product","3":"status-publish","4":"has-post-thumbnail","6":"product_cat-topmount-sink-1","8":"first","9":"instock","10":"shipping-taxable","11":"product-type-simple"},"_links":{"self":[{"href":"https:\/\/sinkwithfaucet.com\/pl\/wp-json\/wp\/v2\/product\/2423","targetHints":{"allow":["GET"]}}],"collection":[{"href":"https:\/\/sinkwithfaucet.com\/pl\/wp-json\/wp\/v2\/product"}],"about":[{"href":"https:\/\/sinkwithfaucet.com\/pl\/wp-json\/wp\/v2\/types\/product"}],"wp:featuredmedia":[{"embeddable":true,"href":"https:\/\/sinkwithfaucet.com\/pl\/wp-json\/wp\/v2\/media\/2424"}],"wp:attachment":[{"href":"https:\/\/sinkwithfaucet.com\/pl\/wp-json\/wp\/v2\/media?parent=2423"}],"wp:term":[{"taxonomy":"product_brand","embeddable":true,"href":"https:\/\/sinkwithfaucet.com\/pl\/wp-json\/wp\/v2\/product_brand?post=2423"},{"taxonomy":"product_cat","embeddable":true,"href":"https:\/\/sinkwithfaucet.com\/pl\/wp-json\/wp\/v2\/product_cat?post=2423"},{"taxonomy":"product_tag","embeddable":true,"href":"https:\/\/sinkwithfaucet.com\/pl\/wp-json\/wp\/v2\/product_tag?post=2423"}],"curies":[{"name":"wp","href":"https:\/\/api.w.org\/{rel}","templated":true}]}}