{"id":2418,"date":"2024-11-04T03:36:44","date_gmt":"2024-11-04T03:36:44","guid":{"rendered":"https:\/\/sinkwithfaucet.com\/?post_type=product&#038;p=2418"},"modified":"2024-11-04T03:36:44","modified_gmt":"2024-11-04T03:36:44","slug":"black-kitchen-sink-7647b","status":"publish","type":"product","link":"https:\/\/sinkwithfaucet.com\/pl\/black-kitchen-sink-7647b\/","title":{"rendered":"Czarny zlewozmywak kuchenny 7647B"},"content":{"rendered":"<h2 data-sourcepos=\"1:1-1:215\">Czarne zlewozmywaki kuchenne:<\/h2>\n<p data-sourcepos=\"1:1-1:215\">Czarne zlewozmywaki kuchenne sta\u0142y si\u0119 coraz bardziej popularne w ostatnich latach, oferuj\u0105c nowoczesny i wyrafinowany wygl\u0105d, kt\u00f3ry mo\u017ce podnie\u015b\u0107 ka\u017cdy projekt kuchni. S\u0105 one dost\u0119pne w r\u00f3\u017cnych materia\u0142ach i stylach.<\/p>\n<ul data-sourcepos=\"5:1-8:0\">\n<li data-sourcepos=\"5:1-5:89\"><strong>Elegancki i nowoczesny:<\/strong> Ciemne, matowe wyko\u0144czenie nadaje kuchni nowoczesnego charakteru.<\/li>\n<li data-sourcepos=\"6:1-6:84\"><strong>Trwa\u0142e i higieniczne:<\/strong> Stal nierdzewna jest materia\u0142em trwa\u0142ym i \u0142atwym do czyszczenia.<\/li>\n<li data-sourcepos=\"7:1-8:0\"><strong>Odporny na odciski palc\u00f3w:<\/strong> Specjalne pow\u0142oki pomagaj\u0105 zminimalizowa\u0107 odciski palc\u00f3w i smugi.<\/li>\n<\/ul>\n<p data-sourcepos=\"21:1-21:71\"><strong>Wybieraj\u0105c czarny zlew kuchenny, nale\u017cy wzi\u0105\u0107 pod uwag\u0119 nast\u0119puj\u0105ce czynniki:<\/strong><\/p>\n<ul data-sourcepos=\"23:1-28:0\">\n<li data-sourcepos=\"23:1-23:67\"><strong>Materia\u0142:<\/strong> Wybierz materia\u0142, kt\u00f3ry pasuje do Twojego stylu i bud\u017cetu.<\/li>\n<li data-sourcepos=\"24:1-24:76\"><strong>Rozmiar i kszta\u0142t:<\/strong> Wybierz rozmiar i kszta\u0142t pasuj\u0105cy do uk\u0142adu kuchni.<\/li>\n<li data-sourcepos=\"25:1-25:72\"><strong>Instalacja:<\/strong> Zdecyduj si\u0119 na monta\u017c podtynkowy lub natynkowy.<\/li>\n<li data-sourcepos=\"26:1-26:74\"><strong>Wyko\u0144czenie:<\/strong> We\u017a pod uwag\u0119 konkretny odcie\u0144 czerni i poziom po\u0142ysku.<\/li>\n<li data-sourcepos=\"27:1-28:0\"><strong>Konserwacja:<\/strong> Post\u0119puj zgodnie z instrukcjami producenta dotycz\u0105cymi piel\u0119gnacji, aby zlew wygl\u0105da\u0142 jak najlepiej.<\/li>\n<\/ul>\n<p data-sourcepos=\"29:1-29:142\">Starannie rozwa\u017caj\u0105c te czynniki, mo\u017cesz wybra\u0107 idealny czarny zlewozmywak, kt\u00f3ry podkre\u015bli styl i funkcjonalno\u015b\u0107 Twojej kuchni.<\/p>","protected":false},"excerpt":{"rendered":"<p>Rozmiar ca\u0142kowity: 760*470*230 mm<\/p>\n<p>Rozmiar miski: 720*363 mm<\/p>\n<p>Rozmiar wyci\u0119cia: 736*446 mm<\/p>\n<p>Radian Corner: R10<\/p>","protected":false},"featured_media":2419,"template":"","meta":[],"product_brand":[],"product_cat":[53],"product_tag":[],"class_list":{"0":"post-2418","1":"product","2":"type-product","3":"status-publish","4":"has-post-thumbnail","6":"product_cat-topmount-sink-1","8":"first","9":"instock","10":"shipping-taxable","11":"product-type-simple"},"_links":{"self":[{"href":"https:\/\/sinkwithfaucet.com\/pl\/wp-json\/wp\/v2\/product\/2418","targetHints":{"allow":["GET"]}}],"collection":[{"href":"https:\/\/sinkwithfaucet.com\/pl\/wp-json\/wp\/v2\/product"}],"about":[{"href":"https:\/\/sinkwithfaucet.com\/pl\/wp-json\/wp\/v2\/types\/product"}],"wp:featuredmedia":[{"embeddable":true,"href":"https:\/\/sinkwithfaucet.com\/pl\/wp-json\/wp\/v2\/media\/2419"}],"wp:attachment":[{"href":"https:\/\/sinkwithfaucet.com\/pl\/wp-json\/wp\/v2\/media?parent=2418"}],"wp:term":[{"taxonomy":"product_brand","embeddable":true,"href":"https:\/\/sinkwithfaucet.com\/pl\/wp-json\/wp\/v2\/product_brand?post=2418"},{"taxonomy":"product_cat","embeddable":true,"href":"https:\/\/sinkwithfaucet.com\/pl\/wp-json\/wp\/v2\/product_cat?post=2418"},{"taxonomy":"product_tag","embeddable":true,"href":"https:\/\/sinkwithfaucet.com\/pl\/wp-json\/wp\/v2\/product_tag?post=2418"}],"curies":[{"name":"wp","href":"https:\/\/api.w.org\/{rel}","templated":true}]}}