{"id":2405,"date":"2024-11-04T02:44:36","date_gmt":"2024-11-04T02:44:36","guid":{"rendered":"https:\/\/sinkwithfaucet.com\/?post_type=product&#038;p=2405"},"modified":"2024-11-04T02:45:56","modified_gmt":"2024-11-04T02:45:56","slug":"above-counter-sink-8151sdo","status":"publish","type":"product","link":"https:\/\/sinkwithfaucet.com\/pl\/above-counter-sink-8151sdo\/","title":{"rendered":"Zlewozmywak nadblatowy 8151SDO"},"content":{"rendered":"<h2 data-sourcepos=\"1:1-1:51\">Zlewozmywaki nad blatem: Stylowy i nowoczesny wyb\u00f3r<\/h2>\n<p data-sourcepos=\"3:1-3:194\"><strong>Zlewozmywaki nadblatowe<\/strong>, znane r\u00f3wnie\u017c jako zlewozmywaki naczynkowe, s\u0105 popularnym wyborem zar\u00f3wno do projektowania \u0142azienek, jak i kuchni. Znajduj\u0105 si\u0119 one na g\u00f3rze blatu, tworz\u0105c unikalny i przyci\u0105gaj\u0105cy wzrok punkt centralny.<\/p>\n<p data-sourcepos=\"5:1-5:40\"><strong>Kluczowe cechy zlewozmywak\u00f3w nablatowych:<\/strong><\/p>\n<ul data-sourcepos=\"7:1-11:0\">\n<li data-sourcepos=\"7:1-7:88\"><strong>Stylowy wygl\u0105d:<\/strong> Dost\u0119pne w szerokiej gamie styl\u00f3w, od klasycznych po wsp\u00f3\u0142czesne.<\/li>\n<li data-sourcepos=\"8:1-8:78\"><strong>\u0141atwa instalacja:<\/strong> \u0141atwa instalacja na istniej\u0105cym blacie.<\/li>\n<li data-sourcepos=\"9:1-9:72\"><strong>R\u00f3\u017cnorodno\u015b\u0107 materia\u0142\u00f3w:<\/strong> Wybierz spo\u015br\u00f3d ceramiki, szk\u0142a, kamienia lub metalu.<\/li>\n<li data-sourcepos=\"10:1-11:0\"><strong>Personalizacja:<\/strong> Mo\u017cliwo\u015b\u0107 dostosowania do konkretnych potrzeb i preferencji.<\/li>\n<\/ul>\n<p data-sourcepos=\"12:1-12:55\"><strong>Rozwa\u017cania przy wyborze zlewozmywaka nadblatowego:<\/strong><\/p>\n<ul data-sourcepos=\"14:1-18:0\">\n<li data-sourcepos=\"14:1-14:144\"><strong>Rozmiar i kszta\u0142t:<\/strong> Rozwa\u017c rozmiar i kszta\u0142t zlewu, aby upewni\u0107 si\u0119, \u017ce pasuje do blatu i uzupe\u0142nia projekt \u0142azienki lub kuchni.<\/li>\n<li data-sourcepos=\"15:1-15:82\"><strong>Materia\u0142:<\/strong> Wybierz trwa\u0142y i \u0142atwy w czyszczeniu materia\u0142, kt\u00f3ry pasuje do Twojego stylu.<\/li>\n<li data-sourcepos=\"16:1-16:87\"><strong>Kran:<\/strong> Wybierz bateri\u0119, kt\u00f3ra jest kompatybilna z wysoko\u015bci\u0105 i stylem zlewu.<\/li>\n<li data-sourcepos=\"17:1-18:0\"><strong>Instalacja:<\/strong> Zapewnij prawid\u0142ow\u0105 instalacj\u0119, aby zapobiec uszkodzeniom spowodowanym przez wod\u0119 i zapewni\u0107 optymaln\u0105 funkcjonalno\u015b\u0107.<\/li>\n<\/ul>\n<p data-sourcepos=\"19:1-19:143\"><strong>Starannie rozwa\u017caj\u0105c te czynniki, mo\u017cesz wybra\u0107 idealny zlewozmywak nadblatowy, kt\u00f3ry podniesie styl i funkcjonalno\u015b\u0107 Twojej przestrzeni.<\/strong><\/p>","protected":false},"excerpt":{"rendered":"<p>Rozmiar ca\u0142kowity: 810*510*220 mm<\/p>\n<p>Rozmiar miski: 400*400 mm<\/p>\n<p>Rozmiar wyci\u0119cia: 785*485 mm<\/p>\n<p>Radian Corner: R10<\/p>","protected":false},"featured_media":2406,"template":"","meta":[],"product_brand":[],"product_cat":[53],"product_tag":[],"class_list":{"0":"post-2405","1":"product","2":"type-product","3":"status-publish","4":"has-post-thumbnail","6":"product_cat-topmount-sink-1","8":"first","9":"instock","10":"shipping-taxable","11":"product-type-simple"},"_links":{"self":[{"href":"https:\/\/sinkwithfaucet.com\/pl\/wp-json\/wp\/v2\/product\/2405","targetHints":{"allow":["GET"]}}],"collection":[{"href":"https:\/\/sinkwithfaucet.com\/pl\/wp-json\/wp\/v2\/product"}],"about":[{"href":"https:\/\/sinkwithfaucet.com\/pl\/wp-json\/wp\/v2\/types\/product"}],"wp:featuredmedia":[{"embeddable":true,"href":"https:\/\/sinkwithfaucet.com\/pl\/wp-json\/wp\/v2\/media\/2406"}],"wp:attachment":[{"href":"https:\/\/sinkwithfaucet.com\/pl\/wp-json\/wp\/v2\/media?parent=2405"}],"wp:term":[{"taxonomy":"product_brand","embeddable":true,"href":"https:\/\/sinkwithfaucet.com\/pl\/wp-json\/wp\/v2\/product_brand?post=2405"},{"taxonomy":"product_cat","embeddable":true,"href":"https:\/\/sinkwithfaucet.com\/pl\/wp-json\/wp\/v2\/product_cat?post=2405"},{"taxonomy":"product_tag","embeddable":true,"href":"https:\/\/sinkwithfaucet.com\/pl\/wp-json\/wp\/v2\/product_tag?post=2405"}],"curies":[{"name":"wp","href":"https:\/\/api.w.org\/{rel}","templated":true}]}}