{"id":2403,"date":"2024-11-04T02:39:18","date_gmt":"2024-11-04T02:39:18","guid":{"rendered":"https:\/\/sinkwithfaucet.com\/?post_type=product&#038;p=2403"},"modified":"2024-11-04T02:39:18","modified_gmt":"2024-11-04T02:39:18","slug":"black-stainless-steel-kitchen-sink-7843","status":"publish","type":"product","link":"https:\/\/sinkwithfaucet.com\/pl\/black-stainless-steel-kitchen-sink-7843\/","title":{"rendered":"Czarny zlewozmywak ze stali nierdzewnej 7843"},"content":{"rendered":"<h2 data-sourcepos=\"1:1-1:57\">Czarne zlewozmywaki ze stali nierdzewnej: Nowoczesny i elegancki wyb\u00f3r<\/h2>\n<p data-sourcepos=\"3:1-3:231\">Czarne zlewozmywaki ze stali nierdzewnej staj\u0105 si\u0119 coraz bardziej popularne w ostatnich latach, oferuj\u0105c stylow\u0105 i nowoczesn\u0105 alternatyw\u0119 dla tradycyjnej stali nierdzewnej. To unikalne wyko\u0144czenie dodaje odrobin\u0119 wyrafinowania i elegancji do ka\u017cdej kuchni.<\/p>\n<p data-sourcepos=\"5:1-5:48\"><strong>Kluczowe cechy czarnych zlewozmywak\u00f3w ze stali nierdzewnej:<\/strong><\/p>\n<ul data-sourcepos=\"7:1-11:0\">\n<li data-sourcepos=\"7:1-7:93\"><strong>Nowoczesna estetyka:<\/strong> Ciemne, eleganckie wyko\u0144czenie tworzy nowoczesny i wyrafinowany wygl\u0105d.<\/li>\n<li data-sourcepos=\"8:1-8:92\"><strong>Trwa\u0142o\u015b\u0107:<\/strong> Wykonany z wysokiej jako\u015bci stali nierdzewnej, zapewnia d\u0142ugotrwa\u0142e dzia\u0142anie.<\/li>\n<li data-sourcepos=\"9:1-9:113\"><strong>Odporno\u015b\u0107 na odciski palc\u00f3w:<\/strong> Specjalne pow\u0142oki pomagaj\u0105 zminimalizowa\u0107 odciski palc\u00f3w i smugi, u\u0142atwiaj\u0105c czyszczenie.<\/li>\n<li data-sourcepos=\"10:1-11:0\"><strong>R\u00f3\u017cnorodno\u015b\u0107 styl\u00f3w:<\/strong> Dost\u0119pne w r\u00f3\u017cnych stylach, w tym zlewozmywaki podblatowe, nablatowe i gospodarcze.<\/li>\n<\/ul>\n<p data-sourcepos=\"12:1-12:62\"><strong>Rozwa\u017cania przy wyborze czarnego zlewu ze stali nierdzewnej:<\/strong><\/p>\n<ul data-sourcepos=\"14:1-18:0\">\n<li data-sourcepos=\"14:1-14:120\"><strong>Wyko\u0144czenie:<\/strong> Wybierz wyko\u0144czenie pasuj\u0105ce do og\u00f3lnego stylu kuchni, takie jak matowa czer\u0144 lub szczotkowana czarna stal.<\/li>\n<li data-sourcepos=\"15:1-15:75\"><strong>Rozmiar:<\/strong> Wybierz rozmiar, kt\u00f3ry odpowiada Twoim konkretnym potrzebom i uk\u0142adowi kuchni.<\/li>\n<li data-sourcepos=\"16:1-16:91\"><strong>Instalacja:<\/strong> We\u017a pod uwag\u0119 metod\u0119 instalacji, niezale\u017cnie od tego, czy jest to monta\u017c podtynkowy czy g\u00f3rny.<\/li>\n<li data-sourcepos=\"17:1-18:0\"><strong>Konserwacja:<\/strong> Chocia\u017c czarna stal nierdzewna jest trwa\u0142a, regularne czyszczenie jest niezb\u0119dne do utrzymania jej wygl\u0105du.<\/li>\n<\/ul>\n<p data-sourcepos=\"19:1-19:149\">Starannie rozwa\u017caj\u0105c te czynniki, mo\u017cesz wybra\u0107 idealny czarny zlewozmywak ze stali nierdzewnej, kt\u00f3ry podniesie styl i funkcjonalno\u015b\u0107 Twojej kuchni.<\/p>","protected":false},"excerpt":{"rendered":"<p>Rozmiar ca\u0142kowity: 780*430*220 mm<\/p>\n<p>Rozmiar miski: 740*381 mm<\/p>\n<p>Rozmiar wyci\u0119cia: 740*381 mm<\/p>\n<p>Radian Corner: R10<\/p>","protected":false},"featured_media":2404,"template":"","meta":[],"product_brand":[],"product_cat":[52],"product_tag":[],"class_list":{"0":"post-2403","1":"product","2":"type-product","3":"status-publish","4":"has-post-thumbnail","6":"product_cat-undermount-sink-1","8":"first","9":"instock","10":"shipping-taxable","11":"product-type-simple"},"_links":{"self":[{"href":"https:\/\/sinkwithfaucet.com\/pl\/wp-json\/wp\/v2\/product\/2403","targetHints":{"allow":["GET"]}}],"collection":[{"href":"https:\/\/sinkwithfaucet.com\/pl\/wp-json\/wp\/v2\/product"}],"about":[{"href":"https:\/\/sinkwithfaucet.com\/pl\/wp-json\/wp\/v2\/types\/product"}],"wp:featuredmedia":[{"embeddable":true,"href":"https:\/\/sinkwithfaucet.com\/pl\/wp-json\/wp\/v2\/media\/2404"}],"wp:attachment":[{"href":"https:\/\/sinkwithfaucet.com\/pl\/wp-json\/wp\/v2\/media?parent=2403"}],"wp:term":[{"taxonomy":"product_brand","embeddable":true,"href":"https:\/\/sinkwithfaucet.com\/pl\/wp-json\/wp\/v2\/product_brand?post=2403"},{"taxonomy":"product_cat","embeddable":true,"href":"https:\/\/sinkwithfaucet.com\/pl\/wp-json\/wp\/v2\/product_cat?post=2403"},{"taxonomy":"product_tag","embeddable":true,"href":"https:\/\/sinkwithfaucet.com\/pl\/wp-json\/wp\/v2\/product_tag?post=2403"}],"curies":[{"name":"wp","href":"https:\/\/api.w.org\/{rel}","templated":true}]}}