{"id":2401,"date":"2024-11-04T02:18:10","date_gmt":"2024-11-04T02:18:10","guid":{"rendered":"https:\/\/sinkwithfaucet.com\/?post_type=product&#038;p=2401"},"modified":"2024-11-04T02:18:10","modified_gmt":"2024-11-04T02:18:10","slug":"flat-sink-8348dr","status":"publish","type":"product","link":"https:\/\/sinkwithfaucet.com\/pl\/flat-sink-8348dr\/","title":{"rendered":"Zlewozmywak p\u0142aski 8348DR"},"content":{"rendered":"<h2 data-sourcepos=\"1:1-1:45\">P\u0142askie zlewozmywaki: Minimalistyczny i nowoczesny wyb\u00f3r<\/h2>\n<p data-sourcepos=\"3:1-3:191\">P\u0142askie zlewozmywaki to minimalistyczny i nowoczesny wyb\u00f3r do kuchni i \u0142azienek. Charakteryzuj\u0105 si\u0119 p\u0142ask\u0105, pozbawion\u0105 przeszk\u00f3d umywalk\u0105, cz\u0119sto wykonan\u0105 z materia\u0142\u00f3w takich jak stal nierdzewna lub ceramika.<\/p>\n<p data-sourcepos=\"5:1-5:31\"><strong>Kluczowe cechy:<\/strong><\/p>\n<ul data-sourcepos=\"7:1-11:0\">\n<li data-sourcepos=\"7:1-7:83\"><strong>Minimalistyczna estetyka:<\/strong> Czysta, p\u0142aska konstrukcja tworzy elegancki i nowoczesny wygl\u0105d.<\/li>\n<li data-sourcepos=\"8:1-8:96\"><strong>\u0141atwo\u015b\u0107 czyszczenia:<\/strong> G\u0142adka powierzchnia jest \u0142atwa do czyszczenia, co ogranicza gromadzenie si\u0119 bakterii.<\/li>\n<li data-sourcepos=\"9:1-9:61\"><strong>Oszcz\u0119dno\u015b\u0107 miejsca:<\/strong> Kompaktowa konstrukcja pozwala zoptymalizowa\u0107 ma\u0142e przestrzenie.<\/li>\n<li data-sourcepos=\"10:1-11:0\"><strong>Wyj\u0105tkowy styl:<\/strong> Dodaje charakterystycznego akcentu do \u0142azienki lub kuchni.<\/li>\n<\/ul>\n<p data-sourcepos=\"12:1-12:45\"><strong>Rozwa\u017cania przy wyborze p\u0142askiego zlewu:<\/strong><\/p>\n<ul data-sourcepos=\"14:1-18:0\">\n<li data-sourcepos=\"14:1-14:79\"><strong>Drena\u017c:<\/strong> Upewnij si\u0119, \u017ce zlew ma odpowiedni odp\u0142yw, aby zapobiec gromadzeniu si\u0119 wody.<\/li>\n<li data-sourcepos=\"15:1-15:92\"><strong>Materia\u0142:<\/strong> Wybierz trwa\u0142y i \u0142atwy do czyszczenia materia\u0142, taki jak stal nierdzewna lub ceramika.<\/li>\n<li data-sourcepos=\"16:1-16:89\"><strong>Instalacja:<\/strong> We\u017a pod uwag\u0119 metod\u0119 instalacji, niezale\u017cnie od tego, czy jest ona podtynkowa, czy wpuszczana.<\/li>\n<li data-sourcepos=\"17:1-18:0\"><strong>Kran:<\/strong> Wybierz bateri\u0119, kt\u00f3ra uzupe\u0142ni minimalistyczny design zlewu.<\/li>\n<\/ul>","protected":false},"excerpt":{"rendered":"<p>Rozmiar ca\u0142kowity: 33*19*10\/838*483*254 mm<\/p>\n<p>Rozmiar miski: 381*397\/381*397 mm<\/p>\n<p>Rozmiar wyci\u0119cia: 788*433 mm<\/p>\n<p>Radian Corner: R10<\/p>","protected":false},"featured_media":2402,"template":"","meta":[],"product_brand":[],"product_cat":[52],"product_tag":[],"class_list":{"0":"post-2401","1":"product","2":"type-product","3":"status-publish","4":"has-post-thumbnail","6":"product_cat-undermount-sink-1","8":"first","9":"instock","10":"shipping-taxable","11":"product-type-simple"},"_links":{"self":[{"href":"https:\/\/sinkwithfaucet.com\/pl\/wp-json\/wp\/v2\/product\/2401","targetHints":{"allow":["GET"]}}],"collection":[{"href":"https:\/\/sinkwithfaucet.com\/pl\/wp-json\/wp\/v2\/product"}],"about":[{"href":"https:\/\/sinkwithfaucet.com\/pl\/wp-json\/wp\/v2\/types\/product"}],"wp:featuredmedia":[{"embeddable":true,"href":"https:\/\/sinkwithfaucet.com\/pl\/wp-json\/wp\/v2\/media\/2402"}],"wp:attachment":[{"href":"https:\/\/sinkwithfaucet.com\/pl\/wp-json\/wp\/v2\/media?parent=2401"}],"wp:term":[{"taxonomy":"product_brand","embeddable":true,"href":"https:\/\/sinkwithfaucet.com\/pl\/wp-json\/wp\/v2\/product_brand?post=2401"},{"taxonomy":"product_cat","embeddable":true,"href":"https:\/\/sinkwithfaucet.com\/pl\/wp-json\/wp\/v2\/product_cat?post=2401"},{"taxonomy":"product_tag","embeddable":true,"href":"https:\/\/sinkwithfaucet.com\/pl\/wp-json\/wp\/v2\/product_tag?post=2401"}],"curies":[{"name":"wp","href":"https:\/\/api.w.org\/{rel}","templated":true}]}}