{"id":2394,"date":"2024-11-04T01:54:04","date_gmt":"2024-11-04T01:54:04","guid":{"rendered":"https:\/\/sinkwithfaucet.com\/?post_type=product&#038;p=2394"},"modified":"2024-11-04T01:55:37","modified_gmt":"2024-11-04T01:55:37","slug":"undermount-bar-sink-1144ddu","status":"publish","type":"product","link":"https:\/\/sinkwithfaucet.com\/pl\/undermount-bar-sink-1144ddu\/","title":{"rendered":"Zlewozmywak podblatowy 1144DDU"},"content":{"rendered":"<h2 data-sourcepos=\"1:1-1:50\">Zlewozmywaki podblatowe: Elegancki i nowoczesny wyb\u00f3r<\/h2>\n<p data-sourcepos=\"3:1-3:193\"><strong>Zlewozmywaki podblatowe<\/strong> s\u0105 popularnym wyborem do domowych bar\u00f3w, bar\u00f3w mokrych i mniejszych kuchni. S\u0105 one przeznaczone do monta\u017cu pod blatem, tworz\u0105c jednolity i nowoczesny wygl\u0105d.<\/p>\n<p data-sourcepos=\"5:1-5:41\"><strong>Kluczowe cechy:<\/strong><\/p>\n<ul data-sourcepos=\"7:1-11:0\">\n<li data-sourcepos=\"7:1-7:92\"><strong>Elegancka konstrukcja:<\/strong> Monta\u017c podtynkowy zapewnia czyst\u0105 i nowoczesn\u0105 estetyk\u0119.<\/li>\n<li data-sourcepos=\"8:1-8:119\"><strong>\u0141atwo\u015b\u0107 czyszczenia:<\/strong> P\u0142ynna integracja z blatem eliminuje szczeliny, w kt\u00f3rych mo\u017ce gromadzi\u0107 si\u0119 brud i zanieczyszczenia.<\/li>\n<li data-sourcepos=\"9:1-9:58\"><strong>Oszcz\u0119dno\u015b\u0107 miejsca:<\/strong> Kompaktowy rozmiar idealny do mniejszych przestrzeni.<\/li>\n<li data-sourcepos=\"10:1-11:0\"><strong>Trwa\u0142o\u015b\u0107:<\/strong> Zazwyczaj wykonane z wysokiej jako\u015bci stali nierdzewnej, zapewniaj\u0105cej d\u0142ugotrwa\u0142\u0105 wydajno\u015b\u0107.<\/li>\n<\/ul>\n<p data-sourcepos=\"12:1-12:56\"><strong>Rozwa\u017cania przy wyborze zlewozmywaka podblatowego:<\/strong><\/p>\n<ul data-sourcepos=\"14:1-18:0\">\n<li data-sourcepos=\"14:1-14:66\"><strong>Rozmiar:<\/strong> Wybierz rozmiar, kt\u00f3ry pasuje do konkretnej przestrzeni i potrzeb.<\/li>\n<li data-sourcepos=\"15:1-15:109\"><strong>G\u0142\u0119boko\u015b\u0107:<\/strong> Rozwa\u017c g\u0142\u0119boko\u015b\u0107 zlewu dla r\u00f3\u017cnych zada\u0144, takich jak mycie naczy\u0144 szklanych lub przygotowywanie napoj\u00f3w.<\/li>\n<li data-sourcepos=\"16:1-16:92\"><strong>Materia\u0142:<\/strong> Stal nierdzewna jest popularnym wyborem ze wzgl\u0119du na swoj\u0105 trwa\u0142o\u015b\u0107 i \u0142atwo\u015b\u0107 konserwacji.<\/li>\n<li data-sourcepos=\"17:1-18:0\"><strong>Otwory na kran:<\/strong> Upewnij si\u0119, \u017ce zlewozmywak ma odpowiedni\u0105 liczb\u0119 otwor\u00f3w na baterie dla \u017c\u0105danej konfiguracji.<\/li>\n<\/ul>\n<p data-sourcepos=\"19:1-20:30\">Starannie rozwa\u017caj\u0105c te czynniki, mo\u017cna wybra\u0107 idealny podblatowy zlewozmywak barowy, kt\u00f3ry uzupe\u0142ni kuchni\u0119 lub bar.<\/p>","protected":false},"excerpt":{"rendered":"<p>Rozmiar ca\u0142kowity \uff1a 1150*440*220 mm<\/p>\n<p>Rozmiar miski \uff1a400*400\/300*400 mm<\/p>\n<p>Rozmiar wyci\u0119cia \uff1a1110*400 mm<\/p>\n<p>Radian Corner \uff1aR10<\/p>","protected":false},"featured_media":2397,"template":"","meta":[],"product_brand":[],"product_cat":[52],"product_tag":[],"class_list":{"0":"post-2394","1":"product","2":"type-product","3":"status-publish","4":"has-post-thumbnail","6":"product_cat-undermount-sink-1","8":"first","9":"instock","10":"shipping-taxable","11":"product-type-simple"},"_links":{"self":[{"href":"https:\/\/sinkwithfaucet.com\/pl\/wp-json\/wp\/v2\/product\/2394","targetHints":{"allow":["GET"]}}],"collection":[{"href":"https:\/\/sinkwithfaucet.com\/pl\/wp-json\/wp\/v2\/product"}],"about":[{"href":"https:\/\/sinkwithfaucet.com\/pl\/wp-json\/wp\/v2\/types\/product"}],"wp:featuredmedia":[{"embeddable":true,"href":"https:\/\/sinkwithfaucet.com\/pl\/wp-json\/wp\/v2\/media\/2397"}],"wp:attachment":[{"href":"https:\/\/sinkwithfaucet.com\/pl\/wp-json\/wp\/v2\/media?parent=2394"}],"wp:term":[{"taxonomy":"product_brand","embeddable":true,"href":"https:\/\/sinkwithfaucet.com\/pl\/wp-json\/wp\/v2\/product_brand?post=2394"},{"taxonomy":"product_cat","embeddable":true,"href":"https:\/\/sinkwithfaucet.com\/pl\/wp-json\/wp\/v2\/product_cat?post=2394"},{"taxonomy":"product_tag","embeddable":true,"href":"https:\/\/sinkwithfaucet.com\/pl\/wp-json\/wp\/v2\/product_tag?post=2394"}],"curies":[{"name":"wp","href":"https:\/\/api.w.org\/{rel}","templated":true}]}}