{"id":2391,"date":"2024-11-04T01:44:51","date_gmt":"2024-11-04T01:44:51","guid":{"rendered":"https:\/\/sinkwithfaucet.com\/?post_type=product&#038;p=2391"},"modified":"2024-11-04T01:46:08","modified_gmt":"2024-11-04T01:46:08","slug":"integrated-sink-7544sdu","status":"publish","type":"product","link":"https:\/\/sinkwithfaucet.com\/pl\/integrated-sink-7544sdu\/","title":{"rendered":"Zintegrowany zlewozmywak 7544SDU"},"content":{"rendered":"<h2 data-sourcepos=\"1:1-1:46\">Zlewozmywaki zintegrowane: Sp\u00f3jny projekt kuchni<\/h2>\n<p data-sourcepos=\"3:1-3:176\"><strong>Zintegrowane zlewozmywaki<\/strong> to nowoczesny i stylowy wyb\u00f3r na blaty kuchenne. S\u0105 one p\u0142ynnie zintegrowane z materia\u0142em blatu, tworz\u0105c czysty i minimalistyczny wygl\u0105d.<\/p>\n<p data-sourcepos=\"5:1-5:37\"><strong>Kluczowe cechy:<\/strong><\/p>\n<ul data-sourcepos=\"7:1-11:0\">\n<li data-sourcepos=\"7:1-7:139\"><strong>Bezszwowa konstrukcja:<\/strong> Zlewozmywak i blat tworz\u0105 jedn\u0105, jednolit\u0105 powierzchni\u0119, eliminuj\u0105c luki i szczeliny, w kt\u00f3rych mog\u0105 gromadzi\u0107 si\u0119 bakterie.<\/li>\n<li data-sourcepos=\"8:1-8:117\"><strong>Personalizacja:<\/strong> Zlewozmywaki zintegrowane mo\u017cna dostosowa\u0107 do konkretnych potrzeb, w tym rozmiaru, kszta\u0142tu i g\u0142\u0119boko\u015bci.<\/li>\n<li data-sourcepos=\"9:1-9:121\"><strong>Trwa\u0142o\u015b\u0107:<\/strong> Wykonane z trwa\u0142ych materia\u0142\u00f3w, takich jak kwarc, granit lub lita powierzchnia, zintegrowane zlewozmywaki s\u0105 trwa\u0142e.<\/li>\n<li data-sourcepos=\"10:1-11:0\"><strong>\u0141atwo\u015b\u0107 czyszczenia:<\/strong> G\u0142adka, bezszwowa powierzchnia jest \u0142atwa w czyszczeniu i konserwacji.<\/li>\n<\/ul>\n<p data-sourcepos=\"12:1-12:30\"><strong>Rodzaje:<\/strong><\/p>\n<ul data-sourcepos=\"14:1-17:0\">\n<li data-sourcepos=\"14:1-14:90\"><strong>Quartz:<\/strong> Popularny wyb\u00f3r ze wzgl\u0119du na trwa\u0142o\u015b\u0107, odporno\u015b\u0107 na ciep\u0142o i r\u00f3\u017cnorodno\u015b\u0107 kolor\u00f3w.<\/li>\n<li data-sourcepos=\"15:1-15:79\"><strong>Granit:<\/strong> Opcja kamienia naturalnego, kt\u00f3ra oferuje luksusowy i elegancki wygl\u0105d.<\/li>\n<li data-sourcepos=\"16:1-17:0\"><strong>Solid Surface:<\/strong> Sztuczny materia\u0142, kt\u00f3ry jest zar\u00f3wno trwa\u0142y, jak i stylowy.<\/li>\n<\/ul>\n<p data-sourcepos=\"18:1-18:52\"><strong>Rozwa\u017cania przy wyborze zlewozmywaka zintegrowanego:<\/strong><\/p>\n<ul data-sourcepos=\"20:1-24:0\">\n<li data-sourcepos=\"20:1-20:108\"><strong>Materia\u0142:<\/strong> Wybierz materia\u0142, kt\u00f3ry dope\u0142ni estetyk\u0119 Twojej kuchni i spe\u0142ni Twoje potrzeby funkcjonalne.<\/li>\n<li data-sourcepos=\"21:1-21:128\"><strong>Rozmiar i kszta\u0142t:<\/strong> Rozwa\u017c rozmiar i kszta\u0142t zlewozmywaka, aby upewni\u0107 si\u0119, \u017ce pasuje on do uk\u0142adu kuchni i spe\u0142nia Twoje potrzeby.<\/li>\n<li data-sourcepos=\"22:1-22:101\"><strong>Instalacja:<\/strong> Zalecany jest profesjonalny monta\u017c, aby zapewni\u0107 bezproblemowe i wodoszczelne dopasowanie.<\/li>\n<li data-sourcepos=\"23:1-24:0\"><strong>Konserwacja:<\/strong> Post\u0119puj zgodnie z zaleceniami producenta dotycz\u0105cymi czyszczenia i konserwacji.<\/li>\n<\/ul>\n<p data-sourcepos=\"25:1-25:184\"><strong>Zintegrowane zlewozmywaki oferuj\u0105 elegancki i nowoczesny wygl\u0105d, kt\u00f3ry mo\u017ce podnie\u015b\u0107 styl Twojej kuchni.<\/strong> S\u0105 one doskona\u0142ym wyborem dla w\u0142a\u015bcicieli dom\u00f3w, dla kt\u00f3rych priorytetem jest zar\u00f3wno estetyka, jak i funkcjonalno\u015b\u0107.<\/p>","protected":false},"excerpt":{"rendered":"<p>Rozmiar ca\u0142kowity: 750*440*220 mm<\/p>\n<p>Rozmiar miski: 400*400 mm<\/p>\n<p>Rozmiar wyci\u0119cia: 710*400 mm<\/p>\n<p>Radian Corner: R10<\/p>","protected":false},"featured_media":2392,"template":"","meta":[],"product_brand":[],"product_cat":[52],"product_tag":[],"class_list":{"0":"post-2391","1":"product","2":"type-product","3":"status-publish","4":"has-post-thumbnail","6":"product_cat-undermount-sink-1","8":"first","9":"instock","10":"shipping-taxable","11":"product-type-simple"},"_links":{"self":[{"href":"https:\/\/sinkwithfaucet.com\/pl\/wp-json\/wp\/v2\/product\/2391","targetHints":{"allow":["GET"]}}],"collection":[{"href":"https:\/\/sinkwithfaucet.com\/pl\/wp-json\/wp\/v2\/product"}],"about":[{"href":"https:\/\/sinkwithfaucet.com\/pl\/wp-json\/wp\/v2\/types\/product"}],"wp:featuredmedia":[{"embeddable":true,"href":"https:\/\/sinkwithfaucet.com\/pl\/wp-json\/wp\/v2\/media\/2392"}],"wp:attachment":[{"href":"https:\/\/sinkwithfaucet.com\/pl\/wp-json\/wp\/v2\/media?parent=2391"}],"wp:term":[{"taxonomy":"product_brand","embeddable":true,"href":"https:\/\/sinkwithfaucet.com\/pl\/wp-json\/wp\/v2\/product_brand?post=2391"},{"taxonomy":"product_cat","embeddable":true,"href":"https:\/\/sinkwithfaucet.com\/pl\/wp-json\/wp\/v2\/product_cat?post=2391"},{"taxonomy":"product_tag","embeddable":true,"href":"https:\/\/sinkwithfaucet.com\/pl\/wp-json\/wp\/v2\/product_tag?post=2391"}],"curies":[{"name":"wp","href":"https:\/\/api.w.org\/{rel}","templated":true}]}}