{"id":2389,"date":"2024-11-04T01:38:16","date_gmt":"2024-11-04T01:38:16","guid":{"rendered":"https:\/\/sinkwithfaucet.com\/?post_type=product&#038;p=2389"},"modified":"2024-11-04T01:38:17","modified_gmt":"2024-11-04T01:38:17","slug":"free-standing-sink-7544du","status":"publish","type":"product","link":"https:\/\/sinkwithfaucet.com\/pl\/free-standing-sink-7544du\/","title":{"rendered":"Zlewozmywak wolnostoj\u0105cy 7544DU"},"content":{"rendered":"<h2 data-sourcepos=\"1:1-1:54\">Zlewozmywaki wolnostoj\u0105ce: Stylowy i funkcjonalny wyb\u00f3r<\/h2>\n<p data-sourcepos=\"3:1-3:226\">Zlewozmywaki wolnostoj\u0105ce s\u0105 wszechstronnym i przyci\u0105gaj\u0105cym wzrok dodatkiem zar\u00f3wno do \u0142azienek, jak i kuchni. W przeciwie\u0144stwie do tradycyjnych zlewozmywak\u00f3w nablatowych, zlewozmywaki wolnostoj\u0105ce s\u0105 instalowane na pod\u0142odze, dodaj\u0105c unikalny i elegancki akcent do Twojej przestrzeni.<\/p>\n<p data-sourcepos=\"5:1-5:39\"><strong>Kluczowe cechy zlewozmywak\u00f3w wolnostoj\u0105cych:<\/strong><\/p>\n<ul data-sourcepos=\"7:1-11:0\">\n<li data-sourcepos=\"7:1-7:90\"><strong>Wszechstronna konstrukcja:<\/strong> Dost\u0119pne w szerokiej gamie styl\u00f3w, od klasycznych po wsp\u00f3\u0142czesne.<\/li>\n<li data-sourcepos=\"8:1-8:90\"><strong>\u0141atwa instalacja:<\/strong> \u0141atwa instalacja bez konieczno\u015bci wykonywania rozleg\u0142ych prac na blacie.<\/li>\n<li data-sourcepos=\"9:1-9:74\"><strong>Wyj\u0105tkowa estetyka:<\/strong> Tworzy centralny punkt w \u0142azience lub kuchni.<\/li>\n<li data-sourcepos=\"10:1-11:0\"><strong>\u0141atwo\u015b\u0107 czyszczenia:<\/strong> G\u0142adkie powierzchnie i otwarta konstrukcja u\u0142atwiaj\u0105 czyszczenie.<\/li>\n<li data-sourcepos=\"10:1-11:0\"><strong>Zlewozmywaki kuchenne:<\/strong>\n<ul data-sourcepos=\"19:5-21:0\">\n<li data-sourcepos=\"19:5-19:126\"><strong>Zlewozmywaki Farmhouse:<\/strong> Du\u017ce, g\u0142\u0119bokie zlewozmywaki z fartuchem przednim, zapewniaj\u0105ce du\u017co miejsca do mycia naczy\u0144 i przygotowywania posi\u0142k\u00f3w.<\/li>\n<li data-sourcepos=\"20:5-21:0\"><strong>Zlewozmywaki:<\/strong> Idealny do pralni, gara\u017cy lub kuchni na zewn\u0105trz.<\/li>\n<\/ul>\n<\/li>\n<\/ul>\n<ul data-sourcepos=\"14:1-21:0\">\n<li style=\"list-style-type: none;\" data-sourcepos=\"14:1-17:100\"><\/li>\n<\/ul>\n<p data-sourcepos=\"22:1-22:53\"><strong>Rozwa\u017cania przy wyborze zlewozmywaka wolnostoj\u0105cego:<\/strong><\/p>\n<ul data-sourcepos=\"24:1-28:0\">\n<li data-sourcepos=\"24:1-24:74\"><strong>Styl:<\/strong> Wybierz zlewozmywak, kt\u00f3ry pasuje do og\u00f3lnej estetyki projektu.<\/li>\n<li data-sourcepos=\"25:1-25:78\"><strong>Rozmiar:<\/strong> Wybierz rozmiar, kt\u00f3ry pasuje do dost\u0119pnej przestrzeni i spe\u0142nia Twoje potrzeby.<\/li>\n<li data-sourcepos=\"26:1-26:129\"><strong>Materia\u0142:<\/strong> We\u017a pod uwag\u0119 materia\u0142, taki jak ceramika, porcelana lub stal nierdzewna, w oparciu o trwa\u0142o\u015b\u0107 i preferencje dotycz\u0105ce stylu.<\/li>\n<li data-sourcepos=\"27:1-28:0\"><strong>Hydraulika:<\/strong> Zapewnij prawid\u0142owe po\u0142\u0105czenia hydrauliczne i rozwa\u017c wszelkie potencjalne wyzwania, szczeg\u00f3lnie w przypadku wolnostoj\u0105cych zlewozmywak\u00f3w kuchennych.<\/li>\n<\/ul>","protected":false},"excerpt":{"rendered":"<p>Rozmiar ca\u0142kowity: 750*440*220 mm<\/p>\n<p>Rozmiar miski: 340*400\/340*400 mm<\/p>\n<p>Rozmiar wyci\u0119cia: 710*400 mm<\/p>\n<p>Radian Corner: R10<\/p>","protected":false},"featured_media":2390,"template":"","meta":[],"product_brand":[],"product_cat":[52],"product_tag":[],"class_list":{"0":"post-2389","1":"product","2":"type-product","3":"status-publish","4":"has-post-thumbnail","6":"product_cat-undermount-sink-1","8":"first","9":"instock","10":"shipping-taxable","11":"product-type-simple"},"_links":{"self":[{"href":"https:\/\/sinkwithfaucet.com\/pl\/wp-json\/wp\/v2\/product\/2389","targetHints":{"allow":["GET"]}}],"collection":[{"href":"https:\/\/sinkwithfaucet.com\/pl\/wp-json\/wp\/v2\/product"}],"about":[{"href":"https:\/\/sinkwithfaucet.com\/pl\/wp-json\/wp\/v2\/types\/product"}],"wp:featuredmedia":[{"embeddable":true,"href":"https:\/\/sinkwithfaucet.com\/pl\/wp-json\/wp\/v2\/media\/2390"}],"wp:attachment":[{"href":"https:\/\/sinkwithfaucet.com\/pl\/wp-json\/wp\/v2\/media?parent=2389"}],"wp:term":[{"taxonomy":"product_brand","embeddable":true,"href":"https:\/\/sinkwithfaucet.com\/pl\/wp-json\/wp\/v2\/product_brand?post=2389"},{"taxonomy":"product_cat","embeddable":true,"href":"https:\/\/sinkwithfaucet.com\/pl\/wp-json\/wp\/v2\/product_cat?post=2389"},{"taxonomy":"product_tag","embeddable":true,"href":"https:\/\/sinkwithfaucet.com\/pl\/wp-json\/wp\/v2\/product_tag?post=2389"}],"curies":[{"name":"wp","href":"https:\/\/api.w.org\/{rel}","templated":true}]}}