{"id":2342,"date":"2024-11-01T07:21:34","date_gmt":"2024-11-01T07:21:34","guid":{"rendered":"https:\/\/sinkwithfaucet.com\/?post_type=product&#038;p=2342"},"modified":"2024-11-01T07:23:29","modified_gmt":"2024-11-01T07:23:29","slug":"small-stainless-steel-sink-2344su","status":"publish","type":"product","link":"https:\/\/sinkwithfaucet.com\/pl\/small-stainless-steel-sink-2344su\/","title":{"rendered":"Ma\u0142y zlewozmywak ze stali nierdzewnej 2344SU"},"content":{"rendered":"<h2 data-sourcepos=\"1:1-1:50\">Ma\u0142e zlewozmywaki ze stali nierdzewnej: Kompaktowe rozwi\u0105zanie<\/h2>\n<p data-sourcepos=\"3:1-3:87\">Ma\u0142e zlewozmywaki ze stali nierdzewnej to praktyczny wyb\u00f3r do r\u00f3\u017cnych zastosowa\u0144.<\/p>\n<p data-sourcepos=\"10:1-10:44\"><strong>Korzy\u015bci:<\/strong><\/p>\n<ul data-sourcepos=\"12:1-16:0\">\n<li data-sourcepos=\"12:1-12:58\"><strong>Oszcz\u0119dno\u015b\u0107 miejsca:<\/strong> Kompaktowa konstrukcja pasuje do ma\u0142ych przestrzeni.<\/li>\n<li data-sourcepos=\"13:1-13:88\"><strong>Trwa\u0142o\u015b\u0107:<\/strong> Stal nierdzewna to trwa\u0142y materia\u0142 odporny na rdz\u0119 i korozj\u0119.<\/li>\n<li data-sourcepos=\"14:1-14:66\"><strong>\u0141atwo\u015b\u0107 czyszczenia:<\/strong> G\u0142adka powierzchnia jest \u0142atwa w utrzymaniu i czyszczeniu.<\/li>\n<li data-sourcepos=\"15:1-16:0\"><strong>Nowoczesna estetyka:<\/strong> Elegancki i stylowy design uzupe\u0142nia r\u00f3\u017cne style kuchni.<\/li>\n<\/ul>\n<p data-sourcepos=\"17:1-17:41\"><strong>Rodzaje:<\/strong><\/p>\n<ul data-sourcepos=\"19:1-23:0\">\n<li data-sourcepos=\"19:1-19:77\"><strong>Zlewozmywaki podblatowe:<\/strong> Monta\u017c pod blatem zapewnia jednolity wygl\u0105d.<\/li>\n<li data-sourcepos=\"20:1-20:93\"><strong>Zlewozmywaki montowane od g\u00f3ry:<\/strong> Instalowany na blacie, oferuj\u0105c tradycyjny wygl\u0105d.<\/li>\n<li data-sourcepos=\"21:1-21:65\"><strong>Zlewozmywaki jednokomorowe:<\/strong> Pojedyncza umywalka do podstawowych zada\u0144 czyszczenia.<\/li>\n<li data-sourcepos=\"22:1-23:0\"><strong>Zlewozmywaki dwukomorowe:<\/strong> Dwie oddzielne umywalki dla wielozadaniowo\u015bci.<\/li>\n<\/ul>\n<p data-sourcepos=\"24:1-24:78\"><strong>Przy wyborze ma\u0142ego zlewozmywaka ze stali nierdzewnej nale\u017cy wzi\u0105\u0107 pod uwag\u0119 nast\u0119puj\u0105ce czynniki:<\/strong><\/p>\n<ul data-sourcepos=\"26:1-30:0\">\n<li data-sourcepos=\"26:1-26:76\"><strong>Rozmiar:<\/strong> Wybierz rozmiar, kt\u00f3ry odpowiada Twoim konkretnym potrzebom i dost\u0119pnej przestrzeni.<\/li>\n<li data-sourcepos=\"27:1-27:64\"><strong>G\u0142\u0119boko\u015b\u0107:<\/strong> G\u0142\u0119bszy zlew mo\u017ce pomie\u015bci\u0107 wi\u0119ksze garnki i patelnie.<\/li>\n<li data-sourcepos=\"28:1-28:93\"><strong>Wska\u017anik:<\/strong> Grubo\u015b\u0107 stali nierdzewnej mo\u017ce wp\u0142ywa\u0107 na trwa\u0142o\u015b\u0107 i d\u017awi\u0119k zlewozmywaka.<\/li>\n<li data-sourcepos=\"29:1-30:0\"><strong>Wyko\u0144czenie:<\/strong> Wybierz wyko\u0144czenie pasuj\u0105ce do stylu Twojej kuchni, takie jak szczotkowana lub polerowana stal nierdzewna.<\/li>\n<\/ul>\n<p data-sourcepos=\"31:1-31:109\">Starannie rozwa\u017caj\u0105c te czynniki, mo\u017cna wybra\u0107 idealny ma\u0142y zlewozmywak ze stali nierdzewnej do swoich potrzeb.<\/p>","protected":false},"excerpt":{"rendered":"<p>Rozmiar ca\u0142kowity \uff1a 230*440*200 mm<\/p>\n<p>Rozmiar miski \uff1a 190*400 mm<\/p>\n<p>Rozmiar wyci\u0119cia \uff1a 190*400 mm<\/p>\n<p>Radian Corner \uff1aR10<\/p>","protected":false},"featured_media":2343,"template":"","meta":[],"product_brand":[],"product_cat":[52],"product_tag":[],"class_list":{"0":"post-2342","1":"product","2":"type-product","3":"status-publish","4":"has-post-thumbnail","6":"product_cat-undermount-sink-1","8":"first","9":"instock","10":"shipping-taxable","11":"product-type-simple"},"_links":{"self":[{"href":"https:\/\/sinkwithfaucet.com\/pl\/wp-json\/wp\/v2\/product\/2342","targetHints":{"allow":["GET"]}}],"collection":[{"href":"https:\/\/sinkwithfaucet.com\/pl\/wp-json\/wp\/v2\/product"}],"about":[{"href":"https:\/\/sinkwithfaucet.com\/pl\/wp-json\/wp\/v2\/types\/product"}],"wp:featuredmedia":[{"embeddable":true,"href":"https:\/\/sinkwithfaucet.com\/pl\/wp-json\/wp\/v2\/media\/2343"}],"wp:attachment":[{"href":"https:\/\/sinkwithfaucet.com\/pl\/wp-json\/wp\/v2\/media?parent=2342"}],"wp:term":[{"taxonomy":"product_brand","embeddable":true,"href":"https:\/\/sinkwithfaucet.com\/pl\/wp-json\/wp\/v2\/product_brand?post=2342"},{"taxonomy":"product_cat","embeddable":true,"href":"https:\/\/sinkwithfaucet.com\/pl\/wp-json\/wp\/v2\/product_cat?post=2342"},{"taxonomy":"product_tag","embeddable":true,"href":"https:\/\/sinkwithfaucet.com\/pl\/wp-json\/wp\/v2\/product_tag?post=2342"}],"curies":[{"name":"wp","href":"https:\/\/api.w.org\/{rel}","templated":true}]}}